{"id":1014,"date":"2020-08-31T09:53:35","date_gmt":"2020-08-31T07:53:35","guid":{"rendered":"http:\/\/tomaszdrewicz.art.pl\/pl\/?page_id=1014"},"modified":"2021-01-29T10:02:20","modified_gmt":"2021-01-29T09:02:20","slug":"sfumato-hommage-to-dawid-marszewski","status":"publish","type":"page","link":"https:\/\/tomaszdrewicz.art.pl\/pl\/?page_id=1014","title":{"rendered":"Sfumato &#8211; Hommage to Dawid Marszewski"},"content":{"rendered":"\n<p>stal (wym. ok 180 x 60 x 120 cm)<br>2020 <\/p>\n\n\n\n<p>Praca zrealizowana podczas mi\u0119dzynarodowego sympozjum &#8222;12 SEM &#8211; Hommage \u00e0 Erna Masarovi\u010dov\u00e1&#8221;, 20 &#8211; 29.08.2020 w Bratys\u0142awie (S\u0142owacja)<\/p>\n\n\n\n<figure class=\"wp-block-image\"><img loading=\"lazy\" decoding=\"async\" width=\"1024\" height=\"683\" src=\"http:\/\/tomaszdrewicz.art.pl\/pl\/wp-content\/uploads\/2020\/08\/sfumato-1-1024x683.jpg\" alt=\"\" class=\"wp-image-1015\" srcset=\"https:\/\/tomaszdrewicz.art.pl\/pl\/wp-content\/uploads\/2020\/08\/sfumato-1-1024x683.jpg 1024w, https:\/\/tomaszdrewicz.art.pl\/pl\/wp-content\/uploads\/2020\/08\/sfumato-1-300x200.jpg 300w, https:\/\/tomaszdrewicz.art.pl\/pl\/wp-content\/uploads\/2020\/08\/sfumato-1-768x512.jpg 768w, https:\/\/tomaszdrewicz.art.pl\/pl\/wp-content\/uploads\/2020\/08\/sfumato-1-624x416.jpg 624w\" sizes=\"auto, (max-width: 1024px) 100vw, 1024px\" \/><\/figure>\n\n\n\n<figure class=\"wp-block-image\"><img loading=\"lazy\" decoding=\"async\" width=\"1024\" height=\"683\" src=\"http:\/\/tomaszdrewicz.art.pl\/pl\/wp-content\/uploads\/2020\/08\/sfumato-2-1024x683.jpg\" alt=\"\" class=\"wp-image-1016\" srcset=\"https:\/\/tomaszdrewicz.art.pl\/pl\/wp-content\/uploads\/2020\/08\/sfumato-2-1024x683.jpg 1024w, https:\/\/tomaszdrewicz.art.pl\/pl\/wp-content\/uploads\/2020\/08\/sfumato-2-300x200.jpg 300w, https:\/\/tomaszdrewicz.art.pl\/pl\/wp-content\/uploads\/2020\/08\/sfumato-2-768x512.jpg 768w, https:\/\/tomaszdrewicz.art.pl\/pl\/wp-content\/uploads\/2020\/08\/sfumato-2-624x416.jpg 624w\" sizes=\"auto, (max-width: 1024px) 100vw, 1024px\" \/><\/figure>\n\n\n\n<figure class=\"wp-block-image\"><img loading=\"lazy\" decoding=\"async\" width=\"683\" height=\"1024\" src=\"http:\/\/tomaszdrewicz.art.pl\/pl\/wp-content\/uploads\/2020\/08\/sfumato-3-683x1024.jpg\" alt=\"\" class=\"wp-image-1017\" srcset=\"https:\/\/tomaszdrewicz.art.pl\/pl\/wp-content\/uploads\/2020\/08\/sfumato-3-683x1024.jpg 683w, https:\/\/tomaszdrewicz.art.pl\/pl\/wp-content\/uploads\/2020\/08\/sfumato-3-200x300.jpg 200w, https:\/\/tomaszdrewicz.art.pl\/pl\/wp-content\/uploads\/2020\/08\/sfumato-3-768x1152.jpg 768w, https:\/\/tomaszdrewicz.art.pl\/pl\/wp-content\/uploads\/2020\/08\/sfumato-3-624x936.jpg 624w\" sizes=\"auto, (max-width: 683px) 100vw, 683px\" \/><\/figure>\n\n\n\n<figure class=\"wp-block-image\"><img loading=\"lazy\" decoding=\"async\" width=\"1024\" height=\"683\" src=\"http:\/\/tomaszdrewicz.art.pl\/pl\/wp-content\/uploads\/2020\/08\/sfumato-4-1024x683.jpg\" alt=\"\" class=\"wp-image-1018\" srcset=\"https:\/\/tomaszdrewicz.art.pl\/pl\/wp-content\/uploads\/2020\/08\/sfumato-4-1024x683.jpg 1024w, https:\/\/tomaszdrewicz.art.pl\/pl\/wp-content\/uploads\/2020\/08\/sfumato-4-300x200.jpg 300w, https:\/\/tomaszdrewicz.art.pl\/pl\/wp-content\/uploads\/2020\/08\/sfumato-4-768x512.jpg 768w, https:\/\/tomaszdrewicz.art.pl\/pl\/wp-content\/uploads\/2020\/08\/sfumato-4-624x416.jpg 624w\" sizes=\"auto, (max-width: 1024px) 100vw, 1024px\" \/><\/figure>\n\n\n\n<figure class=\"wp-block-image\"><img loading=\"lazy\" decoding=\"async\" width=\"1024\" height=\"683\" src=\"http:\/\/tomaszdrewicz.art.pl\/pl\/wp-content\/uploads\/2020\/08\/sfumato-5-1024x683.jpg\" alt=\"\" class=\"wp-image-1019\" srcset=\"https:\/\/tomaszdrewicz.art.pl\/pl\/wp-content\/uploads\/2020\/08\/sfumato-5-1024x683.jpg 1024w, https:\/\/tomaszdrewicz.art.pl\/pl\/wp-content\/uploads\/2020\/08\/sfumato-5-300x200.jpg 300w, https:\/\/tomaszdrewicz.art.pl\/pl\/wp-content\/uploads\/2020\/08\/sfumato-5-768x512.jpg 768w, https:\/\/tomaszdrewicz.art.pl\/pl\/wp-content\/uploads\/2020\/08\/sfumato-5-624x416.jpg 624w\" sizes=\"auto, (max-width: 1024px) 100vw, 1024px\" \/><\/figure>\n\n\n\n<figure class=\"wp-block-image\"><img loading=\"lazy\" decoding=\"async\" width=\"1024\" height=\"576\" src=\"http:\/\/tomaszdrewicz.art.pl\/pl\/wp-content\/uploads\/2020\/09\/20200830_082927-1024x576.jpg\" alt=\"\" class=\"wp-image-1023\" srcset=\"https:\/\/tomaszdrewicz.art.pl\/pl\/wp-content\/uploads\/2020\/09\/20200830_082927-1024x576.jpg 1024w, https:\/\/tomaszdrewicz.art.pl\/pl\/wp-content\/uploads\/2020\/09\/20200830_082927-300x169.jpg 300w, https:\/\/tomaszdrewicz.art.pl\/pl\/wp-content\/uploads\/2020\/09\/20200830_082927-768x432.jpg 768w, https:\/\/tomaszdrewicz.art.pl\/pl\/wp-content\/uploads\/2020\/09\/20200830_082927-624x351.jpg 624w\" sizes=\"auto, (max-width: 1024px) 100vw, 1024px\" \/><\/figure>\n\n\n\n<figure class=\"wp-block-image\"><img loading=\"lazy\" decoding=\"async\" width=\"810\" height=\"405\" src=\"http:\/\/tomaszdrewicz.art.pl\/pl\/wp-content\/uploads\/2021\/01\/123102087_743886713150403_704693509267976633_n.jpg\" alt=\"\" class=\"wp-image-1032\" srcset=\"https:\/\/tomaszdrewicz.art.pl\/pl\/wp-content\/uploads\/2021\/01\/123102087_743886713150403_704693509267976633_n.jpg 810w, https:\/\/tomaszdrewicz.art.pl\/pl\/wp-content\/uploads\/2021\/01\/123102087_743886713150403_704693509267976633_n-300x150.jpg 300w, https:\/\/tomaszdrewicz.art.pl\/pl\/wp-content\/uploads\/2021\/01\/123102087_743886713150403_704693509267976633_n-768x384.jpg 768w, https:\/\/tomaszdrewicz.art.pl\/pl\/wp-content\/uploads\/2021\/01\/123102087_743886713150403_704693509267976633_n-624x312.jpg 624w\" sizes=\"auto, (max-width: 810px) 100vw, 810px\" \/><\/figure>\n\n\n\n<p><\/p>\n\n\n\n<p><\/p>\n\n\n\n<figure class=\"wp-block-image\"><img loading=\"lazy\" decoding=\"async\" width=\"574\" height=\"1024\" src=\"http:\/\/tomaszdrewicz.art.pl\/pl\/wp-content\/uploads\/2021\/01\/123140876_350432209367556_7110804675206701002_n-574x1024.jpg\" alt=\"\" class=\"wp-image-1033\" srcset=\"https:\/\/tomaszdrewicz.art.pl\/pl\/wp-content\/uploads\/2021\/01\/123140876_350432209367556_7110804675206701002_n-574x1024.jpg 574w, https:\/\/tomaszdrewicz.art.pl\/pl\/wp-content\/uploads\/2021\/01\/123140876_350432209367556_7110804675206701002_n-168x300.jpg 168w, https:\/\/tomaszdrewicz.art.pl\/pl\/wp-content\/uploads\/2021\/01\/123140876_350432209367556_7110804675206701002_n-768x1369.jpg 768w, https:\/\/tomaszdrewicz.art.pl\/pl\/wp-content\/uploads\/2021\/01\/123140876_350432209367556_7110804675206701002_n-624x1112.jpg 624w, https:\/\/tomaszdrewicz.art.pl\/pl\/wp-content\/uploads\/2021\/01\/123140876_350432209367556_7110804675206701002_n.jpg 976w\" sizes=\"auto, (max-width: 574px) 100vw, 574px\" \/><\/figure>\n\n\n","protected":false},"excerpt":{"rendered":"<p>stal (wym. ok 180 x 60 x 120 cm)2020 Praca zrealizowana podczas mi\u0119dzynarodowego sympozjum &#8222;12 SEM &#8211; Hommage \u00e0 Erna Masarovi\u010dov\u00e1&#8221;, 20 &#8211; 29.08.2020 w Bratys\u0142awie (S\u0142owacja)<\/p>\n","protected":false},"author":1,"featured_media":0,"parent":0,"menu_order":0,"comment_status":"closed","ping_status":"closed","template":"","meta":{"footnotes":""},"class_list":["post-1014","page","type-page","status-publish","hentry"],"_links":{"self":[{"href":"https:\/\/tomaszdrewicz.art.pl\/pl\/index.php?rest_route=\/wp\/v2\/pages\/1014","targetHints":{"allow":["GET"]}}],"collection":[{"href":"https:\/\/tomaszdrewicz.art.pl\/pl\/index.php?rest_route=\/wp\/v2\/pages"}],"about":[{"href":"https:\/\/tomaszdrewicz.art.pl\/pl\/index.php?rest_route=\/wp\/v2\/types\/page"}],"author":[{"embeddable":true,"href":"https:\/\/tomaszdrewicz.art.pl\/pl\/index.php?rest_route=\/wp\/v2\/users\/1"}],"replies":[{"embeddable":true,"href":"https:\/\/tomaszdrewicz.art.pl\/pl\/index.php?rest_route=%2Fwp%2Fv2%2Fcomments&post=1014"}],"version-history":[{"count":5,"href":"https:\/\/tomaszdrewicz.art.pl\/pl\/index.php?rest_route=\/wp\/v2\/pages\/1014\/revisions"}],"predecessor-version":[{"id":1036,"href":"https:\/\/tomaszdrewicz.art.pl\/pl\/index.php?rest_route=\/wp\/v2\/pages\/1014\/revisions\/1036"}],"wp:attachment":[{"href":"https:\/\/tomaszdrewicz.art.pl\/pl\/index.php?rest_route=%2Fwp%2Fv2%2Fmedia&parent=1014"}],"curies":[{"name":"wp","href":"https:\/\/api.w.org\/{rel}","templated":true}]}}