{"id":103,"date":"2014-03-19T08:55:59","date_gmt":"2014-03-19T07:55:59","guid":{"rendered":"http:\/\/tomaszdrewicz.art.pl\/?page_id=103"},"modified":"2019-11-16T09:54:26","modified_gmt":"2019-11-16T08:54:26","slug":"performances-2","status":"publish","type":"page","link":"https:\/\/tomaszdrewicz.art.pl\/pl\/?page_id=103","title":{"rendered":"Performances"},"content":{"rendered":"<p>W moich akcjach opieram si\u0119 na bezpo\u015brednim kontakcie. Za pomoc\u0105 prostych gest\u00f3w i ro\u017cnego rodzaju podst\u0119p\u00f3w, pragn\u0119 zmusi\u0107 do refleksji na temat sposob\u00f3w odczuwania \u015bwiata. K\u0142ad\u0119 du\u017cy nacisk na podniesienie wagi bezpo\u015bredniego kontaktu. W moich performance&#8217;ach opowiadam o zwi\u0105zkach, relacjach i obecno\u015bci.<\/p>\n","protected":false},"excerpt":{"rendered":"<p>W moich akcjach opieram si\u0119 na bezpo\u015brednim kontakcie. Za pomoc\u0105 prostych gest\u00f3w i ro\u017cnego rodzaju podst\u0119p\u00f3w, pragn\u0119 zmusi\u0107 do refleksji na temat sposob\u00f3w odczuwania \u015bwiata. K\u0142ad\u0119 du\u017cy nacisk na podniesienie wagi bezpo\u015bredniego kontaktu. W moich performance&#8217;ach opowiadam o zwi\u0105zkach, relacjach i obecno\u015bci.<\/p>\n","protected":false},"author":1,"featured_media":0,"parent":27,"menu_order":0,"comment_status":"closed","ping_status":"closed","template":"","meta":{"footnotes":""},"class_list":["post-103","page","type-page","status-publish","hentry"],"_links":{"self":[{"href":"https:\/\/tomaszdrewicz.art.pl\/pl\/index.php?rest_route=\/wp\/v2\/pages\/103","targetHints":{"allow":["GET"]}}],"collection":[{"href":"https:\/\/tomaszdrewicz.art.pl\/pl\/index.php?rest_route=\/wp\/v2\/pages"}],"about":[{"href":"https:\/\/tomaszdrewicz.art.pl\/pl\/index.php?rest_route=\/wp\/v2\/types\/page"}],"author":[{"embeddable":true,"href":"https:\/\/tomaszdrewicz.art.pl\/pl\/index.php?rest_route=\/wp\/v2\/users\/1"}],"replies":[{"embeddable":true,"href":"https:\/\/tomaszdrewicz.art.pl\/pl\/index.php?rest_route=%2Fwp%2Fv2%2Fcomments&post=103"}],"version-history":[{"count":3,"href":"https:\/\/tomaszdrewicz.art.pl\/pl\/index.php?rest_route=\/wp\/v2\/pages\/103\/revisions"}],"predecessor-version":[{"id":938,"href":"https:\/\/tomaszdrewicz.art.pl\/pl\/index.php?rest_route=\/wp\/v2\/pages\/103\/revisions\/938"}],"up":[{"embeddable":true,"href":"https:\/\/tomaszdrewicz.art.pl\/pl\/index.php?rest_route=\/wp\/v2\/pages\/27"}],"wp:attachment":[{"href":"https:\/\/tomaszdrewicz.art.pl\/pl\/index.php?rest_route=%2Fwp%2Fv2%2Fmedia&parent=103"}],"curies":[{"name":"wp","href":"https:\/\/api.w.org\/{rel}","templated":true}]}}