{"id":1044,"date":"2021-02-28T17:47:26","date_gmt":"2021-02-28T16:47:26","guid":{"rendered":"http:\/\/tomaszdrewicz.art.pl\/pl\/?page_id=1044"},"modified":"2021-02-28T17:47:26","modified_gmt":"2021-02-28T16:47:26","slug":"all-together-now","status":"publish","type":"page","link":"https:\/\/tomaszdrewicz.art.pl\/pl\/?page_id=1044","title":{"rendered":"All together now"},"content":{"rendered":"\n<p>instalacja rze\u017abiarska (stal, farba akrylowa)<br>\nwym oko\u0142o 180 x 150 x 170 cm,<br>\n2021,<\/p>\n\n\n\n<figure class=\"wp-block-image\"><img loading=\"lazy\" decoding=\"async\" width=\"1024\" height=\"683\" src=\"http:\/\/tomaszdrewicz.art.pl\/pl\/wp-content\/uploads\/2021\/02\/START-wystawa-w-PKOL55-1-1024x683.jpg\" alt=\"\" class=\"wp-image-1046\" srcset=\"https:\/\/tomaszdrewicz.art.pl\/pl\/wp-content\/uploads\/2021\/02\/START-wystawa-w-PKOL55-1-1024x683.jpg 1024w, https:\/\/tomaszdrewicz.art.pl\/pl\/wp-content\/uploads\/2021\/02\/START-wystawa-w-PKOL55-1-300x200.jpg 300w, https:\/\/tomaszdrewicz.art.pl\/pl\/wp-content\/uploads\/2021\/02\/START-wystawa-w-PKOL55-1-768x512.jpg 768w, https:\/\/tomaszdrewicz.art.pl\/pl\/wp-content\/uploads\/2021\/02\/START-wystawa-w-PKOL55-1-624x416.jpg 624w\" sizes=\"auto, (max-width: 1024px) 100vw, 1024px\" \/><\/figure>\n\n\n\n<p>Realizacja przedstawia osiem \u201ckonturowych\u201d sylwet postaci sprintera, ukazanych w o\u015bmiu r\u00f3\u017cnych stadiach biegu (od ustawienia w blokach startowych, poprzez start, sam bieg a na finiszu ko\u0144cz\u0105c). S\u0105 one jednak ustawione w jednej linii i r\u00f3wnolegle a zatem obserwuj\u0105c je z \u201cprofilu\u201d, poszczeg\u00f3lne sylwety nachodz\u0105 na siebie stwarzaj\u0105c trudno\u015b\u0107 w ich identyfikacji. Patrz\u0105c na prac\u0119 od frontu lub od ty\u0142u ich kszta\u0142t zupe\u0142nie zanika. <\/p>\n\n\n\n<figure class=\"wp-block-image\"><img loading=\"lazy\" decoding=\"async\" width=\"1024\" height=\"683\" src=\"http:\/\/tomaszdrewicz.art.pl\/pl\/wp-content\/uploads\/2021\/02\/START-wystawa-w-PKOL56-1-1024x683.jpg\" alt=\"\" class=\"wp-image-1045\" srcset=\"https:\/\/tomaszdrewicz.art.pl\/pl\/wp-content\/uploads\/2021\/02\/START-wystawa-w-PKOL56-1-1024x683.jpg 1024w, https:\/\/tomaszdrewicz.art.pl\/pl\/wp-content\/uploads\/2021\/02\/START-wystawa-w-PKOL56-1-300x200.jpg 300w, https:\/\/tomaszdrewicz.art.pl\/pl\/wp-content\/uploads\/2021\/02\/START-wystawa-w-PKOL56-1-768x512.jpg 768w, https:\/\/tomaszdrewicz.art.pl\/pl\/wp-content\/uploads\/2021\/02\/START-wystawa-w-PKOL56-1-624x416.jpg 624w\" sizes=\"auto, (max-width: 1024px) 100vw, 1024px\" \/><\/figure>\n\n\n\n<p>Ka\u017cda sylweta pomalowana jest na inny kolor. S\u0105 to: r\u00f3\u017c, czerwie\u0144, pomara\u0144cz, \u017c\u00f3\u0142\u0107, ziele\u0144, turkus, indygo i fiolet odpowiadaj\u0105cy barwom u\u017cytym w oryginalnej wersji \u201ct\u0119czowej flagi\u201d, kt\u00f3ra stanowi symbol ruchu na rzecz r\u00f3wnouprawnienia os\u00f3b LGBT. Konturowo\u015b\u0107 poszczeg\u00f3lnych postaci jest natomiast lu\u017anym odniesieniem do formy graficznej, oryginalnej flagi olimpijskiej.<\/p>\n\n\n\n<figure class=\"wp-block-image\"><img loading=\"lazy\" decoding=\"async\" width=\"1024\" height=\"683\" src=\"http:\/\/tomaszdrewicz.art.pl\/pl\/wp-content\/uploads\/2021\/02\/START-wystawa-w-PKOL67-1-1024x683.jpg\" alt=\"\" class=\"wp-image-1047\" srcset=\"https:\/\/tomaszdrewicz.art.pl\/pl\/wp-content\/uploads\/2021\/02\/START-wystawa-w-PKOL67-1-1024x683.jpg 1024w, https:\/\/tomaszdrewicz.art.pl\/pl\/wp-content\/uploads\/2021\/02\/START-wystawa-w-PKOL67-1-300x200.jpg 300w, https:\/\/tomaszdrewicz.art.pl\/pl\/wp-content\/uploads\/2021\/02\/START-wystawa-w-PKOL67-1-768x512.jpg 768w, https:\/\/tomaszdrewicz.art.pl\/pl\/wp-content\/uploads\/2021\/02\/START-wystawa-w-PKOL67-1-624x416.jpg 624w\" sizes=\"auto, (max-width: 1024px) 100vw, 1024px\" \/><\/figure>\n\n\n\n<p>Praca ta odnosi si\u0119 do problematyki wsp\u00f3lnotowo\u015bci, r\u00f3wnouprawnienia jak r\u00f3wnie\u017c r\u00f3wno\u015bci wobec obowi\u0105zuj\u0105cych praw i &#8222;regu\u0142 gry&#8221;, kt\u00f3re to w przypadku jakiejkolwiek dyscypliny sportu, s\u0105 du\u017co \u0142atwiejsze do zaakceptowania, ni\u017c w\u015br\u00f3d innych obszar\u00f3w \u017cycia spo\u0142ecznego. <\/p>\n","protected":false},"excerpt":{"rendered":"<p>instalacja rze\u017abiarska (stal, farba akrylowa) wym oko\u0142o 180 x 150 x 170 cm, 2021, Realizacja przedstawia osiem \u201ckonturowych\u201d sylwet postaci sprintera, ukazanych w o\u015bmiu r\u00f3\u017cnych stadiach biegu (od ustawienia w blokach startowych, poprzez start, sam bieg a na finiszu ko\u0144cz\u0105c). S\u0105 one jednak ustawione w jednej linii i r\u00f3wnolegle a zatem obserwuj\u0105c je z \u201cprofilu\u201d, [&hellip;]<\/p>\n","protected":false},"author":1,"featured_media":0,"parent":0,"menu_order":0,"comment_status":"closed","ping_status":"closed","template":"","meta":{"footnotes":""},"class_list":["post-1044","page","type-page","status-publish","hentry"],"_links":{"self":[{"href":"https:\/\/tomaszdrewicz.art.pl\/pl\/index.php?rest_route=\/wp\/v2\/pages\/1044","targetHints":{"allow":["GET"]}}],"collection":[{"href":"https:\/\/tomaszdrewicz.art.pl\/pl\/index.php?rest_route=\/wp\/v2\/pages"}],"about":[{"href":"https:\/\/tomaszdrewicz.art.pl\/pl\/index.php?rest_route=\/wp\/v2\/types\/page"}],"author":[{"embeddable":true,"href":"https:\/\/tomaszdrewicz.art.pl\/pl\/index.php?rest_route=\/wp\/v2\/users\/1"}],"replies":[{"embeddable":true,"href":"https:\/\/tomaszdrewicz.art.pl\/pl\/index.php?rest_route=%2Fwp%2Fv2%2Fcomments&post=1044"}],"version-history":[{"count":1,"href":"https:\/\/tomaszdrewicz.art.pl\/pl\/index.php?rest_route=\/wp\/v2\/pages\/1044\/revisions"}],"predecessor-version":[{"id":1048,"href":"https:\/\/tomaszdrewicz.art.pl\/pl\/index.php?rest_route=\/wp\/v2\/pages\/1044\/revisions\/1048"}],"wp:attachment":[{"href":"https:\/\/tomaszdrewicz.art.pl\/pl\/index.php?rest_route=%2Fwp%2Fv2%2Fmedia&parent=1044"}],"curies":[{"name":"wp","href":"https:\/\/api.w.org\/{rel}","templated":true}]}}