{"id":1079,"date":"2022-12-08T14:23:55","date_gmt":"2022-12-08T13:23:55","guid":{"rendered":"https:\/\/tomaszdrewicz.art.pl\/pl\/?page_id=1079"},"modified":"2023-01-24T18:56:56","modified_gmt":"2023-01-24T17:56:56","slug":"gdyby-tylko-nie-bylo-krat","status":"publish","type":"page","link":"https:\/\/tomaszdrewicz.art.pl\/pl\/?page_id=1079","title":{"rendered":"Gdyby tylko nie by\u0142o krat&#8230;"},"content":{"rendered":"\n<p><strong>Tomasz Drewicz \u2013 \u201eGdyby tylko nie by\u0142o krat\u201d<\/strong><br>(instalacja \u2013 technika w\u0142asna)<br>2022 <\/p>\n\n\n\n<figure class=\"wp-block-image\"><img loading=\"lazy\" decoding=\"async\" width=\"1024\" height=\"683\" src=\"https:\/\/tomaszdrewicz.art.pl\/pl\/wp-content\/uploads\/2022\/12\/IMG_2914-1-1024x683.jpg\" alt=\"\" class=\"wp-image-1084\" srcset=\"https:\/\/tomaszdrewicz.art.pl\/pl\/wp-content\/uploads\/2022\/12\/IMG_2914-1-1024x683.jpg 1024w, https:\/\/tomaszdrewicz.art.pl\/pl\/wp-content\/uploads\/2022\/12\/IMG_2914-1-300x200.jpg 300w, https:\/\/tomaszdrewicz.art.pl\/pl\/wp-content\/uploads\/2022\/12\/IMG_2914-1-768x512.jpg 768w, https:\/\/tomaszdrewicz.art.pl\/pl\/wp-content\/uploads\/2022\/12\/IMG_2914-1-624x416.jpg 624w\" sizes=\"auto, (max-width: 1024px) 100vw, 1024px\" \/><\/figure>\n\n\n\n<figure class=\"wp-block-embed-youtube wp-block-embed is-type-video is-provider-youtube wp-embed-aspect-16-9 wp-has-aspect-ratio\"><div class=\"wp-block-embed__wrapper\">\n<iframe loading=\"lazy\" title=\"performance tomasz drewicz PL\" width=\"625\" height=\"352\" src=\"https:\/\/www.youtube.com\/embed\/4oLvlX_DSnU?feature=oembed\" frameborder=\"0\" allow=\"accelerometer; autoplay; clipboard-write; encrypted-media; gyroscope; picture-in-picture; web-share\" referrerpolicy=\"strict-origin-when-cross-origin\" allowfullscreen><\/iframe>\n<\/div><figcaption>Wyst\u0105pienie podczas otwarcia wystawy na Festiwalu Nowej Sztuki lAbiRynT 2022 w S\u0142ubicach i Frankfurcie nad Odr\u0105.<\/figcaption><\/figure>\n","protected":false},"excerpt":{"rendered":"<p>Tomasz Drewicz \u2013 \u201eGdyby tylko nie by\u0142o krat\u201d(instalacja \u2013 technika w\u0142asna)2022<\/p>\n","protected":false},"author":1,"featured_media":0,"parent":0,"menu_order":0,"comment_status":"closed","ping_status":"closed","template":"","meta":{"footnotes":""},"class_list":["post-1079","page","type-page","status-publish","hentry"],"_links":{"self":[{"href":"https:\/\/tomaszdrewicz.art.pl\/pl\/index.php?rest_route=\/wp\/v2\/pages\/1079","targetHints":{"allow":["GET"]}}],"collection":[{"href":"https:\/\/tomaszdrewicz.art.pl\/pl\/index.php?rest_route=\/wp\/v2\/pages"}],"about":[{"href":"https:\/\/tomaszdrewicz.art.pl\/pl\/index.php?rest_route=\/wp\/v2\/types\/page"}],"author":[{"embeddable":true,"href":"https:\/\/tomaszdrewicz.art.pl\/pl\/index.php?rest_route=\/wp\/v2\/users\/1"}],"replies":[{"embeddable":true,"href":"https:\/\/tomaszdrewicz.art.pl\/pl\/index.php?rest_route=%2Fwp%2Fv2%2Fcomments&post=1079"}],"version-history":[{"count":3,"href":"https:\/\/tomaszdrewicz.art.pl\/pl\/index.php?rest_route=\/wp\/v2\/pages\/1079\/revisions"}],"predecessor-version":[{"id":1119,"href":"https:\/\/tomaszdrewicz.art.pl\/pl\/index.php?rest_route=\/wp\/v2\/pages\/1079\/revisions\/1119"}],"wp:attachment":[{"href":"https:\/\/tomaszdrewicz.art.pl\/pl\/index.php?rest_route=%2Fwp%2Fv2%2Fmedia&parent=1079"}],"curies":[{"name":"wp","href":"https:\/\/api.w.org\/{rel}","templated":true}]}}