{"id":1100,"date":"2023-01-12T21:53:39","date_gmt":"2023-01-12T20:53:39","guid":{"rendered":"https:\/\/tomaszdrewicz.art.pl\/pl\/?page_id=1100"},"modified":"2023-01-12T21:53:39","modified_gmt":"2023-01-12T20:53:39","slug":"rozbrojenie-jazni-wystawa","status":"publish","type":"page","link":"https:\/\/tomaszdrewicz.art.pl\/pl\/?page_id=1100","title":{"rendered":"Rozbrojenie ja\u017ani &#8211; wystawa"},"content":{"rendered":"\n<p>Prezentowana w olszty\u0144skim BWA wystawa pt. <strong>\u201eRozbrojenie ja\u017ani\u201d<\/strong>, ukazuje prace, w kt\u00f3rych  ponownie odnosz\u0119 si\u0119, do problemu <em>wolno\u015bci<\/em>\u00a0i\u00a0<em>wolnej woli<\/em>, jak r\u00f3wnie\u017c poj\u0119cia\u00a0<em>Impasu<\/em>; oraz proces\u00f3w dochodzenia do tego stanu, jak i ostatecznie, r\u00f3\u017cnych sposob\u00f3w jego przekraczania. G\u0142\u00f3wn\u0105 o\u015b ekspozycyjn\u0105 stanowi instalacja d\u017awi\u0119kowa o tym samym tytule. Towarzysz\u0105 jej prace malarskie oraz wideo, kt\u00f3re maj\u0105 na celu poszerzy\u0107 pole interpretacyjne o dodatkowe obszary, mi\u0119dzy innymi i te zwi\u0105zane ze wsp\u00f3\u0142czesnym patriotyzmem czy poczuciem narodowej to\u017csamo\u015bci. <\/p>\n\n\n\n<figure class=\"wp-block-image\"><img loading=\"lazy\" decoding=\"async\" width=\"8150\" height=\"10798\" src=\"https:\/\/tomaszdrewicz.art.pl\/pl\/wp-content\/uploads\/2023\/01\/Tomasz-Drewicz-Rozbrojenie-ja\u017ani-plakat.jpg\" alt=\"\" class=\"wp-image-1101\"\/><\/figure>\n\n\n\n<figure class=\"wp-block-image\"><img loading=\"lazy\" decoding=\"async\" width=\"1024\" height=\"683\" src=\"https:\/\/tomaszdrewicz.art.pl\/pl\/wp-content\/uploads\/2023\/01\/20221216-KZF_6454-1024x683.jpg\" alt=\"\" class=\"wp-image-1110\" srcset=\"https:\/\/tomaszdrewicz.art.pl\/pl\/wp-content\/uploads\/2023\/01\/20221216-KZF_6454-1024x683.jpg 1024w, https:\/\/tomaszdrewicz.art.pl\/pl\/wp-content\/uploads\/2023\/01\/20221216-KZF_6454-300x200.jpg 300w, https:\/\/tomaszdrewicz.art.pl\/pl\/wp-content\/uploads\/2023\/01\/20221216-KZF_6454-768x512.jpg 768w, https:\/\/tomaszdrewicz.art.pl\/pl\/wp-content\/uploads\/2023\/01\/20221216-KZF_6454-624x416.jpg 624w\" sizes=\"auto, (max-width: 1024px) 100vw, 1024px\" \/><figcaption>fot. Jakub Zdanowicz<\/figcaption><\/figure>\n\n\n\n<figure class=\"wp-block-image\"><img loading=\"lazy\" decoding=\"async\" width=\"1024\" height=\"683\" src=\"https:\/\/tomaszdrewicz.art.pl\/pl\/wp-content\/uploads\/2023\/01\/20221216-KZF_7261-1024x683.jpg\" alt=\"\" class=\"wp-image-1111\" srcset=\"https:\/\/tomaszdrewicz.art.pl\/pl\/wp-content\/uploads\/2023\/01\/20221216-KZF_7261-1024x683.jpg 1024w, https:\/\/tomaszdrewicz.art.pl\/pl\/wp-content\/uploads\/2023\/01\/20221216-KZF_7261-300x200.jpg 300w, https:\/\/tomaszdrewicz.art.pl\/pl\/wp-content\/uploads\/2023\/01\/20221216-KZF_7261-768x512.jpg 768w, https:\/\/tomaszdrewicz.art.pl\/pl\/wp-content\/uploads\/2023\/01\/20221216-KZF_7261-624x416.jpg 624w\" sizes=\"auto, (max-width: 1024px) 100vw, 1024px\" \/><figcaption><em>fot. Jakub Zdanowicz<\/em> <\/figcaption><\/figure>\n\n\n\n<figure class=\"wp-block-image\"><img loading=\"lazy\" decoding=\"async\" width=\"1024\" height=\"683\" src=\"https:\/\/tomaszdrewicz.art.pl\/pl\/wp-content\/uploads\/2023\/01\/20221216-KZF_7262-1024x683.jpg\" alt=\"\" class=\"wp-image-1112\" srcset=\"https:\/\/tomaszdrewicz.art.pl\/pl\/wp-content\/uploads\/2023\/01\/20221216-KZF_7262-1024x683.jpg 1024w, https:\/\/tomaszdrewicz.art.pl\/pl\/wp-content\/uploads\/2023\/01\/20221216-KZF_7262-300x200.jpg 300w, https:\/\/tomaszdrewicz.art.pl\/pl\/wp-content\/uploads\/2023\/01\/20221216-KZF_7262-768x512.jpg 768w, https:\/\/tomaszdrewicz.art.pl\/pl\/wp-content\/uploads\/2023\/01\/20221216-KZF_7262-624x416.jpg 624w\" sizes=\"auto, (max-width: 1024px) 100vw, 1024px\" \/><figcaption> <em>fot. Jakub Zdanowicz<\/em> <\/figcaption><\/figure>\n\n\n\n<figure class=\"wp-block-image\"><img loading=\"lazy\" decoding=\"async\" width=\"1024\" height=\"683\" src=\"https:\/\/tomaszdrewicz.art.pl\/pl\/wp-content\/uploads\/2023\/01\/20221216-KZF_7250-1024x683.jpg\" alt=\"\" class=\"wp-image-1113\" srcset=\"https:\/\/tomaszdrewicz.art.pl\/pl\/wp-content\/uploads\/2023\/01\/20221216-KZF_7250-1024x683.jpg 1024w, https:\/\/tomaszdrewicz.art.pl\/pl\/wp-content\/uploads\/2023\/01\/20221216-KZF_7250-300x200.jpg 300w, https:\/\/tomaszdrewicz.art.pl\/pl\/wp-content\/uploads\/2023\/01\/20221216-KZF_7250-768x512.jpg 768w, https:\/\/tomaszdrewicz.art.pl\/pl\/wp-content\/uploads\/2023\/01\/20221216-KZF_7250-624x416.jpg 624w\" sizes=\"auto, (max-width: 1024px) 100vw, 1024px\" \/><figcaption> <em>fot. Jakub Zdanowicz<\/em> <\/figcaption><\/figure>\n\n\n\n<p>Prezentowana wiosn\u0105 2019 roku wystawa &#8222;Komfort termiczny&#8221; zrealizowana w MCSW \u201eElektrownia\u201d w Radomiu, analizowa\u0142a poj\u0119cie C<em>iep\u0142a<\/em>, b\u0119d\u0105c jednocze\u015bnie subtelnym komentarzem do bie\u017c\u0105cej sytuacji politycznej, odnosz\u0105c si\u0119 do kwestii cenzury, inwigilacji, prawa do zgromadze\u0144, spo\u0142ecznych zachowa\u0144 wobec \u201eobcego\u201d itp. Prezentowane na olszty\u0144skiej wystawie prace stanowi\u0105 naturalne rozwini\u0119cie poruszanej w\u00f3wczas problematyki.<\/p>\n\n\n\n<figure class=\"wp-block-image\"><img loading=\"lazy\" decoding=\"async\" width=\"1024\" height=\"683\" src=\"https:\/\/tomaszdrewicz.art.pl\/pl\/wp-content\/uploads\/2023\/01\/1-1024x683.jpg\" alt=\"\" class=\"wp-image-1103\" srcset=\"https:\/\/tomaszdrewicz.art.pl\/pl\/wp-content\/uploads\/2023\/01\/1-1024x683.jpg 1024w, https:\/\/tomaszdrewicz.art.pl\/pl\/wp-content\/uploads\/2023\/01\/1-300x200.jpg 300w, https:\/\/tomaszdrewicz.art.pl\/pl\/wp-content\/uploads\/2023\/01\/1-768x512.jpg 768w, https:\/\/tomaszdrewicz.art.pl\/pl\/wp-content\/uploads\/2023\/01\/1-624x416.jpg 624w\" sizes=\"auto, (max-width: 1024px) 100vw, 1024px\" \/><\/figure>\n\n\n\n<figure class=\"wp-block-image\"><img loading=\"lazy\" decoding=\"async\" width=\"5076\" height=\"3084\" src=\"https:\/\/tomaszdrewicz.art.pl\/pl\/wp-content\/uploads\/2023\/01\/2-1024x622.jpg\" alt=\"\" class=\"wp-image-1104\" srcset=\"https:\/\/tomaszdrewicz.art.pl\/pl\/wp-content\/uploads\/2023\/01\/2-1024x622.jpg 1024w, https:\/\/tomaszdrewicz.art.pl\/pl\/wp-content\/uploads\/2023\/01\/2-300x182.jpg 300w, https:\/\/tomaszdrewicz.art.pl\/pl\/wp-content\/uploads\/2023\/01\/2-768x467.jpg 768w, https:\/\/tomaszdrewicz.art.pl\/pl\/wp-content\/uploads\/2023\/01\/2-624x379.jpg 624w\" sizes=\"auto, (max-width: 5076px) 100vw, 5076px\" \/><\/figure>\n\n\n\n<figure class=\"wp-block-image\"><img loading=\"lazy\" decoding=\"async\" width=\"5472\" height=\"3648\" src=\"https:\/\/tomaszdrewicz.art.pl\/pl\/wp-content\/uploads\/2023\/01\/3-1024x683.jpg\" alt=\"\" class=\"wp-image-1105\" srcset=\"https:\/\/tomaszdrewicz.art.pl\/pl\/wp-content\/uploads\/2023\/01\/3-1024x683.jpg 1024w, https:\/\/tomaszdrewicz.art.pl\/pl\/wp-content\/uploads\/2023\/01\/3-300x200.jpg 300w, https:\/\/tomaszdrewicz.art.pl\/pl\/wp-content\/uploads\/2023\/01\/3-768x512.jpg 768w, https:\/\/tomaszdrewicz.art.pl\/pl\/wp-content\/uploads\/2023\/01\/3-624x416.jpg 624w\" sizes=\"auto, (max-width: 5472px) 100vw, 5472px\" \/><\/figure>\n\n\n\n<figure class=\"wp-block-image\"><img loading=\"lazy\" decoding=\"async\" width=\"1024\" height=\"683\" src=\"https:\/\/tomaszdrewicz.art.pl\/pl\/wp-content\/uploads\/2023\/01\/4-1024x683.jpg\" alt=\"\" class=\"wp-image-1106\" srcset=\"https:\/\/tomaszdrewicz.art.pl\/pl\/wp-content\/uploads\/2023\/01\/4-1024x683.jpg 1024w, https:\/\/tomaszdrewicz.art.pl\/pl\/wp-content\/uploads\/2023\/01\/4-300x200.jpg 300w, https:\/\/tomaszdrewicz.art.pl\/pl\/wp-content\/uploads\/2023\/01\/4-768x512.jpg 768w, https:\/\/tomaszdrewicz.art.pl\/pl\/wp-content\/uploads\/2023\/01\/4-624x416.jpg 624w\" sizes=\"auto, (max-width: 1024px) 100vw, 1024px\" \/><\/figure>\n\n\n\n<figure class=\"wp-block-image\"><img loading=\"lazy\" decoding=\"async\" width=\"1024\" height=\"683\" src=\"https:\/\/tomaszdrewicz.art.pl\/pl\/wp-content\/uploads\/2023\/01\/5-1024x683.jpg\" alt=\"\" class=\"wp-image-1107\" srcset=\"https:\/\/tomaszdrewicz.art.pl\/pl\/wp-content\/uploads\/2023\/01\/5-1024x683.jpg 1024w, https:\/\/tomaszdrewicz.art.pl\/pl\/wp-content\/uploads\/2023\/01\/5-300x200.jpg 300w, https:\/\/tomaszdrewicz.art.pl\/pl\/wp-content\/uploads\/2023\/01\/5-768x512.jpg 768w, https:\/\/tomaszdrewicz.art.pl\/pl\/wp-content\/uploads\/2023\/01\/5-624x416.jpg 624w\" sizes=\"auto, (max-width: 1024px) 100vw, 1024px\" \/><\/figure>\n\n\n\n<figure class=\"wp-block-image\"><img loading=\"lazy\" decoding=\"async\" width=\"651\" height=\"1024\" src=\"https:\/\/tomaszdrewicz.art.pl\/pl\/wp-content\/uploads\/2023\/01\/6-651x1024.jpg\" alt=\"\" class=\"wp-image-1108\" srcset=\"https:\/\/tomaszdrewicz.art.pl\/pl\/wp-content\/uploads\/2023\/01\/6-651x1024.jpg 651w, https:\/\/tomaszdrewicz.art.pl\/pl\/wp-content\/uploads\/2023\/01\/6-191x300.jpg 191w, https:\/\/tomaszdrewicz.art.pl\/pl\/wp-content\/uploads\/2023\/01\/6-768x1207.jpg 768w, https:\/\/tomaszdrewicz.art.pl\/pl\/wp-content\/uploads\/2023\/01\/6-624x981.jpg 624w\" sizes=\"auto, (max-width: 651px) 100vw, 651px\" \/><\/figure>\n\n\n\n<figure class=\"wp-block-image\"><img loading=\"lazy\" decoding=\"async\" width=\"1024\" height=\"683\" src=\"https:\/\/tomaszdrewicz.art.pl\/pl\/wp-content\/uploads\/2023\/01\/20221216-KZF_6462-1024x683.jpg\" alt=\"\" class=\"wp-image-1109\" srcset=\"https:\/\/tomaszdrewicz.art.pl\/pl\/wp-content\/uploads\/2023\/01\/20221216-KZF_6462-1024x683.jpg 1024w, https:\/\/tomaszdrewicz.art.pl\/pl\/wp-content\/uploads\/2023\/01\/20221216-KZF_6462-300x200.jpg 300w, https:\/\/tomaszdrewicz.art.pl\/pl\/wp-content\/uploads\/2023\/01\/20221216-KZF_6462-768x512.jpg 768w, https:\/\/tomaszdrewicz.art.pl\/pl\/wp-content\/uploads\/2023\/01\/20221216-KZF_6462-624x416.jpg 624w\" sizes=\"auto, (max-width: 1024px) 100vw, 1024px\" \/><figcaption> <em>fot. Jakub Zdanowicz<\/em> <\/figcaption><\/figure>\n","protected":false},"excerpt":{"rendered":"<p>Prezentowana w olszty\u0144skim BWA wystawa pt. \u201eRozbrojenie ja\u017ani\u201d, ukazuje prace, w kt\u00f3rych ponownie odnosz\u0119 si\u0119, do problemu wolno\u015bci\u00a0i\u00a0wolnej woli, jak r\u00f3wnie\u017c poj\u0119cia\u00a0Impasu; oraz proces\u00f3w dochodzenia do tego stanu, jak i ostatecznie, r\u00f3\u017cnych sposob\u00f3w jego przekraczania. G\u0142\u00f3wn\u0105 o\u015b ekspozycyjn\u0105 stanowi instalacja d\u017awi\u0119kowa o tym samym tytule. Towarzysz\u0105 jej prace malarskie oraz wideo, kt\u00f3re maj\u0105 na celu [&hellip;]<\/p>\n","protected":false},"author":1,"featured_media":0,"parent":0,"menu_order":0,"comment_status":"closed","ping_status":"closed","template":"","meta":{"footnotes":""},"class_list":["post-1100","page","type-page","status-publish","hentry"],"_links":{"self":[{"href":"https:\/\/tomaszdrewicz.art.pl\/pl\/index.php?rest_route=\/wp\/v2\/pages\/1100","targetHints":{"allow":["GET"]}}],"collection":[{"href":"https:\/\/tomaszdrewicz.art.pl\/pl\/index.php?rest_route=\/wp\/v2\/pages"}],"about":[{"href":"https:\/\/tomaszdrewicz.art.pl\/pl\/index.php?rest_route=\/wp\/v2\/types\/page"}],"author":[{"embeddable":true,"href":"https:\/\/tomaszdrewicz.art.pl\/pl\/index.php?rest_route=\/wp\/v2\/users\/1"}],"replies":[{"embeddable":true,"href":"https:\/\/tomaszdrewicz.art.pl\/pl\/index.php?rest_route=%2Fwp%2Fv2%2Fcomments&post=1100"}],"version-history":[{"count":1,"href":"https:\/\/tomaszdrewicz.art.pl\/pl\/index.php?rest_route=\/wp\/v2\/pages\/1100\/revisions"}],"predecessor-version":[{"id":1114,"href":"https:\/\/tomaszdrewicz.art.pl\/pl\/index.php?rest_route=\/wp\/v2\/pages\/1100\/revisions\/1114"}],"wp:attachment":[{"href":"https:\/\/tomaszdrewicz.art.pl\/pl\/index.php?rest_route=%2Fwp%2Fv2%2Fmedia&parent=1100"}],"curies":[{"name":"wp","href":"https:\/\/api.w.org\/{rel}","templated":true}]}}