{"id":1188,"date":"2023-07-14T10:09:59","date_gmt":"2023-07-14T08:09:59","guid":{"rendered":"https:\/\/tomaszdrewicz.art.pl\/pl\/?page_id=1188"},"modified":"2023-07-14T10:09:59","modified_gmt":"2023-07-14T08:09:59","slug":"zd%d3%95rzenie-losowe-wystawa","status":"publish","type":"page","link":"https:\/\/tomaszdrewicz.art.pl\/pl\/?page_id=1188","title":{"rendered":"Zd\u04d5rzenie losowe &#8211; wystawa"},"content":{"rendered":"\n<p> Tytu\u0142owe<strong> <\/strong><em><strong>\u201eZd\u04d5rzenie\u201d<\/strong><\/em><strong> <\/strong>zak\u0142ada\u0142a zestawienie dw\u00f3ch du\u017cych, wieloelementowych realizacji, kt\u00f3re cho\u0107 powstawa\u0142y w pewnej okre\u015blonej hierarchii i w my\u015bli autora, s\u0105 wobec siebie komplementarne, to jednak ich bezpo\u015brednie skonfrontowanie, mia\u0142o na celu uwypukli\u0107 nowe tre\u015bci, b\u0119d\u0105ce efektem nielinearnego odbioru wytwarzanych przez nie kontekst\u00f3w. Na wystawie mo\u017cna by\u0142o zobaczy\u0107 prace malarskie, d\u017awi\u0119kowe czy wideo, stanowi\u0105ce pewien subtelny acz konkretny komentarz do wsp\u00f3\u0142czesnej historii Polski, zadaj\u0105c przy tym pytanie o te warto\u015bci, kt\u00f3re kszta\u0142tuj\u0105 Nas jako jednostki oraz te umacniaj\u0105ce Nasze poczucie wsp\u00f3lnoty.<\/p>\n\n\n\n<figure class=\"wp-block-image\"><img loading=\"lazy\" decoding=\"async\" width=\"819\" height=\"1024\" src=\"https:\/\/tomaszdrewicz.art.pl\/pl\/wp-content\/uploads\/2023\/07\/zaproszenie-pion-Drewicz-819x1024.jpg\" alt=\"\" class=\"wp-image-1189\" srcset=\"https:\/\/tomaszdrewicz.art.pl\/pl\/wp-content\/uploads\/2023\/07\/zaproszenie-pion-Drewicz-819x1024.jpg 819w, https:\/\/tomaszdrewicz.art.pl\/pl\/wp-content\/uploads\/2023\/07\/zaproszenie-pion-Drewicz-240x300.jpg 240w, https:\/\/tomaszdrewicz.art.pl\/pl\/wp-content\/uploads\/2023\/07\/zaproszenie-pion-Drewicz-768x960.jpg 768w, https:\/\/tomaszdrewicz.art.pl\/pl\/wp-content\/uploads\/2023\/07\/zaproszenie-pion-Drewicz-624x780.jpg 624w, https:\/\/tomaszdrewicz.art.pl\/pl\/wp-content\/uploads\/2023\/07\/zaproszenie-pion-Drewicz.jpg 1080w\" sizes=\"auto, (max-width: 819px) 100vw, 819px\" \/><\/figure>\n\n\n\n<figure class=\"wp-block-image\"><img loading=\"lazy\" decoding=\"async\" width=\"1024\" height=\"683\" src=\"https:\/\/tomaszdrewicz.art.pl\/pl\/wp-content\/uploads\/2023\/07\/IMG_0626-1024x683.jpg\" alt=\"\" class=\"wp-image-1190\" srcset=\"https:\/\/tomaszdrewicz.art.pl\/pl\/wp-content\/uploads\/2023\/07\/IMG_0626-1024x683.jpg 1024w, https:\/\/tomaszdrewicz.art.pl\/pl\/wp-content\/uploads\/2023\/07\/IMG_0626-300x200.jpg 300w, https:\/\/tomaszdrewicz.art.pl\/pl\/wp-content\/uploads\/2023\/07\/IMG_0626-768x512.jpg 768w, https:\/\/tomaszdrewicz.art.pl\/pl\/wp-content\/uploads\/2023\/07\/IMG_0626-624x416.jpg 624w\" sizes=\"auto, (max-width: 1024px) 100vw, 1024px\" \/><figcaption> <em>fot. Andrzej \u0141ada <\/em> <\/figcaption><\/figure>\n\n\n\n<figure class=\"wp-block-image\"><img loading=\"lazy\" decoding=\"async\" width=\"1024\" height=\"917\" src=\"https:\/\/tomaszdrewicz.art.pl\/pl\/wp-content\/uploads\/2023\/07\/IMG_0700-1024x917.jpg\" alt=\"\" class=\"wp-image-1191\" srcset=\"https:\/\/tomaszdrewicz.art.pl\/pl\/wp-content\/uploads\/2023\/07\/IMG_0700-1024x917.jpg 1024w, https:\/\/tomaszdrewicz.art.pl\/pl\/wp-content\/uploads\/2023\/07\/IMG_0700-300x269.jpg 300w, https:\/\/tomaszdrewicz.art.pl\/pl\/wp-content\/uploads\/2023\/07\/IMG_0700-768x688.jpg 768w, https:\/\/tomaszdrewicz.art.pl\/pl\/wp-content\/uploads\/2023\/07\/IMG_0700-624x559.jpg 624w\" sizes=\"auto, (max-width: 1024px) 100vw, 1024px\" \/><figcaption> <em>fot. Andrzej \u0141ada<\/em> <\/figcaption><\/figure>\n\n\n\n<figure class=\"wp-block-image\"><img loading=\"lazy\" decoding=\"async\" width=\"1024\" height=\"714\" src=\"https:\/\/tomaszdrewicz.art.pl\/pl\/wp-content\/uploads\/2023\/07\/IMG_0667-1024x714.jpg\" alt=\"\" class=\"wp-image-1192\" srcset=\"https:\/\/tomaszdrewicz.art.pl\/pl\/wp-content\/uploads\/2023\/07\/IMG_0667-1024x714.jpg 1024w, https:\/\/tomaszdrewicz.art.pl\/pl\/wp-content\/uploads\/2023\/07\/IMG_0667-300x209.jpg 300w, https:\/\/tomaszdrewicz.art.pl\/pl\/wp-content\/uploads\/2023\/07\/IMG_0667-768x535.jpg 768w, https:\/\/tomaszdrewicz.art.pl\/pl\/wp-content\/uploads\/2023\/07\/IMG_0667-624x435.jpg 624w\" sizes=\"auto, (max-width: 1024px) 100vw, 1024px\" \/><\/figure>\n\n\n\n<figure class=\"wp-block-image\"><img loading=\"lazy\" decoding=\"async\" width=\"1024\" height=\"683\" src=\"https:\/\/tomaszdrewicz.art.pl\/pl\/wp-content\/uploads\/2023\/07\/IMG_4555-1024x683.jpg\" alt=\"\" class=\"wp-image-1193\" srcset=\"https:\/\/tomaszdrewicz.art.pl\/pl\/wp-content\/uploads\/2023\/07\/IMG_4555-1024x683.jpg 1024w, https:\/\/tomaszdrewicz.art.pl\/pl\/wp-content\/uploads\/2023\/07\/IMG_4555-300x200.jpg 300w, https:\/\/tomaszdrewicz.art.pl\/pl\/wp-content\/uploads\/2023\/07\/IMG_4555-768x512.jpg 768w, https:\/\/tomaszdrewicz.art.pl\/pl\/wp-content\/uploads\/2023\/07\/IMG_4555-624x416.jpg 624w\" sizes=\"auto, (max-width: 1024px) 100vw, 1024px\" \/><\/figure>\n\n\n\n<figure class=\"wp-block-image\"><img loading=\"lazy\" decoding=\"async\" width=\"1024\" height=\"683\" src=\"https:\/\/tomaszdrewicz.art.pl\/pl\/wp-content\/uploads\/2023\/07\/IMG_4566-1024x683.jpg\" alt=\"\" class=\"wp-image-1194\" srcset=\"https:\/\/tomaszdrewicz.art.pl\/pl\/wp-content\/uploads\/2023\/07\/IMG_4566-1024x683.jpg 1024w, https:\/\/tomaszdrewicz.art.pl\/pl\/wp-content\/uploads\/2023\/07\/IMG_4566-300x200.jpg 300w, https:\/\/tomaszdrewicz.art.pl\/pl\/wp-content\/uploads\/2023\/07\/IMG_4566-768x512.jpg 768w, https:\/\/tomaszdrewicz.art.pl\/pl\/wp-content\/uploads\/2023\/07\/IMG_4566-624x416.jpg 624w\" sizes=\"auto, (max-width: 1024px) 100vw, 1024px\" \/><\/figure>\n\n\n\n<figure class=\"wp-block-image\"><img loading=\"lazy\" decoding=\"async\" width=\"1024\" height=\"683\" src=\"https:\/\/tomaszdrewicz.art.pl\/pl\/wp-content\/uploads\/2023\/07\/IMG_4595-1024x683.jpg\" alt=\"\" class=\"wp-image-1195\" srcset=\"https:\/\/tomaszdrewicz.art.pl\/pl\/wp-content\/uploads\/2023\/07\/IMG_4595-1024x683.jpg 1024w, https:\/\/tomaszdrewicz.art.pl\/pl\/wp-content\/uploads\/2023\/07\/IMG_4595-300x200.jpg 300w, https:\/\/tomaszdrewicz.art.pl\/pl\/wp-content\/uploads\/2023\/07\/IMG_4595-768x512.jpg 768w, https:\/\/tomaszdrewicz.art.pl\/pl\/wp-content\/uploads\/2023\/07\/IMG_4595-624x416.jpg 624w\" sizes=\"auto, (max-width: 1024px) 100vw, 1024px\" \/><\/figure>\n\n\n\n<figure class=\"wp-block-image\"><img loading=\"lazy\" decoding=\"async\" width=\"1024\" height=\"683\" src=\"https:\/\/tomaszdrewicz.art.pl\/pl\/wp-content\/uploads\/2023\/07\/IMG_4568-1024x683.jpg\" alt=\"\" class=\"wp-image-1196\" srcset=\"https:\/\/tomaszdrewicz.art.pl\/pl\/wp-content\/uploads\/2023\/07\/IMG_4568-1024x683.jpg 1024w, https:\/\/tomaszdrewicz.art.pl\/pl\/wp-content\/uploads\/2023\/07\/IMG_4568-300x200.jpg 300w, https:\/\/tomaszdrewicz.art.pl\/pl\/wp-content\/uploads\/2023\/07\/IMG_4568-768x512.jpg 768w, https:\/\/tomaszdrewicz.art.pl\/pl\/wp-content\/uploads\/2023\/07\/IMG_4568-624x416.jpg 624w\" sizes=\"auto, (max-width: 1024px) 100vw, 1024px\" \/><\/figure>\n\n\n\n<figure class=\"wp-block-image\"><img loading=\"lazy\" decoding=\"async\" width=\"1024\" height=\"683\" src=\"https:\/\/tomaszdrewicz.art.pl\/pl\/wp-content\/uploads\/2023\/07\/IMG_4537-1024x683.jpg\" alt=\"\" class=\"wp-image-1197\" srcset=\"https:\/\/tomaszdrewicz.art.pl\/pl\/wp-content\/uploads\/2023\/07\/IMG_4537-1024x683.jpg 1024w, https:\/\/tomaszdrewicz.art.pl\/pl\/wp-content\/uploads\/2023\/07\/IMG_4537-300x200.jpg 300w, https:\/\/tomaszdrewicz.art.pl\/pl\/wp-content\/uploads\/2023\/07\/IMG_4537-768x512.jpg 768w, https:\/\/tomaszdrewicz.art.pl\/pl\/wp-content\/uploads\/2023\/07\/IMG_4537-624x416.jpg 624w\" sizes=\"auto, (max-width: 1024px) 100vw, 1024px\" \/><\/figure>\n\n\n<p><!--EndFragment--><br>\n<br>\n<\/p>","protected":false},"excerpt":{"rendered":"<p>Tytu\u0142owe \u201eZd\u04d5rzenie\u201d zak\u0142ada\u0142a zestawienie dw\u00f3ch du\u017cych, wieloelementowych realizacji, kt\u00f3re cho\u0107 powstawa\u0142y w pewnej okre\u015blonej hierarchii i w my\u015bli autora, s\u0105 wobec siebie komplementarne, to jednak ich bezpo\u015brednie skonfrontowanie, mia\u0142o na celu uwypukli\u0107 nowe tre\u015bci, b\u0119d\u0105ce efektem nielinearnego odbioru wytwarzanych przez nie kontekst\u00f3w. Na wystawie mo\u017cna by\u0142o zobaczy\u0107 prace malarskie, d\u017awi\u0119kowe czy wideo, stanowi\u0105ce pewien subtelny [&hellip;]<\/p>\n","protected":false},"author":1,"featured_media":0,"parent":0,"menu_order":0,"comment_status":"closed","ping_status":"closed","template":"","meta":{"footnotes":""},"class_list":["post-1188","page","type-page","status-publish","hentry"],"_links":{"self":[{"href":"https:\/\/tomaszdrewicz.art.pl\/pl\/index.php?rest_route=\/wp\/v2\/pages\/1188","targetHints":{"allow":["GET"]}}],"collection":[{"href":"https:\/\/tomaszdrewicz.art.pl\/pl\/index.php?rest_route=\/wp\/v2\/pages"}],"about":[{"href":"https:\/\/tomaszdrewicz.art.pl\/pl\/index.php?rest_route=\/wp\/v2\/types\/page"}],"author":[{"embeddable":true,"href":"https:\/\/tomaszdrewicz.art.pl\/pl\/index.php?rest_route=\/wp\/v2\/users\/1"}],"replies":[{"embeddable":true,"href":"https:\/\/tomaszdrewicz.art.pl\/pl\/index.php?rest_route=%2Fwp%2Fv2%2Fcomments&post=1188"}],"version-history":[{"count":1,"href":"https:\/\/tomaszdrewicz.art.pl\/pl\/index.php?rest_route=\/wp\/v2\/pages\/1188\/revisions"}],"predecessor-version":[{"id":1198,"href":"https:\/\/tomaszdrewicz.art.pl\/pl\/index.php?rest_route=\/wp\/v2\/pages\/1188\/revisions\/1198"}],"wp:attachment":[{"href":"https:\/\/tomaszdrewicz.art.pl\/pl\/index.php?rest_route=%2Fwp%2Fv2%2Fmedia&parent=1188"}],"curies":[{"name":"wp","href":"https:\/\/api.w.org\/{rel}","templated":true}]}}