{"id":124,"date":"2014-03-19T10:03:21","date_gmt":"2014-03-19T09:03:21","guid":{"rendered":"http:\/\/tomaszdrewicz.art.pl\/?page_id=124"},"modified":"2019-11-16T07:10:48","modified_gmt":"2019-11-16T06:10:48","slug":"przyjaciel-rodziny","status":"publish","type":"page","link":"https:\/\/tomaszdrewicz.art.pl\/pl\/?page_id=124","title":{"rendered":"Przyjaciel Rodziny"},"content":{"rendered":"<p>(dzia\u0142anie podczas IV Festiwalu Performance &#8222;Ko\u0142o czasu&#8221;, Centrum Sztuki Wsp\u00f3\u0142czesnej &#8222;Znaki czasu&#8221;, Toru\u0144)<br \/>\nRok produkcji: 2011<\/p>\n<p><iframe loading=\"lazy\" src=\"\/\/www.youtube.com\/embed\/wMokNRxxRjM\" width=\"640\" height=\"480\" frameborder=\"0\" allowfullscreen=\"allowfullscreen\"><\/iframe><\/p>\n","protected":false},"excerpt":{"rendered":"<p>(dzia\u0142anie podczas IV Festiwalu Performance &#8222;Ko\u0142o czasu&#8221;, Centrum Sztuki Wsp\u00f3\u0142czesnej &#8222;Znaki czasu&#8221;, Toru\u0144) Rok produkcji: 2011<\/p>\n","protected":false},"author":1,"featured_media":0,"parent":103,"menu_order":0,"comment_status":"closed","ping_status":"closed","template":"","meta":{"footnotes":""},"class_list":["post-124","page","type-page","status-publish","hentry"],"_links":{"self":[{"href":"https:\/\/tomaszdrewicz.art.pl\/pl\/index.php?rest_route=\/wp\/v2\/pages\/124","targetHints":{"allow":["GET"]}}],"collection":[{"href":"https:\/\/tomaszdrewicz.art.pl\/pl\/index.php?rest_route=\/wp\/v2\/pages"}],"about":[{"href":"https:\/\/tomaszdrewicz.art.pl\/pl\/index.php?rest_route=\/wp\/v2\/types\/page"}],"author":[{"embeddable":true,"href":"https:\/\/tomaszdrewicz.art.pl\/pl\/index.php?rest_route=\/wp\/v2\/users\/1"}],"replies":[{"embeddable":true,"href":"https:\/\/tomaszdrewicz.art.pl\/pl\/index.php?rest_route=%2Fwp%2Fv2%2Fcomments&post=124"}],"version-history":[{"count":2,"href":"https:\/\/tomaszdrewicz.art.pl\/pl\/index.php?rest_route=\/wp\/v2\/pages\/124\/revisions"}],"predecessor-version":[{"id":902,"href":"https:\/\/tomaszdrewicz.art.pl\/pl\/index.php?rest_route=\/wp\/v2\/pages\/124\/revisions\/902"}],"up":[{"embeddable":true,"href":"https:\/\/tomaszdrewicz.art.pl\/pl\/index.php?rest_route=\/wp\/v2\/pages\/103"}],"wp:attachment":[{"href":"https:\/\/tomaszdrewicz.art.pl\/pl\/index.php?rest_route=%2Fwp%2Fv2%2Fmedia&parent=124"}],"curies":[{"name":"wp","href":"https:\/\/api.w.org\/{rel}","templated":true}]}}