{"id":1288,"date":"2025-03-02T09:43:19","date_gmt":"2025-03-02T08:43:19","guid":{"rendered":"https:\/\/tomaszdrewicz.art.pl\/pl\/?page_id=1288"},"modified":"2025-03-02T09:43:19","modified_gmt":"2025-03-02T08:43:19","slug":"podwazenie","status":"publish","type":"page","link":"https:\/\/tomaszdrewicz.art.pl\/pl\/?page_id=1288","title":{"rendered":"Podwa\u017cenie"},"content":{"rendered":"\n<p><strong>Tomasz Drewicz \u2013 \u201ePodwa\u017cenie\u201d<\/strong><br>(instalacja rze\u017abiarska \u2013 technika w\u0142asna)<br>2024<\/p>\n\n\n\n<p>T\u0105 realizacj\u0105 stawiam przed widzem pytanie o delikatno\u015b\u0107 r\u00f3wnowagi, jak\u0105 codziennie podejmujemy, balansuj\u0105c pomi\u0119dzy tym, co przemin\u0119\u0142o, a ci\u0119\u017carem odpowiedzialno\u015bci, kt\u00f3ry nieustannie niesiemy. Praca oscyluje mi\u0119dzy dos\u0142owno\u015bci\u0105 a metafor\u0105: cho\u0107 obiekt zdaje si\u0119 \u201ewa\u017cy\u0107\u201d przemijanie i po\u015bwi\u0119cenie, to jednocze\u015bnie w subtelny spos\u00f3b zadaje pytanie o granice wytrzyma\u0142o\u015bci i o to, jak\u0105 wag\u0119 naprawd\u0119 jeste\u015bmy w stanie unie\u015b\u0107.<\/p>\n\n\n\n<figure class=\"wp-block-embed-youtube wp-block-embed is-type-video is-provider-youtube wp-embed-aspect-16-9 wp-has-aspect-ratio\"><div class=\"wp-block-embed__wrapper\">\n<iframe loading=\"lazy\" title=\"Tomasz Drewicz - PODWA\u017bENIE - Galeria AT, 9-20.12.2024\" width=\"625\" height=\"352\" src=\"https:\/\/www.youtube.com\/embed\/DFGR2-jMEIk?feature=oembed\" frameborder=\"0\" allow=\"accelerometer; autoplay; clipboard-write; encrypted-media; gyroscope; picture-in-picture; web-share\" referrerpolicy=\"strict-origin-when-cross-origin\" allowfullscreen><\/iframe>\n<\/div><\/figure>\n\n\n\n<p><em>&#8222;W \u201cPodwa\u017ceniu\u201d przemijanie pojawia si\u0119 nie tylko jako akt fizycznego niszczenia, lecz tak\u017ce jako ci\u0105g\u0142y proces utraty i krucho\u015bci pami\u0119ci. Artysta zaprasza do refleksji nad brzemieniem wspomnie\u0144 \u2013 tych, kt\u00f3re, cho\u0107 cz\u0119sto zdaj\u0105 si\u0119 zbyt ci\u0119\u017ckie, bywaj\u0105 r\u00f3wnie efemeryczne i ulotne. Istnieje tu gra na granicy mo\u017cliwo\u015bci; Drewicz zwraca uwag\u0119 na to, jak wiele gotowi jeste\u015bmy po\u015bwi\u0119ci\u0107, by utrzyma\u0107 iluzj\u0119 kontroli nad czasem, a jednocze\u015bnie zmusza do zadania pytania: czy to, co niesiemy, jest nasz\u0105 si\u0142\u0105, czy obci\u0105\u017ceniem?&#8221;<\/em><\/p>\n\n\n\n<p><em>&#8222;Praca subtelnie oscyluje pomi\u0119dzy \u017cartem a refleksj\u0105, ukazuj\u0105c ironiczne napi\u0119cie mi\u0119dzy tym, co istotne, a tym, co \u0142atwo mo\u017ce si\u0119 nam wymkn\u0105\u0107. Drewicz wydaje si\u0119 m\u00f3wi\u0107, \u017ce cho\u0107by\u015bmy nawet znale\u017ali idealn\u0105 r\u00f3wnowag\u0119, prawda o przemijaniu zawsze znajdzie spos\u00f3b, by wymkn\u0105\u0107 si\u0119 spod kontroli.&#8221;<\/em><br><\/p>\n\n\n\n<figure class=\"wp-block-image\"><img loading=\"lazy\" decoding=\"async\" width=\"724\" height=\"1024\" src=\"https:\/\/tomaszdrewicz.art.pl\/pl\/wp-content\/uploads\/2025\/03\/Podwazenie-afiszoplakat-724x1024.png\" alt=\"\" class=\"wp-image-1294\" srcset=\"https:\/\/tomaszdrewicz.art.pl\/pl\/wp-content\/uploads\/2025\/03\/Podwazenie-afiszoplakat-724x1024.png 724w, https:\/\/tomaszdrewicz.art.pl\/pl\/wp-content\/uploads\/2025\/03\/Podwazenie-afiszoplakat-212x300.png 212w, https:\/\/tomaszdrewicz.art.pl\/pl\/wp-content\/uploads\/2025\/03\/Podwazenie-afiszoplakat-768x1087.png 768w, https:\/\/tomaszdrewicz.art.pl\/pl\/wp-content\/uploads\/2025\/03\/Podwazenie-afiszoplakat-624x883.png 624w, https:\/\/tomaszdrewicz.art.pl\/pl\/wp-content\/uploads\/2025\/03\/Podwazenie-afiszoplakat.png 1010w\" sizes=\"auto, (max-width: 724px) 100vw, 724px\" \/><\/figure>\n\n\n\n<p>Dokumentacja fotograficzna z wystawy:  Podwa\u017cenie, Galeria AT, Pozna\u0144 (9 \u2013 20.12.2024)<\/p>\n\n\n\n<figure class=\"wp-block-image\"><img loading=\"lazy\" decoding=\"async\" width=\"1024\" height=\"771\" src=\"https:\/\/tomaszdrewicz.art.pl\/pl\/wp-content\/uploads\/2025\/03\/TOMASZ-DREWICZ-Podwazenie-1-1024x771.jpg\" alt=\"\" class=\"wp-image-1289\"\/><\/figure>\n\n\n\n<figure class=\"wp-block-image\"><img loading=\"lazy\" decoding=\"async\" width=\"1024\" height=\"771\" src=\"https:\/\/tomaszdrewicz.art.pl\/pl\/wp-content\/uploads\/2025\/03\/TOMASZ-DREWICZ-Podwazenie-2-1024x771.jpg\" alt=\"\" class=\"wp-image-1290\"\/><\/figure>\n\n\n\n<figure class=\"wp-block-image\"><img loading=\"lazy\" decoding=\"async\" width=\"1024\" height=\"771\" src=\"https:\/\/tomaszdrewicz.art.pl\/pl\/wp-content\/uploads\/2025\/03\/TOMASZ-DREWICZ-Podwazenie-3-1024x771.jpg\" alt=\"\" class=\"wp-image-1291\"\/><\/figure>\n\n\n\n<figure class=\"wp-block-image\"><img loading=\"lazy\" decoding=\"async\" width=\"1024\" height=\"771\" src=\"https:\/\/tomaszdrewicz.art.pl\/pl\/wp-content\/uploads\/2025\/03\/TOMASZ-DREWICZ-Podwazenie-4-1024x771.jpg\" alt=\"\" class=\"wp-image-1292\"\/><\/figure>\n\n\n\n<figure class=\"wp-block-image\"><img loading=\"lazy\" decoding=\"async\" width=\"1024\" height=\"771\" src=\"https:\/\/tomaszdrewicz.art.pl\/pl\/wp-content\/uploads\/2025\/03\/TOMASZ-DREWICZ-Podwazenie-5-1024x771.jpg\" alt=\"\" class=\"wp-image-1293\"\/><\/figure>\n\n\n\n<p> <\/p>\n\n\n<p><!--EndFragment--><br>\n<br>\n<\/p>","protected":false},"excerpt":{"rendered":"<p>Tomasz Drewicz \u2013 \u201ePodwa\u017cenie\u201d(instalacja rze\u017abiarska \u2013 technika w\u0142asna)2024 T\u0105 realizacj\u0105 stawiam przed widzem pytanie o delikatno\u015b\u0107 r\u00f3wnowagi, jak\u0105 codziennie podejmujemy, balansuj\u0105c pomi\u0119dzy tym, co przemin\u0119\u0142o, a ci\u0119\u017carem odpowiedzialno\u015bci, kt\u00f3ry nieustannie niesiemy. Praca oscyluje mi\u0119dzy dos\u0142owno\u015bci\u0105 a metafor\u0105: cho\u0107 obiekt zdaje si\u0119 \u201ewa\u017cy\u0107\u201d przemijanie i po\u015bwi\u0119cenie, to jednocze\u015bnie w subtelny spos\u00f3b zadaje pytanie o granice wytrzyma\u0142o\u015bci [&hellip;]<\/p>\n","protected":false},"author":1,"featured_media":0,"parent":0,"menu_order":0,"comment_status":"closed","ping_status":"closed","template":"","meta":{"footnotes":""},"class_list":["post-1288","page","type-page","status-publish","hentry"],"_links":{"self":[{"href":"https:\/\/tomaszdrewicz.art.pl\/pl\/index.php?rest_route=\/wp\/v2\/pages\/1288","targetHints":{"allow":["GET"]}}],"collection":[{"href":"https:\/\/tomaszdrewicz.art.pl\/pl\/index.php?rest_route=\/wp\/v2\/pages"}],"about":[{"href":"https:\/\/tomaszdrewicz.art.pl\/pl\/index.php?rest_route=\/wp\/v2\/types\/page"}],"author":[{"embeddable":true,"href":"https:\/\/tomaszdrewicz.art.pl\/pl\/index.php?rest_route=\/wp\/v2\/users\/1"}],"replies":[{"embeddable":true,"href":"https:\/\/tomaszdrewicz.art.pl\/pl\/index.php?rest_route=%2Fwp%2Fv2%2Fcomments&post=1288"}],"version-history":[{"count":2,"href":"https:\/\/tomaszdrewicz.art.pl\/pl\/index.php?rest_route=\/wp\/v2\/pages\/1288\/revisions"}],"predecessor-version":[{"id":1299,"href":"https:\/\/tomaszdrewicz.art.pl\/pl\/index.php?rest_route=\/wp\/v2\/pages\/1288\/revisions\/1299"}],"wp:attachment":[{"href":"https:\/\/tomaszdrewicz.art.pl\/pl\/index.php?rest_route=%2Fwp%2Fv2%2Fmedia&parent=1288"}],"curies":[{"name":"wp","href":"https:\/\/api.w.org\/{rel}","templated":true}]}}