{"id":1298,"date":"2025-03-18T13:24:25","date_gmt":"2025-03-18T12:24:25","guid":{"rendered":"https:\/\/tomaszdrewicz.art.pl\/pl\/?page_id=1298"},"modified":"2025-03-18T14:06:17","modified_gmt":"2025-03-18T13:06:17","slug":"break-point","status":"publish","type":"page","link":"https:\/\/tomaszdrewicz.art.pl\/pl\/?page_id=1298","title":{"rendered":"BREAK POINT"},"content":{"rendered":"\n<p><strong>Tomasz Drewicz \u2013 \u201eBREAK POINT\u201d<\/strong><br>(instalacja rze\u017abiarska \u2013 technika w\u0142asna)<br>2024<\/p>\n\n\n\n<p>Praca skupia si\u0119 na analizie koncepcji remisu, wywodz\u0105c j\u0105 z obszaru sportu, a nast\u0119pnie wprowadzaj\u0105c w szerszy kontekst (spo\u0142eczny lub polityczny). Tytu\u0142 odnosi si\u0119 do zasad tenisa, oznacza sytuacj\u0119, w kt\u00f3rej gracz odbieraj\u0105cy gr\u0119 potrzebuje jednej akcji wygrywaj\u0105cej, aby j\u0105 prze\u0142ama\u0107, tj. wygra\u0107 gr\u0119 przy serwisie przeciwnika. Termin ten jest r\u00f3wnie\u017c u\u017cywany w spo\u0142eczno\u015bci programistycznej jako miejsce, w kt\u00f3rym celowo wstrzymuje si\u0119 wykonywanie programu w celu analizy jego wydajno\u015bci. <\/p>\n\n\n\n<figure class=\"wp-block-image size-large\"><img loading=\"lazy\" decoding=\"async\" width=\"1024\" height=\"683\" src=\"https:\/\/tomaszdrewicz.art.pl\/pl\/wp-content\/uploads\/2025\/03\/Tomasz-Drewicz-BREAK-POINT-BWA-Olsztyn-11.10-03.11.2024-fot.-Jakub-Zdanowicz-17-1024x683.jpg\" alt=\"\" class=\"wp-image-1304\" srcset=\"https:\/\/tomaszdrewicz.art.pl\/pl\/wp-content\/uploads\/2025\/03\/Tomasz-Drewicz-BREAK-POINT-BWA-Olsztyn-11.10-03.11.2024-fot.-Jakub-Zdanowicz-17-1024x683.jpg 1024w, https:\/\/tomaszdrewicz.art.pl\/pl\/wp-content\/uploads\/2025\/03\/Tomasz-Drewicz-BREAK-POINT-BWA-Olsztyn-11.10-03.11.2024-fot.-Jakub-Zdanowicz-17-300x200.jpg 300w, https:\/\/tomaszdrewicz.art.pl\/pl\/wp-content\/uploads\/2025\/03\/Tomasz-Drewicz-BREAK-POINT-BWA-Olsztyn-11.10-03.11.2024-fot.-Jakub-Zdanowicz-17-768x512.jpg 768w, https:\/\/tomaszdrewicz.art.pl\/pl\/wp-content\/uploads\/2025\/03\/Tomasz-Drewicz-BREAK-POINT-BWA-Olsztyn-11.10-03.11.2024-fot.-Jakub-Zdanowicz-17-1536x1024.jpg 1536w, https:\/\/tomaszdrewicz.art.pl\/pl\/wp-content\/uploads\/2025\/03\/Tomasz-Drewicz-BREAK-POINT-BWA-Olsztyn-11.10-03.11.2024-fot.-Jakub-Zdanowicz-17-624x416.jpg 624w, https:\/\/tomaszdrewicz.art.pl\/pl\/wp-content\/uploads\/2025\/03\/Tomasz-Drewicz-BREAK-POINT-BWA-Olsztyn-11.10-03.11.2024-fot.-Jakub-Zdanowicz-17.jpg 1800w\" sizes=\"auto, (max-width: 1024px) 100vw, 1024px\" \/><figcaption class=\"wp-element-caption\">(fot. Jakub Zdanowicz)<\/figcaption><\/figure>\n\n\n\n<p>Zar\u00f3wno tytu\u0142, jak i forma pracy poruszaj\u0105 kwestie zwi\u0105zane z sytuacj\u0105 impasu; pozostawanie w ci\u0105g\u0142ym napi\u0119ciu i gotowo\u015bci do dzia\u0142ania, osi\u0105ganie stan\u00f3w granicznych i sposob\u00f3w ich przekraczania. <\/p>\n\n\n\n<p>Remis mo\u017ce wp\u0142ywa\u0107 na proces transformacji lub by\u0107 wynikiem pewnych zmian, a transformacja mo\u017ce d\u0105\u017cy\u0107 do osi\u0105gni\u0119cia nowej r\u00f3wnowagi lub wp\u0142ywa\u0107 na tymczasowy remis w pewnym procesie. Remis, remis, rozejm lub impas mog\u0105 r\u00f3wnie\u017c w pewnych sytuacjach sta\u0107 si\u0119 katalizatorem dalszych zmian.<\/p>\n\n\n\n<figure class=\"wp-block-image size-large\"><img loading=\"lazy\" decoding=\"async\" width=\"730\" height=\"1024\" src=\"https:\/\/tomaszdrewicz.art.pl\/pl\/wp-content\/uploads\/2025\/03\/Tomasz-Drewicz-BREAK-POINT-plakat-730x1024.jpg\" alt=\"\" class=\"wp-image-1303\" srcset=\"https:\/\/tomaszdrewicz.art.pl\/pl\/wp-content\/uploads\/2025\/03\/Tomasz-Drewicz-BREAK-POINT-plakat-730x1024.jpg 730w, https:\/\/tomaszdrewicz.art.pl\/pl\/wp-content\/uploads\/2025\/03\/Tomasz-Drewicz-BREAK-POINT-plakat-214x300.jpg 214w, https:\/\/tomaszdrewicz.art.pl\/pl\/wp-content\/uploads\/2025\/03\/Tomasz-Drewicz-BREAK-POINT-plakat-768x1077.jpg 768w, https:\/\/tomaszdrewicz.art.pl\/pl\/wp-content\/uploads\/2025\/03\/Tomasz-Drewicz-BREAK-POINT-plakat-1096x1536.jpg 1096w, https:\/\/tomaszdrewicz.art.pl\/pl\/wp-content\/uploads\/2025\/03\/Tomasz-Drewicz-BREAK-POINT-plakat-624x875.jpg 624w, https:\/\/tomaszdrewicz.art.pl\/pl\/wp-content\/uploads\/2025\/03\/Tomasz-Drewicz-BREAK-POINT-plakat.jpg 1284w\" sizes=\"auto, (max-width: 730px) 100vw, 730px\" \/><\/figure>\n\n\n\n<p>Dokumentacja fotograficzna z wystawy: BREAK POINT, BWA Olsztyn (11.10 \u2013 3.11.2024)<\/p>\n\n\n\n<figure class=\"wp-block-gallery has-nested-images columns-default is-cropped wp-block-gallery-1 is-layout-flex wp-block-gallery-is-layout-flex\">\n<figure class=\"wp-block-image size-large\"><img loading=\"lazy\" decoding=\"async\" width=\"1024\" height=\"683\" data-id=\"1305\" src=\"https:\/\/tomaszdrewicz.art.pl\/pl\/wp-content\/uploads\/2025\/03\/Tomasz-Drewicz-BREAK-POINT-BWA-Olsztyn-11.10-03.11.2024-fot.-Jakub-Zdanowicz-18-1024x683.jpg\" alt=\"\" class=\"wp-image-1305\" srcset=\"https:\/\/tomaszdrewicz.art.pl\/pl\/wp-content\/uploads\/2025\/03\/Tomasz-Drewicz-BREAK-POINT-BWA-Olsztyn-11.10-03.11.2024-fot.-Jakub-Zdanowicz-18-1024x683.jpg 1024w, https:\/\/tomaszdrewicz.art.pl\/pl\/wp-content\/uploads\/2025\/03\/Tomasz-Drewicz-BREAK-POINT-BWA-Olsztyn-11.10-03.11.2024-fot.-Jakub-Zdanowicz-18-300x200.jpg 300w, https:\/\/tomaszdrewicz.art.pl\/pl\/wp-content\/uploads\/2025\/03\/Tomasz-Drewicz-BREAK-POINT-BWA-Olsztyn-11.10-03.11.2024-fot.-Jakub-Zdanowicz-18-768x512.jpg 768w, https:\/\/tomaszdrewicz.art.pl\/pl\/wp-content\/uploads\/2025\/03\/Tomasz-Drewicz-BREAK-POINT-BWA-Olsztyn-11.10-03.11.2024-fot.-Jakub-Zdanowicz-18-1536x1024.jpg 1536w, https:\/\/tomaszdrewicz.art.pl\/pl\/wp-content\/uploads\/2025\/03\/Tomasz-Drewicz-BREAK-POINT-BWA-Olsztyn-11.10-03.11.2024-fot.-Jakub-Zdanowicz-18-624x416.jpg 624w, https:\/\/tomaszdrewicz.art.pl\/pl\/wp-content\/uploads\/2025\/03\/Tomasz-Drewicz-BREAK-POINT-BWA-Olsztyn-11.10-03.11.2024-fot.-Jakub-Zdanowicz-18.jpg 1800w\" sizes=\"auto, (max-width: 1024px) 100vw, 1024px\" \/><\/figure>\n\n\n\n<figure class=\"wp-block-image size-large\"><img loading=\"lazy\" decoding=\"async\" width=\"1024\" height=\"683\" data-id=\"1306\" src=\"https:\/\/tomaszdrewicz.art.pl\/pl\/wp-content\/uploads\/2025\/03\/Tomasz-Drewicz-BREAK-POINT-BWA-Olsztyn-11.10-03.11.2024-fot.-Jakub-Zdanowicz-19-1024x683.jpg\" alt=\"\" class=\"wp-image-1306\" srcset=\"https:\/\/tomaszdrewicz.art.pl\/pl\/wp-content\/uploads\/2025\/03\/Tomasz-Drewicz-BREAK-POINT-BWA-Olsztyn-11.10-03.11.2024-fot.-Jakub-Zdanowicz-19-1024x683.jpg 1024w, https:\/\/tomaszdrewicz.art.pl\/pl\/wp-content\/uploads\/2025\/03\/Tomasz-Drewicz-BREAK-POINT-BWA-Olsztyn-11.10-03.11.2024-fot.-Jakub-Zdanowicz-19-300x200.jpg 300w, https:\/\/tomaszdrewicz.art.pl\/pl\/wp-content\/uploads\/2025\/03\/Tomasz-Drewicz-BREAK-POINT-BWA-Olsztyn-11.10-03.11.2024-fot.-Jakub-Zdanowicz-19-768x512.jpg 768w, https:\/\/tomaszdrewicz.art.pl\/pl\/wp-content\/uploads\/2025\/03\/Tomasz-Drewicz-BREAK-POINT-BWA-Olsztyn-11.10-03.11.2024-fot.-Jakub-Zdanowicz-19-1536x1024.jpg 1536w, https:\/\/tomaszdrewicz.art.pl\/pl\/wp-content\/uploads\/2025\/03\/Tomasz-Drewicz-BREAK-POINT-BWA-Olsztyn-11.10-03.11.2024-fot.-Jakub-Zdanowicz-19-624x416.jpg 624w, https:\/\/tomaszdrewicz.art.pl\/pl\/wp-content\/uploads\/2025\/03\/Tomasz-Drewicz-BREAK-POINT-BWA-Olsztyn-11.10-03.11.2024-fot.-Jakub-Zdanowicz-19.jpg 1800w\" sizes=\"auto, (max-width: 1024px) 100vw, 1024px\" \/><\/figure>\n\n\n\n<figure class=\"wp-block-image size-large\"><img loading=\"lazy\" decoding=\"async\" width=\"1024\" height=\"683\" data-id=\"1307\" src=\"https:\/\/tomaszdrewicz.art.pl\/pl\/wp-content\/uploads\/2025\/03\/Tomasz-Drewicz-BREAK-POINT-BWA-Olsztyn-11.10-03.11.2024-fot.-Jakub-Zdanowicz-20-1024x683.jpg\" alt=\"\" class=\"wp-image-1307\" srcset=\"https:\/\/tomaszdrewicz.art.pl\/pl\/wp-content\/uploads\/2025\/03\/Tomasz-Drewicz-BREAK-POINT-BWA-Olsztyn-11.10-03.11.2024-fot.-Jakub-Zdanowicz-20-1024x683.jpg 1024w, https:\/\/tomaszdrewicz.art.pl\/pl\/wp-content\/uploads\/2025\/03\/Tomasz-Drewicz-BREAK-POINT-BWA-Olsztyn-11.10-03.11.2024-fot.-Jakub-Zdanowicz-20-300x200.jpg 300w, https:\/\/tomaszdrewicz.art.pl\/pl\/wp-content\/uploads\/2025\/03\/Tomasz-Drewicz-BREAK-POINT-BWA-Olsztyn-11.10-03.11.2024-fot.-Jakub-Zdanowicz-20-768x512.jpg 768w, https:\/\/tomaszdrewicz.art.pl\/pl\/wp-content\/uploads\/2025\/03\/Tomasz-Drewicz-BREAK-POINT-BWA-Olsztyn-11.10-03.11.2024-fot.-Jakub-Zdanowicz-20-1536x1024.jpg 1536w, https:\/\/tomaszdrewicz.art.pl\/pl\/wp-content\/uploads\/2025\/03\/Tomasz-Drewicz-BREAK-POINT-BWA-Olsztyn-11.10-03.11.2024-fot.-Jakub-Zdanowicz-20-624x416.jpg 624w, https:\/\/tomaszdrewicz.art.pl\/pl\/wp-content\/uploads\/2025\/03\/Tomasz-Drewicz-BREAK-POINT-BWA-Olsztyn-11.10-03.11.2024-fot.-Jakub-Zdanowicz-20.jpg 1800w\" sizes=\"auto, (max-width: 1024px) 100vw, 1024px\" \/><\/figure>\n\n\n\n<figure class=\"wp-block-image size-large\"><img loading=\"lazy\" decoding=\"async\" width=\"1024\" height=\"683\" data-id=\"1308\" src=\"https:\/\/tomaszdrewicz.art.pl\/pl\/wp-content\/uploads\/2025\/03\/Tomasz-Drewicz-BREAK-POINT-BWA-Olsztyn-11.10-03.11.2024-fot.-Jakub-Zdanowicz-21-1024x683.jpg\" alt=\"\" class=\"wp-image-1308\" srcset=\"https:\/\/tomaszdrewicz.art.pl\/pl\/wp-content\/uploads\/2025\/03\/Tomasz-Drewicz-BREAK-POINT-BWA-Olsztyn-11.10-03.11.2024-fot.-Jakub-Zdanowicz-21-1024x683.jpg 1024w, https:\/\/tomaszdrewicz.art.pl\/pl\/wp-content\/uploads\/2025\/03\/Tomasz-Drewicz-BREAK-POINT-BWA-Olsztyn-11.10-03.11.2024-fot.-Jakub-Zdanowicz-21-300x200.jpg 300w, https:\/\/tomaszdrewicz.art.pl\/pl\/wp-content\/uploads\/2025\/03\/Tomasz-Drewicz-BREAK-POINT-BWA-Olsztyn-11.10-03.11.2024-fot.-Jakub-Zdanowicz-21-768x512.jpg 768w, https:\/\/tomaszdrewicz.art.pl\/pl\/wp-content\/uploads\/2025\/03\/Tomasz-Drewicz-BREAK-POINT-BWA-Olsztyn-11.10-03.11.2024-fot.-Jakub-Zdanowicz-21-1536x1024.jpg 1536w, https:\/\/tomaszdrewicz.art.pl\/pl\/wp-content\/uploads\/2025\/03\/Tomasz-Drewicz-BREAK-POINT-BWA-Olsztyn-11.10-03.11.2024-fot.-Jakub-Zdanowicz-21-624x416.jpg 624w, https:\/\/tomaszdrewicz.art.pl\/pl\/wp-content\/uploads\/2025\/03\/Tomasz-Drewicz-BREAK-POINT-BWA-Olsztyn-11.10-03.11.2024-fot.-Jakub-Zdanowicz-21.jpg 1800w\" sizes=\"auto, (max-width: 1024px) 100vw, 1024px\" \/><\/figure>\n\n\n\n<figure class=\"wp-block-image size-large\"><img loading=\"lazy\" decoding=\"async\" width=\"1024\" height=\"683\" data-id=\"1309\" src=\"https:\/\/tomaszdrewicz.art.pl\/pl\/wp-content\/uploads\/2025\/03\/Tomasz-Drewicz-BREAK-POINT-BWA-Olsztyn-11.10-03.11.2024-fot.-Jakub-Zdanowicz-32-1024x683.jpg\" alt=\"\" class=\"wp-image-1309\" srcset=\"https:\/\/tomaszdrewicz.art.pl\/pl\/wp-content\/uploads\/2025\/03\/Tomasz-Drewicz-BREAK-POINT-BWA-Olsztyn-11.10-03.11.2024-fot.-Jakub-Zdanowicz-32-1024x683.jpg 1024w, https:\/\/tomaszdrewicz.art.pl\/pl\/wp-content\/uploads\/2025\/03\/Tomasz-Drewicz-BREAK-POINT-BWA-Olsztyn-11.10-03.11.2024-fot.-Jakub-Zdanowicz-32-300x200.jpg 300w, https:\/\/tomaszdrewicz.art.pl\/pl\/wp-content\/uploads\/2025\/03\/Tomasz-Drewicz-BREAK-POINT-BWA-Olsztyn-11.10-03.11.2024-fot.-Jakub-Zdanowicz-32-768x512.jpg 768w, https:\/\/tomaszdrewicz.art.pl\/pl\/wp-content\/uploads\/2025\/03\/Tomasz-Drewicz-BREAK-POINT-BWA-Olsztyn-11.10-03.11.2024-fot.-Jakub-Zdanowicz-32-1536x1024.jpg 1536w, https:\/\/tomaszdrewicz.art.pl\/pl\/wp-content\/uploads\/2025\/03\/Tomasz-Drewicz-BREAK-POINT-BWA-Olsztyn-11.10-03.11.2024-fot.-Jakub-Zdanowicz-32-624x416.jpg 624w, https:\/\/tomaszdrewicz.art.pl\/pl\/wp-content\/uploads\/2025\/03\/Tomasz-Drewicz-BREAK-POINT-BWA-Olsztyn-11.10-03.11.2024-fot.-Jakub-Zdanowicz-32.jpg 1800w\" sizes=\"auto, (max-width: 1024px) 100vw, 1024px\" \/><\/figure>\n\n\n\n<figure class=\"wp-block-image size-large\"><img loading=\"lazy\" decoding=\"async\" width=\"1024\" height=\"683\" data-id=\"1310\" src=\"https:\/\/tomaszdrewicz.art.pl\/pl\/wp-content\/uploads\/2025\/03\/Tomasz-Drewicz-BREAK-POINT-BWA-Olsztyn-11.10-03.11.2024-fot.-Jakub-Zdanowicz-34-1024x683.jpg\" alt=\"\" class=\"wp-image-1310\" srcset=\"https:\/\/tomaszdrewicz.art.pl\/pl\/wp-content\/uploads\/2025\/03\/Tomasz-Drewicz-BREAK-POINT-BWA-Olsztyn-11.10-03.11.2024-fot.-Jakub-Zdanowicz-34-1024x683.jpg 1024w, https:\/\/tomaszdrewicz.art.pl\/pl\/wp-content\/uploads\/2025\/03\/Tomasz-Drewicz-BREAK-POINT-BWA-Olsztyn-11.10-03.11.2024-fot.-Jakub-Zdanowicz-34-300x200.jpg 300w, https:\/\/tomaszdrewicz.art.pl\/pl\/wp-content\/uploads\/2025\/03\/Tomasz-Drewicz-BREAK-POINT-BWA-Olsztyn-11.10-03.11.2024-fot.-Jakub-Zdanowicz-34-768x512.jpg 768w, https:\/\/tomaszdrewicz.art.pl\/pl\/wp-content\/uploads\/2025\/03\/Tomasz-Drewicz-BREAK-POINT-BWA-Olsztyn-11.10-03.11.2024-fot.-Jakub-Zdanowicz-34-1536x1024.jpg 1536w, https:\/\/tomaszdrewicz.art.pl\/pl\/wp-content\/uploads\/2025\/03\/Tomasz-Drewicz-BREAK-POINT-BWA-Olsztyn-11.10-03.11.2024-fot.-Jakub-Zdanowicz-34-624x416.jpg 624w, https:\/\/tomaszdrewicz.art.pl\/pl\/wp-content\/uploads\/2025\/03\/Tomasz-Drewicz-BREAK-POINT-BWA-Olsztyn-11.10-03.11.2024-fot.-Jakub-Zdanowicz-34.jpg 1800w\" sizes=\"auto, (max-width: 1024px) 100vw, 1024px\" \/><\/figure>\n\n\n\n<figure class=\"wp-block-image size-large\"><img loading=\"lazy\" decoding=\"async\" width=\"1024\" height=\"683\" data-id=\"1311\" src=\"https:\/\/tomaszdrewicz.art.pl\/pl\/wp-content\/uploads\/2025\/03\/Tomasz-Drewicz-BREAK-POINT-BWA-Olsztyn-11.10-03.11.2024-fot.-Jakub-Zdanowicz-35-1024x683.jpg\" alt=\"\" class=\"wp-image-1311\" srcset=\"https:\/\/tomaszdrewicz.art.pl\/pl\/wp-content\/uploads\/2025\/03\/Tomasz-Drewicz-BREAK-POINT-BWA-Olsztyn-11.10-03.11.2024-fot.-Jakub-Zdanowicz-35-1024x683.jpg 1024w, https:\/\/tomaszdrewicz.art.pl\/pl\/wp-content\/uploads\/2025\/03\/Tomasz-Drewicz-BREAK-POINT-BWA-Olsztyn-11.10-03.11.2024-fot.-Jakub-Zdanowicz-35-300x200.jpg 300w, https:\/\/tomaszdrewicz.art.pl\/pl\/wp-content\/uploads\/2025\/03\/Tomasz-Drewicz-BREAK-POINT-BWA-Olsztyn-11.10-03.11.2024-fot.-Jakub-Zdanowicz-35-768x512.jpg 768w, https:\/\/tomaszdrewicz.art.pl\/pl\/wp-content\/uploads\/2025\/03\/Tomasz-Drewicz-BREAK-POINT-BWA-Olsztyn-11.10-03.11.2024-fot.-Jakub-Zdanowicz-35-1536x1024.jpg 1536w, https:\/\/tomaszdrewicz.art.pl\/pl\/wp-content\/uploads\/2025\/03\/Tomasz-Drewicz-BREAK-POINT-BWA-Olsztyn-11.10-03.11.2024-fot.-Jakub-Zdanowicz-35-624x416.jpg 624w, https:\/\/tomaszdrewicz.art.pl\/pl\/wp-content\/uploads\/2025\/03\/Tomasz-Drewicz-BREAK-POINT-BWA-Olsztyn-11.10-03.11.2024-fot.-Jakub-Zdanowicz-35.jpg 1800w\" sizes=\"auto, (max-width: 1024px) 100vw, 1024px\" \/><\/figure>\n\n\n\n<figure class=\"wp-block-image size-large\"><img loading=\"lazy\" decoding=\"async\" width=\"1024\" height=\"683\" data-id=\"1312\" src=\"https:\/\/tomaszdrewicz.art.pl\/pl\/wp-content\/uploads\/2025\/03\/Tomasz-Drewicz-BREAK-POINT-BWA-Olsztyn-11.10-03.11.2024-fot.-Jakub-Zdanowicz-36-1024x683.jpg\" alt=\"\" class=\"wp-image-1312\" srcset=\"https:\/\/tomaszdrewicz.art.pl\/pl\/wp-content\/uploads\/2025\/03\/Tomasz-Drewicz-BREAK-POINT-BWA-Olsztyn-11.10-03.11.2024-fot.-Jakub-Zdanowicz-36-1024x683.jpg 1024w, https:\/\/tomaszdrewicz.art.pl\/pl\/wp-content\/uploads\/2025\/03\/Tomasz-Drewicz-BREAK-POINT-BWA-Olsztyn-11.10-03.11.2024-fot.-Jakub-Zdanowicz-36-300x200.jpg 300w, https:\/\/tomaszdrewicz.art.pl\/pl\/wp-content\/uploads\/2025\/03\/Tomasz-Drewicz-BREAK-POINT-BWA-Olsztyn-11.10-03.11.2024-fot.-Jakub-Zdanowicz-36-768x512.jpg 768w, https:\/\/tomaszdrewicz.art.pl\/pl\/wp-content\/uploads\/2025\/03\/Tomasz-Drewicz-BREAK-POINT-BWA-Olsztyn-11.10-03.11.2024-fot.-Jakub-Zdanowicz-36-1536x1024.jpg 1536w, https:\/\/tomaszdrewicz.art.pl\/pl\/wp-content\/uploads\/2025\/03\/Tomasz-Drewicz-BREAK-POINT-BWA-Olsztyn-11.10-03.11.2024-fot.-Jakub-Zdanowicz-36-624x416.jpg 624w, https:\/\/tomaszdrewicz.art.pl\/pl\/wp-content\/uploads\/2025\/03\/Tomasz-Drewicz-BREAK-POINT-BWA-Olsztyn-11.10-03.11.2024-fot.-Jakub-Zdanowicz-36.jpg 1800w\" sizes=\"auto, (max-width: 1024px) 100vw, 1024px\" \/><\/figure>\n<\/figure>\n\n\n\n<p>(fot. Jakub Zdanowicz)<\/p>\n\n\n\n<figure class=\"wp-block-image size-large\"><img loading=\"lazy\" decoding=\"async\" width=\"1024\" height=\"683\" src=\"https:\/\/tomaszdrewicz.art.pl\/pl\/wp-content\/uploads\/2025\/03\/Tomasz-Drewicz-BREAK-POINT-BWA-Olsztyn-11.10-03.11.2024-fot.-Jakub-Zdanowicz-33-1024x683.jpg\" alt=\"\" class=\"wp-image-1313\" srcset=\"https:\/\/tomaszdrewicz.art.pl\/pl\/wp-content\/uploads\/2025\/03\/Tomasz-Drewicz-BREAK-POINT-BWA-Olsztyn-11.10-03.11.2024-fot.-Jakub-Zdanowicz-33-1024x683.jpg 1024w, https:\/\/tomaszdrewicz.art.pl\/pl\/wp-content\/uploads\/2025\/03\/Tomasz-Drewicz-BREAK-POINT-BWA-Olsztyn-11.10-03.11.2024-fot.-Jakub-Zdanowicz-33-300x200.jpg 300w, https:\/\/tomaszdrewicz.art.pl\/pl\/wp-content\/uploads\/2025\/03\/Tomasz-Drewicz-BREAK-POINT-BWA-Olsztyn-11.10-03.11.2024-fot.-Jakub-Zdanowicz-33-768x512.jpg 768w, https:\/\/tomaszdrewicz.art.pl\/pl\/wp-content\/uploads\/2025\/03\/Tomasz-Drewicz-BREAK-POINT-BWA-Olsztyn-11.10-03.11.2024-fot.-Jakub-Zdanowicz-33-1536x1024.jpg 1536w, https:\/\/tomaszdrewicz.art.pl\/pl\/wp-content\/uploads\/2025\/03\/Tomasz-Drewicz-BREAK-POINT-BWA-Olsztyn-11.10-03.11.2024-fot.-Jakub-Zdanowicz-33-624x416.jpg 624w, https:\/\/tomaszdrewicz.art.pl\/pl\/wp-content\/uploads\/2025\/03\/Tomasz-Drewicz-BREAK-POINT-BWA-Olsztyn-11.10-03.11.2024-fot.-Jakub-Zdanowicz-33.jpg 1800w\" sizes=\"auto, (max-width: 1024px) 100vw, 1024px\" \/><\/figure>\n\n\n<p>","protected":false},"excerpt":{"rendered":"<p>Tomasz Drewicz \u2013 \u201eBREAK POINT\u201d(instalacja rze\u017abiarska \u2013 technika w\u0142asna)2024 Praca skupia si\u0119 na analizie koncepcji remisu, wywodz\u0105c j\u0105 z obszaru sportu, a nast\u0119pnie wprowadzaj\u0105c w szerszy kontekst (spo\u0142eczny lub polityczny). Tytu\u0142 odnosi si\u0119 do zasad tenisa, oznacza sytuacj\u0119, w kt\u00f3rej gracz odbieraj\u0105cy gr\u0119 potrzebuje jednej akcji wygrywaj\u0105cej, aby j\u0105 prze\u0142ama\u0107, tj. wygra\u0107 gr\u0119 przy serwisie [&hellip;]<\/p>\n","protected":false},"author":1,"featured_media":0,"parent":0,"menu_order":0,"comment_status":"closed","ping_status":"closed","template":"","meta":{"footnotes":""},"class_list":["post-1298","page","type-page","status-publish","hentry"],"_links":{"self":[{"href":"https:\/\/tomaszdrewicz.art.pl\/pl\/index.php?rest_route=\/wp\/v2\/pages\/1298","targetHints":{"allow":["GET"]}}],"collection":[{"href":"https:\/\/tomaszdrewicz.art.pl\/pl\/index.php?rest_route=\/wp\/v2\/pages"}],"about":[{"href":"https:\/\/tomaszdrewicz.art.pl\/pl\/index.php?rest_route=\/wp\/v2\/types\/page"}],"author":[{"embeddable":true,"href":"https:\/\/tomaszdrewicz.art.pl\/pl\/index.php?rest_route=\/wp\/v2\/users\/1"}],"replies":[{"embeddable":true,"href":"https:\/\/tomaszdrewicz.art.pl\/pl\/index.php?rest_route=%2Fwp%2Fv2%2Fcomments&post=1298"}],"version-history":[{"count":5,"href":"https:\/\/tomaszdrewicz.art.pl\/pl\/index.php?rest_route=\/wp\/v2\/pages\/1298\/revisions"}],"predecessor-version":[{"id":1319,"href":"https:\/\/tomaszdrewicz.art.pl\/pl\/index.php?rest_route=\/wp\/v2\/pages\/1298\/revisions\/1319"}],"wp:attachment":[{"href":"https:\/\/tomaszdrewicz.art.pl\/pl\/index.php?rest_route=%2Fwp%2Fv2%2Fmedia&parent=1298"}],"curies":[{"name":"wp","href":"https:\/\/api.w.org\/{rel}","templated":true}]}}