{"id":1317,"date":"2025-03-18T14:18:23","date_gmt":"2025-03-18T13:18:23","guid":{"rendered":"https:\/\/tomaszdrewicz.art.pl\/pl\/?page_id=1317"},"modified":"2025-03-18T14:18:23","modified_gmt":"2025-03-18T13:18:23","slug":"tie-break","status":"publish","type":"page","link":"https:\/\/tomaszdrewicz.art.pl\/pl\/?page_id=1317","title":{"rendered":"TIE BREAK"},"content":{"rendered":"\n<p><strong>Tomasz Drewicz \u2013 \u201eTIE BREAK\u201d<\/strong><br>(instalacja rze\u017abiarska \u2013 technika w\u0142asna)<br>2024<\/p>\n\n\n\n<p>Prezentowana wieloelementowa instalacja multimedialna odnosi si\u0119 do kwestii zderzenia si\u0119 ze sob\u0105 przeciwstawnych si\u0142 jak r\u00f3wnie\u017c sprowadzania r\u00f3\u017cnych czynnik\u00f3w do wsp\u00f3lnego mianownika oraz ostatecznie do konieczno\u015bci utrzymywania r\u00f3wnowagi. Zosta\u0142a ona zatytu\u0142owana &#8222;Tie-break&#8221;, co oznacza ostatniego, decyduj\u0105cego gema w meczu tenisa ziemnego, lub seta w meczu siatk\u00f3wki, kt\u00f3ry do tej pory nie zosta\u0142 rozstrzygni\u0119ty.<\/p>\n\n\n\n<figure class=\"wp-block-image size-large\"><img loading=\"lazy\" decoding=\"async\" width=\"1024\" height=\"683\" src=\"https:\/\/tomaszdrewicz.art.pl\/pl\/wp-content\/uploads\/2025\/03\/Tomasz-Drewicz-BREAK-POINT-BWA-Olsztyn-11.10-03.11.2024-fot.-Jakub-Zdanowicz-3-1024x683.jpg\" alt=\"\" class=\"wp-image-1320\" srcset=\"https:\/\/tomaszdrewicz.art.pl\/pl\/wp-content\/uploads\/2025\/03\/Tomasz-Drewicz-BREAK-POINT-BWA-Olsztyn-11.10-03.11.2024-fot.-Jakub-Zdanowicz-3-1024x683.jpg 1024w, https:\/\/tomaszdrewicz.art.pl\/pl\/wp-content\/uploads\/2025\/03\/Tomasz-Drewicz-BREAK-POINT-BWA-Olsztyn-11.10-03.11.2024-fot.-Jakub-Zdanowicz-3-300x200.jpg 300w, https:\/\/tomaszdrewicz.art.pl\/pl\/wp-content\/uploads\/2025\/03\/Tomasz-Drewicz-BREAK-POINT-BWA-Olsztyn-11.10-03.11.2024-fot.-Jakub-Zdanowicz-3-768x512.jpg 768w, https:\/\/tomaszdrewicz.art.pl\/pl\/wp-content\/uploads\/2025\/03\/Tomasz-Drewicz-BREAK-POINT-BWA-Olsztyn-11.10-03.11.2024-fot.-Jakub-Zdanowicz-3-1536x1024.jpg 1536w, https:\/\/tomaszdrewicz.art.pl\/pl\/wp-content\/uploads\/2025\/03\/Tomasz-Drewicz-BREAK-POINT-BWA-Olsztyn-11.10-03.11.2024-fot.-Jakub-Zdanowicz-3-624x416.jpg 624w, https:\/\/tomaszdrewicz.art.pl\/pl\/wp-content\/uploads\/2025\/03\/Tomasz-Drewicz-BREAK-POINT-BWA-Olsztyn-11.10-03.11.2024-fot.-Jakub-Zdanowicz-3.jpg 1800w\" sizes=\"auto, (max-width: 1024px) 100vw, 1024px\" \/><figcaption class=\"wp-element-caption\">(fot. Jakub Zdanowicz)<\/figcaption><\/figure>\n\n\n\n<p>W zaproponowanym projekcie skupiam si\u0119 na analizie poj\u0119cia remisu, wychodz\u0105c oczywi\u015bcie z obszaru sportu, by ostatecznie rozpatrzy\u0107 to zagadnienie r\u00f3wnie\u017c na szerszym gruncie \u2013 osobistym, spo\u0142ecznym, politycznym czy ostatecznie nawet militarnym. Zar\u00f3wno tytu\u0142 jak i forma pracy poruszaj\u0105 problematyk\u0119 odnosz\u0105c\u0105 si\u0119 do poj\u0119cia <em>Impasu;<\/em> pozostawania w ci\u0105g\u0142ym napi\u0119ciu i gotowo\u015bci do dzia\u0142ania \u2013 osi\u0105gania stan\u00f3w granicznych i sposob\u00f3w ich przekraczania. Wi\u0105\u017ce si\u0119 wi\u0119c r\u00f3wnie mocno z fenomenem <em>Przemiany<\/em> wynikaj\u0105cym z obserwowanego Zd\u04d5rzenia.<\/p>\n\n\n\n<figure class=\"wp-block-image size-large\"><img loading=\"lazy\" decoding=\"async\" width=\"1024\" height=\"683\" src=\"https:\/\/tomaszdrewicz.art.pl\/pl\/wp-content\/uploads\/2025\/03\/Tomasz-Drewicz-BREAK-POINT-BWA-Olsztyn-11.10-03.11.2024-fot.-Jakub-Zdanowicz-10-1024x683.jpg\" alt=\"\" class=\"wp-image-1322\" srcset=\"https:\/\/tomaszdrewicz.art.pl\/pl\/wp-content\/uploads\/2025\/03\/Tomasz-Drewicz-BREAK-POINT-BWA-Olsztyn-11.10-03.11.2024-fot.-Jakub-Zdanowicz-10-1024x683.jpg 1024w, https:\/\/tomaszdrewicz.art.pl\/pl\/wp-content\/uploads\/2025\/03\/Tomasz-Drewicz-BREAK-POINT-BWA-Olsztyn-11.10-03.11.2024-fot.-Jakub-Zdanowicz-10-300x200.jpg 300w, https:\/\/tomaszdrewicz.art.pl\/pl\/wp-content\/uploads\/2025\/03\/Tomasz-Drewicz-BREAK-POINT-BWA-Olsztyn-11.10-03.11.2024-fot.-Jakub-Zdanowicz-10-768x512.jpg 768w, https:\/\/tomaszdrewicz.art.pl\/pl\/wp-content\/uploads\/2025\/03\/Tomasz-Drewicz-BREAK-POINT-BWA-Olsztyn-11.10-03.11.2024-fot.-Jakub-Zdanowicz-10-1536x1024.jpg 1536w, https:\/\/tomaszdrewicz.art.pl\/pl\/wp-content\/uploads\/2025\/03\/Tomasz-Drewicz-BREAK-POINT-BWA-Olsztyn-11.10-03.11.2024-fot.-Jakub-Zdanowicz-10-624x416.jpg 624w, https:\/\/tomaszdrewicz.art.pl\/pl\/wp-content\/uploads\/2025\/03\/Tomasz-Drewicz-BREAK-POINT-BWA-Olsztyn-11.10-03.11.2024-fot.-Jakub-Zdanowicz-10.jpg 1800w\" sizes=\"auto, (max-width: 1024px) 100vw, 1024px\" \/><\/figure>\n\n\n\n<p><em>Remis<\/em> i P<em>rzemiana<\/em> mog\u0105 by\u0107 ze sob\u0105 zwi\u0105zane na r\u00f3\u017cne sposoby w zale\u017cno\u015bci od kontekstu. Remis mo\u017ce wp\u0142ywa\u0107 na proces przemiany lub by\u0107 efektem pewnych zmian, a przemiana mo\u017ce d\u0105\u017cy\u0107 do osi\u0105gni\u0119cia nowej r\u00f3wnowagi lub wp\u0142ywa\u0107 na chwilowy remis w pewnym procesie. <em>Remis<\/em>, <em>Rozejm<\/em> czy <em>Impas<\/em> mog\u0105 te\u017c, w pewnej sytuacji, sta\u0107 si\u0119 katalizatorem dla dalszych przemian.<\/p>\n\n\n\n<p>Chwilowe zatrzymanie lub osi\u0105gni\u0119cie r\u00f3wnowagi mog\u0105 prowadzi\u0107 do g\u0142\u0119bszej refleksji, poszukiwania nowych rozwi\u0105za\u0144 lub podj\u0119cia nieszablonowych decyzji. Wa\u017cne jest dla mnie przesuni\u0119cie napi\u0119\u0107, poniewa\u017c tymczasowy charakter remisu lub rozejmu oznacza, \u017ce jakkolwiek rozumiany konflikt mo\u017ce by\u0107 na pewien czas wstrzymany, cho\u0107 z ca\u0142a pewno\u015bci\u0105 nie zostanie zako\u0144czony na sta\u0142e&#8230;<\/p>\n\n\n\n<p>Dokumentacja fotograficzna z wystawy: BREAK POINT, BWA Olsztyn (11.10 \u2013 3.11.2024)<\/p>\n\n\n\n<figure class=\"wp-block-gallery has-nested-images columns-default is-cropped wp-block-gallery-1 is-layout-flex wp-block-gallery-is-layout-flex\">\n<figure class=\"wp-block-image size-large\"><img loading=\"lazy\" decoding=\"async\" width=\"1024\" height=\"683\" data-id=\"1324\" src=\"https:\/\/tomaszdrewicz.art.pl\/pl\/wp-content\/uploads\/2025\/03\/Tomasz-Drewicz-BREAK-POINT-BWA-Olsztyn-11.10-03.11.2024-fot.-Jakub-Zdanowicz-4-1-1024x683.jpg\" alt=\"\" class=\"wp-image-1324\" srcset=\"https:\/\/tomaszdrewicz.art.pl\/pl\/wp-content\/uploads\/2025\/03\/Tomasz-Drewicz-BREAK-POINT-BWA-Olsztyn-11.10-03.11.2024-fot.-Jakub-Zdanowicz-4-1-1024x683.jpg 1024w, https:\/\/tomaszdrewicz.art.pl\/pl\/wp-content\/uploads\/2025\/03\/Tomasz-Drewicz-BREAK-POINT-BWA-Olsztyn-11.10-03.11.2024-fot.-Jakub-Zdanowicz-4-1-300x200.jpg 300w, https:\/\/tomaszdrewicz.art.pl\/pl\/wp-content\/uploads\/2025\/03\/Tomasz-Drewicz-BREAK-POINT-BWA-Olsztyn-11.10-03.11.2024-fot.-Jakub-Zdanowicz-4-1-768x512.jpg 768w, https:\/\/tomaszdrewicz.art.pl\/pl\/wp-content\/uploads\/2025\/03\/Tomasz-Drewicz-BREAK-POINT-BWA-Olsztyn-11.10-03.11.2024-fot.-Jakub-Zdanowicz-4-1-1536x1024.jpg 1536w, https:\/\/tomaszdrewicz.art.pl\/pl\/wp-content\/uploads\/2025\/03\/Tomasz-Drewicz-BREAK-POINT-BWA-Olsztyn-11.10-03.11.2024-fot.-Jakub-Zdanowicz-4-1-624x416.jpg 624w, https:\/\/tomaszdrewicz.art.pl\/pl\/wp-content\/uploads\/2025\/03\/Tomasz-Drewicz-BREAK-POINT-BWA-Olsztyn-11.10-03.11.2024-fot.-Jakub-Zdanowicz-4-1.jpg 1800w\" sizes=\"auto, (max-width: 1024px) 100vw, 1024px\" \/><\/figure>\n\n\n\n<figure class=\"wp-block-image size-large\"><img loading=\"lazy\" decoding=\"async\" width=\"1024\" height=\"683\" data-id=\"1325\" src=\"https:\/\/tomaszdrewicz.art.pl\/pl\/wp-content\/uploads\/2025\/03\/Tomasz-Drewicz-BREAK-POINT-BWA-Olsztyn-11.10-03.11.2024-fot.-Jakub-Zdanowicz-27-1024x683.jpg\" alt=\"\" class=\"wp-image-1325\" srcset=\"https:\/\/tomaszdrewicz.art.pl\/pl\/wp-content\/uploads\/2025\/03\/Tomasz-Drewicz-BREAK-POINT-BWA-Olsztyn-11.10-03.11.2024-fot.-Jakub-Zdanowicz-27-1024x683.jpg 1024w, https:\/\/tomaszdrewicz.art.pl\/pl\/wp-content\/uploads\/2025\/03\/Tomasz-Drewicz-BREAK-POINT-BWA-Olsztyn-11.10-03.11.2024-fot.-Jakub-Zdanowicz-27-300x200.jpg 300w, https:\/\/tomaszdrewicz.art.pl\/pl\/wp-content\/uploads\/2025\/03\/Tomasz-Drewicz-BREAK-POINT-BWA-Olsztyn-11.10-03.11.2024-fot.-Jakub-Zdanowicz-27-768x512.jpg 768w, https:\/\/tomaszdrewicz.art.pl\/pl\/wp-content\/uploads\/2025\/03\/Tomasz-Drewicz-BREAK-POINT-BWA-Olsztyn-11.10-03.11.2024-fot.-Jakub-Zdanowicz-27-1536x1024.jpg 1536w, https:\/\/tomaszdrewicz.art.pl\/pl\/wp-content\/uploads\/2025\/03\/Tomasz-Drewicz-BREAK-POINT-BWA-Olsztyn-11.10-03.11.2024-fot.-Jakub-Zdanowicz-27-624x416.jpg 624w, https:\/\/tomaszdrewicz.art.pl\/pl\/wp-content\/uploads\/2025\/03\/Tomasz-Drewicz-BREAK-POINT-BWA-Olsztyn-11.10-03.11.2024-fot.-Jakub-Zdanowicz-27.jpg 1800w\" sizes=\"auto, (max-width: 1024px) 100vw, 1024px\" \/><\/figure>\n\n\n\n<figure class=\"wp-block-image size-large\"><img loading=\"lazy\" decoding=\"async\" width=\"683\" height=\"1024\" data-id=\"1326\" src=\"https:\/\/tomaszdrewicz.art.pl\/pl\/wp-content\/uploads\/2025\/03\/Tomasz-Drewicz-BREAK-POINT-BWA-Olsztyn-11.10-03.11.2024-fot.-Jakub-Zdanowicz-54-683x1024.jpg\" alt=\"\" class=\"wp-image-1326\" srcset=\"https:\/\/tomaszdrewicz.art.pl\/pl\/wp-content\/uploads\/2025\/03\/Tomasz-Drewicz-BREAK-POINT-BWA-Olsztyn-11.10-03.11.2024-fot.-Jakub-Zdanowicz-54-683x1024.jpg 683w, https:\/\/tomaszdrewicz.art.pl\/pl\/wp-content\/uploads\/2025\/03\/Tomasz-Drewicz-BREAK-POINT-BWA-Olsztyn-11.10-03.11.2024-fot.-Jakub-Zdanowicz-54-200x300.jpg 200w, https:\/\/tomaszdrewicz.art.pl\/pl\/wp-content\/uploads\/2025\/03\/Tomasz-Drewicz-BREAK-POINT-BWA-Olsztyn-11.10-03.11.2024-fot.-Jakub-Zdanowicz-54-768x1152.jpg 768w, https:\/\/tomaszdrewicz.art.pl\/pl\/wp-content\/uploads\/2025\/03\/Tomasz-Drewicz-BREAK-POINT-BWA-Olsztyn-11.10-03.11.2024-fot.-Jakub-Zdanowicz-54-1024x1536.jpg 1024w, https:\/\/tomaszdrewicz.art.pl\/pl\/wp-content\/uploads\/2025\/03\/Tomasz-Drewicz-BREAK-POINT-BWA-Olsztyn-11.10-03.11.2024-fot.-Jakub-Zdanowicz-54-624x936.jpg 624w, https:\/\/tomaszdrewicz.art.pl\/pl\/wp-content\/uploads\/2025\/03\/Tomasz-Drewicz-BREAK-POINT-BWA-Olsztyn-11.10-03.11.2024-fot.-Jakub-Zdanowicz-54.jpg 1200w\" sizes=\"auto, (max-width: 683px) 100vw, 683px\" \/><\/figure>\n\n\n\n<figure class=\"wp-block-image size-large\"><img loading=\"lazy\" decoding=\"async\" width=\"1024\" height=\"683\" data-id=\"1327\" src=\"https:\/\/tomaszdrewicz.art.pl\/pl\/wp-content\/uploads\/2025\/03\/Tomasz-Drewicz-BREAK-POINT-BWA-Olsztyn-11.10-03.11.2024-fot.-Jakub-Zdanowicz-75-1024x683.jpg\" alt=\"\" class=\"wp-image-1327\" srcset=\"https:\/\/tomaszdrewicz.art.pl\/pl\/wp-content\/uploads\/2025\/03\/Tomasz-Drewicz-BREAK-POINT-BWA-Olsztyn-11.10-03.11.2024-fot.-Jakub-Zdanowicz-75-1024x683.jpg 1024w, https:\/\/tomaszdrewicz.art.pl\/pl\/wp-content\/uploads\/2025\/03\/Tomasz-Drewicz-BREAK-POINT-BWA-Olsztyn-11.10-03.11.2024-fot.-Jakub-Zdanowicz-75-300x200.jpg 300w, https:\/\/tomaszdrewicz.art.pl\/pl\/wp-content\/uploads\/2025\/03\/Tomasz-Drewicz-BREAK-POINT-BWA-Olsztyn-11.10-03.11.2024-fot.-Jakub-Zdanowicz-75-768x512.jpg 768w, https:\/\/tomaszdrewicz.art.pl\/pl\/wp-content\/uploads\/2025\/03\/Tomasz-Drewicz-BREAK-POINT-BWA-Olsztyn-11.10-03.11.2024-fot.-Jakub-Zdanowicz-75-1536x1024.jpg 1536w, https:\/\/tomaszdrewicz.art.pl\/pl\/wp-content\/uploads\/2025\/03\/Tomasz-Drewicz-BREAK-POINT-BWA-Olsztyn-11.10-03.11.2024-fot.-Jakub-Zdanowicz-75-624x416.jpg 624w, https:\/\/tomaszdrewicz.art.pl\/pl\/wp-content\/uploads\/2025\/03\/Tomasz-Drewicz-BREAK-POINT-BWA-Olsztyn-11.10-03.11.2024-fot.-Jakub-Zdanowicz-75.jpg 1800w\" sizes=\"auto, (max-width: 1024px) 100vw, 1024px\" \/><\/figure>\n\n\n\n<figure class=\"wp-block-image size-large\"><img loading=\"lazy\" decoding=\"async\" width=\"1024\" height=\"683\" data-id=\"1328\" src=\"https:\/\/tomaszdrewicz.art.pl\/pl\/wp-content\/uploads\/2025\/03\/Tomasz-Drewicz-BREAK-POINT-BWA-Olsztyn-11.10-03.11.2024-fot.-Jakub-Zdanowicz-77-1024x683.jpg\" alt=\"\" class=\"wp-image-1328\" srcset=\"https:\/\/tomaszdrewicz.art.pl\/pl\/wp-content\/uploads\/2025\/03\/Tomasz-Drewicz-BREAK-POINT-BWA-Olsztyn-11.10-03.11.2024-fot.-Jakub-Zdanowicz-77-1024x683.jpg 1024w, https:\/\/tomaszdrewicz.art.pl\/pl\/wp-content\/uploads\/2025\/03\/Tomasz-Drewicz-BREAK-POINT-BWA-Olsztyn-11.10-03.11.2024-fot.-Jakub-Zdanowicz-77-300x200.jpg 300w, https:\/\/tomaszdrewicz.art.pl\/pl\/wp-content\/uploads\/2025\/03\/Tomasz-Drewicz-BREAK-POINT-BWA-Olsztyn-11.10-03.11.2024-fot.-Jakub-Zdanowicz-77-768x512.jpg 768w, https:\/\/tomaszdrewicz.art.pl\/pl\/wp-content\/uploads\/2025\/03\/Tomasz-Drewicz-BREAK-POINT-BWA-Olsztyn-11.10-03.11.2024-fot.-Jakub-Zdanowicz-77-1536x1024.jpg 1536w, https:\/\/tomaszdrewicz.art.pl\/pl\/wp-content\/uploads\/2025\/03\/Tomasz-Drewicz-BREAK-POINT-BWA-Olsztyn-11.10-03.11.2024-fot.-Jakub-Zdanowicz-77-624x416.jpg 624w, https:\/\/tomaszdrewicz.art.pl\/pl\/wp-content\/uploads\/2025\/03\/Tomasz-Drewicz-BREAK-POINT-BWA-Olsztyn-11.10-03.11.2024-fot.-Jakub-Zdanowicz-77.jpg 1800w\" sizes=\"auto, (max-width: 1024px) 100vw, 1024px\" \/><\/figure>\n\n\n\n<figure class=\"wp-block-image size-large\"><img loading=\"lazy\" decoding=\"async\" width=\"1024\" height=\"683\" data-id=\"1329\" src=\"https:\/\/tomaszdrewicz.art.pl\/pl\/wp-content\/uploads\/2025\/03\/Tomasz-Drewicz-BREAK-POINT-BWA-Olsztyn-11.10-03.11.2024-fot.-Jakub-Zdanowicz-94-1024x683.jpg\" alt=\"\" class=\"wp-image-1329\" srcset=\"https:\/\/tomaszdrewicz.art.pl\/pl\/wp-content\/uploads\/2025\/03\/Tomasz-Drewicz-BREAK-POINT-BWA-Olsztyn-11.10-03.11.2024-fot.-Jakub-Zdanowicz-94-1024x683.jpg 1024w, https:\/\/tomaszdrewicz.art.pl\/pl\/wp-content\/uploads\/2025\/03\/Tomasz-Drewicz-BREAK-POINT-BWA-Olsztyn-11.10-03.11.2024-fot.-Jakub-Zdanowicz-94-300x200.jpg 300w, https:\/\/tomaszdrewicz.art.pl\/pl\/wp-content\/uploads\/2025\/03\/Tomasz-Drewicz-BREAK-POINT-BWA-Olsztyn-11.10-03.11.2024-fot.-Jakub-Zdanowicz-94-768x512.jpg 768w, https:\/\/tomaszdrewicz.art.pl\/pl\/wp-content\/uploads\/2025\/03\/Tomasz-Drewicz-BREAK-POINT-BWA-Olsztyn-11.10-03.11.2024-fot.-Jakub-Zdanowicz-94-1536x1024.jpg 1536w, https:\/\/tomaszdrewicz.art.pl\/pl\/wp-content\/uploads\/2025\/03\/Tomasz-Drewicz-BREAK-POINT-BWA-Olsztyn-11.10-03.11.2024-fot.-Jakub-Zdanowicz-94-624x416.jpg 624w, https:\/\/tomaszdrewicz.art.pl\/pl\/wp-content\/uploads\/2025\/03\/Tomasz-Drewicz-BREAK-POINT-BWA-Olsztyn-11.10-03.11.2024-fot.-Jakub-Zdanowicz-94.jpg 1800w\" sizes=\"auto, (max-width: 1024px) 100vw, 1024px\" \/><\/figure>\n\n\n\n<figure class=\"wp-block-image size-large\"><img loading=\"lazy\" decoding=\"async\" width=\"1024\" height=\"683\" data-id=\"1330\" src=\"https:\/\/tomaszdrewicz.art.pl\/pl\/wp-content\/uploads\/2025\/03\/Tomasz-Drewicz-BREAK-POINT-BWA-Olsztyn-11.10-03.11.2024-fot.-Jakub-Zdanowicz-109-1024x683.jpg\" alt=\"\" class=\"wp-image-1330\" srcset=\"https:\/\/tomaszdrewicz.art.pl\/pl\/wp-content\/uploads\/2025\/03\/Tomasz-Drewicz-BREAK-POINT-BWA-Olsztyn-11.10-03.11.2024-fot.-Jakub-Zdanowicz-109-1024x683.jpg 1024w, https:\/\/tomaszdrewicz.art.pl\/pl\/wp-content\/uploads\/2025\/03\/Tomasz-Drewicz-BREAK-POINT-BWA-Olsztyn-11.10-03.11.2024-fot.-Jakub-Zdanowicz-109-300x200.jpg 300w, https:\/\/tomaszdrewicz.art.pl\/pl\/wp-content\/uploads\/2025\/03\/Tomasz-Drewicz-BREAK-POINT-BWA-Olsztyn-11.10-03.11.2024-fot.-Jakub-Zdanowicz-109-768x512.jpg 768w, https:\/\/tomaszdrewicz.art.pl\/pl\/wp-content\/uploads\/2025\/03\/Tomasz-Drewicz-BREAK-POINT-BWA-Olsztyn-11.10-03.11.2024-fot.-Jakub-Zdanowicz-109-1536x1024.jpg 1536w, https:\/\/tomaszdrewicz.art.pl\/pl\/wp-content\/uploads\/2025\/03\/Tomasz-Drewicz-BREAK-POINT-BWA-Olsztyn-11.10-03.11.2024-fot.-Jakub-Zdanowicz-109-624x416.jpg 624w, https:\/\/tomaszdrewicz.art.pl\/pl\/wp-content\/uploads\/2025\/03\/Tomasz-Drewicz-BREAK-POINT-BWA-Olsztyn-11.10-03.11.2024-fot.-Jakub-Zdanowicz-109.jpg 1800w\" sizes=\"auto, (max-width: 1024px) 100vw, 1024px\" \/><\/figure>\n\n\n\n<figure class=\"wp-block-image size-large\"><img loading=\"lazy\" decoding=\"async\" width=\"1024\" height=\"683\" data-id=\"1331\" src=\"https:\/\/tomaszdrewicz.art.pl\/pl\/wp-content\/uploads\/2025\/03\/Tomasz-Drewicz-BREAK-POINT-BWA-Olsztyn-11.10-03.11.2024-fot.-Jakub-Zdanowicz-119-1024x683.jpg\" alt=\"\" class=\"wp-image-1331\" srcset=\"https:\/\/tomaszdrewicz.art.pl\/pl\/wp-content\/uploads\/2025\/03\/Tomasz-Drewicz-BREAK-POINT-BWA-Olsztyn-11.10-03.11.2024-fot.-Jakub-Zdanowicz-119-1024x683.jpg 1024w, https:\/\/tomaszdrewicz.art.pl\/pl\/wp-content\/uploads\/2025\/03\/Tomasz-Drewicz-BREAK-POINT-BWA-Olsztyn-11.10-03.11.2024-fot.-Jakub-Zdanowicz-119-300x200.jpg 300w, https:\/\/tomaszdrewicz.art.pl\/pl\/wp-content\/uploads\/2025\/03\/Tomasz-Drewicz-BREAK-POINT-BWA-Olsztyn-11.10-03.11.2024-fot.-Jakub-Zdanowicz-119-768x512.jpg 768w, https:\/\/tomaszdrewicz.art.pl\/pl\/wp-content\/uploads\/2025\/03\/Tomasz-Drewicz-BREAK-POINT-BWA-Olsztyn-11.10-03.11.2024-fot.-Jakub-Zdanowicz-119-1536x1024.jpg 1536w, https:\/\/tomaszdrewicz.art.pl\/pl\/wp-content\/uploads\/2025\/03\/Tomasz-Drewicz-BREAK-POINT-BWA-Olsztyn-11.10-03.11.2024-fot.-Jakub-Zdanowicz-119-624x416.jpg 624w, https:\/\/tomaszdrewicz.art.pl\/pl\/wp-content\/uploads\/2025\/03\/Tomasz-Drewicz-BREAK-POINT-BWA-Olsztyn-11.10-03.11.2024-fot.-Jakub-Zdanowicz-119.jpg 1800w\" sizes=\"auto, (max-width: 1024px) 100vw, 1024px\" \/><\/figure>\n<\/figure>\n\n\n\n<p>(fot. Jakub Zdanowicz)<\/p>\n\n\n\n<figure class=\"wp-block-image size-large\"><img loading=\"lazy\" decoding=\"async\" width=\"1024\" height=\"683\" src=\"https:\/\/tomaszdrewicz.art.pl\/pl\/wp-content\/uploads\/2025\/03\/Tomasz-Drewicz-BREAK-POINT-BWA-Olsztyn-11.10-03.11.2024-fot.-Jakub-Zdanowicz-16-1024x683.jpg\" alt=\"\" class=\"wp-image-1323\" srcset=\"https:\/\/tomaszdrewicz.art.pl\/pl\/wp-content\/uploads\/2025\/03\/Tomasz-Drewicz-BREAK-POINT-BWA-Olsztyn-11.10-03.11.2024-fot.-Jakub-Zdanowicz-16-1024x683.jpg 1024w, https:\/\/tomaszdrewicz.art.pl\/pl\/wp-content\/uploads\/2025\/03\/Tomasz-Drewicz-BREAK-POINT-BWA-Olsztyn-11.10-03.11.2024-fot.-Jakub-Zdanowicz-16-300x200.jpg 300w, https:\/\/tomaszdrewicz.art.pl\/pl\/wp-content\/uploads\/2025\/03\/Tomasz-Drewicz-BREAK-POINT-BWA-Olsztyn-11.10-03.11.2024-fot.-Jakub-Zdanowicz-16-768x512.jpg 768w, https:\/\/tomaszdrewicz.art.pl\/pl\/wp-content\/uploads\/2025\/03\/Tomasz-Drewicz-BREAK-POINT-BWA-Olsztyn-11.10-03.11.2024-fot.-Jakub-Zdanowicz-16-1536x1024.jpg 1536w, https:\/\/tomaszdrewicz.art.pl\/pl\/wp-content\/uploads\/2025\/03\/Tomasz-Drewicz-BREAK-POINT-BWA-Olsztyn-11.10-03.11.2024-fot.-Jakub-Zdanowicz-16-624x416.jpg 624w, https:\/\/tomaszdrewicz.art.pl\/pl\/wp-content\/uploads\/2025\/03\/Tomasz-Drewicz-BREAK-POINT-BWA-Olsztyn-11.10-03.11.2024-fot.-Jakub-Zdanowicz-16.jpg 1800w\" sizes=\"auto, (max-width: 1024px) 100vw, 1024px\" \/><\/figure>\n","protected":false},"excerpt":{"rendered":"<p>Tomasz Drewicz \u2013 \u201eTIE BREAK\u201d(instalacja rze\u017abiarska \u2013 technika w\u0142asna)2024 Prezentowana wieloelementowa instalacja multimedialna odnosi si\u0119 do kwestii zderzenia si\u0119 ze sob\u0105 przeciwstawnych si\u0142 jak r\u00f3wnie\u017c sprowadzania r\u00f3\u017cnych czynnik\u00f3w do wsp\u00f3lnego mianownika oraz ostatecznie do konieczno\u015bci utrzymywania r\u00f3wnowagi. Zosta\u0142a ona zatytu\u0142owana &#8222;Tie-break&#8221;, co oznacza ostatniego, decyduj\u0105cego gema w meczu tenisa ziemnego, lub seta w meczu siatk\u00f3wki, [&hellip;]<\/p>\n","protected":false},"author":1,"featured_media":0,"parent":0,"menu_order":0,"comment_status":"closed","ping_status":"closed","template":"","meta":{"footnotes":""},"class_list":["post-1317","page","type-page","status-publish","hentry"],"_links":{"self":[{"href":"https:\/\/tomaszdrewicz.art.pl\/pl\/index.php?rest_route=\/wp\/v2\/pages\/1317","targetHints":{"allow":["GET"]}}],"collection":[{"href":"https:\/\/tomaszdrewicz.art.pl\/pl\/index.php?rest_route=\/wp\/v2\/pages"}],"about":[{"href":"https:\/\/tomaszdrewicz.art.pl\/pl\/index.php?rest_route=\/wp\/v2\/types\/page"}],"author":[{"embeddable":true,"href":"https:\/\/tomaszdrewicz.art.pl\/pl\/index.php?rest_route=\/wp\/v2\/users\/1"}],"replies":[{"embeddable":true,"href":"https:\/\/tomaszdrewicz.art.pl\/pl\/index.php?rest_route=%2Fwp%2Fv2%2Fcomments&post=1317"}],"version-history":[{"count":1,"href":"https:\/\/tomaszdrewicz.art.pl\/pl\/index.php?rest_route=\/wp\/v2\/pages\/1317\/revisions"}],"predecessor-version":[{"id":1332,"href":"https:\/\/tomaszdrewicz.art.pl\/pl\/index.php?rest_route=\/wp\/v2\/pages\/1317\/revisions\/1332"}],"wp:attachment":[{"href":"https:\/\/tomaszdrewicz.art.pl\/pl\/index.php?rest_route=%2Fwp%2Fv2%2Fmedia&parent=1317"}],"curies":[{"name":"wp","href":"https:\/\/api.w.org\/{rel}","templated":true}]}}