{"id":132,"date":"2014-03-19T10:11:01","date_gmt":"2014-03-19T09:11:01","guid":{"rendered":"http:\/\/tomaszdrewicz.art.pl\/?page_id=132"},"modified":"2014-03-19T10:11:01","modified_gmt":"2014-03-19T09:11:01","slug":"de-menti","status":"publish","type":"page","link":"https:\/\/tomaszdrewicz.art.pl\/pl\/?page_id=132","title":{"rendered":"(DE) Menti"},"content":{"rendered":"<p><strong>Tomasz Drewicz -&#8222;(de) Menti&#8221; <\/strong><strong>(<\/strong>czyli <em>&#8222;sprostowanie&#8221;<\/em>, ale r\u00f3wnie\u017c z w\u0142oskiego <em>&#8222;ob\u0142\u0105kanie&#8221;<\/em>; samo <em>menti<\/em> z francuskiego znaczy <em>&#8222;k\u0142ama\u0142&#8221;<\/em>).<\/p>\n<p><a href=\"http:\/\/tomaszdrewicz.art.pl\/pl\/wp-content\/uploads\/2014\/03\/drewicz_01.jpg\"><img loading=\"lazy\" decoding=\"async\" class=\"alignnone size-full wp-image-133\" alt=\"drewicz_01\" src=\"http:\/\/tomaszdrewicz.art.pl\/pl\/wp-content\/uploads\/2014\/03\/drewicz_01.jpg\" width=\"661\" height=\"500\" \/><\/a><\/p>\n<p>Jest to bardzo specyficzny autoportret stworzony z 41 fotografii plansz gry Atari-GO, kt\u00f3re &#8222;sk\u0142adaj\u0105 si\u0119&#8221; w tzw. QR Code, jaki obecnie, cz\u0119sto mo\u017cna spotka\u0107 w naro\u017cnikach og\u0142osze\u0144 reklamowych w gazetach czy na plakatach<\/p>\n<p>Aby odczyta\u0107 ten kod, potrzebna jest specjalna aplikacja na telefon kom\u00f3rkowy. W taki spos\u00f3b mo\u017cna zakodowa\u0107 wiele r\u00f3\u017cnych typ\u00f3w informacji &#8211; w tym konkretnym przypadku jest to tzw. V-card,\u00a0 czyli wizyt\u00f3wka z danymi kontaktowymi, kt\u00f3r\u0105 mo\u017cna zapisa\u0107 w telefonie.<\/p>\n<p>Ca\u0142o\u015b\u0107 u\u0142o\u017cona jest na tablicy korkowej, nazywanej z angielska <em>&#8222;memoryboard&#8221;. <\/em>Na fotografiach, mo\u017cna w niekt\u00f3rych miejscach odnale\u017a\u0107 niebieskawego mentosa u\u017cytego zamiast bia\u0142ego &#8222;pionka&#8221;.<\/p>\n<p><a href=\"http:\/\/tomaszdrewicz.art.pl\/pl\/wp-content\/uploads\/2014\/03\/Tomasz-Drewicz-dementi.jpg\"><img loading=\"lazy\" decoding=\"async\" class=\"alignnone size-full wp-image-134\" alt=\"Tomasz Drewicz - dementi\" src=\"http:\/\/tomaszdrewicz.art.pl\/pl\/wp-content\/uploads\/2014\/03\/Tomasz-Drewicz-dementi.jpg\" width=\"667\" height=\"500\" \/><\/a><\/p>\n","protected":false},"excerpt":{"rendered":"<p>Tomasz Drewicz -&#8222;(de) Menti&#8221; (czyli &#8222;sprostowanie&#8221;, ale r\u00f3wnie\u017c z w\u0142oskiego &#8222;ob\u0142\u0105kanie&#8221;; samo menti z francuskiego znaczy &#8222;k\u0142ama\u0142&#8221;). Jest to bardzo specyficzny autoportret stworzony z 41 fotografii plansz gry Atari-GO, kt\u00f3re &#8222;sk\u0142adaj\u0105 si\u0119&#8221; w tzw. QR Code, jaki obecnie, cz\u0119sto mo\u017cna spotka\u0107 w naro\u017cnikach og\u0142osze\u0144 reklamowych w gazetach czy na plakatach Aby odczyta\u0107 ten kod, potrzebna [&hellip;]<\/p>\n","protected":false},"author":1,"featured_media":0,"parent":41,"menu_order":0,"comment_status":"closed","ping_status":"closed","template":"","meta":{"footnotes":""},"class_list":["post-132","page","type-page","status-publish","hentry"],"_links":{"self":[{"href":"https:\/\/tomaszdrewicz.art.pl\/pl\/index.php?rest_route=\/wp\/v2\/pages\/132","targetHints":{"allow":["GET"]}}],"collection":[{"href":"https:\/\/tomaszdrewicz.art.pl\/pl\/index.php?rest_route=\/wp\/v2\/pages"}],"about":[{"href":"https:\/\/tomaszdrewicz.art.pl\/pl\/index.php?rest_route=\/wp\/v2\/types\/page"}],"author":[{"embeddable":true,"href":"https:\/\/tomaszdrewicz.art.pl\/pl\/index.php?rest_route=\/wp\/v2\/users\/1"}],"replies":[{"embeddable":true,"href":"https:\/\/tomaszdrewicz.art.pl\/pl\/index.php?rest_route=%2Fwp%2Fv2%2Fcomments&post=132"}],"version-history":[{"count":0,"href":"https:\/\/tomaszdrewicz.art.pl\/pl\/index.php?rest_route=\/wp\/v2\/pages\/132\/revisions"}],"up":[{"embeddable":true,"href":"https:\/\/tomaszdrewicz.art.pl\/pl\/index.php?rest_route=\/wp\/v2\/pages\/41"}],"wp:attachment":[{"href":"https:\/\/tomaszdrewicz.art.pl\/pl\/index.php?rest_route=%2Fwp%2Fv2%2Fmedia&parent=132"}],"curies":[{"name":"wp","href":"https:\/\/api.w.org\/{rel}","templated":true}]}}