{"id":136,"date":"2014-03-19T10:14:08","date_gmt":"2014-03-19T09:14:08","guid":{"rendered":"http:\/\/tomaszdrewicz.art.pl\/?page_id=136"},"modified":"2019-11-16T07:06:27","modified_gmt":"2019-11-16T06:06:27","slug":"na-sprzedaz","status":"publish","type":"page","link":"https:\/\/tomaszdrewicz.art.pl\/pl\/?page_id=136","title":{"rendered":"Na sprzeda\u017c"},"content":{"rendered":"<p>( instalacja interaktywna &#8211; drewno wydruk cyfrowy, poczta g\u0142osowa, sieci telefonii kom\u00f3rkowej)<br \/>\nRok produkcji: 2011<\/p>\n<p>Praca ta wyra\u017ca moje krytyczne podej\u015bcie do bezmy\u015blnej prezentacji sztuki w przestrzeniach zewn\u0119trznych, kt\u00f3r\u0105 w tym przypadku by\u0142 budynek Kliniki Stomatologicznej Uniwersytetu im. Adama Mickiewicza w Poznaniu. Miejscem, w kt\u00f3rym pokazywano nasze prace, by\u0142a poczekalnia otoczona bardzo aktywnymi elementami architektonicznymi z wieloma du\u017cymi ro\u015blinami.<\/p>\n<p>Na \u015brodku przestrzeni wystawienniczej umie\u015bci\u0142em znak z zawieszon\u0105 informacj\u0105. W swojej formie wizualnej odwo\u0142ywa\u0142 si\u0119 on do znak\u00f3w, kt\u00f3re wystawia si\u0119 przed domem, informuj\u0105c, \u017ce dana nieruchomo\u015b\u0107 wystawiona jest na sprzeda\u017c. Na tabliczce zapisany by\u0142 numer telefonu. Po wybraniu wskazanego numeru i nawi\u0105zaniu po\u0142\u0105czenia nast\u0119powa\u0142o przekierowanie do skrzynki poczty g\u0142osowej.<\/p>\n<p>Wiadomo\u015b\u0107 wypowiedziana przez komputerowy generator g\u0142osu brzmia\u0142a nast\u0119puj\u0105co:<\/p>\n<p>Niepowtarzalna okazja!<br \/>\nKup sztuk\u0119 wsp\u00f3\u0142czesn\u0105!<br \/>\nPodaj swoj\u0105 ofert\u0119 po us\u0142uszeniu sygna\u0142u.<br \/>\nDo zako\u0144czenia licytacji pozosta\u0142o 29 dni.<\/p>\n<p>Codziennie ods\u0142uchiwa\u0142em wiadomo\u015bci ze skrzynki g\u0142osowej i aktualizowa\u0142em wiadomo\u015b\u0107 powitaln\u0105. W ten spos\u00f3b przypadkowi widzowie mogli wzi\u0105\u0107 udzia\u0142 w \u201eaukcji\u201d i pokaza\u0107, jak bardzo ceni\u0105 konkretne \u201edzie\u0142o sztuki\u201d. W ten spos\u00f3b prace moich koleg\u00f3w zosta\u0142y potraktowane jako PRODUKT, ja natomiast skupi\u0142em si\u0119 na PROCESIE.<\/p>\n<p>Odliczanie<\/p>\n<!--[if lt IE 9]><script>document.createElement('audio');<\/script><![endif]-->\n<audio class=\"wp-audio-shortcode\" id=\"audio-136-1\" preload=\"none\" style=\"width: 100%;\" controls=\"controls\"><source type=\"audio\/mpeg\" src=\"http:\/\/tomaszdrewicz.art.pl\/pl\/wp-content\/uploads\/2014\/03\/odliczanie.mp3?_=1\" \/><a href=\"http:\/\/tomaszdrewicz.art.pl\/pl\/wp-content\/uploads\/2014\/03\/odliczanie.mp3\">http:\/\/tomaszdrewicz.art.pl\/pl\/wp-content\/uploads\/2014\/03\/odliczanie.mp3<\/a><\/audio>\n<p>Nagranie z poczty g\u0142osowej<\/p>\n<audio class=\"wp-audio-shortcode\" id=\"audio-136-2\" preload=\"none\" style=\"width: 100%;\" controls=\"controls\"><source type=\"audio\/wav\" src=\"http:\/\/tomaszdrewicz.art.pl\/pl\/wp-content\/uploads\/2014\/03\/propozycja.wav?_=2\" \/><a href=\"http:\/\/tomaszdrewicz.art.pl\/pl\/wp-content\/uploads\/2014\/03\/propozycja.wav\">http:\/\/tomaszdrewicz.art.pl\/pl\/wp-content\/uploads\/2014\/03\/propozycja.wav<\/a><\/audio>\n<p><a href=\"http:\/\/tomaszdrewicz.art.pl\/pl\/wp-content\/uploads\/2014\/03\/IMAG0057.jpg\"><img loading=\"lazy\" decoding=\"async\" class=\"alignnone size-large wp-image-137\" src=\"http:\/\/tomaszdrewicz.art.pl\/pl\/wp-content\/uploads\/2014\/03\/IMAG0057-1024x768.jpg\" alt=\"IMAG0057\" width=\"625\" height=\"468\" \/><\/a><\/p>\n<p><a href=\"http:\/\/tomaszdrewicz.art.pl\/pl\/wp-content\/uploads\/2014\/03\/IMAG0058.jpg\"><img loading=\"lazy\" decoding=\"async\" class=\"alignnone size-large wp-image-138\" src=\"http:\/\/tomaszdrewicz.art.pl\/pl\/wp-content\/uploads\/2014\/03\/IMAG0058-1024x768.jpg\" alt=\"IMAG0058\" width=\"625\" height=\"468\" \/><\/a><\/p>\n","protected":false},"excerpt":{"rendered":"<p>( instalacja interaktywna &#8211; drewno wydruk cyfrowy, poczta g\u0142osowa, sieci telefonii kom\u00f3rkowej) Rok produkcji: 2011 Praca ta wyra\u017ca moje krytyczne podej\u015bcie do bezmy\u015blnej prezentacji sztuki w przestrzeniach zewn\u0119trznych, kt\u00f3r\u0105 w tym przypadku by\u0142 budynek Kliniki Stomatologicznej Uniwersytetu im. Adama Mickiewicza w Poznaniu. Miejscem, w kt\u00f3rym pokazywano nasze prace, by\u0142a poczekalnia otoczona bardzo aktywnymi elementami architektonicznymi [&hellip;]<\/p>\n","protected":false},"author":1,"featured_media":0,"parent":41,"menu_order":0,"comment_status":"closed","ping_status":"closed","template":"","meta":{"footnotes":""},"class_list":["post-136","page","type-page","status-publish","hentry"],"_links":{"self":[{"href":"https:\/\/tomaszdrewicz.art.pl\/pl\/index.php?rest_route=\/wp\/v2\/pages\/136","targetHints":{"allow":["GET"]}}],"collection":[{"href":"https:\/\/tomaszdrewicz.art.pl\/pl\/index.php?rest_route=\/wp\/v2\/pages"}],"about":[{"href":"https:\/\/tomaszdrewicz.art.pl\/pl\/index.php?rest_route=\/wp\/v2\/types\/page"}],"author":[{"embeddable":true,"href":"https:\/\/tomaszdrewicz.art.pl\/pl\/index.php?rest_route=\/wp\/v2\/users\/1"}],"replies":[{"embeddable":true,"href":"https:\/\/tomaszdrewicz.art.pl\/pl\/index.php?rest_route=%2Fwp%2Fv2%2Fcomments&post=136"}],"version-history":[{"count":1,"href":"https:\/\/tomaszdrewicz.art.pl\/pl\/index.php?rest_route=\/wp\/v2\/pages\/136\/revisions"}],"predecessor-version":[{"id":889,"href":"https:\/\/tomaszdrewicz.art.pl\/pl\/index.php?rest_route=\/wp\/v2\/pages\/136\/revisions\/889"}],"up":[{"embeddable":true,"href":"https:\/\/tomaszdrewicz.art.pl\/pl\/index.php?rest_route=\/wp\/v2\/pages\/41"}],"wp:attachment":[{"href":"https:\/\/tomaszdrewicz.art.pl\/pl\/index.php?rest_route=%2Fwp%2Fv2%2Fmedia&parent=136"}],"curies":[{"name":"wp","href":"https:\/\/api.w.org\/{rel}","templated":true}]}}