{"id":142,"date":"2014-03-19T10:18:37","date_gmt":"2014-03-19T09:18:37","guid":{"rendered":"http:\/\/tomaszdrewicz.art.pl\/?page_id=142"},"modified":"2019-11-16T07:09:03","modified_gmt":"2019-11-16T06:09:03","slug":"zwiazki-przeoczone","status":"publish","type":"page","link":"https:\/\/tomaszdrewicz.art.pl\/pl\/?page_id=142","title":{"rendered":"Zwi\u0105zki przeoczone"},"content":{"rendered":"<p>instalacja\u00a0 (telewizor, torf, materia\u0142y wideo)<br \/>\nRok produkcji: 2011<\/p>\n<p><a href=\"http:\/\/tomaszdrewicz.art.pl\/pl\/wp-content\/uploads\/2014\/03\/P1270016.jpg\"><img loading=\"lazy\" decoding=\"async\" class=\"alignnone size-large wp-image-143\" src=\"http:\/\/tomaszdrewicz.art.pl\/pl\/wp-content\/uploads\/2014\/03\/P1270016-1024x768.jpg\" alt=\"P1270016\" width=\"625\" height=\"468\" \/><\/a><\/p>\n<p>M\u00f3j wsp\u00f3\u0142czesny notatnik, oparty o wszechobecn\u0105 i dost\u0119pn\u0105 dla ka\u017cdego technologi\u0119 wideo, to zbi\u00f3r dokument\u00f3w \u201eruchomych\u201d \u2013 trwaj\u0105cych w czasie. Wykonany w ten spos\u00f3b zapis, wymaga innej analizy ni\u017c szkic, fotografia czy zanotowane na serwetce twierdzenie \u2013 jego tre\u015b\u0107 ulega bowiem ci\u0105g\u0142ej zmianie\u2026<br \/>\n\u2026<\/p>\n<p>Co dzie\u0144, na nowo ucz\u0119 si\u0119 zarz\u0105dza\u0107 t\u0105 zmian\u0105\u2026<\/p>\n<p><a href=\"http:\/\/tomaszdrewicz.art.pl\/pl\/wp-content\/uploads\/2014\/03\/P1270022.jpg\"><img loading=\"lazy\" decoding=\"async\" class=\"alignnone size-large wp-image-144\" src=\"http:\/\/tomaszdrewicz.art.pl\/pl\/wp-content\/uploads\/2014\/03\/P1270022-1024x768.jpg\" alt=\"P1270022\" width=\"625\" height=\"468\" \/><\/a><\/p>\n","protected":false},"excerpt":{"rendered":"<p>instalacja\u00a0 (telewizor, torf, materia\u0142y wideo) Rok produkcji: 2011 M\u00f3j wsp\u00f3\u0142czesny notatnik, oparty o wszechobecn\u0105 i dost\u0119pn\u0105 dla ka\u017cdego technologi\u0119 wideo, to zbi\u00f3r dokument\u00f3w \u201eruchomych\u201d \u2013 trwaj\u0105cych w czasie. Wykonany w ten spos\u00f3b zapis, wymaga innej analizy ni\u017c szkic, fotografia czy zanotowane na serwetce twierdzenie \u2013 jego tre\u015b\u0107 ulega bowiem ci\u0105g\u0142ej zmianie\u2026 \u2026 Co dzie\u0144, na [&hellip;]<\/p>\n","protected":false},"author":1,"featured_media":0,"parent":41,"menu_order":0,"comment_status":"closed","ping_status":"closed","template":"","meta":{"footnotes":""},"class_list":["post-142","page","type-page","status-publish","hentry"],"_links":{"self":[{"href":"https:\/\/tomaszdrewicz.art.pl\/pl\/index.php?rest_route=\/wp\/v2\/pages\/142","targetHints":{"allow":["GET"]}}],"collection":[{"href":"https:\/\/tomaszdrewicz.art.pl\/pl\/index.php?rest_route=\/wp\/v2\/pages"}],"about":[{"href":"https:\/\/tomaszdrewicz.art.pl\/pl\/index.php?rest_route=\/wp\/v2\/types\/page"}],"author":[{"embeddable":true,"href":"https:\/\/tomaszdrewicz.art.pl\/pl\/index.php?rest_route=\/wp\/v2\/users\/1"}],"replies":[{"embeddable":true,"href":"https:\/\/tomaszdrewicz.art.pl\/pl\/index.php?rest_route=%2Fwp%2Fv2%2Fcomments&post=142"}],"version-history":[{"count":1,"href":"https:\/\/tomaszdrewicz.art.pl\/pl\/index.php?rest_route=\/wp\/v2\/pages\/142\/revisions"}],"predecessor-version":[{"id":897,"href":"https:\/\/tomaszdrewicz.art.pl\/pl\/index.php?rest_route=\/wp\/v2\/pages\/142\/revisions\/897"}],"up":[{"embeddable":true,"href":"https:\/\/tomaszdrewicz.art.pl\/pl\/index.php?rest_route=\/wp\/v2\/pages\/41"}],"wp:attachment":[{"href":"https:\/\/tomaszdrewicz.art.pl\/pl\/index.php?rest_route=%2Fwp%2Fv2%2Fmedia&parent=142"}],"curies":[{"name":"wp","href":"https:\/\/api.w.org\/{rel}","templated":true}]}}