{"id":158,"date":"2014-03-19T10:26:46","date_gmt":"2014-03-19T09:26:46","guid":{"rendered":"http:\/\/tomaszdrewicz.art.pl\/?page_id=158"},"modified":"2019-11-16T07:11:03","modified_gmt":"2019-11-16T06:11:03","slug":"granice-wnetrza","status":"publish","type":"page","link":"https:\/\/tomaszdrewicz.art.pl\/pl\/?page_id=158","title":{"rendered":"Granice wn\u0119trza"},"content":{"rendered":"<p>( dzia\u0142anie podczas II Festiwalu Performance &#8222;Granice wn\u0119trza&#8221;, Galeria Przychodnia, Pozna\u0144)<br \/>\nRok produkcji: 2009<\/p>\n<p><a href=\"http:\/\/tomaszdrewicz.art.pl\/pl\/wp-content\/uploads\/2014\/03\/P1150393.jpg\"><img loading=\"lazy\" decoding=\"async\" class=\"alignnone size-large wp-image-162\" src=\"http:\/\/tomaszdrewicz.art.pl\/pl\/wp-content\/uploads\/2014\/03\/P1150393-1024x576.jpg\" alt=\"P1150393\" width=\"625\" height=\"351\" \/><\/a><\/p>\n<p><a href=\"http:\/\/tomaszdrewicz.art.pl\/pl\/wp-content\/uploads\/2014\/03\/P1150388.jpg\"><img loading=\"lazy\" decoding=\"async\" class=\"alignnone size-large wp-image-161\" src=\"http:\/\/tomaszdrewicz.art.pl\/pl\/wp-content\/uploads\/2014\/03\/P1150388-576x1024.jpg\" alt=\"P1150388\" width=\"576\" height=\"1024\" \/><\/a><\/p>\n<p><a href=\"http:\/\/tomaszdrewicz.art.pl\/pl\/wp-content\/uploads\/2014\/03\/P1150403.jpg\"><img loading=\"lazy\" decoding=\"async\" class=\"alignnone size-large wp-image-163\" src=\"http:\/\/tomaszdrewicz.art.pl\/pl\/wp-content\/uploads\/2014\/03\/P1150403-1024x576.jpg\" alt=\"P1150403\" width=\"625\" height=\"351\" \/><\/a><\/p>\n<p><a href=\"http:\/\/tomaszdrewicz.art.pl\/pl\/wp-content\/uploads\/2014\/03\/P1150412.jpg\"><img loading=\"lazy\" decoding=\"async\" class=\"alignnone size-large wp-image-164\" src=\"http:\/\/tomaszdrewicz.art.pl\/pl\/wp-content\/uploads\/2014\/03\/P1150412-1024x576.jpg\" alt=\"P1150412\" width=\"625\" height=\"351\" \/><\/a><\/p>\n<p><a href=\"http:\/\/tomaszdrewicz.art.pl\/pl\/wp-content\/uploads\/2014\/03\/P1150414.jpg\"><img loading=\"lazy\" decoding=\"async\" class=\"alignnone size-large wp-image-165\" src=\"http:\/\/tomaszdrewicz.art.pl\/pl\/wp-content\/uploads\/2014\/03\/P1150414-1024x576.jpg\" alt=\"P1150414\" width=\"625\" height=\"351\" \/><\/a><\/p>\n<p><a href=\"http:\/\/tomaszdrewicz.art.pl\/pl\/wp-content\/uploads\/2014\/03\/P1150420.jpg\"><img loading=\"lazy\" decoding=\"async\" class=\"alignnone size-large wp-image-166\" src=\"http:\/\/tomaszdrewicz.art.pl\/pl\/wp-content\/uploads\/2014\/03\/P1150420-1024x576.jpg\" alt=\"P1150420\" width=\"625\" height=\"351\" \/><\/a><\/p>\n<p><a href=\"http:\/\/tomaszdrewicz.art.pl\/pl\/wp-content\/uploads\/2014\/03\/P1150427.jpg\"><img loading=\"lazy\" decoding=\"async\" class=\"alignnone size-large wp-image-167\" src=\"http:\/\/tomaszdrewicz.art.pl\/pl\/wp-content\/uploads\/2014\/03\/P1150427-1024x576.jpg\" alt=\"P1150427\" width=\"625\" height=\"351\" \/><\/a><\/p>\n<p><a href=\"http:\/\/tomaszdrewicz.art.pl\/pl\/wp-content\/uploads\/2014\/03\/P1150428.jpg\"><img loading=\"lazy\" decoding=\"async\" class=\"alignnone size-large wp-image-159\" src=\"http:\/\/tomaszdrewicz.art.pl\/pl\/wp-content\/uploads\/2014\/03\/P1150428-1024x576.jpg\" alt=\"P1150428\" width=\"625\" height=\"351\" \/><\/a><\/p>\n<p><a href=\"http:\/\/tomaszdrewicz.art.pl\/pl\/wp-content\/uploads\/2014\/03\/P1150544.jpg\"><img loading=\"lazy\" decoding=\"async\" class=\"alignnone size-large wp-image-160\" src=\"http:\/\/tomaszdrewicz.art.pl\/pl\/wp-content\/uploads\/2014\/03\/P1150544-1024x576.jpg\" alt=\"P1150544\" width=\"625\" height=\"351\" \/><\/a><\/p>\n","protected":false},"excerpt":{"rendered":"<p>( dzia\u0142anie podczas II Festiwalu Performance &#8222;Granice wn\u0119trza&#8221;, Galeria Przychodnia, Pozna\u0144) Rok produkcji: 2009<\/p>\n","protected":false},"author":1,"featured_media":0,"parent":103,"menu_order":0,"comment_status":"closed","ping_status":"closed","template":"","meta":{"footnotes":""},"class_list":["post-158","page","type-page","status-publish","hentry"],"_links":{"self":[{"href":"https:\/\/tomaszdrewicz.art.pl\/pl\/index.php?rest_route=\/wp\/v2\/pages\/158","targetHints":{"allow":["GET"]}}],"collection":[{"href":"https:\/\/tomaszdrewicz.art.pl\/pl\/index.php?rest_route=\/wp\/v2\/pages"}],"about":[{"href":"https:\/\/tomaszdrewicz.art.pl\/pl\/index.php?rest_route=\/wp\/v2\/types\/page"}],"author":[{"embeddable":true,"href":"https:\/\/tomaszdrewicz.art.pl\/pl\/index.php?rest_route=\/wp\/v2\/users\/1"}],"replies":[{"embeddable":true,"href":"https:\/\/tomaszdrewicz.art.pl\/pl\/index.php?rest_route=%2Fwp%2Fv2%2Fcomments&post=158"}],"version-history":[{"count":1,"href":"https:\/\/tomaszdrewicz.art.pl\/pl\/index.php?rest_route=\/wp\/v2\/pages\/158\/revisions"}],"predecessor-version":[{"id":903,"href":"https:\/\/tomaszdrewicz.art.pl\/pl\/index.php?rest_route=\/wp\/v2\/pages\/158\/revisions\/903"}],"up":[{"embeddable":true,"href":"https:\/\/tomaszdrewicz.art.pl\/pl\/index.php?rest_route=\/wp\/v2\/pages\/103"}],"wp:attachment":[{"href":"https:\/\/tomaszdrewicz.art.pl\/pl\/index.php?rest_route=%2Fwp%2Fv2%2Fmedia&parent=158"}],"curies":[{"name":"wp","href":"https:\/\/api.w.org\/{rel}","templated":true}]}}