{"id":190,"date":"2014-03-19T10:57:21","date_gmt":"2014-03-19T09:57:21","guid":{"rendered":"http:\/\/tomaszdrewicz.art.pl\/?page_id=190"},"modified":"2019-11-16T07:08:50","modified_gmt":"2019-11-16T06:08:50","slug":"nazywaj-nas","status":"publish","type":"page","link":"https:\/\/tomaszdrewicz.art.pl\/pl\/?page_id=190","title":{"rendered":"Nazywaj Nas"},"content":{"rendered":"<p>(instalacja interaktywna: trawa z rolki, poczta g\u0142osowa, sieci telefonii stacjonarnej i kom\u00f3rkowej)<br \/>\nrok produkcji: 2010<\/p>\n<p>poni\u017cej dokumentacja z wystawy <b>\u201eGesty\u201d<\/b>, z cyklu \u201epreMedytacje\u201d, Galeria Bielska BWA, Bielsko-Bia\u0142a, 2010<\/p>\n<p><a href=\"http:\/\/tomaszdrewicz.art.pl\/pl\/wp-content\/uploads\/2014\/03\/P1250772.jpg\"><img loading=\"lazy\" decoding=\"async\" class=\"alignnone size-large wp-image-192\" src=\"http:\/\/tomaszdrewicz.art.pl\/pl\/wp-content\/uploads\/2014\/03\/P1250772-1024x768.jpg\" alt=\"P1250772\" width=\"625\" height=\"468\" \/><\/a><\/p>\n<p><em>&#8222;Fragment pod\u0142ogi przy wej\u015bciu oraz w cz\u0119\u015bci sali g\u0142\u00f3wnej zosta\u0142 wy\u0142o\u017cony torfem. Ta<\/em><br \/>\n<em>praca Tomasza Drewicza pt. \u201eNazywaj nas wydaje si\u0119 \u017cartem, ale wraz z numerem<\/em><br \/>\n<em>telefonu, kt\u00f3ry wy\u015bwietla si\u0119 na takiej murawie ma na celu zwr\u00f3cenie uwagi na<\/em><br \/>\n<em>wsp\u00f3lnotowo\u015b\u0107 w \u015bwiecie, w kt\u00f3rym ludzie staj\u0105 si\u0119 wobec siebie coraz bardziej obcy.\u201d<\/em><\/p>\n<p>S\u0142awomir Brzoska \u2013 kurator wystawy<\/p>\n<p><a href=\"http:\/\/tomaszdrewicz.art.pl\/pl\/wp-content\/uploads\/2014\/03\/P1250793.jpg\"><img loading=\"lazy\" decoding=\"async\" class=\"alignnone size-large wp-image-191\" src=\"http:\/\/tomaszdrewicz.art.pl\/pl\/wp-content\/uploads\/2014\/03\/P1250793-1024x768.jpg\" alt=\"P1250793\" width=\"625\" height=\"468\" \/><\/a><\/p>\n<p>poni\u017cej dokumentacja z wystawy\u00a0<b>\u201eUfo 2\u2033,<\/b> Galeria ON, Pozna\u0144, 2010<\/p>\n<p><iframe loading=\"lazy\" src=\"\/\/www.youtube.com\/embed\/nQ5cxk0iigQ\" width=\"640\" height=\"480\" frameborder=\"0\" allowfullscreen=\"allowfullscreen\"><\/iframe><\/p>\n<p><a href=\"http:\/\/tomaszdrewicz.art.pl\/pl\/wp-content\/uploads\/2014\/03\/P1240010.jpg\"><img loading=\"lazy\" decoding=\"async\" class=\"alignnone size-large wp-image-195\" src=\"http:\/\/tomaszdrewicz.art.pl\/pl\/wp-content\/uploads\/2014\/03\/P1240010-1024x768.jpg\" alt=\"P1240010\" width=\"625\" height=\"468\" \/><\/a><\/p>\n<p><a href=\"http:\/\/tomaszdrewicz.art.pl\/pl\/wp-content\/uploads\/2014\/03\/P1230924.jpg\"><img loading=\"lazy\" decoding=\"async\" class=\"alignnone size-large wp-image-194\" src=\"http:\/\/tomaszdrewicz.art.pl\/pl\/wp-content\/uploads\/2014\/03\/P1230924-1024x768.jpg\" alt=\"P1230924\" width=\"625\" height=\"468\" \/><\/a><\/p>\n<p><a href=\"http:\/\/tomaszdrewicz.art.pl\/pl\/wp-content\/uploads\/2014\/03\/P1230901.jpg\"><img loading=\"lazy\" decoding=\"async\" class=\"alignnone size-full wp-image-193\" src=\"http:\/\/tomaszdrewicz.art.pl\/pl\/wp-content\/uploads\/2014\/03\/P1230901.jpg\" alt=\"P1230901\" width=\"640\" height=\"480\" \/><\/a><\/p>\n","protected":false},"excerpt":{"rendered":"<p>(instalacja interaktywna: trawa z rolki, poczta g\u0142osowa, sieci telefonii stacjonarnej i kom\u00f3rkowej) rok produkcji: 2010 poni\u017cej dokumentacja z wystawy \u201eGesty\u201d, z cyklu \u201epreMedytacje\u201d, Galeria Bielska BWA, Bielsko-Bia\u0142a, 2010 &#8222;Fragment pod\u0142ogi przy wej\u015bciu oraz w cz\u0119\u015bci sali g\u0142\u00f3wnej zosta\u0142 wy\u0142o\u017cony torfem. Ta praca Tomasza Drewicza pt. \u201eNazywaj nas wydaje si\u0119 \u017cartem, ale wraz z numerem telefonu, [&hellip;]<\/p>\n","protected":false},"author":1,"featured_media":0,"parent":41,"menu_order":0,"comment_status":"closed","ping_status":"closed","template":"","meta":{"footnotes":""},"class_list":["post-190","page","type-page","status-publish","hentry"],"_links":{"self":[{"href":"https:\/\/tomaszdrewicz.art.pl\/pl\/index.php?rest_route=\/wp\/v2\/pages\/190","targetHints":{"allow":["GET"]}}],"collection":[{"href":"https:\/\/tomaszdrewicz.art.pl\/pl\/index.php?rest_route=\/wp\/v2\/pages"}],"about":[{"href":"https:\/\/tomaszdrewicz.art.pl\/pl\/index.php?rest_route=\/wp\/v2\/types\/page"}],"author":[{"embeddable":true,"href":"https:\/\/tomaszdrewicz.art.pl\/pl\/index.php?rest_route=\/wp\/v2\/users\/1"}],"replies":[{"embeddable":true,"href":"https:\/\/tomaszdrewicz.art.pl\/pl\/index.php?rest_route=%2Fwp%2Fv2%2Fcomments&post=190"}],"version-history":[{"count":1,"href":"https:\/\/tomaszdrewicz.art.pl\/pl\/index.php?rest_route=\/wp\/v2\/pages\/190\/revisions"}],"predecessor-version":[{"id":896,"href":"https:\/\/tomaszdrewicz.art.pl\/pl\/index.php?rest_route=\/wp\/v2\/pages\/190\/revisions\/896"}],"up":[{"embeddable":true,"href":"https:\/\/tomaszdrewicz.art.pl\/pl\/index.php?rest_route=\/wp\/v2\/pages\/41"}],"wp:attachment":[{"href":"https:\/\/tomaszdrewicz.art.pl\/pl\/index.php?rest_route=%2Fwp%2Fv2%2Fmedia&parent=190"}],"curies":[{"name":"wp","href":"https:\/\/api.w.org\/{rel}","templated":true}]}}