{"id":201,"date":"2014-03-19T11:09:03","date_gmt":"2014-03-19T10:09:03","guid":{"rendered":"http:\/\/tomaszdrewicz.art.pl\/?page_id=201"},"modified":"2019-11-16T07:09:27","modified_gmt":"2019-11-16T06:09:27","slug":"krysztaly","status":"publish","type":"page","link":"https:\/\/tomaszdrewicz.art.pl\/pl\/?page_id=201","title":{"rendered":"Kryszta\u0142y"},"content":{"rendered":"<p>(instalacja: papier, farba, materia\u0142y wideo)<br \/>\nrok produkcji: 2009<\/p>\n<p>dokumentacja z wystawy <b>\u201ePrzeplot\u201d<\/b>, z cyklu \u201ePremedytacje\u201d, Centralne Muzeum W\u0142\u00f3kiennictwa, \u0141\u00f3d\u017a, 2010<\/p>\n<p><a href=\"http:\/\/tomaszdrewicz.art.pl\/pl\/wp-content\/uploads\/2014\/03\/DSC_0177.jpg\"><img loading=\"lazy\" decoding=\"async\" class=\"alignnone size-large wp-image-203\" src=\"http:\/\/tomaszdrewicz.art.pl\/pl\/wp-content\/uploads\/2014\/03\/DSC_0177-1024x680.jpg\" alt=\"DSC_0177\" width=\"625\" height=\"415\" \/><\/a><\/p>\n<p><a href=\"http:\/\/tomaszdrewicz.art.pl\/pl\/wp-content\/uploads\/2014\/03\/DSC_0179.jpg\"><img loading=\"lazy\" decoding=\"async\" class=\"alignnone  wp-image-204\" src=\"http:\/\/tomaszdrewicz.art.pl\/pl\/wp-content\/uploads\/2014\/03\/DSC_0179-1024x680.jpg\" alt=\"DSC_0179\" width=\"625\" height=\"415\" \/><\/a><\/p>\n<p><a href=\"http:\/\/tomaszdrewicz.art.pl\/pl\/wp-content\/uploads\/2014\/03\/DSC_0255.jpg\"><img loading=\"lazy\" decoding=\"async\" class=\"alignnone size-large wp-image-202\" src=\"http:\/\/tomaszdrewicz.art.pl\/pl\/wp-content\/uploads\/2014\/03\/DSC_0255-1024x680.jpg\" alt=\"DSC_0255\" width=\"625\" height=\"415\" \/><\/a><\/p>\n","protected":false},"excerpt":{"rendered":"<p>(instalacja: papier, farba, materia\u0142y wideo) rok produkcji: 2009 dokumentacja z wystawy \u201ePrzeplot\u201d, z cyklu \u201ePremedytacje\u201d, Centralne Muzeum W\u0142\u00f3kiennictwa, \u0141\u00f3d\u017a, 2010<\/p>\n","protected":false},"author":1,"featured_media":0,"parent":41,"menu_order":0,"comment_status":"closed","ping_status":"closed","template":"","meta":{"footnotes":""},"class_list":["post-201","page","type-page","status-publish","hentry"],"_links":{"self":[{"href":"https:\/\/tomaszdrewicz.art.pl\/pl\/index.php?rest_route=\/wp\/v2\/pages\/201","targetHints":{"allow":["GET"]}}],"collection":[{"href":"https:\/\/tomaszdrewicz.art.pl\/pl\/index.php?rest_route=\/wp\/v2\/pages"}],"about":[{"href":"https:\/\/tomaszdrewicz.art.pl\/pl\/index.php?rest_route=\/wp\/v2\/types\/page"}],"author":[{"embeddable":true,"href":"https:\/\/tomaszdrewicz.art.pl\/pl\/index.php?rest_route=\/wp\/v2\/users\/1"}],"replies":[{"embeddable":true,"href":"https:\/\/tomaszdrewicz.art.pl\/pl\/index.php?rest_route=%2Fwp%2Fv2%2Fcomments&post=201"}],"version-history":[{"count":1,"href":"https:\/\/tomaszdrewicz.art.pl\/pl\/index.php?rest_route=\/wp\/v2\/pages\/201\/revisions"}],"predecessor-version":[{"id":899,"href":"https:\/\/tomaszdrewicz.art.pl\/pl\/index.php?rest_route=\/wp\/v2\/pages\/201\/revisions\/899"}],"up":[{"embeddable":true,"href":"https:\/\/tomaszdrewicz.art.pl\/pl\/index.php?rest_route=\/wp\/v2\/pages\/41"}],"wp:attachment":[{"href":"https:\/\/tomaszdrewicz.art.pl\/pl\/index.php?rest_route=%2Fwp%2Fv2%2Fmedia&parent=201"}],"curies":[{"name":"wp","href":"https:\/\/api.w.org\/{rel}","templated":true}]}}