{"id":208,"date":"2014-03-19T11:17:21","date_gmt":"2014-03-19T10:17:21","guid":{"rendered":"http:\/\/tomaszdrewicz.art.pl\/?page_id=208"},"modified":"2019-11-16T06:57:58","modified_gmt":"2019-11-16T05:57:58","slug":"petla","status":"publish","type":"page","link":"https:\/\/tomaszdrewicz.art.pl\/pl\/?page_id=208","title":{"rendered":"P\u0119tla"},"content":{"rendered":"<p>(instalacja interaktywna &#8211; technika w\u0142asna: drewno, pleksi, ferrofluid, indeksy gie\u0142dowe, elementy mechaniczne)<br \/>\nrok produkcji: 2014<\/p>\n<p>G\u0142\u00f3wnymi elementami tej pracy s\u0105 trzy sygnety wykonane w technologii druku 3D, kt\u00f3re oczywi\u015bcie nie s\u0105 zwyk\u0142\u0105 bi\u017cuteri\u0105. Ich kszta\u0142t nawi\u0105zuje do logotyp\u00f3w wybranych \u015bwiatowych gie\u0142d papier\u00f3w warto\u015bciowych. Dodatkowo zamiast klejnotu umie\u015bci\u0142em w nich ferrofluid, kt\u00f3ry jest jednym z najbardziej rozpowszechnionych i dost\u0119pnych materia\u0142\u00f3w inteligentnych. Jest to ciecz o w\u0142a\u015bciwo\u015bciach magnetycznych nale\u017c\u0105cych do grupy materia\u0142\u00f3w magnetoreologicznych (MR). Mo\u017ce zmienia\u0107 swoj\u0105 g\u0119sto\u015b\u0107 pod wp\u0142ywem pola magnetycznego.<\/p>\n<p>Pier\u015bcienie te zosta\u0142y umieszczone w oddzielnych witrynach, gdzie s\u0105 stale nara\u017cone na dzia\u0142anie silnego pola magnetycznego. W odpowiedzi na ten bodziec ferrofluid organizuje si\u0119 w uporz\u0105dkowany spos\u00f3b, tworz\u0105c struktur\u0119 podobn\u0105 do kryszta\u0142u.<\/p>\n<p>Ukryte w gablotach silne magnesy neodymowe zosta\u0142y umieszczone na ruchomej platformie. Jej mikroruchy by\u0142y kontrolowane przez urz\u0105dzenie pod\u0142\u0105czone do komputera. Algorytm odpowiedzialny za ruch magnes\u00f3w zale\u017ca\u0142 od notowa\u0144 g\u0142\u00f3wnych indeks\u00f3w wybranych \u015bwiatowych gie\u0142d. W ten spos\u00f3b forma, jak\u0105 ferrofluid przybiera w danym momencie, jest bezpo\u015brednio zale\u017cna od dzia\u0142alno\u015bci gie\u0142dy, a ostatecznie nas wszystkich.<\/p>\n<p>Poni\u017cej dokumentacja z wystawy w Galerii Si\u0142ownia, Pozna\u0144 2014<\/p>\n<p><iframe loading=\"lazy\" src=\"\/\/www.youtube.com\/embed\/5ZHKKeFZuro\" width=\"640\" height=\"360\" frameborder=\"0\" allowfullscreen=\"allowfullscreen\"><\/iframe><\/p>\n<p><a href=\"http:\/\/tomaszdrewicz.art.pl\/pl\/wp-content\/uploads\/2014\/03\/Tomasz-Drewicz-P\u0119tla-Galeria-Si\u0142ownia-Pozna\u0144-2014-2.jpg\"><img loading=\"lazy\" decoding=\"async\" class=\"alignnone size-large wp-image-237\" src=\"http:\/\/tomaszdrewicz.art.pl\/pl\/wp-content\/uploads\/2014\/03\/Tomasz-Drewicz-P\u0119tla-Galeria-Si\u0142ownia-Pozna\u0144-2014-2-682x1024.jpg\" alt=\"Tomasz Drewicz - P\u0119tla (Galeria Si\u0142ownia, Pozna\u0144 2014) (2)\" width=\"625\" height=\"938\" \/><\/a><\/p>\n<p><a href=\"http:\/\/tomaszdrewicz.art.pl\/pl\/wp-content\/uploads\/2014\/03\/Tomasz-Drewicz-P\u0119tla-Galeria-Si\u0142ownia-Pozna\u0144-2014-3.jpg\"><img loading=\"lazy\" decoding=\"async\" class=\"alignnone size-large wp-image-238\" src=\"http:\/\/tomaszdrewicz.art.pl\/pl\/wp-content\/uploads\/2014\/03\/Tomasz-Drewicz-P\u0119tla-Galeria-Si\u0142ownia-Pozna\u0144-2014-3-682x1024.jpg\" alt=\"Tomasz Drewicz - P\u0119tla (Galeria Si\u0142ownia, Pozna\u0144 2014) (3)\" width=\"625\" height=\"938\" \/><\/a><\/p>\n<p>W tym projekcie zaczynam dyskusj\u0119 na temat szeroko rozumianej \u201ewarto\u015bci sztuki\u201d &#8211; czy jest ona czysto estetyczna, czy mo\u017ce bardziej sentymentalna, a mo\u017ce jedynie historyczna czy ekonomiczna.<\/p>\n<p>Wszelkie dochody finansowe, kt\u00f3re mog\u0142aby przynie\u015b\u0107 ta konkretna instalacja, zostan\u0105 wykorzystane na zakup akcji jednego z funduszy inwestycyjnych.<\/p>\n<p>\u201e&#8230;ale wtedy zasada sztuki i zasada ekonomiczna pokrywa\u0142y si\u0119. Lecz wtedy r\u00f3wnie\u017c zasada ekonomiczna b\u0119dzie poj\u0119ciem sztuki, a zasada sztuki poj\u0119ciem ekonomicznym.\u201d.<\/p>\n<p style=\"text-align: right;\">Joseph Beuys<\/p>\n<p><a href=\"http:\/\/tomaszdrewicz.art.pl\/pl\/wp-content\/uploads\/2014\/03\/Tomasz-Drewicz-P\u0119tla-Galeria-Si\u0142ownia-Pozna\u0144-2014-5.jpg\"><img loading=\"lazy\" decoding=\"async\" class=\"alignnone size-large wp-image-239\" src=\"http:\/\/tomaszdrewicz.art.pl\/pl\/wp-content\/uploads\/2014\/03\/Tomasz-Drewicz-P\u0119tla-Galeria-Si\u0142ownia-Pozna\u0144-2014-5-1024x575.jpg\" alt=\"Tomasz Drewicz - P\u0119tla (Galeria Si\u0142ownia, Pozna\u0144 2014) (5)\" width=\"625\" height=\"350\" \/><\/a><\/p>\n<p><a href=\"http:\/\/tomaszdrewicz.art.pl\/pl\/wp-content\/uploads\/2014\/03\/Tomasz-Drewicz-P\u0119tla-Galeria-Si\u0142ownia-Pozna\u0144-2014-6.jpg\"><img loading=\"lazy\" decoding=\"async\" class=\"alignnone size-large wp-image-240\" src=\"http:\/\/tomaszdrewicz.art.pl\/pl\/wp-content\/uploads\/2014\/03\/Tomasz-Drewicz-P\u0119tla-Galeria-Si\u0142ownia-Pozna\u0144-2014-6-1024x575.jpg\" alt=\"Tomasz Drewicz - P\u0119tla (Galeria Si\u0142ownia, Pozna\u0144 2014) (6)\" width=\"625\" height=\"350\" \/><\/a><\/p>\n<p><a href=\"http:\/\/tomaszdrewicz.art.pl\/pl\/wp-content\/uploads\/2014\/03\/Tomasz-Drewicz-P\u0119tla-Galeria-Si\u0142ownia-Pozna\u0144-2014-7.jpg\"><img loading=\"lazy\" decoding=\"async\" class=\"alignnone size-large wp-image-241\" src=\"http:\/\/tomaszdrewicz.art.pl\/pl\/wp-content\/uploads\/2014\/03\/Tomasz-Drewicz-P\u0119tla-Galeria-Si\u0142ownia-Pozna\u0144-2014-7-1024x575.jpg\" alt=\"Tomasz Drewicz - P\u0119tla (Galeria Si\u0142ownia, Pozna\u0144 2014) (7)\" width=\"625\" height=\"350\" \/><\/a><\/p>\n<p><a href=\"http:\/\/tomaszdrewicz.art.pl\/pl\/wp-content\/uploads\/2014\/03\/Tomasz-Drewicz-P\u0119tla-Galeria-Si\u0142ownia-Pozna\u0144-2014-12.jpg\"><img loading=\"lazy\" decoding=\"async\" class=\"alignnone size-large wp-image-242\" src=\"http:\/\/tomaszdrewicz.art.pl\/pl\/wp-content\/uploads\/2014\/03\/Tomasz-Drewicz-P\u0119tla-Galeria-Si\u0142ownia-Pozna\u0144-2014-12-1024x682.jpg\" alt=\"Tomasz Drewicz - P\u0119tla (Galeria Si\u0142ownia, Pozna\u0144 2014) (12)\" width=\"625\" height=\"416\" \/><\/a><\/p>\n<p>Sygnety:<\/p>\n<p><a href=\"http:\/\/tomaszdrewicz.art.pl\/pl\/wp-content\/uploads\/2014\/03\/07-SHANGHAI-na-palcu.jpg\"><img loading=\"lazy\" decoding=\"async\" class=\"alignnone size-large wp-image-209\" src=\"http:\/\/tomaszdrewicz.art.pl\/pl\/wp-content\/uploads\/2014\/03\/07-SHANGHAI-na-palcu-1024x682.jpg\" alt=\"07 - SHANGHAI na palcu\" width=\"625\" height=\"416\" \/><\/a><\/p>\n<p><a href=\"http:\/\/tomaszdrewicz.art.pl\/pl\/wp-content\/uploads\/2014\/03\/02-NYSE-pierscien-lezacy.jpg\"><img loading=\"lazy\" decoding=\"async\" class=\"alignnone size-large wp-image-210\" src=\"http:\/\/tomaszdrewicz.art.pl\/pl\/wp-content\/uploads\/2014\/03\/02-NYSE-pierscien-lezacy-1024x682.jpg\" alt=\"02 - NYSE - pierscien lezacy\" width=\"625\" height=\"416\" \/><\/a><\/p>\n<p><a href=\"http:\/\/tomaszdrewicz.art.pl\/pl\/wp-content\/uploads\/2014\/03\/04-SHANGHAI-pierscien-lezacy.jpg\"><img loading=\"lazy\" decoding=\"async\" class=\"alignnone size-large wp-image-211\" src=\"http:\/\/tomaszdrewicz.art.pl\/pl\/wp-content\/uploads\/2014\/03\/04-SHANGHAI-pierscien-lezacy-1024x682.jpg\" alt=\"04 - SHANGHAI - pierscien lezacy\" width=\"625\" height=\"416\" \/><\/a><\/p>\n<p><a href=\"http:\/\/tomaszdrewicz.art.pl\/pl\/wp-content\/uploads\/2014\/03\/06-WARSZAWA-pierscien-lezacy.jpg\"><img loading=\"lazy\" decoding=\"async\" class=\"alignnone size-large wp-image-212\" src=\"http:\/\/tomaszdrewicz.art.pl\/pl\/wp-content\/uploads\/2014\/03\/06-WARSZAWA-pierscien-lezacy-1024x682.jpg\" alt=\"06 - WARSZAWA - pierscien lezacy\" width=\"625\" height=\"416\" \/><\/a><\/p>\n","protected":false},"excerpt":{"rendered":"<p>(instalacja interaktywna &#8211; technika w\u0142asna: drewno, pleksi, ferrofluid, indeksy gie\u0142dowe, elementy mechaniczne) rok produkcji: 2014 G\u0142\u00f3wnymi elementami tej pracy s\u0105 trzy sygnety wykonane w technologii druku 3D, kt\u00f3re oczywi\u015bcie nie s\u0105 zwyk\u0142\u0105 bi\u017cuteri\u0105. Ich kszta\u0142t nawi\u0105zuje do logotyp\u00f3w wybranych \u015bwiatowych gie\u0142d papier\u00f3w warto\u015bciowych. Dodatkowo zamiast klejnotu umie\u015bci\u0142em w nich ferrofluid, kt\u00f3ry jest jednym z najbardziej [&hellip;]<\/p>\n","protected":false},"author":1,"featured_media":0,"parent":41,"menu_order":0,"comment_status":"closed","ping_status":"closed","template":"","meta":{"footnotes":""},"class_list":["post-208","page","type-page","status-publish","hentry"],"_links":{"self":[{"href":"https:\/\/tomaszdrewicz.art.pl\/pl\/index.php?rest_route=\/wp\/v2\/pages\/208","targetHints":{"allow":["GET"]}}],"collection":[{"href":"https:\/\/tomaszdrewicz.art.pl\/pl\/index.php?rest_route=\/wp\/v2\/pages"}],"about":[{"href":"https:\/\/tomaszdrewicz.art.pl\/pl\/index.php?rest_route=\/wp\/v2\/types\/page"}],"author":[{"embeddable":true,"href":"https:\/\/tomaszdrewicz.art.pl\/pl\/index.php?rest_route=\/wp\/v2\/users\/1"}],"replies":[{"embeddable":true,"href":"https:\/\/tomaszdrewicz.art.pl\/pl\/index.php?rest_route=%2Fwp%2Fv2%2Fcomments&post=208"}],"version-history":[{"count":1,"href":"https:\/\/tomaszdrewicz.art.pl\/pl\/index.php?rest_route=\/wp\/v2\/pages\/208\/revisions"}],"predecessor-version":[{"id":878,"href":"https:\/\/tomaszdrewicz.art.pl\/pl\/index.php?rest_route=\/wp\/v2\/pages\/208\/revisions\/878"}],"up":[{"embeddable":true,"href":"https:\/\/tomaszdrewicz.art.pl\/pl\/index.php?rest_route=\/wp\/v2\/pages\/41"}],"wp:attachment":[{"href":"https:\/\/tomaszdrewicz.art.pl\/pl\/index.php?rest_route=%2Fwp%2Fv2%2Fmedia&parent=208"}],"curies":[{"name":"wp","href":"https:\/\/api.w.org\/{rel}","templated":true}]}}