{"id":303,"date":"2014-04-11T09:37:43","date_gmt":"2014-04-11T07:37:43","guid":{"rendered":"http:\/\/tomaszdrewicz.art.pl\/?page_id=303"},"modified":"2014-04-11T09:37:43","modified_gmt":"2014-04-11T07:37:43","slug":"statements","status":"publish","type":"page","link":"https:\/\/tomaszdrewicz.art.pl\/pl\/?page_id=303","title":{"rendered":"Statements"},"content":{"rendered":"<p>&#8222;Jestem elementem. Suwerenn\u0105 i niepodleg\u0142\u0105 cz\u0105stk\u0105 wielkiego systemu. Ka\u017cde nowe do\u015bwiadczenie, ka\u017cdy napotkany cz\u0142owiek, wszystkie wewn\u0119trzne refleksje s\u0105 ogniwami, kt\u00f3re zespalaj\u0105 mnie z tym systemem. W moich pracach ukazuj\u0119 m\u00f3j stosunek do tej idei \u2013 idei absolutu, idei mojego absolutu, idei uniwersalnego absolutu, kt\u00f3rego wszyscy jeste\u015bmy cz\u0119\u015bci\u0105.&#8221;<\/p>\n<p>&#8222;Pozostawi\u0107 \u015blad, znaczy u\u017cy\u0107 pewnej strategii komunikacji \u2013 wykorzysta\u0107 schematy my\u015blowe i r\u00f3\u017cne metody zapisu maj\u0105c nadziej\u0119 na to, i\u017c wybrany mechanizm zadzia\u0142a w okre\u015blony spos\u00f3b. W moich pracach opowiadam o tych strategiach pokazuj\u0105c jednocze\u015bnie wielo\u015b\u0107 punkt\u00f3w widzenia. Ka\u017cda metoda oparta o znak, symbol czy metafor\u0119 posiada bowiem spor\u0105 doz\u0119 nieokre\u015blono\u015bci i daje mo\u017cliwo\u015b\u0107 na odkrycie w niej nowych warto\u015bci \u2013 tych niezamierzonych, czystych i pierwotnych.&#8221;<\/p>\n<p>&#8222;Za ka\u017cdym razem, gdy wypowiadamy Pytanie, powo\u0142ujemy do \u017cycia ogromn\u0105, wr\u0119cz niesko\u0144czon\u0105 potencjalno\u015b\u0107. Zawieszona pomi\u0119dzy Roszczeniem jakie budzi pytaj\u0105cy i Zobowi\u0105zaniem jakie podejmuje zapytany, m\u00f3wi o intencjach zar\u00f3wno jednego jak i drugiego. To w\u0142a\u015bnie w relacji mi\u0119dzy nimi; w tym bezg\u0142o\u015bnym dialogu rodzi si\u0119 \u015bwiadomo\u015b\u0107 naszej odr\u0119bno\u015bci. Spoczywa na nas du\u017ca odpowiedzialno\u015b\u0107, aby nigdy nie zmarnowa\u0107 szansy, jak\u0105 daje nam takie spotkanie.&#8221;<\/p>\n","protected":false},"excerpt":{"rendered":"<p>&#8222;Jestem elementem. Suwerenn\u0105 i niepodleg\u0142\u0105 cz\u0105stk\u0105 wielkiego systemu. Ka\u017cde nowe do\u015bwiadczenie, ka\u017cdy napotkany cz\u0142owiek, wszystkie wewn\u0119trzne refleksje s\u0105 ogniwami, kt\u00f3re zespalaj\u0105 mnie z tym systemem. W moich pracach ukazuj\u0119 m\u00f3j stosunek do tej idei \u2013 idei absolutu, idei mojego absolutu, idei uniwersalnego absolutu, kt\u00f3rego wszyscy jeste\u015bmy cz\u0119\u015bci\u0105.&#8221; &#8222;Pozostawi\u0107 \u015blad, znaczy u\u017cy\u0107 pewnej strategii komunikacji \u2013 [&hellip;]<\/p>\n","protected":false},"author":1,"featured_media":0,"parent":0,"menu_order":0,"comment_status":"closed","ping_status":"closed","template":"","meta":{"footnotes":""},"class_list":["post-303","page","type-page","status-publish","hentry"],"_links":{"self":[{"href":"https:\/\/tomaszdrewicz.art.pl\/pl\/index.php?rest_route=\/wp\/v2\/pages\/303","targetHints":{"allow":["GET"]}}],"collection":[{"href":"https:\/\/tomaszdrewicz.art.pl\/pl\/index.php?rest_route=\/wp\/v2\/pages"}],"about":[{"href":"https:\/\/tomaszdrewicz.art.pl\/pl\/index.php?rest_route=\/wp\/v2\/types\/page"}],"author":[{"embeddable":true,"href":"https:\/\/tomaszdrewicz.art.pl\/pl\/index.php?rest_route=\/wp\/v2\/users\/1"}],"replies":[{"embeddable":true,"href":"https:\/\/tomaszdrewicz.art.pl\/pl\/index.php?rest_route=%2Fwp%2Fv2%2Fcomments&post=303"}],"version-history":[{"count":0,"href":"https:\/\/tomaszdrewicz.art.pl\/pl\/index.php?rest_route=\/wp\/v2\/pages\/303\/revisions"}],"wp:attachment":[{"href":"https:\/\/tomaszdrewicz.art.pl\/pl\/index.php?rest_route=%2Fwp%2Fv2%2Fmedia&parent=303"}],"curies":[{"name":"wp","href":"https:\/\/api.w.org\/{rel}","templated":true}]}}