{"id":385,"date":"2015-03-24T10:48:50","date_gmt":"2015-03-24T09:48:50","guid":{"rendered":"http:\/\/tomaszdrewicz.art.pl\/?page_id=385"},"modified":"2019-11-17T16:25:36","modified_gmt":"2019-11-17T15:25:36","slug":"zaraz-wracam","status":"publish","type":"page","link":"https:\/\/tomaszdrewicz.art.pl\/pl\/?page_id=385","title":{"rendered":"Zaraz wracam"},"content":{"rendered":"<p>(instalacja &#8211; technika mieszana: drewno, szk\u0142o, farba, farba termochromowa, woda, materia\u0142y wideo)<br \/>\nrok produkcji: 2015<\/p>\n<p>Na wystawie zaprezentowanych zosta\u0142o kilka oddzielnych realizacji. Poza wykonanym z drewna i szk\u0142a obiektem oraz prezentowanymi materia\u0142ami wideo, by\u0142o to r\u00f3wnie\u017c, wykonane podczas wernisa\u017cu dzia\u0142anie performans.<\/p>\n<p>G\u0142\u00f3wn\u0105 cz\u0119\u015b\u0107 ekspozycji stanowi\u0142a instalacja pt. \u201eZaraz wracam\u201d, kt\u00f3ra zosta\u0142a zbudowana z drewnianych, polakierowanych na kolor czarny, modu\u0142\u00f3w i odpowiadaj\u0105cych im szklanych gablot. Zosta\u0142y one u\u0142o\u017cone w form\u0119 przypominaj\u0105c\u0105 swym kszta\u0142tem nagrobek.<\/p>\n<p>W celu odpowiedniego o\u015bwietlenia szklanych element\u00f3w zastosowa\u0142em profesjonalne reflektory przeznaczone do iluminacji obiekt\u00f3w muzealnych. Posiadaj\u0105 one funkcj\u0119 precyzyjnego kadrowania strumienia \u015bwietlnego. Dzi\u0119ki tym mo\u017cliwo\u015bciom osi\u0105gn\u0105\u0142em z\u0142udzenie \u015bwiecenia si\u0119 samego obiektu, a jednocze\u015bnie efekt nak\u0142adania si\u0119 rzucanych przez szklane tafle cieni.<\/p>\n<p><img loading=\"lazy\" decoding=\"async\" class=\"alignnone size-large wp-image-960\" src=\"http:\/\/tomaszdrewicz.art.pl\/pl\/wp-content\/uploads\/2019\/11\/zaraz-wracam_16-683x1024.jpg\" alt=\"\" width=\"625\" height=\"937\" srcset=\"https:\/\/tomaszdrewicz.art.pl\/pl\/wp-content\/uploads\/2019\/11\/zaraz-wracam_16-683x1024.jpg 683w, https:\/\/tomaszdrewicz.art.pl\/pl\/wp-content\/uploads\/2019\/11\/zaraz-wracam_16-200x300.jpg 200w, https:\/\/tomaszdrewicz.art.pl\/pl\/wp-content\/uploads\/2019\/11\/zaraz-wracam_16-768x1152.jpg 768w, https:\/\/tomaszdrewicz.art.pl\/pl\/wp-content\/uploads\/2019\/11\/zaraz-wracam_16-624x936.jpg 624w\" sizes=\"auto, (max-width: 625px) 100vw, 625px\" \/><\/p>\n<p>Naprzeciw u\u0142o\u017conych zosta\u0142o siedem szklanych p\u0142yt. By\u0142y one po\u0142o\u017cone na pod\u0142odze w formie okr\u0119gu. Na jednej z nich ustawi\u0142em stylizowane, metalowe naczynie wype\u0142nione wod\u0105, a pod nim, ma\u0142e \u015bwieczki wykorzystywane w podgrzewaczach do potraw. By\u0142a to SCENA, na kt\u00f3rej mia\u0142 rozegra\u0107 si\u0119 towarzysz\u0105cy wystawie performans.<\/p>\n<p><a href=\"http:\/\/tomaszdrewicz.art.pl\/pl\/wp-content\/uploads\/2015\/03\/zaraz-wracam_19.jpg\"><img loading=\"lazy\" decoding=\"async\" class=\"alignnone size-full wp-image-396\" src=\"http:\/\/tomaszdrewicz.art.pl\/pl\/wp-content\/uploads\/2015\/03\/zaraz-wracam_19.jpg\" alt=\"zaraz wracam_19\" width=\"1000\" height=\"667\" \/><\/a><\/p>\n<p>Wykonane dzia\u0142anie zosta\u0142o zatytu\u0142owane \u201eMandatum\u201d<br \/>\n(\u0142ac. zlecenie, przykazanie) i odnosi si\u0119 do obrz\u0119du obmywania n\u00f3g kt\u00f3ry w ko\u015bciele rzymskokatolickim kojarzony jest z Ostatni\u0105 Wieczerz\u0105, liturgi\u0105 wielkoczwartkow\u0105 i Chrystusowym przykazaniem mi\u0142o\u015bci. Co jednak niezwykle istotne to fakt, i\u017c ta tradycja jest obecna r\u00f3wnie\u017c w wielu innych kulturach i religiach \u015bwiata.<\/p>\n<p>Stoj\u0105c boso na jednej ze szklanych p\u0142yt, ubrany na czarno i wyposa\u017cony w za\u0142o\u017cony na przedrami\u0119 bia\u0142y r\u0119czniczek, oczekiwa\u0142em na otwarcie wystawy. Wchodz\u0105ce osoby by\u0142y przeze mnie witane s\u0142owami:<\/p>\n<p>\u201eZapraszam&#8230; Zapraszam boso\u201d.<\/p>\n<p>Nied\u0142ugo potem, moja pro\u015bba poskutkowa\u0142a i pierwsza osoba stan\u0119\u0142a na szklanej p\u0142ycie, zdejmuj\u0105c wcze\u015bniej buty i skarpetki. Kl\u0119kaj\u0105c przed moim \u201ego\u015bciem\u201d, zacz\u0105\u0142em podgrzan\u0105 wod\u0105 z misy polewa\u0107 jego stopy. Nast\u0119pnie delikatnie osuszy\u0142em je r\u0119cznikiem i, dzi\u0119kuj\u0105c, wr\u00f3ci\u0142em na swoje miejsce. Ta sytuacja by\u0142a powtarzana a\u017c do momentu, gdy wykorzysta\u0142em ca\u0142\u0105 ciep\u0142\u0105 wod\u0119.<\/p>\n<p><img loading=\"lazy\" decoding=\"async\" class=\"alignnone size-large wp-image-963\" src=\"http:\/\/tomaszdrewicz.art.pl\/pl\/wp-content\/uploads\/2019\/11\/00297.MTS_3-1024x576.jpg\" alt=\"\" width=\"625\" height=\"352\" srcset=\"https:\/\/tomaszdrewicz.art.pl\/pl\/wp-content\/uploads\/2019\/11\/00297.MTS_3-1024x576.jpg 1024w, https:\/\/tomaszdrewicz.art.pl\/pl\/wp-content\/uploads\/2019\/11\/00297.MTS_3-300x169.jpg 300w, https:\/\/tomaszdrewicz.art.pl\/pl\/wp-content\/uploads\/2019\/11\/00297.MTS_3-768x432.jpg 768w, https:\/\/tomaszdrewicz.art.pl\/pl\/wp-content\/uploads\/2019\/11\/00297.MTS_3-624x351.jpg 624w, https:\/\/tomaszdrewicz.art.pl\/pl\/wp-content\/uploads\/2019\/11\/00297.MTS_3.jpg 1920w\" sizes=\"auto, (max-width: 625px) 100vw, 625px\" \/><\/p>\n<p>Za ka\u017cdym razem gdy chc\u0105c dokona\u0107 obrz\u0119du, schodzi\u0142em z mojego kwadratu ods\u0142ania\u0142em bia\u0142e \u015blady moich st\u00f3p. Analogicznie ka\u017cda z os\u00f3b, kt\u00f3ra zdecydowa\u0142a si\u0119 wzi\u0105\u0107 udzia\u0142 w zaproponowanym, przeze mnie, rytuale, po zej\u015bciu ze szklanej tafli ujawnia\u0142a swoje \u015blady, kt\u00f3re jednak ukazane by\u0142y w negatywie. Woda, kt\u00f3r\u0105 obmywa\u0142em ich stopy, by\u0142a bowiem cieplejsza od temperatury ich cia\u0142a a wi\u0119c reagowa\u0142a ona z powierzchni\u0105 szyby du\u017co szybciej. Po zako\u0144czeniu dzia\u0142ania, wszystkie szklane p\u0142yty w r\u00f3\u017cnym tempie, powr\u00f3ci\u0142y do swojego pierwotnego, czarnego i nieprzezroczystwgo stanu.<\/p>\n<p><a href=\"http:\/\/tomaszdrewicz.art.pl\/pl\/wp-content\/uploads\/2015\/03\/zaraz-wracam_2.jpg\"><img loading=\"lazy\" decoding=\"async\" class=\"alignnone size-full wp-image-387\" src=\"http:\/\/tomaszdrewicz.art.pl\/pl\/wp-content\/uploads\/2015\/03\/zaraz-wracam_2.jpg\" alt=\"zaraz wracam_2\" width=\"667\" height=\"1000\" \/><\/a><\/p>\n<p><a href=\"http:\/\/tomaszdrewicz.art.pl\/pl\/wp-content\/uploads\/2015\/03\/zaraz-wracam_18.jpg\"><img loading=\"lazy\" decoding=\"async\" class=\"alignnone size-full wp-image-395\" src=\"http:\/\/tomaszdrewicz.art.pl\/pl\/wp-content\/uploads\/2015\/03\/zaraz-wracam_18.jpg\" alt=\"zaraz wracam_18\" width=\"1000\" height=\"667\" \/><\/a><\/p>\n<p><a href=\"http:\/\/tomaszdrewicz.art.pl\/pl\/wp-content\/uploads\/2015\/03\/zaraz-wracam_7.jpg\"><img loading=\"lazy\" decoding=\"async\" class=\"alignnone size-full wp-image-389\" src=\"http:\/\/tomaszdrewicz.art.pl\/pl\/wp-content\/uploads\/2015\/03\/zaraz-wracam_7.jpg\" alt=\"zaraz wracam_7\" width=\"1000\" height=\"667\" \/><\/a><\/p>\n<p><a href=\"http:\/\/tomaszdrewicz.art.pl\/pl\/wp-content\/uploads\/2015\/03\/zaraz-wracam_6.jpg\"><img loading=\"lazy\" decoding=\"async\" class=\"alignnone size-full wp-image-388\" src=\"http:\/\/tomaszdrewicz.art.pl\/pl\/wp-content\/uploads\/2015\/03\/zaraz-wracam_6.jpg\" alt=\"zaraz wracam_6\" width=\"667\" height=\"1000\" \/><\/a><\/p>\n<p><a href=\"http:\/\/tomaszdrewicz.art.pl\/pl\/wp-content\/uploads\/2015\/03\/zaraz-wracam_17.jpg\"><img loading=\"lazy\" decoding=\"async\" class=\"alignnone size-full wp-image-394\" src=\"http:\/\/tomaszdrewicz.art.pl\/pl\/wp-content\/uploads\/2015\/03\/zaraz-wracam_17.jpg\" alt=\"zaraz wracam_17\" width=\"1000\" height=\"667\" \/><\/a> \u00a0<a href=\"http:\/\/tomaszdrewicz.art.pl\/pl\/wp-content\/uploads\/2015\/03\/zaraz-wracam_11.jpg\"><img loading=\"lazy\" decoding=\"async\" class=\"alignnone size-full wp-image-391\" src=\"http:\/\/tomaszdrewicz.art.pl\/pl\/wp-content\/uploads\/2015\/03\/zaraz-wracam_11.jpg\" alt=\"zaraz wracam_11\" width=\"667\" height=\"1000\" \/><\/a><\/p>\n","protected":false},"excerpt":{"rendered":"<p>(instalacja &#8211; technika mieszana: drewno, szk\u0142o, farba, farba termochromowa, woda, materia\u0142y wideo) rok produkcji: 2015 Na wystawie zaprezentowanych zosta\u0142o kilka oddzielnych realizacji. Poza wykonanym z drewna i szk\u0142a obiektem oraz prezentowanymi materia\u0142ami wideo, by\u0142o to r\u00f3wnie\u017c, wykonane podczas wernisa\u017cu dzia\u0142anie performans. G\u0142\u00f3wn\u0105 cz\u0119\u015b\u0107 ekspozycji stanowi\u0142a instalacja pt. \u201eZaraz wracam\u201d, kt\u00f3ra zosta\u0142a zbudowana z drewnianych, polakierowanych [&hellip;]<\/p>\n","protected":false},"author":1,"featured_media":0,"parent":0,"menu_order":0,"comment_status":"closed","ping_status":"closed","template":"","meta":{"footnotes":""},"class_list":["post-385","page","type-page","status-publish","hentry"],"_links":{"self":[{"href":"https:\/\/tomaszdrewicz.art.pl\/pl\/index.php?rest_route=\/wp\/v2\/pages\/385","targetHints":{"allow":["GET"]}}],"collection":[{"href":"https:\/\/tomaszdrewicz.art.pl\/pl\/index.php?rest_route=\/wp\/v2\/pages"}],"about":[{"href":"https:\/\/tomaszdrewicz.art.pl\/pl\/index.php?rest_route=\/wp\/v2\/types\/page"}],"author":[{"embeddable":true,"href":"https:\/\/tomaszdrewicz.art.pl\/pl\/index.php?rest_route=\/wp\/v2\/users\/1"}],"replies":[{"embeddable":true,"href":"https:\/\/tomaszdrewicz.art.pl\/pl\/index.php?rest_route=%2Fwp%2Fv2%2Fcomments&post=385"}],"version-history":[{"count":4,"href":"https:\/\/tomaszdrewicz.art.pl\/pl\/index.php?rest_route=\/wp\/v2\/pages\/385\/revisions"}],"predecessor-version":[{"id":965,"href":"https:\/\/tomaszdrewicz.art.pl\/pl\/index.php?rest_route=\/wp\/v2\/pages\/385\/revisions\/965"}],"wp:attachment":[{"href":"https:\/\/tomaszdrewicz.art.pl\/pl\/index.php?rest_route=%2Fwp%2Fv2%2Fmedia&parent=385"}],"curies":[{"name":"wp","href":"https:\/\/api.w.org\/{rel}","templated":true}]}}