{"id":41,"date":"2014-03-19T07:57:17","date_gmt":"2014-03-19T06:57:17","guid":{"rendered":"http:\/\/tomaszdrewicz.art.pl\/?page_id=41"},"modified":"2019-11-16T09:53:47","modified_gmt":"2019-11-16T08:53:47","slug":"prace","status":"publish","type":"page","link":"https:\/\/tomaszdrewicz.art.pl\/pl\/?page_id=41","title":{"rendered":"Prace"},"content":{"rendered":"<p>W moich pracach zwracam wi\u0119c uwag\u0119 na proces &#8211; wskazuj\u0119 obszary, w kt\u00f3rych szeroko rozumiane ZACHOWANIE ma szans\u0119 uwypukli\u0107 sw\u00f3j jednostkowy sens, staj\u0105c si\u0119 przez to bardzo konkretne i uniwersalne zarazem. Pos\u0142uguj\u0119 si\u0119, z regu\u0142y, do\u015b\u0107 prostymi \u015brodkami, kt\u00f3re jednak zebrane i zorganizowane wobec konkretnego kontekstu potrafi\u0105 dzia\u0142a\u0107 wielop\u0142aszczyznowo.<\/p>\n<p>\u017byjemy w rzeczywisto\u015bci ogarni\u0119tej przez nowe technologi\u0119, cyfryzacj\u0119, wszechobecn\u0105 ekonomi\u0119 czyli substancje, kt\u00f3re to w bezkompromisowy spos\u00f3b zaburzaj\u0105 nasze poczucie jedno\u015bci i ci\u0105g\u0142o\u015bci. \u201eTu i Teraz\u201d zosta\u0142o zmultiplikowane, rozmyte, rozszczepione i pozostaje okryte mg\u0142\u0105 niepewno\u015bci. Nasza jednostkowa i\u00a0spo\u0142eczna \u201esubstancja\u201d coraz bardziej przypomina przys\u0142owiow\u0105 \u201eszar\u0105 mas\u0119\u201d. T\u0119 materi\u0119 trzeba nam odkry\u0107 na nowo; zrozumie\u0107 jej nowy sens i specyfik\u0119. Dlatego jednym z obszar\u00f3w moich artystycznych poszukiwa\u0144, jest analiza pewnych bardzo szczeg\u00f3lnych substancji. U\u017cywaj\u0105c ich, dla cel\u00f3w artystycznych, w\u00a0spos\u00f3b, kt\u00f3ry uszanuje i wykorzysta ich specyfik\u0119, chc\u0119 wykaza\u0107 jak wiele istnieje mi\u0119dzy nimi punkt\u00f3w stycznych; ukaza\u0107 ogrom analogii oraz mnogo\u015b\u0107 mo\u017cliwych do przeprowadzenia interpretacji, kt\u00f3re z tych zwi\u0105zk\u00f3w wynikaj\u0105. Cytuj\u0105c s\u0142owa Josepha Beuysa, interesuje mnie raczej:<\/p>\n<p>\u201e\u2026MATERIA\u0141 i w\u0142a\u015bnie transformacja SUBSTANCJI [\u2026] ni\u017c tradycyjne estetyczne rozumienie pi\u0119kna zjawisk. Je\u017celi tw\u00f3rczo\u015b\u0107 pozostaje w zwi\u0105zku z transformacj\u0105, zmian\u0105 i rozwojem substancji, to mo\u017ce dotyczy\u0107 wszystkiego w \u015bwiecie i przestaje by\u0107 ograniczona jedynie do sztuki.\u201d<\/p>\n","protected":false},"excerpt":{"rendered":"<p>W moich pracach zwracam wi\u0119c uwag\u0119 na proces &#8211; wskazuj\u0119 obszary, w kt\u00f3rych szeroko rozumiane ZACHOWANIE ma szans\u0119 uwypukli\u0107 sw\u00f3j jednostkowy sens, staj\u0105c si\u0119 przez to bardzo konkretne i uniwersalne zarazem. Pos\u0142uguj\u0119 si\u0119, z regu\u0142y, do\u015b\u0107 prostymi \u015brodkami, kt\u00f3re jednak zebrane i zorganizowane wobec konkretnego kontekstu potrafi\u0105 dzia\u0142a\u0107 wielop\u0142aszczyznowo. \u017byjemy w rzeczywisto\u015bci ogarni\u0119tej przez nowe [&hellip;]<\/p>\n","protected":false},"author":1,"featured_media":0,"parent":27,"menu_order":0,"comment_status":"closed","ping_status":"open","template":"","meta":{"footnotes":""},"class_list":["post-41","page","type-page","status-publish","hentry"],"_links":{"self":[{"href":"https:\/\/tomaszdrewicz.art.pl\/pl\/index.php?rest_route=\/wp\/v2\/pages\/41","targetHints":{"allow":["GET"]}}],"collection":[{"href":"https:\/\/tomaszdrewicz.art.pl\/pl\/index.php?rest_route=\/wp\/v2\/pages"}],"about":[{"href":"https:\/\/tomaszdrewicz.art.pl\/pl\/index.php?rest_route=\/wp\/v2\/types\/page"}],"author":[{"embeddable":true,"href":"https:\/\/tomaszdrewicz.art.pl\/pl\/index.php?rest_route=\/wp\/v2\/users\/1"}],"replies":[{"embeddable":true,"href":"https:\/\/tomaszdrewicz.art.pl\/pl\/index.php?rest_route=%2Fwp%2Fv2%2Fcomments&post=41"}],"version-history":[{"count":4,"href":"https:\/\/tomaszdrewicz.art.pl\/pl\/index.php?rest_route=\/wp\/v2\/pages\/41\/revisions"}],"predecessor-version":[{"id":937,"href":"https:\/\/tomaszdrewicz.art.pl\/pl\/index.php?rest_route=\/wp\/v2\/pages\/41\/revisions\/937"}],"up":[{"embeddable":true,"href":"https:\/\/tomaszdrewicz.art.pl\/pl\/index.php?rest_route=\/wp\/v2\/pages\/27"}],"wp:attachment":[{"href":"https:\/\/tomaszdrewicz.art.pl\/pl\/index.php?rest_route=%2Fwp%2Fv2%2Fmedia&parent=41"}],"curies":[{"name":"wp","href":"https:\/\/api.w.org\/{rel}","templated":true}]}}