{"id":43,"date":"2014-03-19T07:57:35","date_gmt":"2014-03-19T06:57:35","guid":{"rendered":"http:\/\/tomaszdrewicz.art.pl\/?page_id=43"},"modified":"2019-11-16T07:08:35","modified_gmt":"2019-11-16T06:08:35","slug":"48-2","status":"publish","type":"page","link":"https:\/\/tomaszdrewicz.art.pl\/pl\/?page_id=43","title":{"rendered":"(+48)"},"content":{"rendered":"<p><strong>praca z cyklu \u201eKomunikacja wizualna\u201d<\/strong><br \/>\n(instalacja interaktywna: fotografie, sieci telefonii stacjonarnej i kom\u00f3rkowej)<br \/>\nprojekt wieloletni zapocz\u0105tkowany w roku 2011<\/p>\n<p><a href=\"http:\/\/tomaszdrewicz.art.pl\/pl\/wp-content\/uploads\/2014\/03\/Tomasz-Drewicz-+48-c.jpg\"><img loading=\"lazy\" decoding=\"async\" src=\"http:\/\/tomaszdrewicz.art.pl\/pl\/wp-content\/uploads\/2014\/03\/Tomasz-Drewicz-+48-c-1024x768.jpg\" alt=\"Tomasz Drewicz - (+48) c\" width=\"625\" height=\"468\" \/><\/a><\/p>\n<p>Jeszcze w 2010 roku, w Polsce dzia\u0142a\u0142o a\u017c 45 tysi\u0119cy budek telefonicznych. Cz\u0119\u015b\u0107 z nich nie by\u0142a jednak u\u017cywana &#8211; z powodu rozwoju us\u0142ug mobilnych lub te\u017c kiepskiej lokalizacji. Rok p\u00f3\u017aniej wygas\u0142a decyzja Urz\u0119du Komunikacji Elektronicznej, zgodnie z kt\u00f3r\u0105 Telekomunikacja Polska mia\u0142a obowi\u0105zek utrzymywa\u0107 budki telefoniczne. Zacz\u0119to wi\u0119c je wycofywa\u0107. Od marca 2013 roku znikn\u0119\u0142o kolejne 4 tysi\u0105ce budek &#8211; na chwil\u0119 obecn\u0105 mo\u017cna znale\u017a\u0107 nieco ponad 15 tysi\u0119cy automat\u00f3w na kart\u0119, z kt\u00f3rych w kolejnych miesi\u0105cach kolejne mog\u0105 znikn\u0105\u0107.<\/p>\n<p>Ten proces spo\u0142ecznego wykluczania wydaje si\u0119 by\u0107 nie do zatrzymania.<\/p>\n<p><!--more--><\/p>\n<p><a href=\"http:\/\/tomaszdrewicz.art.pl\/pl\/wp-content\/uploads\/2014\/03\/Tomasz-Drewicz-+48-a.jpg\"><img loading=\"lazy\" decoding=\"async\" src=\"http:\/\/tomaszdrewicz.art.pl\/pl\/wp-content\/uploads\/2014\/03\/Tomasz-Drewicz-+48-a-1024x768.jpg\" alt=\"Tomasz Drewicz - (+48) a\" width=\"625\" height=\"468\" \/><\/a>\u00a0 <a href=\"http:\/\/tomaszdrewicz.art.pl\/pl\/wp-content\/uploads\/2014\/03\/budka-w-Poznaniu-9-61-804-59-05.jpg\"><img loading=\"lazy\" decoding=\"async\" src=\"http:\/\/tomaszdrewicz.art.pl\/pl\/wp-content\/uploads\/2014\/03\/budka-w-Poznaniu-9-61-804-59-05-725x1024.jpg\" alt=\"budka w Poznaniu 9 - (61) 804 59 05\" width=\"625\" height=\"882\" \/><\/a><\/p>\n<p><a href=\"http:\/\/tomaszdrewicz.art.pl\/pl\/wp-content\/uploads\/2014\/03\/ja-+48-604-560-410.jpg\"><img loading=\"lazy\" decoding=\"async\" src=\"http:\/\/tomaszdrewicz.art.pl\/pl\/wp-content\/uploads\/2014\/03\/ja-+48-604-560-410-768x1024.jpg\" alt=\"ja - (+48) 604 560 410\" width=\"625\" height=\"833\" \/><\/a><\/p>\n","protected":false},"excerpt":{"rendered":"<p>praca z cyklu \u201eKomunikacja wizualna\u201d (instalacja interaktywna: fotografie, sieci telefonii stacjonarnej i kom\u00f3rkowej) projekt wieloletni zapocz\u0105tkowany w roku 2011 Jeszcze w 2010 roku, w Polsce dzia\u0142a\u0142o a\u017c 45 tysi\u0119cy budek telefonicznych. Cz\u0119\u015b\u0107 z nich nie by\u0142a jednak u\u017cywana &#8211; z powodu rozwoju us\u0142ug mobilnych lub te\u017c kiepskiej lokalizacji. Rok p\u00f3\u017aniej wygas\u0142a decyzja Urz\u0119du Komunikacji Elektronicznej, [&hellip;]<\/p>\n","protected":false},"author":1,"featured_media":0,"parent":41,"menu_order":0,"comment_status":"open","ping_status":"open","template":"","meta":{"footnotes":""},"class_list":["post-43","page","type-page","status-publish","hentry"],"_links":{"self":[{"href":"https:\/\/tomaszdrewicz.art.pl\/pl\/index.php?rest_route=\/wp\/v2\/pages\/43","targetHints":{"allow":["GET"]}}],"collection":[{"href":"https:\/\/tomaszdrewicz.art.pl\/pl\/index.php?rest_route=\/wp\/v2\/pages"}],"about":[{"href":"https:\/\/tomaszdrewicz.art.pl\/pl\/index.php?rest_route=\/wp\/v2\/types\/page"}],"author":[{"embeddable":true,"href":"https:\/\/tomaszdrewicz.art.pl\/pl\/index.php?rest_route=\/wp\/v2\/users\/1"}],"replies":[{"embeddable":true,"href":"https:\/\/tomaszdrewicz.art.pl\/pl\/index.php?rest_route=%2Fwp%2Fv2%2Fcomments&post=43"}],"version-history":[{"count":1,"href":"https:\/\/tomaszdrewicz.art.pl\/pl\/index.php?rest_route=\/wp\/v2\/pages\/43\/revisions"}],"predecessor-version":[{"id":895,"href":"https:\/\/tomaszdrewicz.art.pl\/pl\/index.php?rest_route=\/wp\/v2\/pages\/43\/revisions\/895"}],"up":[{"embeddable":true,"href":"https:\/\/tomaszdrewicz.art.pl\/pl\/index.php?rest_route=\/wp\/v2\/pages\/41"}],"wp:attachment":[{"href":"https:\/\/tomaszdrewicz.art.pl\/pl\/index.php?rest_route=%2Fwp%2Fv2%2Fmedia&parent=43"}],"curies":[{"name":"wp","href":"https:\/\/api.w.org\/{rel}","templated":true}]}}