{"id":465,"date":"2015-05-24T19:13:56","date_gmt":"2015-05-24T17:13:56","guid":{"rendered":"http:\/\/tomaszdrewicz.art.pl\/?page_id=465"},"modified":"2019-11-16T07:00:46","modified_gmt":"2019-11-16T06:00:46","slug":"forget-me","status":"publish","type":"page","link":"https:\/\/tomaszdrewicz.art.pl\/pl\/?page_id=465","title":{"rendered":"Forget Me (Zapomnij Mnie)"},"content":{"rendered":"<p>(instalacja \u2013 technika mieszana: drewno, szk\u0142o, tablica korkowa, papier)<br \/>\nrok produkcji: 2015<\/p>\n<p>Poni\u017cej dokumentacja z wystawy &#8222;Off the record \/ Poza protoko\u0142em&#8221; w UP Gallery, Berlin\u00a02015<\/p>\n<p><a href=\"http:\/\/tomaszdrewicz.art.pl\/pl\/wp-content\/uploads\/2015\/05\/POZA-PROTOKO\u0141EM_OFF_THE_RECORD_UP_GALLERY_BERLIN_201547.jpg\"><img loading=\"lazy\" decoding=\"async\" class=\"alignnone size-large wp-image-466\" src=\"http:\/\/tomaszdrewicz.art.pl\/pl\/wp-content\/uploads\/2015\/05\/POZA-PROTOKO\u0141EM_OFF_THE_RECORD_UP_GALLERY_BERLIN_201547-683x1024.jpg\" alt=\"POZA PROTOKO\u0141EM_OFF_THE_RECORD_UP_GALLERY_BERLIN_201547\" width=\"625\" height=\"937\" \/><\/a><\/p>\n<p><a href=\"http:\/\/tomaszdrewicz.art.pl\/pl\/wp-content\/uploads\/2015\/05\/POZA-PROTOKO\u0141EM_OFF_THE_RECORD_UP_GALLERY_BERLIN_201548.jpg\"><img loading=\"lazy\" decoding=\"async\" class=\"alignnone size-large wp-image-467\" src=\"http:\/\/tomaszdrewicz.art.pl\/pl\/wp-content\/uploads\/2015\/05\/POZA-PROTOKO\u0141EM_OFF_THE_RECORD_UP_GALLERY_BERLIN_201548-1024x683.jpg\" alt=\"POZA PROTOKO\u0141EM_OFF_THE_RECORD_UP_GALLERY_BERLIN_201548\" width=\"625\" height=\"417\" \/><\/a><\/p>\n<p>&#8222;W zegarach s\u0142onecznych cie\u0144 pozostaje nieruchomy &#8211; to zegar si\u0119 obraca&#8221; G. Ch. Lichtenberg<\/p>\n<p><a href=\"http:\/\/tomaszdrewicz.art.pl\/pl\/wp-content\/uploads\/2015\/05\/POZA-PROTOKO\u0141EM_OFF_THE_RECORD_UP_GALLERY_BERLIN_201550.jpg\"><img loading=\"lazy\" decoding=\"async\" class=\"alignnone size-large wp-image-469\" src=\"http:\/\/tomaszdrewicz.art.pl\/pl\/wp-content\/uploads\/2015\/05\/POZA-PROTOKO\u0141EM_OFF_THE_RECORD_UP_GALLERY_BERLIN_201550-683x1024.jpg\" alt=\"POZA PROTOKO\u0141EM_OFF_THE_RECORD_UP_GALLERY_BERLIN_201550\" width=\"625\" height=\"937\" \/><\/a><\/p>\n<p><a href=\"http:\/\/tomaszdrewicz.art.pl\/pl\/wp-content\/uploads\/2015\/05\/POZA-PROTOKO\u0141EM_OFF_THE_RECORD_UP_GALLERY_BERLIN_201551.jpg\"><img loading=\"lazy\" decoding=\"async\" class=\"alignnone size-large wp-image-470\" src=\"http:\/\/tomaszdrewicz.art.pl\/pl\/wp-content\/uploads\/2015\/05\/POZA-PROTOKO\u0141EM_OFF_THE_RECORD_UP_GALLERY_BERLIN_201551-683x1024.jpg\" alt=\"POZA PROTOKO\u0141EM_OFF_THE_RECORD_UP_GALLERY_BERLIN_201551\" width=\"625\" height=\"937\" \/><\/a><\/p>\n<p><a href=\"http:\/\/tomaszdrewicz.art.pl\/pl\/wp-content\/uploads\/2015\/05\/POZA-PROTOKO\u0141EM_OFF_THE_RECORD_UP_GALLERY_BERLIN_201552.jpg\"><img loading=\"lazy\" decoding=\"async\" class=\"alignnone size-large wp-image-471\" src=\"http:\/\/tomaszdrewicz.art.pl\/pl\/wp-content\/uploads\/2015\/05\/POZA-PROTOKO\u0141EM_OFF_THE_RECORD_UP_GALLERY_BERLIN_201552-683x1024.jpg\" alt=\"POZA PROTOKO\u0141EM_OFF_THE_RECORD_UP_GALLERY_BERLIN_201552\" width=\"625\" height=\"937\" \/><\/a><\/p>\n<p><a href=\"http:\/\/tomaszdrewicz.art.pl\/pl\/wp-content\/uploads\/2015\/05\/POZA-PROTOKO\u0141EM_OFF_THE_RECORD_UP_GALLERY_BERLIN_201567.jpg\"><img loading=\"lazy\" decoding=\"async\" class=\"alignnone size-large wp-image-472\" src=\"http:\/\/tomaszdrewicz.art.pl\/pl\/wp-content\/uploads\/2015\/05\/POZA-PROTOKO\u0141EM_OFF_THE_RECORD_UP_GALLERY_BERLIN_201567-683x1024.jpg\" alt=\"POZA PROTOKO\u0141EM_OFF_THE_RECORD_UP_GALLERY_BERLIN_201567\" width=\"625\" height=\"937\" \/><\/a><\/p>\n<p><a href=\"http:\/\/tomaszdrewicz.art.pl\/pl\/wp-content\/uploads\/2015\/05\/POZA-PROTOKO\u0141EM_OFF_THE_RECORD_UP_GALLERY_BERLIN_201573.jpg\"><img loading=\"lazy\" decoding=\"async\" class=\"alignnone size-large wp-image-473\" src=\"http:\/\/tomaszdrewicz.art.pl\/pl\/wp-content\/uploads\/2015\/05\/POZA-PROTOKO\u0141EM_OFF_THE_RECORD_UP_GALLERY_BERLIN_201573-683x1024.jpg\" alt=\"POZA PROTOKO\u0141EM_OFF_THE_RECORD_UP_GALLERY_BERLIN_201573\" width=\"625\" height=\"937\" \/><\/a><\/p>\n","protected":false},"excerpt":{"rendered":"<p>(instalacja \u2013 technika mieszana: drewno, szk\u0142o, tablica korkowa, papier) rok produkcji: 2015 Poni\u017cej dokumentacja z wystawy &#8222;Off the record \/ Poza protoko\u0142em&#8221; w UP Gallery, Berlin\u00a02015 &#8222;W zegarach s\u0142onecznych cie\u0144 pozostaje nieruchomy &#8211; to zegar si\u0119 obraca&#8221; G. Ch. Lichtenberg<\/p>\n","protected":false},"author":1,"featured_media":0,"parent":41,"menu_order":0,"comment_status":"closed","ping_status":"closed","template":"","meta":{"footnotes":""},"class_list":["post-465","page","type-page","status-publish","hentry"],"_links":{"self":[{"href":"https:\/\/tomaszdrewicz.art.pl\/pl\/index.php?rest_route=\/wp\/v2\/pages\/465","targetHints":{"allow":["GET"]}}],"collection":[{"href":"https:\/\/tomaszdrewicz.art.pl\/pl\/index.php?rest_route=\/wp\/v2\/pages"}],"about":[{"href":"https:\/\/tomaszdrewicz.art.pl\/pl\/index.php?rest_route=\/wp\/v2\/types\/page"}],"author":[{"embeddable":true,"href":"https:\/\/tomaszdrewicz.art.pl\/pl\/index.php?rest_route=\/wp\/v2\/users\/1"}],"replies":[{"embeddable":true,"href":"https:\/\/tomaszdrewicz.art.pl\/pl\/index.php?rest_route=%2Fwp%2Fv2%2Fcomments&post=465"}],"version-history":[{"count":3,"href":"https:\/\/tomaszdrewicz.art.pl\/pl\/index.php?rest_route=\/wp\/v2\/pages\/465\/revisions"}],"predecessor-version":[{"id":881,"href":"https:\/\/tomaszdrewicz.art.pl\/pl\/index.php?rest_route=\/wp\/v2\/pages\/465\/revisions\/881"}],"up":[{"embeddable":true,"href":"https:\/\/tomaszdrewicz.art.pl\/pl\/index.php?rest_route=\/wp\/v2\/pages\/41"}],"wp:attachment":[{"href":"https:\/\/tomaszdrewicz.art.pl\/pl\/index.php?rest_route=%2Fwp%2Fv2%2Fmedia&parent=465"}],"curies":[{"name":"wp","href":"https:\/\/api.w.org\/{rel}","templated":true}]}}