{"id":505,"date":"2015-12-31T12:14:34","date_gmt":"2015-12-31T11:14:34","guid":{"rendered":"http:\/\/tomaszdrewicz.art.pl\/?page_id=505"},"modified":"2019-11-16T07:09:16","modified_gmt":"2019-11-16T06:09:16","slug":"kazda-czern-kiedys-przemija","status":"publish","type":"page","link":"https:\/\/tomaszdrewicz.art.pl\/pl\/?page_id=505","title":{"rendered":"Ka\u017cda czer\u0144 kiedy\u015b przemija"},"content":{"rendered":"<p>(instalacja multimedialna &#8211; technika w\u0142asna: p\u0142yta OSB, szk\u0142o, projekcja multimedialna)<br \/>\nrok produkcji: 2015<\/p>\n<p>Poni\u017cej dokumentacja z wystawy<b>\u00a0\u201eObiekt a instalacja\u201d<\/b>, zrealizowanej na<b>\u00a0<\/b>Og\u00f3lnopolskim Przegl\u0105dzie\u00a0Sztuki Wsp\u00f3\u0142czesnej FORMA\u00a0w\u00a0Rawiczu<\/p>\n<p><a href=\"http:\/\/tomaszdrewicz.art.pl\/pl\/wp-content\/uploads\/2015\/12\/Tomasz_Drewicz-Ka\u017cda_czer\u0144_kiedy\u015b_przemija_02.jpg\" rel=\"attachment wp-att-508\"><img loading=\"lazy\" decoding=\"async\" class=\"alignnone size-large wp-image-508\" src=\"http:\/\/tomaszdrewicz.art.pl\/pl\/wp-content\/uploads\/2015\/12\/Tomasz_Drewicz-Ka\u017cda_czer\u0144_kiedy\u015b_przemija_02-797x1024.jpg\" alt=\"Tomasz_Drewicz-Ka\u017cda_czer\u0144_kiedy\u015b_przemija_02\" width=\"625\" height=\"803\" \/><\/a><\/p>\n<p><a href=\"http:\/\/tomaszdrewicz.art.pl\/pl\/wp-content\/uploads\/2015\/12\/Tomasz_Drewicz-Ka\u017cda_czer\u0144_kiedy\u015b_przemija_01.jpg\" rel=\"attachment wp-att-506\"><img loading=\"lazy\" decoding=\"async\" class=\"alignnone size-large wp-image-506\" src=\"http:\/\/tomaszdrewicz.art.pl\/pl\/wp-content\/uploads\/2015\/12\/Tomasz_Drewicz-Ka\u017cda_czer\u0144_kiedy\u015b_przemija_01-1024x683.jpg\" alt=\"Tomasz_Drewicz-Ka\u017cda_czer\u0144_kiedy\u015b_przemija_01\" width=\"625\" height=\"417\" \/><\/a><\/p>\n","protected":false},"excerpt":{"rendered":"<p>(instalacja multimedialna &#8211; technika w\u0142asna: p\u0142yta OSB, szk\u0142o, projekcja multimedialna) rok produkcji: 2015 Poni\u017cej dokumentacja z wystawy\u00a0\u201eObiekt a instalacja\u201d, zrealizowanej na\u00a0Og\u00f3lnopolskim Przegl\u0105dzie\u00a0Sztuki Wsp\u00f3\u0142czesnej FORMA\u00a0w\u00a0Rawiczu<\/p>\n","protected":false},"author":1,"featured_media":0,"parent":41,"menu_order":0,"comment_status":"closed","ping_status":"closed","template":"","meta":{"footnotes":""},"class_list":["post-505","page","type-page","status-publish","hentry"],"_links":{"self":[{"href":"https:\/\/tomaszdrewicz.art.pl\/pl\/index.php?rest_route=\/wp\/v2\/pages\/505","targetHints":{"allow":["GET"]}}],"collection":[{"href":"https:\/\/tomaszdrewicz.art.pl\/pl\/index.php?rest_route=\/wp\/v2\/pages"}],"about":[{"href":"https:\/\/tomaszdrewicz.art.pl\/pl\/index.php?rest_route=\/wp\/v2\/types\/page"}],"author":[{"embeddable":true,"href":"https:\/\/tomaszdrewicz.art.pl\/pl\/index.php?rest_route=\/wp\/v2\/users\/1"}],"replies":[{"embeddable":true,"href":"https:\/\/tomaszdrewicz.art.pl\/pl\/index.php?rest_route=%2Fwp%2Fv2%2Fcomments&post=505"}],"version-history":[{"count":1,"href":"https:\/\/tomaszdrewicz.art.pl\/pl\/index.php?rest_route=\/wp\/v2\/pages\/505\/revisions"}],"predecessor-version":[{"id":898,"href":"https:\/\/tomaszdrewicz.art.pl\/pl\/index.php?rest_route=\/wp\/v2\/pages\/505\/revisions\/898"}],"up":[{"embeddable":true,"href":"https:\/\/tomaszdrewicz.art.pl\/pl\/index.php?rest_route=\/wp\/v2\/pages\/41"}],"wp:attachment":[{"href":"https:\/\/tomaszdrewicz.art.pl\/pl\/index.php?rest_route=%2Fwp%2Fv2%2Fmedia&parent=505"}],"curies":[{"name":"wp","href":"https:\/\/api.w.org\/{rel}","templated":true}]}}