{"id":553,"date":"2016-10-28T12:28:20","date_gmt":"2016-10-28T10:28:20","guid":{"rendered":"http:\/\/tomaszdrewicz.art.pl\/?page_id=553"},"modified":"2019-11-16T07:10:09","modified_gmt":"2019-11-16T06:10:09","slug":"mandatum","status":"publish","type":"page","link":"https:\/\/tomaszdrewicz.art.pl\/pl\/?page_id=553","title":{"rendered":"Mandatum"},"content":{"rendered":"<p>(dzia\u0142anie podczas wernisa\u017cu wystawy <a href=\"http:\/\/tomaszdrewicz.art.pl\/pl\/?page_id=385\">&#8222;Zaraz wracam&#8221;<\/a>, Galeria AT, Pozna\u0144)<br \/>\nRok produkcji: 2015<br \/>\n<iframe loading=\"lazy\" src=\"https:\/\/www.youtube.com\/embed\/k7M9ka6Yd0M\" width=\"560\" height=\"315\" frameborder=\"0\" allowfullscreen=\"allowfullscreen\"><\/iframe><\/p>\n","protected":false},"excerpt":{"rendered":"<p>(dzia\u0142anie podczas wernisa\u017cu wystawy &#8222;Zaraz wracam&#8221;, Galeria AT, Pozna\u0144) Rok produkcji: 2015<\/p>\n","protected":false},"author":1,"featured_media":0,"parent":103,"menu_order":0,"comment_status":"closed","ping_status":"closed","template":"","meta":{"footnotes":""},"class_list":["post-553","page","type-page","status-publish","hentry"],"_links":{"self":[{"href":"https:\/\/tomaszdrewicz.art.pl\/pl\/index.php?rest_route=\/wp\/v2\/pages\/553","targetHints":{"allow":["GET"]}}],"collection":[{"href":"https:\/\/tomaszdrewicz.art.pl\/pl\/index.php?rest_route=\/wp\/v2\/pages"}],"about":[{"href":"https:\/\/tomaszdrewicz.art.pl\/pl\/index.php?rest_route=\/wp\/v2\/types\/page"}],"author":[{"embeddable":true,"href":"https:\/\/tomaszdrewicz.art.pl\/pl\/index.php?rest_route=\/wp\/v2\/users\/1"}],"replies":[{"embeddable":true,"href":"https:\/\/tomaszdrewicz.art.pl\/pl\/index.php?rest_route=%2Fwp%2Fv2%2Fcomments&post=553"}],"version-history":[{"count":3,"href":"https:\/\/tomaszdrewicz.art.pl\/pl\/index.php?rest_route=\/wp\/v2\/pages\/553\/revisions"}],"predecessor-version":[{"id":900,"href":"https:\/\/tomaszdrewicz.art.pl\/pl\/index.php?rest_route=\/wp\/v2\/pages\/553\/revisions\/900"}],"up":[{"embeddable":true,"href":"https:\/\/tomaszdrewicz.art.pl\/pl\/index.php?rest_route=\/wp\/v2\/pages\/103"}],"wp:attachment":[{"href":"https:\/\/tomaszdrewicz.art.pl\/pl\/index.php?rest_route=%2Fwp%2Fv2%2Fmedia&parent=553"}],"curies":[{"name":"wp","href":"https:\/\/api.w.org\/{rel}","templated":true}]}}