{"id":56,"date":"2014-03-19T08:19:22","date_gmt":"2014-03-19T07:19:22","guid":{"rendered":"http:\/\/tomaszdrewicz.art.pl\/?page_id=56"},"modified":"2019-11-16T07:07:23","modified_gmt":"2019-11-16T06:07:23","slug":"dyby","status":"publish","type":"page","link":"https:\/\/tomaszdrewicz.art.pl\/pl\/?page_id=56","title":{"rendered":"Dyby"},"content":{"rendered":"<p><a href=\"http:\/\/tomaszdrewicz.art.pl\/pl\/wp-content\/uploads\/2014\/03\/Tomasz-Drewicz-Dyby.jpg\"><img loading=\"lazy\" decoding=\"async\" class=\"alignnone  wp-image-58\" src=\"http:\/\/tomaszdrewicz.art.pl\/pl\/wp-content\/uploads\/2014\/03\/Tomasz-Drewicz-Dyby-1024x255.jpg\" alt=\"Tomasz Drewicz - Dyby\" width=\"625\" height=\"155\" \/><\/a><\/p>\n<p><strong>1.<\/strong>( fotografia &#8211;\u00a0 wydruk cyfrowy, wymiary: 160 x 40 cm)<br \/>\nRok produkcji: 2011<\/p>\n<p><strong>2.<\/strong> (instalacja rze\u017abiarska \u2013 styropian, g\u0142ad\u017a szpachlowa, przestrze\u0144 wystawiennicza galerii)<br \/>\nwym. Oko\u0142o 500cm x 200cm x 150cm)<br \/>\nprojekt dyplomowy zrealizowany w Galerii PRZYCHODNIA w Akademickim Centrum Kultury Eskulap w Poznaniu<\/p>\n<p>Instalacja sk\u0142ada si\u0119 z prostopad\u0142o\u015bciennych, bia\u0142ych modu\u0142\u00f3w o r\u00f3\u017cnych wymiarach. Na obiektach naniesiony jest czarny wz\u00f3r w postaci linii i plam, kt\u00f3re z pewnej odleg\u0142o\u015bci \u201e\u0142\u0105cz\u0105 si\u0119\u201d tworz\u0105c iluzj\u0119 dwuwymiarowo\u015bci. Uzyskany w ten spos\u00f3b obraz jest uproszczon\u0105 form\u0105 interfejsu wykorzystywanego w grach komputerowych typu FPS (\u201eFirst Person Shooter\u201d). Dodatkowo naniesiony na obiekty \u201etynk\u201d zosta\u0142 w pewnych miejscach usuni\u0119ty\u2026<\/p>\n<p>Zbudowana ekspozycja wykorzystywa\u0142a specyficzne warunki pomieszczenia galerii. Jedna ze \u015bcian powierzchni wystawienniczej jest zbudowana ze szklanych tafli, w kt\u00f3rych tworzy\u0142o si\u0119 lustrzane odbicie zbudowanej instalacji. Na szybach naklejone zosta\u0142y odpady tynku. Sytuacja zbudowana by\u0142a w taki spos\u00f3b aby odbiorca stoj\u0105cy w wyznaczonym miejscu m\u00f3g\u0142 jednocze\u015bnie zobaczy\u0107 iluzj\u0119 dwuwymiarowo\u015bci instalacji oraz dopasowa\u0107 naklejone skrawki tynku do ubytk\u00f3w widocznych w szklanym odbiciu.<\/p>\n<p>Patrz\u0105c od strony wej\u015bcia do galerii, naklejone na szyby skrawki staj\u0105 si\u0119 czarne i razem z konstrukcj\u0105 ramow\u0105 \u201eszklanej \u015bciany\u201d wchodz\u0105 w gr\u0119 z umieszczon\u0105 wewn\u0105trz instalacj\u0105 dodaj\u0105c linii i plam na wzorze jednocze\u015bnie kadruj\u0105c jej elementy\u2026<\/p>\n<p><!--more--><\/p>\n<p><a href=\"http:\/\/tomaszdrewicz.art.pl\/pl\/wp-content\/uploads\/2014\/03\/Tomasz-Drewicz-Dyby-szczegol-3.jpg\"><img loading=\"lazy\" decoding=\"async\" class=\"alignnone size-large wp-image-57\" src=\"http:\/\/tomaszdrewicz.art.pl\/pl\/wp-content\/uploads\/2014\/03\/Tomasz-Drewicz-Dyby-szczegol-3-1024x648.jpg\" alt=\"Tomasz Drewicz - Dyby (szczegol 3)\" width=\"625\" height=\"395\" \/><\/a>\u00a0 <a href=\"http:\/\/tomaszdrewicz.art.pl\/pl\/wp-content\/uploads\/2014\/03\/Tomasz-Drewicz-Dyby-szczegol-1.jpg\"><img loading=\"lazy\" decoding=\"async\" class=\"alignnone  wp-image-59\" src=\"http:\/\/tomaszdrewicz.art.pl\/pl\/wp-content\/uploads\/2014\/03\/Tomasz-Drewicz-Dyby-szczegol-1-1024x648.jpg\" alt=\"Tomasz Drewicz - Dyby (szczegol 1)\" width=\"625\" height=\"395\" \/><\/a><\/p>\n<p><a href=\"http:\/\/tomaszdrewicz.art.pl\/pl\/wp-content\/uploads\/2014\/03\/Tomasz-Drewicz-Dyby-szczegol-2.jpg\"><img loading=\"lazy\" decoding=\"async\" class=\"alignnone size-large wp-image-60\" src=\"http:\/\/tomaszdrewicz.art.pl\/pl\/wp-content\/uploads\/2014\/03\/Tomasz-Drewicz-Dyby-szczegol-2-1024x648.jpg\" alt=\"Tomasz Drewicz - Dyby (szczegol 2)\" width=\"625\" height=\"395\" \/><\/a><\/p>\n","protected":false},"excerpt":{"rendered":"<p>1.( fotografia &#8211;\u00a0 wydruk cyfrowy, wymiary: 160 x 40 cm) Rok produkcji: 2011 2. (instalacja rze\u017abiarska \u2013 styropian, g\u0142ad\u017a szpachlowa, przestrze\u0144 wystawiennicza galerii) wym. Oko\u0142o 500cm x 200cm x 150cm) projekt dyplomowy zrealizowany w Galerii PRZYCHODNIA w Akademickim Centrum Kultury Eskulap w Poznaniu Instalacja sk\u0142ada si\u0119 z prostopad\u0142o\u015bciennych, bia\u0142ych modu\u0142\u00f3w o r\u00f3\u017cnych wymiarach. Na obiektach [&hellip;]<\/p>\n","protected":false},"author":1,"featured_media":0,"parent":41,"menu_order":0,"comment_status":"closed","ping_status":"closed","template":"","meta":{"footnotes":""},"class_list":["post-56","page","type-page","status-publish","hentry"],"_links":{"self":[{"href":"https:\/\/tomaszdrewicz.art.pl\/pl\/index.php?rest_route=\/wp\/v2\/pages\/56","targetHints":{"allow":["GET"]}}],"collection":[{"href":"https:\/\/tomaszdrewicz.art.pl\/pl\/index.php?rest_route=\/wp\/v2\/pages"}],"about":[{"href":"https:\/\/tomaszdrewicz.art.pl\/pl\/index.php?rest_route=\/wp\/v2\/types\/page"}],"author":[{"embeddable":true,"href":"https:\/\/tomaszdrewicz.art.pl\/pl\/index.php?rest_route=\/wp\/v2\/users\/1"}],"replies":[{"embeddable":true,"href":"https:\/\/tomaszdrewicz.art.pl\/pl\/index.php?rest_route=%2Fwp%2Fv2%2Fcomments&post=56"}],"version-history":[{"count":1,"href":"https:\/\/tomaszdrewicz.art.pl\/pl\/index.php?rest_route=\/wp\/v2\/pages\/56\/revisions"}],"predecessor-version":[{"id":891,"href":"https:\/\/tomaszdrewicz.art.pl\/pl\/index.php?rest_route=\/wp\/v2\/pages\/56\/revisions\/891"}],"up":[{"embeddable":true,"href":"https:\/\/tomaszdrewicz.art.pl\/pl\/index.php?rest_route=\/wp\/v2\/pages\/41"}],"wp:attachment":[{"href":"https:\/\/tomaszdrewicz.art.pl\/pl\/index.php?rest_route=%2Fwp%2Fv2%2Fmedia&parent=56"}],"curies":[{"name":"wp","href":"https:\/\/api.w.org\/{rel}","templated":true}]}}