{"id":643,"date":"2017-09-15T07:52:06","date_gmt":"2017-09-15T05:52:06","guid":{"rendered":"http:\/\/tomaszdrewicz.art.pl\/pl\/?page_id=643"},"modified":"2019-11-16T07:01:52","modified_gmt":"2019-11-16T06:01:52","slug":"home-run","status":"publish","type":"page","link":"https:\/\/tomaszdrewicz.art.pl\/pl\/?page_id=643","title":{"rendered":"HOME RUN"},"content":{"rendered":"<p><strong>Inspiracja:<\/strong> <em>\u201ePerspektywa u p o d m i o t a w i a n i a przez sztuk\u0119 zak\u0142ada dodatnie warto\u015bciowanie samego instynktu gry. To podmiot gra \u2013 cho\u0107 jest te\u017c g r a n y \u2013 i nie jest<\/em><br \/>\n<em>wa\u017cne, w jaki spos\u00f3b to robi. Pozytywna jest sama gra, kt\u00f3ra daje wolno\u015b\u0107. A skoro<\/em><br \/>\n<em>nowoczesno\u015b\u0107 da\u0142a ludziom wolno\u015b\u0107, to ludzie musz\u0105 gra\u0107, aby t\u0119 wolno\u015b\u0107 kultywowa\u0107.<\/em><br \/>\n<em>Pomys\u0142, by ka\u017cdy by\u0142 artyst\u0105 swojego \u017cycia, powo\u0142uje do istnienia now\u0105 wizj\u0119 powszechnej<\/em><br \/>\n<em>sztuki, kt\u00f3ra nie tyle jest dzia\u0142aniem polegaj\u0105cym na wytwarzaniu dzie\u0142, co powszechnym<\/em><br \/>\n<em>uczestnictwem w grze.\u201d<\/em><\/p>\n<p>Na prac\u0119 sk\u0142adaj\u0105 si\u0119 trzy du\u017ce prostopad\u0142o\u015bcienne modu\u0142y, do kt\u00f3rych przymocowane s\u0105 24 p\u0142yty o wymiarach 50 x 50 cm \u2013 wszystkie r\u00f3wnolegle do wi\u0119kszej p\u0142aszczyzny prostopad\u0142o\u015bciennego modu\u0142u lecz w r\u00f3\u017cnym stopniu oddalone od niego (patrz wizualizacje i<br \/>\nrysunki projektowe). Na p\u0142yty naniesiony jest graficzny wz\u00f3r, kt\u00f3ry skonstruowany jest w taki<br \/>\nspos\u00f3b aby patrz\u0105c z jednego, \u015bci\u015ble okre\u015blonego miejsca na boisku tr\u00f3jwymiarowa, przestrzenna instalacja \u201esk\u0142ada\u0142a si\u0119\u201d na dwuwymiarowy ekran przedstawiaj\u0105cy postacie<br \/>\nzawodnik\u00f3w:<\/p>\n<ol>\n<li><a href=\"http:\/\/tomaszdrewicz.art.pl\/pl\/?page_id=665\">Miotacza<\/a><\/li>\n<li><a href=\"http:\/\/tomaszdrewicz.art.pl\/pl\/?page_id=669\">Pa\u0142karza<\/a><\/li>\n<li><a href=\"http:\/\/tomaszdrewicz.art.pl\/pl\/?page_id=667\">\u0141apacza<\/a><\/li>\n<\/ol>\n<p>Aby w pe\u0142ni dozna\u0107 wizualno-przestrzennego aspektu tej realizacji, odbiorca zmuszony jest<br \/>\nprzeby\u0107 wyznaczon\u0105 tras\u0119 (czyli wykona\u0107 tytu\u0142owy HOME RUN) lub chocia\u017cby chaotycznie<br \/>\n\u201ezaliczy\u0107\u201d poszczeg\u00f3lne bazy boiska. Instalacja wci\u0105ga wi\u0119c widza w sw\u00f3j sens \u2013 tak<br \/>\nciele\u015bnie jak i mentalnie. Jego zachowanie jest tak samo wa\u017cne jak dok\u0142adno\u015b\u0107 wykonania<br \/>\ninstalacji czy miejsce jej ekspozycji<\/p>\n<div style=\"width: 625px;\" class=\"wp-video\"><!--[if lt IE 9]><script>document.createElement('video');<\/script><![endif]-->\n<video class=\"wp-video-shortcode\" id=\"video-643-1\" width=\"625\" height=\"352\" preload=\"metadata\" controls=\"controls\"><source type=\"video\/mp4\" src=\"http:\/\/tomaszdrewicz.art.pl\/pl\/wp-content\/uploads\/2017\/09\/home-run-ANIMACJA-POGLADOWA_1.mp4?_=1\" \/><a href=\"http:\/\/tomaszdrewicz.art.pl\/pl\/wp-content\/uploads\/2017\/09\/home-run-ANIMACJA-POGLADOWA_1.mp4\">http:\/\/tomaszdrewicz.art.pl\/pl\/wp-content\/uploads\/2017\/09\/home-run-ANIMACJA-POGLADOWA_1.mp4<\/a><\/video><\/div>\n<p>Pocz\u0105tkowo zamys\u0142em projektu by\u0142o zbudowanie jednej du\u017cej instalacji imituj\u0105cej boisko do baseballa, jednak w trakcie trwania rezydencji zdecydowa\u0142em si\u0119 zmieni\u0107 t\u0119 koncepcj\u0119. Poniewa\u017c jest to tryptyk postanowi\u0142em oddzieli\u0107 wszystkich graczy od siebie i pozostawi\u0107 dwoje z nich jako prace dedykowane dw\u00f3m instytucjom kt\u00f3re by\u0142y partnerami w tym programie (by\u0142y to: Europejski Dom Sztuki G\u00f3rnej Bawarii &#8211; Schafchoff we Freising oraz Centrum rze\u017aby Polskiej w Oro\u0144sku). Trzecia posta\u0107 z tej serii pozosta\u0142a moj\u0105 w\u0142asno\u015bci\u0105 i mo\u017ce by\u0107 dalej prezentowana na kolejnych wystawach w kraju i nie tylko b\u0119d\u0105c swoistym ambasadorem tego projektu.<\/p>\n","protected":false},"excerpt":{"rendered":"<p>Inspiracja: \u201ePerspektywa u p o d m i o t a w i a n i a przez sztuk\u0119 zak\u0142ada dodatnie warto\u015bciowanie samego instynktu gry. To podmiot gra \u2013 cho\u0107 jest te\u017c g r a n y \u2013 i nie jest wa\u017cne, w jaki spos\u00f3b to robi. Pozytywna jest sama gra, kt\u00f3ra daje wolno\u015b\u0107. A [&hellip;]<\/p>\n","protected":false},"author":1,"featured_media":0,"parent":41,"menu_order":0,"comment_status":"closed","ping_status":"closed","template":"","meta":{"footnotes":""},"class_list":["post-643","page","type-page","status-publish","hentry"],"_links":{"self":[{"href":"https:\/\/tomaszdrewicz.art.pl\/pl\/index.php?rest_route=\/wp\/v2\/pages\/643","targetHints":{"allow":["GET"]}}],"collection":[{"href":"https:\/\/tomaszdrewicz.art.pl\/pl\/index.php?rest_route=\/wp\/v2\/pages"}],"about":[{"href":"https:\/\/tomaszdrewicz.art.pl\/pl\/index.php?rest_route=\/wp\/v2\/types\/page"}],"author":[{"embeddable":true,"href":"https:\/\/tomaszdrewicz.art.pl\/pl\/index.php?rest_route=\/wp\/v2\/users\/1"}],"replies":[{"embeddable":true,"href":"https:\/\/tomaszdrewicz.art.pl\/pl\/index.php?rest_route=%2Fwp%2Fv2%2Fcomments&post=643"}],"version-history":[{"count":7,"href":"https:\/\/tomaszdrewicz.art.pl\/pl\/index.php?rest_route=\/wp\/v2\/pages\/643\/revisions"}],"predecessor-version":[{"id":883,"href":"https:\/\/tomaszdrewicz.art.pl\/pl\/index.php?rest_route=\/wp\/v2\/pages\/643\/revisions\/883"}],"up":[{"embeddable":true,"href":"https:\/\/tomaszdrewicz.art.pl\/pl\/index.php?rest_route=\/wp\/v2\/pages\/41"}],"wp:attachment":[{"href":"https:\/\/tomaszdrewicz.art.pl\/pl\/index.php?rest_route=%2Fwp%2Fv2%2Fmedia&parent=643"}],"curies":[{"name":"wp","href":"https:\/\/api.w.org\/{rel}","templated":true}]}}