{"id":65,"date":"2014-03-19T08:24:09","date_gmt":"2014-03-19T07:24:09","guid":{"rendered":"http:\/\/tomaszdrewicz.art.pl\/?page_id=65"},"modified":"2019-11-16T07:07:36","modified_gmt":"2019-11-16T06:07:36","slug":"know-body","status":"publish","type":"page","link":"https:\/\/tomaszdrewicz.art.pl\/pl\/?page_id=65","title":{"rendered":"Know-Body"},"content":{"rendered":"<p>instalacja malarska (p\u0142yty Kappa, pr\u0119ty gwintowane, drewno, farba akrylowa)<br \/>\nprojekt zrealizowany na festiwalu Survival 2009 \u2013 25-28 czerwiec 2009)<br \/>\nwym. instalacji &#8211; 460cm x 395cm x 100cm<\/p>\n<p><a href=\"http:\/\/tomaszdrewicz.art.pl\/pl\/wp-content\/uploads\/2014\/03\/Tomasz-Drewicz-Know-Body-2.jpg\"><img loading=\"lazy\" decoding=\"async\" class=\"alignnone size-large wp-image-66\" src=\"http:\/\/tomaszdrewicz.art.pl\/pl\/wp-content\/uploads\/2014\/03\/Tomasz-Drewicz-Know-Body-2-1024x680.jpg\" alt=\"Tomasz Drewicz - Know-Body 2\" width=\"625\" height=\"415\" \/><\/a><\/p>\n<p>Instalacja sk\u0142ada si\u0119 z 42 p\u0142yt. P\u0142yty s\u0105 ustawione r\u00f3wnolegle do \u015bciany niczym puzzle nachodz\u0105c na siebie bokami po 5cm z ka\u017cdej strony. S\u0105 jednak w r\u00f3\u017cnym stopniu oddalone od \u015bciany zatem nie tworz\u0105 jednolitej p\u0142aszczyzny. Na p\u0142yty zrzucony zostaje graficzny wizerunek profilu twarzy. Patrz\u0105c z jednego miejsca, (ustawiaj\u0105c si\u0119 na wprost p\u0142yt oddalony o oko\u0142o 5m) wizerunek sk\u0142ada si\u0119 w ca\u0142o\u015b\u0107.\u00a0 Z\u0142udzenie dwuwymiarowej p\u0142aszczyzny jest widoczne tylko z tego jednego punktu. W ka\u017cdym innym miejscu sali ekspozycyjnej p\u0142yty a razem z nimi zrzucony wizerunek &#8222;rozje\u017cd\u017caj\u0105 si\u0119&#8221; ukazuj\u0105c faktyczn\u0105 tr\u00f3jwymiarowo\u015b\u0107 instalacji. Instalacja jest usztywniana drewnianym \u017cebrowaniem<\/p>\n<p><a href=\"http:\/\/tomaszdrewicz.art.pl\/pl\/wp-content\/uploads\/2014\/03\/Tomasz-Drewicz-Know-Body-3.jpg\"><img loading=\"lazy\" decoding=\"async\" class=\"alignnone size-large wp-image-67\" src=\"http:\/\/tomaszdrewicz.art.pl\/pl\/wp-content\/uploads\/2014\/03\/Tomasz-Drewicz-Know-Body-3-1024x680.jpg\" alt=\"Tomasz Drewicz - Know-Body 3\" width=\"625\" height=\"415\" \/><\/a><\/p>\n<p>W pracy tej podejmuj\u0119 zagadnienia zwi\u0105zane z szeroko rozumian\u0105 ekranologi\u0105, postrzeganiem rzeczywisto\u015bci oraz funkcjonowaniem jednostki we wsp\u00f3\u0142czesnym \u201e\u015bwiecie ekran\u00f3w\u201d. Ekran jest narz\u0119dziem, kt\u00f3re daje szans\u0119 (jak r\u00f3wnie\u017c stwarza niebezpiecze\u0144stwo) na przedstawienie w tym, co widzialne tego, co nieobecne\u2026 (pozwala przedstawi\u0107 w rzeczywisto\u015bci faktycznie istniej\u0105cej \u201erzeczywisto\u015b\u0107 potencjaln\u0105\u201d). Medializacja bycia prowadzi do zanikania bycia faktycznego i rozpowszechniania bycia poprzez medium ekranu, niezale\u017cnie od tego czy b\u0119dzie to ekran telewizora, komputerowego monitora, czy te\u017c ekranik telefonu kom\u00f3rkowego. Nast\u0119puje stopniowe budowanie nowych form reprezentacji bytu i jego przeniesienia do przestrzeni ekranu. Ucieczka od w\u0142asnej cielesno\u015bci\/materialno\u015bci\u2026 sami bowiem stajemy si\u0119 informacj\u0105, a w rezultacie stajemy si\u0119 medium.<\/p>\n<p><a href=\"http:\/\/tomaszdrewicz.art.pl\/pl\/wp-content\/uploads\/2014\/03\/Tomasz-Drewicz-Know-Body-4.jpg\"><img loading=\"lazy\" decoding=\"async\" class=\"alignnone size-large wp-image-68\" src=\"http:\/\/tomaszdrewicz.art.pl\/pl\/wp-content\/uploads\/2014\/03\/Tomasz-Drewicz-Know-Body-4-1024x680.jpg\" alt=\"Tomasz Drewicz - Know-Body 4\" width=\"625\" height=\"415\" \/><\/a><\/p>\n<p><i>\u00a0\u201eJego monumentalny, modu\u0142owy obraz otwarcie igra\u0142 z percepcj\u0105, uk\u0142adaj\u0105c si\u0119 w raz mniej, raz bardziej czytelny portret everymana. Podniesiony przez autora w\u0105tek zwielokrotniania obrazu, nawarstwiania i kopiowania, ujawni\u0142 si\u0119 szczeg\u00f3lnie wyrazi\u015bcie w zderzeniu z pot\u0119\u017cn\u0105 po\u0142aci\u0105 ogo\u0142acanych i niszczej\u0105cych przez dekady \u015bcian.\u201d<\/i><\/p>\n<p><i>Fragment z tekstu: \u201e<\/i><strong>Nie tkwi\u0107 w dniu ani w miejscu\u2026 O SURVIVALU 7\u201d Micha\u0142 Bieniek i Anna Ko\u0142odziejczyk \u2013 kuratorzy g\u0142\u00f3wni festiwalu<\/strong><\/p>\n","protected":false},"excerpt":{"rendered":"<p>instalacja malarska (p\u0142yty Kappa, pr\u0119ty gwintowane, drewno, farba akrylowa) projekt zrealizowany na festiwalu Survival 2009 \u2013 25-28 czerwiec 2009) wym. instalacji &#8211; 460cm x 395cm x 100cm Instalacja sk\u0142ada si\u0119 z 42 p\u0142yt. P\u0142yty s\u0105 ustawione r\u00f3wnolegle do \u015bciany niczym puzzle nachodz\u0105c na siebie bokami po 5cm z ka\u017cdej strony. S\u0105 jednak w r\u00f3\u017cnym stopniu [&hellip;]<\/p>\n","protected":false},"author":1,"featured_media":0,"parent":41,"menu_order":0,"comment_status":"closed","ping_status":"closed","template":"","meta":{"footnotes":""},"class_list":["post-65","page","type-page","status-publish","hentry"],"_links":{"self":[{"href":"https:\/\/tomaszdrewicz.art.pl\/pl\/index.php?rest_route=\/wp\/v2\/pages\/65","targetHints":{"allow":["GET"]}}],"collection":[{"href":"https:\/\/tomaszdrewicz.art.pl\/pl\/index.php?rest_route=\/wp\/v2\/pages"}],"about":[{"href":"https:\/\/tomaszdrewicz.art.pl\/pl\/index.php?rest_route=\/wp\/v2\/types\/page"}],"author":[{"embeddable":true,"href":"https:\/\/tomaszdrewicz.art.pl\/pl\/index.php?rest_route=\/wp\/v2\/users\/1"}],"replies":[{"embeddable":true,"href":"https:\/\/tomaszdrewicz.art.pl\/pl\/index.php?rest_route=%2Fwp%2Fv2%2Fcomments&post=65"}],"version-history":[{"count":1,"href":"https:\/\/tomaszdrewicz.art.pl\/pl\/index.php?rest_route=\/wp\/v2\/pages\/65\/revisions"}],"predecessor-version":[{"id":892,"href":"https:\/\/tomaszdrewicz.art.pl\/pl\/index.php?rest_route=\/wp\/v2\/pages\/65\/revisions\/892"}],"up":[{"embeddable":true,"href":"https:\/\/tomaszdrewicz.art.pl\/pl\/index.php?rest_route=\/wp\/v2\/pages\/41"}],"wp:attachment":[{"href":"https:\/\/tomaszdrewicz.art.pl\/pl\/index.php?rest_route=%2Fwp%2Fv2%2Fmedia&parent=65"}],"curies":[{"name":"wp","href":"https:\/\/api.w.org\/{rel}","templated":true}]}}