{"id":665,"date":"2018-01-19T07:04:10","date_gmt":"2018-01-19T06:04:10","guid":{"rendered":"http:\/\/tomaszdrewicz.art.pl\/pl\/?page_id=665"},"modified":"2019-11-16T07:03:33","modified_gmt":"2019-11-16T06:03:33","slug":"the-pitcher-lapacz","status":"publish","type":"page","link":"https:\/\/tomaszdrewicz.art.pl\/pl\/?page_id=665","title":{"rendered":"The Pitcher (Miotacz)"},"content":{"rendered":"<p><b>praca z cyklu &#8222;Home Run&#8221; <\/b>(instalacja malarska, technika w\u0142asna, 145x215x100 cm cm, 2017)<br \/>\nPraca w kolekcji Europejskiego Domu Sztuki G\u00f3rnej Bawarii SCHAFCHOF we Freising<br \/>\nRok produkcji: 2017<\/p>\n<p>Poni\u017cej &#8211; dokumentacja ekspozycji z parku rze\u017aby w<br \/>\nEuropejskim Domu Sztuki G\u00f3rnej Bawarii &#8211; Schafchoff, Freising<br \/>\n2017<\/p>\n<p><img loading=\"lazy\" decoding=\"async\" class=\"alignnone size-large wp-image-682\" src=\"http:\/\/tomaszdrewicz.art.pl\/pl\/wp-content\/uploads\/2018\/01\/The-Pitcher_04-683x1024.jpg\" alt=\"\" width=\"625\" height=\"937\" srcset=\"https:\/\/tomaszdrewicz.art.pl\/pl\/wp-content\/uploads\/2018\/01\/The-Pitcher_04-683x1024.jpg 683w, https:\/\/tomaszdrewicz.art.pl\/pl\/wp-content\/uploads\/2018\/01\/The-Pitcher_04-200x300.jpg 200w, https:\/\/tomaszdrewicz.art.pl\/pl\/wp-content\/uploads\/2018\/01\/The-Pitcher_04-768x1152.jpg 768w, https:\/\/tomaszdrewicz.art.pl\/pl\/wp-content\/uploads\/2018\/01\/The-Pitcher_04-624x936.jpg 624w, https:\/\/tomaszdrewicz.art.pl\/pl\/wp-content\/uploads\/2018\/01\/The-Pitcher_04.jpg 1323w\" sizes=\"auto, (max-width: 625px) 100vw, 625px\" \/><\/p>\n<p><img loading=\"lazy\" decoding=\"async\" class=\"alignnone size-large wp-image-683\" src=\"http:\/\/tomaszdrewicz.art.pl\/pl\/wp-content\/uploads\/2018\/01\/The-Pitcher_05-1024x683.jpg\" alt=\"\" width=\"625\" height=\"417\" srcset=\"https:\/\/tomaszdrewicz.art.pl\/pl\/wp-content\/uploads\/2018\/01\/The-Pitcher_05-1024x683.jpg 1024w, https:\/\/tomaszdrewicz.art.pl\/pl\/wp-content\/uploads\/2018\/01\/The-Pitcher_05-300x200.jpg 300w, https:\/\/tomaszdrewicz.art.pl\/pl\/wp-content\/uploads\/2018\/01\/The-Pitcher_05-768x512.jpg 768w, https:\/\/tomaszdrewicz.art.pl\/pl\/wp-content\/uploads\/2018\/01\/The-Pitcher_05-624x416.jpg 624w, https:\/\/tomaszdrewicz.art.pl\/pl\/wp-content\/uploads\/2018\/01\/The-Pitcher_05.jpg 1984w\" sizes=\"auto, (max-width: 625px) 100vw, 625px\" \/><\/p>\n<p><img loading=\"lazy\" decoding=\"async\" class=\"alignnone size-large wp-image-684\" src=\"http:\/\/tomaszdrewicz.art.pl\/pl\/wp-content\/uploads\/2018\/01\/The-Pitcher_06-683x1024.jpg\" alt=\"\" width=\"625\" height=\"937\" srcset=\"https:\/\/tomaszdrewicz.art.pl\/pl\/wp-content\/uploads\/2018\/01\/The-Pitcher_06-683x1024.jpg 683w, https:\/\/tomaszdrewicz.art.pl\/pl\/wp-content\/uploads\/2018\/01\/The-Pitcher_06-200x300.jpg 200w, https:\/\/tomaszdrewicz.art.pl\/pl\/wp-content\/uploads\/2018\/01\/The-Pitcher_06-768x1152.jpg 768w, https:\/\/tomaszdrewicz.art.pl\/pl\/wp-content\/uploads\/2018\/01\/The-Pitcher_06-624x936.jpg 624w, https:\/\/tomaszdrewicz.art.pl\/pl\/wp-content\/uploads\/2018\/01\/The-Pitcher_06.jpg 1323w\" sizes=\"auto, (max-width: 625px) 100vw, 625px\" \/><\/p>\n","protected":false},"excerpt":{"rendered":"<p>praca z cyklu &#8222;Home Run&#8221; (instalacja malarska, technika w\u0142asna, 145x215x100 cm cm, 2017) Praca w kolekcji Europejskiego Domu Sztuki G\u00f3rnej Bawarii SCHAFCHOF we Freising Rok produkcji: 2017 Poni\u017cej &#8211; dokumentacja ekspozycji z parku rze\u017aby w Europejskim Domu Sztuki G\u00f3rnej Bawarii &#8211; Schafchoff, Freising 2017<\/p>\n","protected":false},"author":1,"featured_media":0,"parent":643,"menu_order":0,"comment_status":"closed","ping_status":"closed","template":"","meta":{"footnotes":""},"class_list":["post-665","page","type-page","status-publish","hentry"],"_links":{"self":[{"href":"https:\/\/tomaszdrewicz.art.pl\/pl\/index.php?rest_route=\/wp\/v2\/pages\/665","targetHints":{"allow":["GET"]}}],"collection":[{"href":"https:\/\/tomaszdrewicz.art.pl\/pl\/index.php?rest_route=\/wp\/v2\/pages"}],"about":[{"href":"https:\/\/tomaszdrewicz.art.pl\/pl\/index.php?rest_route=\/wp\/v2\/types\/page"}],"author":[{"embeddable":true,"href":"https:\/\/tomaszdrewicz.art.pl\/pl\/index.php?rest_route=\/wp\/v2\/users\/1"}],"replies":[{"embeddable":true,"href":"https:\/\/tomaszdrewicz.art.pl\/pl\/index.php?rest_route=%2Fwp%2Fv2%2Fcomments&post=665"}],"version-history":[{"count":5,"href":"https:\/\/tomaszdrewicz.art.pl\/pl\/index.php?rest_route=\/wp\/v2\/pages\/665\/revisions"}],"predecessor-version":[{"id":887,"href":"https:\/\/tomaszdrewicz.art.pl\/pl\/index.php?rest_route=\/wp\/v2\/pages\/665\/revisions\/887"}],"up":[{"embeddable":true,"href":"https:\/\/tomaszdrewicz.art.pl\/pl\/index.php?rest_route=\/wp\/v2\/pages\/643"}],"wp:attachment":[{"href":"https:\/\/tomaszdrewicz.art.pl\/pl\/index.php?rest_route=%2Fwp%2Fv2%2Fmedia&parent=665"}],"curies":[{"name":"wp","href":"https:\/\/api.w.org\/{rel}","templated":true}]}}