{"id":667,"date":"2018-01-19T07:04:50","date_gmt":"2018-01-19T06:04:50","guid":{"rendered":"http:\/\/tomaszdrewicz.art.pl\/pl\/?page_id=667"},"modified":"2019-11-16T07:03:08","modified_gmt":"2019-11-16T06:03:08","slug":"the-catcher-lapacz","status":"publish","type":"page","link":"https:\/\/tomaszdrewicz.art.pl\/pl\/?page_id=667","title":{"rendered":"The Catcher (\u0141apacz)"},"content":{"rendered":"<p><b>praca z cyklu &#8222;Home Run&#8221; <\/b><\/p>\n<p>(instalacja malarska, technika w\u0142asna, 215x180x100 cm, 2017)<br \/>\nPraca w kolekcji Centrum Rze\u017aby Polskiej w Oro\u0144sku<br \/>\nRok produkcji: 2017<\/p>\n<p>Poni\u017cej &#8211; Ekspozycja na wystawie &#8222;Interplay&#8221;<br \/>\nCentrum Rze\u017aby Polskiej w Oro\u0144sku<br \/>\n2018<\/p>\n<p><img loading=\"lazy\" decoding=\"async\" class=\"alignnone size-large wp-image-690\" src=\"http:\/\/tomaszdrewicz.art.pl\/pl\/wp-content\/uploads\/2018\/01\/The-Catcher1-1024x683.jpg\" alt=\"\" width=\"625\" height=\"417\" srcset=\"https:\/\/tomaszdrewicz.art.pl\/pl\/wp-content\/uploads\/2018\/01\/The-Catcher1-1024x683.jpg 1024w, https:\/\/tomaszdrewicz.art.pl\/pl\/wp-content\/uploads\/2018\/01\/The-Catcher1-300x200.jpg 300w, https:\/\/tomaszdrewicz.art.pl\/pl\/wp-content\/uploads\/2018\/01\/The-Catcher1-768x512.jpg 768w, https:\/\/tomaszdrewicz.art.pl\/pl\/wp-content\/uploads\/2018\/01\/The-Catcher1-624x416.jpg 624w, https:\/\/tomaszdrewicz.art.pl\/pl\/wp-content\/uploads\/2018\/01\/The-Catcher1.jpg 1200w\" sizes=\"auto, (max-width: 625px) 100vw, 625px\" \/> <img loading=\"lazy\" decoding=\"async\" class=\"alignnone size-large wp-image-691\" src=\"http:\/\/tomaszdrewicz.art.pl\/pl\/wp-content\/uploads\/2018\/01\/The-Catcher2-1024x683.jpg\" alt=\"\" width=\"625\" height=\"417\" srcset=\"https:\/\/tomaszdrewicz.art.pl\/pl\/wp-content\/uploads\/2018\/01\/The-Catcher2-1024x683.jpg 1024w, https:\/\/tomaszdrewicz.art.pl\/pl\/wp-content\/uploads\/2018\/01\/The-Catcher2-300x200.jpg 300w, https:\/\/tomaszdrewicz.art.pl\/pl\/wp-content\/uploads\/2018\/01\/The-Catcher2-768x512.jpg 768w, https:\/\/tomaszdrewicz.art.pl\/pl\/wp-content\/uploads\/2018\/01\/The-Catcher2-624x416.jpg 624w, https:\/\/tomaszdrewicz.art.pl\/pl\/wp-content\/uploads\/2018\/01\/The-Catcher2.jpg 1200w\" sizes=\"auto, (max-width: 625px) 100vw, 625px\" \/> <img loading=\"lazy\" decoding=\"async\" class=\"alignnone size-large wp-image-692\" src=\"http:\/\/tomaszdrewicz.art.pl\/pl\/wp-content\/uploads\/2018\/01\/The-Catcher3-1024x683.jpg\" alt=\"\" width=\"625\" height=\"417\" srcset=\"https:\/\/tomaszdrewicz.art.pl\/pl\/wp-content\/uploads\/2018\/01\/The-Catcher3-1024x683.jpg 1024w, https:\/\/tomaszdrewicz.art.pl\/pl\/wp-content\/uploads\/2018\/01\/The-Catcher3-300x200.jpg 300w, https:\/\/tomaszdrewicz.art.pl\/pl\/wp-content\/uploads\/2018\/01\/The-Catcher3-768x512.jpg 768w, https:\/\/tomaszdrewicz.art.pl\/pl\/wp-content\/uploads\/2018\/01\/The-Catcher3-624x416.jpg 624w, https:\/\/tomaszdrewicz.art.pl\/pl\/wp-content\/uploads\/2018\/01\/The-Catcher3.jpg 1200w\" sizes=\"auto, (max-width: 625px) 100vw, 625px\" \/><\/p>\n","protected":false},"excerpt":{"rendered":"<p>praca z cyklu &#8222;Home Run&#8221; (instalacja malarska, technika w\u0142asna, 215x180x100 cm, 2017) Praca w kolekcji Centrum Rze\u017aby Polskiej w Oro\u0144sku Rok produkcji: 2017 Poni\u017cej &#8211; Ekspozycja na wystawie &#8222;Interplay&#8221; Centrum Rze\u017aby Polskiej w Oro\u0144sku 2018<\/p>\n","protected":false},"author":1,"featured_media":0,"parent":643,"menu_order":0,"comment_status":"closed","ping_status":"closed","template":"","meta":{"footnotes":""},"class_list":["post-667","page","type-page","status-publish","hentry"],"_links":{"self":[{"href":"https:\/\/tomaszdrewicz.art.pl\/pl\/index.php?rest_route=\/wp\/v2\/pages\/667","targetHints":{"allow":["GET"]}}],"collection":[{"href":"https:\/\/tomaszdrewicz.art.pl\/pl\/index.php?rest_route=\/wp\/v2\/pages"}],"about":[{"href":"https:\/\/tomaszdrewicz.art.pl\/pl\/index.php?rest_route=\/wp\/v2\/types\/page"}],"author":[{"embeddable":true,"href":"https:\/\/tomaszdrewicz.art.pl\/pl\/index.php?rest_route=\/wp\/v2\/users\/1"}],"replies":[{"embeddable":true,"href":"https:\/\/tomaszdrewicz.art.pl\/pl\/index.php?rest_route=%2Fwp%2Fv2%2Fcomments&post=667"}],"version-history":[{"count":4,"href":"https:\/\/tomaszdrewicz.art.pl\/pl\/index.php?rest_route=\/wp\/v2\/pages\/667\/revisions"}],"predecessor-version":[{"id":886,"href":"https:\/\/tomaszdrewicz.art.pl\/pl\/index.php?rest_route=\/wp\/v2\/pages\/667\/revisions\/886"}],"up":[{"embeddable":true,"href":"https:\/\/tomaszdrewicz.art.pl\/pl\/index.php?rest_route=\/wp\/v2\/pages\/643"}],"wp:attachment":[{"href":"https:\/\/tomaszdrewicz.art.pl\/pl\/index.php?rest_route=%2Fwp%2Fv2%2Fmedia&parent=667"}],"curies":[{"name":"wp","href":"https:\/\/api.w.org\/{rel}","templated":true}]}}