{"id":669,"date":"2018-01-19T07:06:01","date_gmt":"2018-01-19T06:06:01","guid":{"rendered":"http:\/\/tomaszdrewicz.art.pl\/pl\/?page_id=669"},"modified":"2019-11-16T07:02:52","modified_gmt":"2019-11-16T06:02:52","slug":"the-batter-palkarz","status":"publish","type":"page","link":"https:\/\/tomaszdrewicz.art.pl\/pl\/?page_id=669","title":{"rendered":"The Batter (Pa\u0142karz)"},"content":{"rendered":"<p><b>praca z cyklu &#8222;Home Run&#8221; <\/b><\/p>\n<p>(instalacja malarska, technika w\u0142asna, 145x215x100 cm, 2016)<\/p>\n<p>Poni\u017cej &#8211; dokumentacja ekspozycji na wystawie <strong>&#8222;Interplay&#8221;<\/strong><br \/>\nEuropejski Dom Sztuki G\u00f3rnej Bawarii &#8211; Schafchoff, Freising<br \/>\n2017<\/p>\n<p><img loading=\"lazy\" decoding=\"async\" class=\"alignnone size-large wp-image-646\" src=\"http:\/\/tomaszdrewicz.art.pl\/pl\/wp-content\/uploads\/2017\/09\/HOME_RUN_The_Batter_Schafchoff_03-1024x683.jpg\" alt=\"\" width=\"625\" height=\"417\" srcset=\"https:\/\/tomaszdrewicz.art.pl\/pl\/wp-content\/uploads\/2017\/09\/HOME_RUN_The_Batter_Schafchoff_03-1024x683.jpg 1024w, https:\/\/tomaszdrewicz.art.pl\/pl\/wp-content\/uploads\/2017\/09\/HOME_RUN_The_Batter_Schafchoff_03-300x200.jpg 300w, https:\/\/tomaszdrewicz.art.pl\/pl\/wp-content\/uploads\/2017\/09\/HOME_RUN_The_Batter_Schafchoff_03-768x512.jpg 768w, https:\/\/tomaszdrewicz.art.pl\/pl\/wp-content\/uploads\/2017\/09\/HOME_RUN_The_Batter_Schafchoff_03-624x416.jpg 624w\" sizes=\"auto, (max-width: 625px) 100vw, 625px\" \/><\/p>\n<p><img loading=\"lazy\" decoding=\"async\" class=\"alignnone size-large wp-image-647\" src=\"http:\/\/tomaszdrewicz.art.pl\/pl\/wp-content\/uploads\/2017\/09\/HOME_RUN_The_Batter_Schafchoff_04-1024x683.jpg\" alt=\"\" width=\"625\" height=\"417\" srcset=\"https:\/\/tomaszdrewicz.art.pl\/pl\/wp-content\/uploads\/2017\/09\/HOME_RUN_The_Batter_Schafchoff_04-1024x683.jpg 1024w, https:\/\/tomaszdrewicz.art.pl\/pl\/wp-content\/uploads\/2017\/09\/HOME_RUN_The_Batter_Schafchoff_04-300x200.jpg 300w, https:\/\/tomaszdrewicz.art.pl\/pl\/wp-content\/uploads\/2017\/09\/HOME_RUN_The_Batter_Schafchoff_04-768x512.jpg 768w, https:\/\/tomaszdrewicz.art.pl\/pl\/wp-content\/uploads\/2017\/09\/HOME_RUN_The_Batter_Schafchoff_04-624x416.jpg 624w\" sizes=\"auto, (max-width: 625px) 100vw, 625px\" \/><\/p>\n<p><img loading=\"lazy\" decoding=\"async\" class=\"alignnone size-large wp-image-645\" src=\"http:\/\/tomaszdrewicz.art.pl\/pl\/wp-content\/uploads\/2017\/09\/HOME_RUN_The_Batter_Schafchoff_02-1024x683.jpg\" alt=\"\" width=\"625\" height=\"417\" srcset=\"https:\/\/tomaszdrewicz.art.pl\/pl\/wp-content\/uploads\/2017\/09\/HOME_RUN_The_Batter_Schafchoff_02-1024x683.jpg 1024w, https:\/\/tomaszdrewicz.art.pl\/pl\/wp-content\/uploads\/2017\/09\/HOME_RUN_The_Batter_Schafchoff_02-300x200.jpg 300w, https:\/\/tomaszdrewicz.art.pl\/pl\/wp-content\/uploads\/2017\/09\/HOME_RUN_The_Batter_Schafchoff_02-768x512.jpg 768w, https:\/\/tomaszdrewicz.art.pl\/pl\/wp-content\/uploads\/2017\/09\/HOME_RUN_The_Batter_Schafchoff_02-624x416.jpg 624w\" sizes=\"auto, (max-width: 625px) 100vw, 625px\" \/><\/p>\n<p>Poni\u017cej &#8211; dokumentacja ekspozycji na wystawie <strong>&#8222;Interplay&#8221;<\/strong><br \/>\nCentrum Rze\u017aby Polskiej w Oro\u0144sku<br \/>\n2018<\/p>\n<p><img loading=\"lazy\" decoding=\"async\" class=\"alignnone size-large wp-image-695\" src=\"http:\/\/tomaszdrewicz.art.pl\/pl\/wp-content\/uploads\/2018\/01\/The-batter1-1024x683.jpg\" alt=\"\" width=\"625\" height=\"417\" srcset=\"https:\/\/tomaszdrewicz.art.pl\/pl\/wp-content\/uploads\/2018\/01\/The-batter1-1024x683.jpg 1024w, https:\/\/tomaszdrewicz.art.pl\/pl\/wp-content\/uploads\/2018\/01\/The-batter1-300x200.jpg 300w, https:\/\/tomaszdrewicz.art.pl\/pl\/wp-content\/uploads\/2018\/01\/The-batter1-768x512.jpg 768w, https:\/\/tomaszdrewicz.art.pl\/pl\/wp-content\/uploads\/2018\/01\/The-batter1-624x416.jpg 624w, https:\/\/tomaszdrewicz.art.pl\/pl\/wp-content\/uploads\/2018\/01\/The-batter1.jpg 1200w\" sizes=\"auto, (max-width: 625px) 100vw, 625px\" \/><\/p>\n<p><img loading=\"lazy\" decoding=\"async\" class=\"alignnone size-large wp-image-696\" src=\"http:\/\/tomaszdrewicz.art.pl\/pl\/wp-content\/uploads\/2018\/01\/The-batter2-1024x683.jpg\" alt=\"\" width=\"625\" height=\"417\" srcset=\"https:\/\/tomaszdrewicz.art.pl\/pl\/wp-content\/uploads\/2018\/01\/The-batter2-1024x683.jpg 1024w, https:\/\/tomaszdrewicz.art.pl\/pl\/wp-content\/uploads\/2018\/01\/The-batter2-300x200.jpg 300w, https:\/\/tomaszdrewicz.art.pl\/pl\/wp-content\/uploads\/2018\/01\/The-batter2-768x512.jpg 768w, https:\/\/tomaszdrewicz.art.pl\/pl\/wp-content\/uploads\/2018\/01\/The-batter2-624x416.jpg 624w, https:\/\/tomaszdrewicz.art.pl\/pl\/wp-content\/uploads\/2018\/01\/The-batter2.jpg 1200w\" sizes=\"auto, (max-width: 625px) 100vw, 625px\" \/><\/p>\n<p><img loading=\"lazy\" decoding=\"async\" class=\"alignnone size-large wp-image-697\" src=\"http:\/\/tomaszdrewicz.art.pl\/pl\/wp-content\/uploads\/2018\/01\/The-batter3-1024x683.jpg\" alt=\"\" width=\"625\" height=\"417\" srcset=\"https:\/\/tomaszdrewicz.art.pl\/pl\/wp-content\/uploads\/2018\/01\/The-batter3-1024x683.jpg 1024w, https:\/\/tomaszdrewicz.art.pl\/pl\/wp-content\/uploads\/2018\/01\/The-batter3-300x200.jpg 300w, https:\/\/tomaszdrewicz.art.pl\/pl\/wp-content\/uploads\/2018\/01\/The-batter3-768x512.jpg 768w, https:\/\/tomaszdrewicz.art.pl\/pl\/wp-content\/uploads\/2018\/01\/The-batter3-624x416.jpg 624w, https:\/\/tomaszdrewicz.art.pl\/pl\/wp-content\/uploads\/2018\/01\/The-batter3.jpg 1200w\" sizes=\"auto, (max-width: 625px) 100vw, 625px\" \/><\/p>\n<p><img loading=\"lazy\" decoding=\"async\" class=\"alignnone size-large wp-image-698\" src=\"http:\/\/tomaszdrewicz.art.pl\/pl\/wp-content\/uploads\/2018\/01\/The-batter4-1024x683.jpg\" alt=\"\" width=\"625\" height=\"417\" srcset=\"https:\/\/tomaszdrewicz.art.pl\/pl\/wp-content\/uploads\/2018\/01\/The-batter4-1024x683.jpg 1024w, https:\/\/tomaszdrewicz.art.pl\/pl\/wp-content\/uploads\/2018\/01\/The-batter4-300x200.jpg 300w, https:\/\/tomaszdrewicz.art.pl\/pl\/wp-content\/uploads\/2018\/01\/The-batter4-768x512.jpg 768w, https:\/\/tomaszdrewicz.art.pl\/pl\/wp-content\/uploads\/2018\/01\/The-batter4-624x416.jpg 624w, https:\/\/tomaszdrewicz.art.pl\/pl\/wp-content\/uploads\/2018\/01\/The-batter4.jpg 1200w\" sizes=\"auto, (max-width: 625px) 100vw, 625px\" \/><\/p>\n","protected":false},"excerpt":{"rendered":"<p>praca z cyklu &#8222;Home Run&#8221; (instalacja malarska, technika w\u0142asna, 145x215x100 cm, 2016) Poni\u017cej &#8211; dokumentacja ekspozycji na wystawie &#8222;Interplay&#8221; Europejski Dom Sztuki G\u00f3rnej Bawarii &#8211; Schafchoff, Freising 2017 Poni\u017cej &#8211; dokumentacja ekspozycji na wystawie &#8222;Interplay&#8221; Centrum Rze\u017aby Polskiej w Oro\u0144sku 2018<\/p>\n","protected":false},"author":1,"featured_media":0,"parent":643,"menu_order":0,"comment_status":"closed","ping_status":"closed","template":"","meta":{"footnotes":""},"class_list":["post-669","page","type-page","status-publish","hentry"],"_links":{"self":[{"href":"https:\/\/tomaszdrewicz.art.pl\/pl\/index.php?rest_route=\/wp\/v2\/pages\/669","targetHints":{"allow":["GET"]}}],"collection":[{"href":"https:\/\/tomaszdrewicz.art.pl\/pl\/index.php?rest_route=\/wp\/v2\/pages"}],"about":[{"href":"https:\/\/tomaszdrewicz.art.pl\/pl\/index.php?rest_route=\/wp\/v2\/types\/page"}],"author":[{"embeddable":true,"href":"https:\/\/tomaszdrewicz.art.pl\/pl\/index.php?rest_route=\/wp\/v2\/users\/1"}],"replies":[{"embeddable":true,"href":"https:\/\/tomaszdrewicz.art.pl\/pl\/index.php?rest_route=%2Fwp%2Fv2%2Fcomments&post=669"}],"version-history":[{"count":6,"href":"https:\/\/tomaszdrewicz.art.pl\/pl\/index.php?rest_route=\/wp\/v2\/pages\/669\/revisions"}],"predecessor-version":[{"id":885,"href":"https:\/\/tomaszdrewicz.art.pl\/pl\/index.php?rest_route=\/wp\/v2\/pages\/669\/revisions\/885"}],"up":[{"embeddable":true,"href":"https:\/\/tomaszdrewicz.art.pl\/pl\/index.php?rest_route=\/wp\/v2\/pages\/643"}],"wp:attachment":[{"href":"https:\/\/tomaszdrewicz.art.pl\/pl\/index.php?rest_route=%2Fwp%2Fv2%2Fmedia&parent=669"}],"curies":[{"name":"wp","href":"https:\/\/api.w.org\/{rel}","templated":true}]}}