{"id":7,"date":"2014-03-19T07:23:23","date_gmt":"2014-03-19T06:23:23","guid":{"rendered":"http:\/\/tomaszdrewicz.art.pl\/?page_id=5"},"modified":"2026-01-21T22:26:21","modified_gmt":"2026-01-21T21:26:21","slug":"bio","status":"publish","type":"page","link":"https:\/\/tomaszdrewicz.art.pl\/pl\/?page_id=7","title":{"rendered":"BIO"},"content":{"rendered":"<p style=\"text-align: right;\"><img loading=\"lazy\" decoding=\"async\" class=\"wp-image-1167  alignleft\" src=\"https:\/\/tomaszdrewicz.art.pl\/pl\/wp-content\/uploads\/2023\/06\/Tomasz-Drewicz-portrait-683x1024.jpg\" alt=\"\" width=\"233\" height=\"350\" srcset=\"https:\/\/tomaszdrewicz.art.pl\/pl\/wp-content\/uploads\/2023\/06\/Tomasz-Drewicz-portrait-683x1024.jpg 683w, https:\/\/tomaszdrewicz.art.pl\/pl\/wp-content\/uploads\/2023\/06\/Tomasz-Drewicz-portrait-200x300.jpg 200w, https:\/\/tomaszdrewicz.art.pl\/pl\/wp-content\/uploads\/2023\/06\/Tomasz-Drewicz-portrait-768x1152.jpg 768w, https:\/\/tomaszdrewicz.art.pl\/pl\/wp-content\/uploads\/2023\/06\/Tomasz-Drewicz-portrait-624x936.jpg 624w, https:\/\/tomaszdrewicz.art.pl\/pl\/wp-content\/uploads\/2023\/06\/Tomasz-Drewicz-portrait.jpg 1000w\" sizes=\"auto, (max-width: 233px) 100vw, 233px\" \/><\/p>\n<p>Witam serdecznie<\/p>\n<p>Nazywam si\u0119 Tomasz Drewicz. Jestem artyst\u0105 wizualnym. Dzi\u0119kuj\u0119 za zainteresowanie moj\u0105 tw\u00f3rczo\u015bci\u0105. Na tej stronie znajdziesz podstawowe informacje o mnie i niekt\u00f3rych moich projektach.<\/p>\n<p>W swojej praktyce artystycznej zajmuj\u0119 si\u0119 g\u0142\u00f3wnie instalacjami i obiektami. Cz\u0119sto si\u0119gam po inne media, takie jak fotografia, wideo, rysunek a czasem nawet performance.<\/p>\n<p>Je\u015bli masz jakie\u015b pytania lub w\u0105tpliwo\u015bci, nie wahaj si\u0119 i napisz do mnie. Jestem niezwykle ciekawy twoich refleksji.<\/p>\n<h2>Tutaj mo\u017cesz pobra\u0107 moje najnowsze <a href=\"http:\/\/www.tomaszdrewicz.art.pl\/pl\/Tomasz%20Drewicz%20-%20CV.pdf\" target=\"_blank\" rel=\"noopener noreferrer\">CV<\/a><\/h2>\n<p>Tomasz Drewicz ur. 29.04.1982 w Obornikach Wielkopolskich. Artysta, kurator, krytyk i animator kultury. W latach 2001 &#8211; 2005 studia na Wydziale Budownictwa, Architektury i In\u017cynierii \u015arodowiska na Politechnice Pozna\u0144skiej. W latach 2004 &#8211; 2009 na Akademii Sztuk Pi\u0119knych w Poznaniu. Uko\u0144czy\u0142 studia na Wydziale Edukacji Artystycznej w dw\u00f3ch specjalno\u015bciach: Promocja i Krytyka Sztuki oraz Pedagogika Sztuki. Dyplom w drugim zakresie z Rze\u017aby w pracowni prof. Marcina Berdyszaka. W roku 2014 uzyska\u0142 stopie\u0144 doktora sztuki.<\/p>\n<p>Obecnie pracuje na macierzystej uczelni na stanowisku adiunkta w I Pracowni Rze\u017aby i Dzia\u0142a\u0144 Przestrzennych.<\/p>\n<p lang=\"pl-PL\" align=\"JUSTIFY\">Laureat stypendium Ministra Kultury i Dziedzictwa Narodowego \u201eM\u0142oda Polska\u201d w roku 2010 oraz Stypendium Artystycznego Miasta Poznania w roku 2011. Zrealizowa\u0142 kilkana\u015bcie wystaw indywidualnych. Bra\u0142 r\u00f3wnie\u017c udzia\u0142 w kilkudziesi\u0119ciu wystawach zbiorowych w kraju i zagranic\u0105. Publikuje teksty w magazynach polskich i zagranicznych.<\/p>\n<p lang=\"pl-PL\" align=\"JUSTIFY\"><span lang=\"pl-PL\">W swojej praktyce artystycznej zajmuje si\u0119 przede wszystkim instalacj\u0105 i obiektem. Cz\u0119sto si\u0119ga r\u00f3wnie\u017c po inne media takie jak: fotografia, wideo a czasem r\u00f3wnie\u017c performance. Swoje realizacje nazywa <\/span><span lang=\"pl-PL\">\u201ezd\u04d5rzeniami\u201d<\/span><span lang=\"pl-PL\">, a do ich wsp\u00f3\u0142tworzenia cz\u0119sto zaprasza odbiorc\u00f3w. W swoich ostatnich pracach rozpatruje zagadnienia zwi\u0105zane z fenomenem \u201er\u00f3wnowagi\u201d, &#8222;remisu&#8221; czy &#8222;impasu&#8221;. <\/span><\/p>\n<p>Mieszka i pracuje w Poznaniu\u2026<\/p>\n<h2 style=\"padding-left: 30px;\"><strong>Nagrody i stypendia:<\/strong><\/h2>\n<ul>\n<li>1 Nagroda na 1 Przegl\u0105dzie Tw\u00f3rczo\u015bci Artyst\u00f3w Wielkopolski '2025<\/li>\n<li>Nagroda Rektora UAP w roku 2023<\/li>\n<li>Nagroda Rektora UAP w roku 2022<\/li>\n<li>Stypendium i pobyt rezydencyjny w ramach A3UM \u2013 ART CENTER 2022, Trebisov, S\u0142owacja<\/li>\n<li>III nagroda w konkursie &#8222;Sztuka izolacji&#8221; za prac\u0119 pt. &#8222;Sprawy kluczowe&#8221;<\/li>\n<li>Stypendium i pobyt rezydencyjny w ramach projektu \u201eTransfer\u201d, organizowanego przez \u201eSchafchof\u201d Europejski Dom Sztuki G\u00f3rnej Bawarii we Freising oraz Centrum Rze\u017aby Polskiej w Oro\u0144sku,<\/li>\n<li>Nagroda Rektorska II stopnia za dzia\u0142alno\u015b\u0107 organizacyjn\u0105 i aktywno\u015b\u0107 na rzecz funkcjonowania uczelni w roku 2013<\/li>\n<li>Stypendium Artystyczne Miasta Poznania 2011<\/li>\n<li>&#8222;M\u0142oda Polska&#8221; &#8211; Stypendium Ministra Kultury i Dziedzictwa Narodowego w roku 2010<\/li>\n<\/ul>\n<h2 style=\"padding-left: 30px;\"><strong>Wystawy indywidualne:<\/strong><\/h2>\n<ul>\n<li><b><b>2025 &#8211; \u201ePodwa\u017cenie\u201d<\/b><\/b>, Kleist Forum, Festiwal Nowej Sztuki lAbiRynT, S\u0142ubice (Polska) i Frankfurt nad Odr\u0105 (Niemcy)<\/li>\n<li><b><b>2024 &#8211; &#8222;Podwa\u017cenie&#8221;<\/b><\/b>, Galeria AT, Pozna\u0144<\/li>\n<li><strong>2024 &#8211; &#8222;BREAK POINT&#8221;<\/strong>, Galeria Sztuki BWA w Olsztynie<\/li>\n<li><b><b>2024 &#8211; &#8222;TIE BREAK II&#8221;<\/b><\/b>,Og\u00f3lnopolski Przegl\u0105d Sztuki Wsp\u00f3\u0142czesnej FORMA, Rawicz<\/li>\n<li><b><b>2024 &#8211; &#8222;TIE BREAK&#8221;, <\/b><\/b>Miejski O\u015brodek Sztuki w Gorzowie Wielkopolskim<\/li>\n<li><b>2023 &#8211; &#8222;Zd\u04d5rzenie losowe&#8221;, <\/b>Biuro Wystaw Artystycznych w Ostrowcu \u015awi\u0119tokrzyskim<\/li>\n<li><b>2023 &#8211; &#8222;Sprawy kluczowe&#8221;,<\/b> Galeria ROTUNDA, Pozna\u0144<\/li>\n<li><b>2022 &#8211; &#8222;Rozbrojenie ja\u017ani&#8221;,<\/b> Galeria Sztuki BWA w Olsztynie<\/li>\n<li><b>2022 &#8211; &#8222;Gdyby tylko nie by\u0142o krat&#8221;,<\/b> Kulturmanufaktur Gerstenberg, Festiwal Nowej Sztuki lAbiRynT, S\u0142ubice (Polska) i Frankfurt nad Odr\u0105 (Niemcy)<\/li>\n<li><b>2022 &#8211; &#8222;The Race (Trebisov Summer Olympic Games)&#8221;,<\/b> \u0160UM Kult\u00farno &#8211; komunitn\u00e9 centrum, A3UM &#8211; centrum umenia, Galeria Koniare\u0148, Trebisov, S\u0142owacja<\/li>\n<li><b>2019 &#8211; &#8222;Komfort termiczny&#8221;, <\/b>Mazowieckie Centrum Sztuki Wsp\u00f3\u0142czesnej ELEKTROWNIA, Radom<\/li>\n<li><b>2018 &#8211; &#8222;Ciep\u0142em&#8221;, <\/b>Galeria AT, Pozna\u0144<\/li>\n<li><b>2015 &#8211; &#8222;Obiekt a instalacja&#8221;, <\/b>Og\u00f3lnopolski Przegl\u0105d Sztuki Wsp\u00f3\u0142czesnej FORMA, Rawicz<\/li>\n<li><b>2015 \u2013 \u201eZaraz wracam\u201d, <\/b>Galeria AT, Pozna\u0144<\/li>\n<li><b>2014 \u2013 \u201eP\u0119tla\u201d,\u00a0<\/b>Galeria SI\u0141OWNIA, Pozna\u0144<\/li>\n<li><b>2009<\/b> <b>\u2013 \u201eDyby\u201d,<\/b> Galeria PRZYCHODNIA, Pozna\u0144<\/li>\n<\/ul>\n<h2 style=\"padding-left: 30px;\"><strong>Wybrane wystawy zbiorowe:<\/strong><\/h2>\n<p><strong>2026<\/strong><\/p>\n<ul>\n<li><strong>&#8222;W ka\u017cdym razie&#8221;<\/strong>, Galeria ROZRUCH, Je\u017cyckie Centrum Kultury, Pozna\u0144<\/li>\n<li><strong>&#8222;KONIUNKCJE&#8221;<\/strong>, Galeria NEON, Wroc\u0142aw<\/li>\n<li><strong>&#8222;PRZY-BYCIE&#8221;<\/strong>, Galeria Grafika, Gda\u0144sk<\/li>\n<\/ul>\n<p><strong>2025<\/strong><\/p>\n<ul>\n<li><strong>&#8222;VIII Piotrkowskie Biennale Sztuki&#8221;, <\/strong>O\u015brodek Dzia\u0142a\u0144 Artystycznych , Piotrk\u00f3w Trybunalski<\/li>\n<li><strong>&#8222;R\u00f3\u017cnorodno\u015b\u0107&#8221;<\/strong> &#8211; wystawa laureat\u00f3w 1 Przegl\u0105du Tw\u00f3rczo\u015bci Artyst\u00f3w Wielkopolski, Galeria 33, Ostr\u00f3w Wielkopolski<\/li>\n<\/ul>\n<p><strong>2024<\/strong><\/p>\n<ul>\n<li><strong>&#8222;Remix 4&#8221;<\/strong>, (wystawa tandemowa z duetem Pfeifer&amp;Kreutzer, SCHAFHOFF &#8211; Europejski Dom Sztuki G\u00f3rnej Bawarii, Freising, Niemcy<\/li>\n<li><strong>&#8222;Przemiany&#8221;<\/strong>, (podczas Festiwalu Podwodny Wroc\u0142aw 2024), Galeria Le\u017cakownia, Browar Mieszcza\u0144ski, Wroc\u0142aw<\/li>\n<\/ul>\n<p><b>2023<\/b><\/p>\n<ul>\n<li><strong>&#8222;Chwil\u00f3wka&#8221;<\/strong>, (podczas Wroc\u0142aw Off Gallery Weekend), Galeria u Kosa\u0142ki, Wroc\u0142aw<\/li>\n<li><strong>&#8222;VII Piotrkowskie Biennale Sztuki&#8221;<\/strong>, O\u015brodek Dzia\u0142a\u0144 Artystycznych , Piotrk\u00f3w Trybunalski<\/li>\n<li><strong>&#8222;Motyw p\u0142otu w sztuce polskiej&#8221;<\/strong>, Tymczasowa Galeria na Wo\u0142y\u0144skiej 9, Pozna\u0144<\/li>\n<li><strong>&#8222;PRZESTRZE\u0143 WSP\u00d3LNA&#8221;,<\/strong> Zesp\u00f3\u0142 Pa\u0142acowo-Parkowy w Goszczu, Ko\u015bci\u00f3\u0142 Poewangelicki, Goszcz<\/li>\n<li><strong>&#8222;W ramach Rze\u017aby \/ Refleksy III&#8221;<\/strong>, Galeria Curator&#8217;s Lab, Pozna\u0144<\/li>\n<li><strong>&#8222;KATEGORIUM \u2013 JAKO\u015a\u0106, REALNO\u015a\u0106, PRZECZENIE, OGRANICZENIE&#8221;<\/strong>, BWA Wa\u0142brzych, Centrum Nauki i Sztuki &#8222;Stara kopalnia&#8221;, Wa\u0142brzych<\/li>\n<\/ul>\n<p><strong>2022<\/strong><\/p>\n<ul>\n<li><strong>&#8222;De-compression&#8221; <\/strong>\u2013 JOY-FORUM, Kunst, Musikk og Design Faculty, Univer, Norwegia<\/li>\n<\/ul>\n<p><b>2021<\/b><\/p>\n<ul>\n<li><strong>&#8222;VI Piotrkowskie Biennale Sztuki&#8221; <\/strong>\u2013 O\u015brodek Dzia\u0142a\u0144 Artystycznych, Piotrk\u00f3w Trybunalski<\/li>\n<li><strong>&#8222;stART&#8221;<\/strong>, Galeria -1, Polski Komitet Olimpijski, Warszawa<\/li>\n<\/ul>\n<p><b>2020<\/b><\/p>\n<ul>\n<li><strong>&#8222;ParkCamp 7 &#8211; Enviromentalna sonda&#8221;<\/strong>, Galeria Ko\u00f1iaren, Trebisov (S\u0142owacja)<\/li>\n<li><strong>&#8222;12 SEM &#8211; Hommage \u00e0 Erna Masarovi\u010dov\u00e1&#8221;<\/strong>, Gal\u00e9ria Z\u00e1hrada, Bratys\u0142awa (S\u0142owacja)<\/li>\n<li><strong>&#8222;Upaniszady&#8221; <\/strong>\u2013 zbiorowa wystawa wirtualna, O\u015brodek Dzia\u0142a\u0144 Artystycznych, Piotrk\u00f3w Trybunalski<\/li>\n<li><strong>&#8222;Ze sztuk\u0105 ra\u017aniej. Historia jednego dzie\u0142a&#8221; <\/strong>\u2013 zbiorowa wystawa wirtualna, O\u015brodek Dzia\u0142a\u0144 Artystycznych, Piotrk\u00f3w Trybunalski<\/li>\n<li><strong>&#8222;Przesuni\u0119cia&#8221;<\/strong>, Muzeum Rze\u017aby Wsp\u00f3\u0142czesnej, Centrum Rze\u017aby Polskiej, Oro\u0144sko<\/li>\n<\/ul>\n<p><b>2019<\/b><\/p>\n<ul>\n<li><strong>&#8222;Jesienny Salon Sztuki&#8221;<\/strong>, BWA, Ostrowiec \u015awi\u0119tokrzyski<\/li>\n<li><strong>&#8222;V Piotrkowskie Biennale Sztuki&#8221;<\/strong>,\u00a0O\u015brodek Dzia\u0142a\u0144 Artystycznych, Piotrk\u00f3w Trybunalski<\/li>\n<li><strong>&#8222;Gor\u0105czka sobotniej nocy&#8221;<\/strong>, Ateliery na\u00a0<span class=\"_5xhk\">Star\u00e1 Vajnorsk\u00e1\u00a0<\/span>, Bratys\u0142awa (S\u0142owacja)<\/li>\n<li><strong>&#8222;Przesz\u0142o\u015b\u0107, tera\u017aniejszo\u015b\u0107, przysz\u0142o\u015b\u0107&#8221;<\/strong>, ICHOT &#8211; Brama Poznania, Pozna\u0144<\/li>\n<\/ul>\n<p><b>2018<\/b><\/p>\n<ul>\n<li><strong>&#8222;Interplay&#8221;<\/strong>, Centrum Rze\u017aby Polskiej, Oro\u0144sko<\/li>\n<li><strong>&#8222;Przestrzenie ziemi&#8221;<\/strong>, Galeria Magiel 2.0, Wielichowo<\/li>\n<li><strong>&#8222;Niech \u017cyje Nam&#8221;<\/strong>, O\u015brodek Dzia\u0142a\u0144 Artystycznych, Piotrk\u00f3w Trybunalski<\/li>\n<li><strong>&#8222;Syndrom nadmiaru&#8221;<\/strong>, Festiwal Nowej Sztuki lAbiRynT<\/li>\n<li><strong>&#8222;Pierwsza linia&#8221;<\/strong>, O\u015brodek Dzia\u0142a\u0144 Artystycznych, Piotrk\u00f3w Trybunalski<\/li>\n<\/ul>\n<p><b>2017<\/b><\/p>\n<ul>\n<li><strong>&#8222;Interplay&#8221;<\/strong>, SCHAFHOFF &#8211; Europejski Dom Sztuki G\u00f3rnej Bawarii, Freising, Niemcy<\/li>\n<li><strong>&#8222;Synteza sztuk&#8221;<\/strong>,\u00a0Galeria Miejska BWA Bydgoszcz<\/li>\n<li><strong>&#8222;Lito\u015b\u0107 \/ Trwoga&#8221;<\/strong>, O\u015brodek Dzia\u0142a\u0144 Artystycznych, Piotrk\u00f3w Trybunalski<\/li>\n<li><strong>&#8222;Pierwsza linia&#8221;<\/strong>, O\u015brodek Dzia\u0142a\u0144 Artystycznych, Piotrk\u00f3w Trybunalski<\/li>\n<\/ul>\n<p><b>2016<\/b><\/p>\n<ul>\n<li><strong>&#8222;Cz\u0142owiek tu i teraz&#8221;<\/strong>,\u00a0BWA, Pi\u0142a<\/li>\n<li><strong>&#8222;Cz\u0142owiek tu i teraz&#8221;<\/strong>, MONA &#8211; Inner spaces, Pozna\u0144<\/li>\n<li>Og\u00f3lnopolski Przegl\u0105d Sztuki Wsp\u00f3\u0142czesnej <strong>FORMA 16<\/strong>, Rawicz<\/li>\n<li><strong>&#8222;Aktualne&#8221;<\/strong>, Galeria Profil, Pozna\u0144<\/li>\n<li><strong>&#8222;Synteza sztuk&#8221;<\/strong>,\u00a0Galeria Miejska BWA Bydgoszcz<\/li>\n<li><strong>&#8222;Ukryty wymiar&#8221;<\/strong>, O\u015brodek Dzia\u0142a\u0144 Artystycznych, Piotrk\u00f3w Trybunalski<\/li>\n<li><strong>&#8222;<span class=\"il\">Segregator<\/span> <span class=\"il\">Obecno\u015bci<\/span> &#8211; definicja wsp\u00f3\u0142czesnego dzie\u0142a sztuki (Cz\u0142owiek tu i teraz)&#8221;,\u00a0<\/strong>\u00a0Muzeum\u00a0Regionalne w S\u0142upcy<\/li>\n<\/ul>\n<p><b>2015<\/b><\/p>\n<ul>\n<li><strong>&#8222;Synteza Sztuk&#8221;,<\/strong> Okr\u0119gowe Muzeum Sztuki w Chmielnickim, Ukraina<\/li>\n<li><strong>&#8222;Poza protoko\u0142em \/ Off the record&#8221;<\/strong>, UP Gallery, Berlin<\/li>\n<li><strong>&#8222;Kolumnada II&#8221;<\/strong>, Centrum Wyk\u0142adowe Politechniki Pozna\u0144skiej, Pozna\u0144<\/li>\n<li><b>&#8222;.&#8221; <\/b>z cyklu<b> &#8222;Maczu\u017cnik&#8221;<\/b>, Galeria Szara Kamienica, Krak\u00f3w<\/li>\n<li><strong>&#8222;Klasycy i adepci polskiej sztuki performance&#8221;<\/strong>, ASP Katowice<\/li>\n<li><strong>&#8222;AULA&#8221;,\u00a0<\/strong>Ma\u0142a i Wielka Zbrojownia, ASP Gda\u0144sk<\/li>\n<\/ul>\n<p><b>2014<\/b><\/p>\n<ul>\n<li><strong>&#8222;GogolFest&#8217;14&#8221;, <\/strong>Kij\u00f3w, Ukraina<\/li>\n<li><strong>&#8222;InSpiracje &#8211; EXTREME&#8221;, <\/strong>Mi\u0119dzynarodowy Festiwal Sztuki Wizualnej, Galeria 13 Muz, Szczecin<\/li>\n<li><strong>&#8222;Synteza Sztuk&#8221;<\/strong>,\u00a0Dom Kultury Polskiej, Wilno, Litwa<\/li>\n<li><strong>&#8222;Synteza Sztuk&#8221;<\/strong>, Galeria Miejska BWA Bydgoszcz<\/li>\n<li><strong>&#8222;Segregator Obecno\u015bci &#8211; definicja wsp\u00f3\u0142czesnego dzie\u0142a sztuki&#8221;<\/strong>, Muzeum Ziemia\u0144stwa, Dobrzyca<\/li>\n<li>King Mongkut&#8217;s University of Technology North Bangkok, Tajlandia<\/li>\n<\/ul>\n<p><b>2013<\/b><\/p>\n<ul>\n<li>Pedagodzy i\u00a0studenci UAP w\u00a0Palmiarni Pozna\u0144skiej. Pozna\u0144<\/li>\n<\/ul>\n<p><b>2012<\/b><\/p>\n<ul>\n<li><b>&#8222;Odcienie przestrzeni&#8221;, <\/b>Galeria Dzia\u0142a\u0144, Warszawa<\/li>\n<li><b>&#8222;<\/b><b>Ko\u0142o czasu VI\u201d<\/b>, Centrum Sztuki Wsp\u00f3\u0142czesnej \u201eZnaki czasu\u201d w Toruniu<\/li>\n<li>Spotkania performance<b> Checkpoint 4<\/b>, Lublin<\/li>\n<li><b>&#8222;Symulacje II&#8221;<\/b>, Galeria Nowa Przestrze\u0144, \u0141\u00f3d\u017a<\/li>\n<li><b>\u201eKonteksty\u201d<\/b> II Festiwal Sztuki Efemerycznej w Soko\u0142owsku<\/li>\n<\/ul>\n<p><b>2011<\/b><\/p>\n<ul>\n<li><b>&#8222;Symulacje&#8221;,<\/b> z cyklu &#8222;preMedytacje&#8221;, CRP Oro\u0144sko,<\/li>\n<li><b>&#8222;<\/b><b>Ko\u0142o czasu V\u201d<\/b>, Centrum Sztuki Wsp\u00f3\u0142czesnej \u201eZnaki czasu\u201d w Toruniu<\/li>\n<li><b>\u00a0\u201eKolekcja UAP III\u201d<\/b>, Galeria Akademicka, Pozna\u0144<\/li>\n<li><b>&#8222;Pami\u0119\u0107&#8221;,<\/b> z cyklu &#8222;preMedytacje&#8221;, Muzeum Historii Katowic<\/li>\n<li><b>\u201eTransakcja \u0142\u0105czona\u201d,<\/b> Aula ASP, Wroc\u0142aw<\/li>\n<\/ul>\n<p><b>2010<\/b><\/p>\n<ul>\n<li><b>&#8222;<\/b><b>Ko\u0142o czasu IV\u201d<\/b>,Centrum Sztuki Wsp\u00f3\u0142czesnej \u201eZnaki czasu\u201d w Toruniu<\/li>\n<li><b>&#8222;Finisa\u017c&#8221;<\/b> \u2013 Centrum Kultury ZAMEK w Poznaniu<\/li>\n<li><b>&#8222;Gesty&#8221;<\/b>, z cyklu &#8222;preMedytacje&#8221;, Galeria Bielska BWA, Bielsko-Bia\u0142a<\/li>\n<li><b>&#8222;Ufo 2&#8221;,<\/b> Galeria ON, Pozna\u0144<\/li>\n<li><b>&#8222;Przeplot&#8221;<\/b>, z cyklu &#8222;Premedytacje&#8221;, Centralne Muzeum W\u0142\u00f3kiennictwa, \u0141\u00f3d\u017a<\/li>\n<\/ul>\n<p><b>2009 <\/b><\/p>\n<ul>\n<li><b>\u201eMi\u0119dzy 30 a 35\u201d<\/b> \u2013 wystawa z okazji 35lecia Wydzia\u0142u Edukacji Artystycznej, \u201eStara Drukarnia\u201d, Pozna\u0144<\/li>\n<li><b>&#8221; Street Art&#8221;<\/b> IX Spotkania Artystyczne &#8211; Pszczyna 09<\/li>\n<li><b>SURVIVAL 7<\/b> Przegl\u0105d M\u0142odej Sztuki w Ekstremalnych Warunkach, Wroc\u0142aw, Pawilon Czterech Kopu\u0142<\/li>\n<li>II Festiwal Performance <b>&#8222;Granice wn\u0119trza&#8221;<\/b>, Galeria PRZYCHODNIA, Pozna\u0144<\/li>\n<\/ul>\n<p><b>2008<\/b><\/p>\n<ul>\n<li>Festiwal <b>&#8222;ZonArt \u2013 Miejska Strefa Artystyczna&#8221;<\/b> &#8211; Zielona G\u00f3ra<\/li>\n<li><b>I Festiwal Performance<\/b>, Plac Wolno\u015bci, Pozna\u0144<\/li>\n<li><b>&#8222;Oddech wiosenny&#8221;<\/b> &#8211; II Festiwal Performance, \u00a0Toru\u0144<\/li>\n<li><b>&#8222;pARTycypacja&#8221;<\/b> &#8211; cykl wystaw artystycznych w Poznaniu i Zielonej G\u00f3rze<\/li>\n<\/ul>\n<h2 style=\"padding-left: 30px;\"><strong>Kurator wystaw:<\/strong><\/h2>\n<p><strong>2026<\/strong><\/p>\n<ul>\n<li><strong>&#8222;W ka\u017cdym razie&#8221;<\/strong>, Galeria ROZRUCH, Je\u017cyckie Centrum Kultury, Pozna\u0144<\/li>\n<li><strong>&#8222;KONIUNKCJE&#8221;<\/strong>, Galeria NEON, Wroc\u0142aw<\/li>\n<\/ul>\n<p><strong>2025<\/strong><\/p>\n<ul>\n<li><strong>&#8222;LABOR INTO SCULPTA&#8221;<\/strong> &#8211; Galeria PI\u0118TRO_2.0 \/ Pozna\u0144<\/li>\n<li><strong>&#8222;<\/strong><strong class=\"bread-current bread-62105\" title=\"Peter Valiska-Time\u010dko | Col_lection \/action graphics\">LUCIA \u010cARNECK\u00c1 | BODY IN THE INTERFACE&#8221;<\/strong> &#8211; Galeria Du\u017ca Scena UAP, Pozna\u0144<\/li>\n<li>\n<p dir=\"ltr\"><strong>&#8222;Dawid Szafra\u0144ski &#8211; POSTSCRIPTUM vol. 2&#8221;\u00a0<\/strong>-Galeria PI\u0118TRO_2.0,\u00a0 Pozna\u0144<\/p>\n<\/li>\n<\/ul>\n<p><strong>2023<\/strong><\/p>\n<ul>\n<li><strong>&#8222;Monu-Mental Background&#8221;<\/strong> \u2013 Galeria Nowa Scena i Galeria Curator&#8217;s Lab, Pozna\u0144<\/li>\n<li><strong>&#8222;Znikni\u0119cie jako infekcja&#8221;<\/strong>, Centrum Nauki i Sztuki &#8222;Stara kopalnia&#8221;, BWA Wa\u0142brzych<\/li>\n<li><strong style=\"font-size: revert;\">&#8222;W ramach Rze\u017aby | Refleksy III&#8221;<\/strong><span style=\"font-size: revert;\"> \u2013 Galeria Curator&#8217;s Lab, Pozna\u0144<\/span><\/li>\n<\/ul>\n<p><b>2022<\/b><\/p>\n<ul>\n<li><strong>&#8222;<\/strong><strong class=\"bread-current bread-62105\" title=\"Peter Valiska-Time\u010dko | Col_lection \/action graphics\">Peter Valiska-Time\u010dko | Col_lection \/action graphics<\/strong><strong>&#8221; <\/strong>\u2013 Galeria Curator&#8217;s Lab, Pozna\u0144<\/li>\n<\/ul>\n<p><b>2021<\/b><\/p>\n<ul>\n<li><strong>&#8222;Osobno i razem&#8221; <\/strong>\u2013 wystawa zbiorowa, Biuro Wystaw Artystycznych w Ostrowcu \u015awi\u0119tokrzyskim<\/li>\n<\/ul>\n<p><b>2020<\/b><\/p>\n<ul>\n<li><strong>&#8222;Upaniszady&#8221; <\/strong>\u2013 zbiorowa wystawa wirtualna, O\u015brodek Dzia\u0142a\u0144 Artystycznych, Piotrk\u00f3w Trybunalski<\/li>\n<\/ul>\n<p><b>2018<\/b><\/p>\n<ul>\n<li><strong>&#8222;Niech \u017cyje Nam&#8221;<\/strong>, O\u015brodek Dzia\u0142a\u0144 Artystycznych, Piotrk\u00f3w Trybunalski<\/li>\n<\/ul>\n<p><b>2017<\/b><\/p>\n<ul>\n<li><strong>&#8222;Lito\u015b\u0107 \/ Trwoga&#8221;<\/strong>, O\u015brodek Dzia\u0142a\u0144 Artystycznych, Piotrk\u00f3w Trybunalski<\/li>\n<\/ul>\n<p><b>2015<\/b><\/p>\n<ul>\n<li><b>&#8222;<strong>Poza protoko\u0142em \/ Off the record&#8221;<\/strong>, <\/b>UP Gallery, Berlin<\/li>\n<\/ul>\n<p><b>2014 <\/b><\/p>\n<ul>\n<li><b>&#8222;P\u00f3\u0142obr\u00f3t\u201d,<\/b>\u00a0Galeria AULA, Pozna\u0144<\/li>\n<li><b>\u201eSfumato\u201d,<\/b> Dawid Marszewski<b> <\/b>\u2013 Galeria AULA, Pozna\u0144<\/li>\n<\/ul>\n<p><b>2012 <\/b><\/p>\n<ul>\n<li><b>\u201eForget me\u201d<\/b> \u2013 Galeria AULA, Pozna\u0144<\/li>\n<\/ul>\n<p><b>2011<\/b><\/p>\n<ul>\n<li><b>&#8222;ARTificial \u2013 Sztuczna przestrze\u0144 sztuki&#8221;<\/b> \u2013 CH Focus Mall, Zielona G\u00f3ra<\/li>\n<\/ul>\n<p><b>2010<\/b><\/p>\n<ul>\n<li><b>&#8222;Finisa\u017c&#8221;<\/b> \u2013 Centrum Kultury ZAMEK w Poznaniu<\/li>\n<li><b>\u201eEfekt motyla\u201d <\/b>\u2013 Centrum Kultury Zamek w Poznaniu<\/li>\n<\/ul>\n<p><b>2009<\/b><\/p>\n<ul>\n<li><b>\u201eDyploMy\u201d,<\/b> wystawa towarzysz\u0105ca konferencji \u201eFilozoficzne aspekty edukacji artystycznej\u201d, Galeria ASP, Pozna\u0144.<\/li>\n<li><b>&#8222;No Logo&#8221;<\/b> &#8211; cykl wystaw artystycznych &#8211; druga edycja projektu &#8222;pARTycypacja&#8221;, Galeria ASP i Galeria Przychodnia<\/li>\n<li><b>&#8222;Po\u017car &#8211; Dziecko = Zapa\u0142ki&#8221;<\/b> &#8211; wystawa inauguruj\u0105ca projekt Struktury Kultury i dzia\u0142alno\u015b\u0107 Galerii Przychodnia<\/li>\n<li>II Festiwal Performance <b>&#8222;Granice wn\u0119trza&#8221;,<\/b> Galeria PRZYCHODNIA, Pozna\u0144<\/li>\n<\/ul>\n<p><b>2008<\/b><\/p>\n<ul>\n<li><b>I Festiwal Performance<\/b>, Pozna\u0144<\/li>\n<li><b>&#8222;pARTycypacja&#8221;<\/b> &#8211; cykl wystaw artystycznych w Poznaniu i Zielonej G\u00f3rze, Galeria ASP, Modena, Galeria Stara Winiarnia, Galeria PWW.<\/li>\n<\/ul>\n","protected":false},"excerpt":{"rendered":"<p>Witam serdecznie Nazywam si\u0119 Tomasz Drewicz. Jestem artyst\u0105 wizualnym. Dzi\u0119kuj\u0119 za zainteresowanie moj\u0105 tw\u00f3rczo\u015bci\u0105. Na tej stronie znajdziesz podstawowe informacje o mnie i niekt\u00f3rych moich projektach. W swojej praktyce artystycznej zajmuj\u0119 si\u0119 g\u0142\u00f3wnie instalacjami i obiektami. Cz\u0119sto si\u0119gam po inne media, takie jak fotografia, wideo, rysunek a czasem nawet performance. Je\u015bli masz jakie\u015b pytania lub [&hellip;]<\/p>\n","protected":false},"author":1,"featured_media":0,"parent":0,"menu_order":0,"comment_status":"closed","ping_status":"closed","template":"","meta":{"footnotes":""},"class_list":["post-7","page","type-page","status-publish","hentry"],"_links":{"self":[{"href":"https:\/\/tomaszdrewicz.art.pl\/pl\/index.php?rest_route=\/wp\/v2\/pages\/7","targetHints":{"allow":["GET"]}}],"collection":[{"href":"https:\/\/tomaszdrewicz.art.pl\/pl\/index.php?rest_route=\/wp\/v2\/pages"}],"about":[{"href":"https:\/\/tomaszdrewicz.art.pl\/pl\/index.php?rest_route=\/wp\/v2\/types\/page"}],"author":[{"embeddable":true,"href":"https:\/\/tomaszdrewicz.art.pl\/pl\/index.php?rest_route=\/wp\/v2\/users\/1"}],"replies":[{"embeddable":true,"href":"https:\/\/tomaszdrewicz.art.pl\/pl\/index.php?rest_route=%2Fwp%2Fv2%2Fcomments&post=7"}],"version-history":[{"count":63,"href":"https:\/\/tomaszdrewicz.art.pl\/pl\/index.php?rest_route=\/wp\/v2\/pages\/7\/revisions"}],"predecessor-version":[{"id":1394,"href":"https:\/\/tomaszdrewicz.art.pl\/pl\/index.php?rest_route=\/wp\/v2\/pages\/7\/revisions\/1394"}],"wp:attachment":[{"href":"https:\/\/tomaszdrewicz.art.pl\/pl\/index.php?rest_route=%2Fwp%2Fv2%2Fmedia&parent=7"}],"curies":[{"name":"wp","href":"https:\/\/api.w.org\/{rel}","templated":true}]}}