{"id":70,"date":"2014-03-19T08:26:04","date_gmt":"2014-03-19T07:26:04","guid":{"rendered":"http:\/\/tomaszdrewicz.art.pl\/?page_id=70"},"modified":"2019-11-16T07:04:33","modified_gmt":"2019-11-16T06:04:33","slug":"memorandum","status":"publish","type":"page","link":"https:\/\/tomaszdrewicz.art.pl\/pl\/?page_id=70","title":{"rendered":"Memorandum"},"content":{"rendered":"<p>(instalacja rze\u017abiarska \u2013 narty, pu\u0142apki na szczury, farba w sprayu, \u017c\u00f3\u0142ty ser)<br \/>\nprojekt zrealizowany na wystawie prezentuj\u0105cej postawy pedagog\u00f3w i student\u00f3w Wydzia\u0142u Rze\u017aby i Dzia\u0142a\u0144 Przestrzennych Uniwersytetu Artystycznego w Poznaniu w pozna\u0144skiej Palmiarni w roku 2013<\/p>\n<p><a href=\"http:\/\/tomaszdrewicz.art.pl\/pl\/wp-content\/uploads\/2014\/03\/Tomasz-Drewicz-Memorandum.jpg\"><img loading=\"lazy\" decoding=\"async\" class=\"alignnone size-large wp-image-71\" src=\"http:\/\/tomaszdrewicz.art.pl\/pl\/wp-content\/uploads\/2014\/03\/Tomasz-Drewicz-Memorandum-682x1024.jpg\" alt=\"Tomasz Drewicz - Memorandum\" width=\"625\" height=\"938\" \/><\/a><\/p>\n<p>Para nart pomalowanych w bia\u0142o-czerwone pasy nawi\u0105zuje do s\u0142up\u00f3w wyznaczaj\u0105cych granice pa\u0144stwowe. Narty zosta\u0142y wbite w ziemi\u0119 w jednym z pawilon\u00f3w pozna\u0144skiej Palmiarni. Przestrze\u0144 by\u0142a ciasno wype\u0142niona bujn\u0105 tropikaln\u0105 ro\u015blinno\u015bci\u0105. Wi\u0105zania do but\u00f3w narciarskich zast\u0105piono pu\u0142apkami na szczury.<\/p>\n<p><a href=\"http:\/\/tomaszdrewicz.art.pl\/pl\/wp-content\/uploads\/2014\/03\/Tomasz-Drewicz-Memorandum-szczegol.jpg\"><img loading=\"lazy\" decoding=\"async\" class=\"alignnone size-large wp-image-72\" src=\"http:\/\/tomaszdrewicz.art.pl\/pl\/wp-content\/uploads\/2014\/03\/Tomasz-Drewicz-Memorandum-szczegol-682x1024.jpg\" alt=\"Tomasz Drewicz - Memorandum (szczegol)\" width=\"625\" height=\"938\" \/><\/a><\/p>\n","protected":false},"excerpt":{"rendered":"<p>(instalacja rze\u017abiarska \u2013 narty, pu\u0142apki na szczury, farba w sprayu, \u017c\u00f3\u0142ty ser) projekt zrealizowany na wystawie prezentuj\u0105cej postawy pedagog\u00f3w i student\u00f3w Wydzia\u0142u Rze\u017aby i Dzia\u0142a\u0144 Przestrzennych Uniwersytetu Artystycznego w Poznaniu w pozna\u0144skiej Palmiarni w roku 2013 Para nart pomalowanych w bia\u0142o-czerwone pasy nawi\u0105zuje do s\u0142up\u00f3w wyznaczaj\u0105cych granice pa\u0144stwowe. Narty zosta\u0142y wbite w ziemi\u0119 w jednym [&hellip;]<\/p>\n","protected":false},"author":1,"featured_media":0,"parent":41,"menu_order":0,"comment_status":"closed","ping_status":"closed","template":"","meta":{"footnotes":""},"class_list":["post-70","page","type-page","status-publish","hentry"],"_links":{"self":[{"href":"https:\/\/tomaszdrewicz.art.pl\/pl\/index.php?rest_route=\/wp\/v2\/pages\/70","targetHints":{"allow":["GET"]}}],"collection":[{"href":"https:\/\/tomaszdrewicz.art.pl\/pl\/index.php?rest_route=\/wp\/v2\/pages"}],"about":[{"href":"https:\/\/tomaszdrewicz.art.pl\/pl\/index.php?rest_route=\/wp\/v2\/types\/page"}],"author":[{"embeddable":true,"href":"https:\/\/tomaszdrewicz.art.pl\/pl\/index.php?rest_route=\/wp\/v2\/users\/1"}],"replies":[{"embeddable":true,"href":"https:\/\/tomaszdrewicz.art.pl\/pl\/index.php?rest_route=%2Fwp%2Fv2%2Fcomments&post=70"}],"version-history":[{"count":1,"href":"https:\/\/tomaszdrewicz.art.pl\/pl\/index.php?rest_route=\/wp\/v2\/pages\/70\/revisions"}],"predecessor-version":[{"id":888,"href":"https:\/\/tomaszdrewicz.art.pl\/pl\/index.php?rest_route=\/wp\/v2\/pages\/70\/revisions\/888"}],"up":[{"embeddable":true,"href":"https:\/\/tomaszdrewicz.art.pl\/pl\/index.php?rest_route=\/wp\/v2\/pages\/41"}],"wp:attachment":[{"href":"https:\/\/tomaszdrewicz.art.pl\/pl\/index.php?rest_route=%2Fwp%2Fv2%2Fmedia&parent=70"}],"curies":[{"name":"wp","href":"https:\/\/api.w.org\/{rel}","templated":true}]}}