{"id":74,"date":"2014-03-19T08:34:43","date_gmt":"2014-03-19T07:34:43","guid":{"rendered":"http:\/\/tomaszdrewicz.art.pl\/?page_id=74"},"modified":"2019-11-16T07:07:51","modified_gmt":"2019-11-16T06:07:51","slug":"rozpowszechnianie-tresci-patriotycznych","status":"publish","type":"page","link":"https:\/\/tomaszdrewicz.art.pl\/pl\/?page_id=74","title":{"rendered":"Rozpowszechnianie tre\u015bci patriotycznych"},"content":{"rendered":"<p>(instalacja d\u017awi\u0119kowa &#8211; lod\u00f3wka, odlew gipsowy, g\u0142o\u015bniki komputerowe)<br \/>\nprojekt zrealizowany na spotkaniu \u201eZe sztuk\u0105, wobec sztuki\u201d w Centrum Rze\u017aby Polskiej w Oro\u0144sku w roku 2009<\/p>\n<p><a href=\"http:\/\/tomaszdrewicz.art.pl\/pl\/wp-content\/uploads\/2014\/03\/Tomasz-Drewicz-Rozpowszechnianie-tresci-patriotycznych-1.jpg\"><img loading=\"lazy\" decoding=\"async\" class=\"alignnone size-large wp-image-75\" src=\"http:\/\/tomaszdrewicz.art.pl\/pl\/wp-content\/uploads\/2014\/03\/Tomasz-Drewicz-Rozpowszechnianie-tresci-patriotycznych-1-768x1024.jpg\" alt=\"Tomasz Drewicz - Rozpowszechnianie tresci patriotycznych 1\" width=\"625\" height=\"833\" \/><\/a><\/p>\n<p>W mojej pracy pos\u0142u\u017cy\u0142em si\u0119 gotowym obiektem jakim by\u0142a stara podniszczona lod\u00f3wka produkcji rosyjskiej. Ingerencja polega\u0142a na umieszczeniu w jej wn\u0119trzu urz\u0105dzenia, kt\u00f3re w momencie rozpocz\u0119cia ch\u0142odzenia emituje muzyk\u0119 &#8211; by\u0142 to jeden z utwor\u00f3w autorstwa Fryderyka Chopina. D\u017awi\u0119k ten by\u0142 s\u0142yszalny jedynie w momencie pracy spr\u0119\u017carki, kt\u00f3ra go jednocze\u015bnie zag\u0142usza\u0142a. Wewn\u0105trz lod\u00f3wki wstawione zosta\u0142y gipsowe odlewy d\u0142oni u\u0142o\u017cone w ge\u015bcie zdenerwowania, z\u0142o\u015bci czy te\u017c buntu. Praca eksponowana by\u0142a w plenerze, w parku oro\u0144skiego Centrum Rze\u017aby Polskiej otoczona pokrytymi \u015bniegiem pracami rze\u017abiarskimi. Prosty kszta\u0142t lod\u00f3wki otoczonej abstrakcyjnymi kamiennymi formami oraz pozbawienie jej podstawowej funkcji u\u017cytkowej podkre\u015bla\u0142y jej groteskowy, surrealistyczny charakter.<\/p>\n<p><a href=\"http:\/\/tomaszdrewicz.art.pl\/pl\/wp-content\/uploads\/2014\/03\/Tomasz-Drewicz-Rozpowszechnianie-tresci-patriotycznych-szczegol.jpg\"><img loading=\"lazy\" decoding=\"async\" class=\"alignnone size-large wp-image-76\" src=\"http:\/\/tomaszdrewicz.art.pl\/pl\/wp-content\/uploads\/2014\/03\/Tomasz-Drewicz-Rozpowszechnianie-tresci-patriotycznych-szczegol-1024x768.jpg\" alt=\"Tomasz Drewicz - Rozpowszechnianie tresci patriotycznych (szczegol)\" width=\"625\" height=\"468\" \/><\/a><\/p>\n<p><a href=\"http:\/\/tomaszdrewicz.art.pl\/pl\/wp-content\/uploads\/2014\/03\/Tomasz-Drewicz-Rozpowszechnianie-tresci-patriotycznych-2.jpg\"><img loading=\"lazy\" decoding=\"async\" class=\"alignnone size-large wp-image-77\" src=\"http:\/\/tomaszdrewicz.art.pl\/pl\/wp-content\/uploads\/2014\/03\/Tomasz-Drewicz-Rozpowszechnianie-tresci-patriotycznych-2-768x1024.jpg\" alt=\"Tomasz Drewicz - Rozpowszechnianie tresci patriotycznych 2\" width=\"625\" height=\"833\" \/><\/a><\/p>\n","protected":false},"excerpt":{"rendered":"<p>(instalacja d\u017awi\u0119kowa &#8211; lod\u00f3wka, odlew gipsowy, g\u0142o\u015bniki komputerowe) projekt zrealizowany na spotkaniu \u201eZe sztuk\u0105, wobec sztuki\u201d w Centrum Rze\u017aby Polskiej w Oro\u0144sku w roku 2009 W mojej pracy pos\u0142u\u017cy\u0142em si\u0119 gotowym obiektem jakim by\u0142a stara podniszczona lod\u00f3wka produkcji rosyjskiej. Ingerencja polega\u0142a na umieszczeniu w jej wn\u0119trzu urz\u0105dzenia, kt\u00f3re w momencie rozpocz\u0119cia ch\u0142odzenia emituje muzyk\u0119 &#8211; [&hellip;]<\/p>\n","protected":false},"author":1,"featured_media":0,"parent":41,"menu_order":0,"comment_status":"closed","ping_status":"closed","template":"","meta":{"footnotes":""},"class_list":["post-74","page","type-page","status-publish","hentry"],"_links":{"self":[{"href":"https:\/\/tomaszdrewicz.art.pl\/pl\/index.php?rest_route=\/wp\/v2\/pages\/74","targetHints":{"allow":["GET"]}}],"collection":[{"href":"https:\/\/tomaszdrewicz.art.pl\/pl\/index.php?rest_route=\/wp\/v2\/pages"}],"about":[{"href":"https:\/\/tomaszdrewicz.art.pl\/pl\/index.php?rest_route=\/wp\/v2\/types\/page"}],"author":[{"embeddable":true,"href":"https:\/\/tomaszdrewicz.art.pl\/pl\/index.php?rest_route=\/wp\/v2\/users\/1"}],"replies":[{"embeddable":true,"href":"https:\/\/tomaszdrewicz.art.pl\/pl\/index.php?rest_route=%2Fwp%2Fv2%2Fcomments&post=74"}],"version-history":[{"count":1,"href":"https:\/\/tomaszdrewicz.art.pl\/pl\/index.php?rest_route=\/wp\/v2\/pages\/74\/revisions"}],"predecessor-version":[{"id":893,"href":"https:\/\/tomaszdrewicz.art.pl\/pl\/index.php?rest_route=\/wp\/v2\/pages\/74\/revisions\/893"}],"up":[{"embeddable":true,"href":"https:\/\/tomaszdrewicz.art.pl\/pl\/index.php?rest_route=\/wp\/v2\/pages\/41"}],"wp:attachment":[{"href":"https:\/\/tomaszdrewicz.art.pl\/pl\/index.php?rest_route=%2Fwp%2Fv2%2Fmedia&parent=74"}],"curies":[{"name":"wp","href":"https:\/\/api.w.org\/{rel}","templated":true}]}}