{"id":740,"date":"2019-01-20T11:40:05","date_gmt":"2019-01-20T10:40:05","guid":{"rendered":"http:\/\/tomaszdrewicz.art.pl\/pl\/?page_id=740"},"modified":"2019-11-16T07:00:05","modified_gmt":"2019-11-16T06:00:05","slug":"pospolite-wzruszenie","status":"publish","type":"page","link":"https:\/\/tomaszdrewicz.art.pl\/pl\/?page_id=740","title":{"rendered":"Pospolite wzruszenie"},"content":{"rendered":"\n<p>(instalacja rze\u017abiarska \u2013 lustro, mata grzewcza, farba akrylowa, farba termochromowa, programator czasowy)<br>2018<\/p>\n\n\n\n<p>Jest to kolejny obiekt malarski wykorzystuj\u0105cy mo\u017cliwo\u015bci farby termochromowej, kt\u00f3ra po podgrzaniu staje si\u0119 prawie przezroczysta. Dzi\u0119ki tym specyficznym w\u0142a\u015bciwo\u015bciom, co jaki\u015b czas, zmienia si\u0119 znaczenie napisu namalowanego na obrazie. W tym przypadku znikni\u0119cie tylko dw\u00f3ch liter powoduje powo\u0142anie ca\u0142kowicie przeciwnego sensu.<\/p>\n\n\n\n<figure class=\"wp-block-image\"><img loading=\"lazy\" decoding=\"async\" width=\"1024\" height=\"501\" src=\"http:\/\/tomaszdrewicz.art.pl\/pl\/wp-content\/uploads\/2019\/01\/20181011_133902_HDR-1024x501.jpg\" alt=\"\" class=\"wp-image-741\" srcset=\"https:\/\/tomaszdrewicz.art.pl\/pl\/wp-content\/uploads\/2019\/01\/20181011_133902_HDR-1024x501.jpg 1024w, https:\/\/tomaszdrewicz.art.pl\/pl\/wp-content\/uploads\/2019\/01\/20181011_133902_HDR-300x147.jpg 300w, https:\/\/tomaszdrewicz.art.pl\/pl\/wp-content\/uploads\/2019\/01\/20181011_133902_HDR-768x375.jpg 768w, https:\/\/tomaszdrewicz.art.pl\/pl\/wp-content\/uploads\/2019\/01\/20181011_133902_HDR-624x305.jpg 624w\" sizes=\"auto, (max-width: 1024px) 100vw, 1024px\" \/><\/figure>\n\n\n\n<figure class=\"wp-block-image\"><img loading=\"lazy\" decoding=\"async\" width=\"1024\" height=\"683\" src=\"http:\/\/tomaszdrewicz.art.pl\/pl\/wp-content\/uploads\/2019\/11\/Tomasz-Drewicz-Pospolite-wzruszenie-1024x683.jpg\" alt=\"\" class=\"wp-image-879\" srcset=\"https:\/\/tomaszdrewicz.art.pl\/pl\/wp-content\/uploads\/2019\/11\/Tomasz-Drewicz-Pospolite-wzruszenie-1024x683.jpg 1024w, https:\/\/tomaszdrewicz.art.pl\/pl\/wp-content\/uploads\/2019\/11\/Tomasz-Drewicz-Pospolite-wzruszenie-300x200.jpg 300w, https:\/\/tomaszdrewicz.art.pl\/pl\/wp-content\/uploads\/2019\/11\/Tomasz-Drewicz-Pospolite-wzruszenie-768x512.jpg 768w, https:\/\/tomaszdrewicz.art.pl\/pl\/wp-content\/uploads\/2019\/11\/Tomasz-Drewicz-Pospolite-wzruszenie-624x416.jpg 624w\" sizes=\"auto, (max-width: 1024px) 100vw, 1024px\" \/><\/figure>\n","protected":false},"excerpt":{"rendered":"<p>(instalacja rze\u017abiarska \u2013 lustro, mata grzewcza, farba akrylowa, farba termochromowa, programator czasowy)2018 Jest to kolejny obiekt malarski wykorzystuj\u0105cy mo\u017cliwo\u015bci farby termochromowej, kt\u00f3ra po podgrzaniu staje si\u0119 prawie przezroczysta. Dzi\u0119ki tym specyficznym w\u0142a\u015bciwo\u015bciom, co jaki\u015b czas, zmienia si\u0119 znaczenie napisu namalowanego na obrazie. W tym przypadku znikni\u0119cie tylko dw\u00f3ch liter powoduje powo\u0142anie ca\u0142kowicie przeciwnego sensu.<\/p>\n","protected":false},"author":1,"featured_media":0,"parent":0,"menu_order":0,"comment_status":"closed","ping_status":"closed","template":"","meta":{"footnotes":""},"class_list":["post-740","page","type-page","status-publish","hentry"],"_links":{"self":[{"href":"https:\/\/tomaszdrewicz.art.pl\/pl\/index.php?rest_route=\/wp\/v2\/pages\/740","targetHints":{"allow":["GET"]}}],"collection":[{"href":"https:\/\/tomaszdrewicz.art.pl\/pl\/index.php?rest_route=\/wp\/v2\/pages"}],"about":[{"href":"https:\/\/tomaszdrewicz.art.pl\/pl\/index.php?rest_route=\/wp\/v2\/types\/page"}],"author":[{"embeddable":true,"href":"https:\/\/tomaszdrewicz.art.pl\/pl\/index.php?rest_route=\/wp\/v2\/users\/1"}],"replies":[{"embeddable":true,"href":"https:\/\/tomaszdrewicz.art.pl\/pl\/index.php?rest_route=%2Fwp%2Fv2%2Fcomments&post=740"}],"version-history":[{"count":3,"href":"https:\/\/tomaszdrewicz.art.pl\/pl\/index.php?rest_route=\/wp\/v2\/pages\/740\/revisions"}],"predecessor-version":[{"id":880,"href":"https:\/\/tomaszdrewicz.art.pl\/pl\/index.php?rest_route=\/wp\/v2\/pages\/740\/revisions\/880"}],"wp:attachment":[{"href":"https:\/\/tomaszdrewicz.art.pl\/pl\/index.php?rest_route=%2Fwp%2Fv2%2Fmedia&parent=740"}],"curies":[{"name":"wp","href":"https:\/\/api.w.org\/{rel}","templated":true}]}}