{"id":773,"date":"2019-06-24T08:15:43","date_gmt":"2019-06-24T06:15:43","guid":{"rendered":"http:\/\/tomaszdrewicz.art.pl\/pl\/?page_id=773"},"modified":"2023-01-24T19:11:52","modified_gmt":"2023-01-24T18:11:52","slug":"komfort-termiczny","status":"publish","type":"page","link":"https:\/\/tomaszdrewicz.art.pl\/pl\/?page_id=773","title":{"rendered":"Komfort termiczny &#8211; wystawa"},"content":{"rendered":"\n<p><a href=\"http:\/\/www.tomaszdrewicz.art.pl\/Tomasz%20Drewicz%20-%20Komfort%20termiczny.pdf\">Komfort termiczny &#8211; katalog.pdf<\/a><\/p>\n\n\n\n<p>Prezentowana w radomskiej Elektrowni wystawa pt. \u201eKomfort termiczny\u201d ukazuje prace, w kt\u00f3rych odnosz\u0119 si\u0119 do zjawiska <em>Ciep\u0142a<\/em>. T\u0119 problematyk\u0119 rozpracowuj\u0119 na wielu polach &#8211; zar\u00f3wno czysto fizycznych jak i w szerszym znaczeniu. <em>Ciep\u0142o<\/em> traktuj\u0119 bowiem jako metafor\u0119, m\u00f3wi\u0105c\u0105 o wszechobecnej potrzebie wymiany oraz o ci\u0105g\u0142ym, niesko\u0144czonym procesie dochodzenia do r\u00f3wnowagi. W swoich pracach wykorzystuj\u0119 r\u00f3\u017cne materia\u0142y a w\u015br\u00f3d nich i te maj\u0105ce ciekawe w\u0142a\u015bciwo\u015bci cieplne, czyli na przyk\u0142ad farb\u0119 termochromow\u0105, kt\u00f3ra w reakcji na zmian\u0119 temperatury robi sie przezroczysta oraz kruszywo korkowe, kt\u00f3re posiada bardzo dobre w\u0142a\u015bciwo\u015bci termo i d\u017awi\u0119ko-izolacyjne. Wybrane substancje staj\u0105 si\u0119 fundamentem, na kt\u00f3rym konstruuje szeroko interpretowalne sytuacje, kt\u00f3re nazywam \u201ezdarzeniami\u201d. Cz\u0119\u015b\u0107 spo\u015br\u00f3d prac zosta\u0142o specjalnie zaprojektowanych dla MCSW Elektronia w Radomiu; korzystaj\u0105 bowiem ze specyficznych warunk\u00f3w ekspozycyjnych jakimi ona dysponuje.<\/p>\n\n\n\n<figure class=\"wp-block-image\"><img loading=\"lazy\" decoding=\"async\" width=\"500\" height=\"721\" src=\"http:\/\/tomaszdrewicz.art.pl\/pl\/wp-content\/uploads\/2019\/03\/TOMASZ-DREWICZ-KOMFORT-TERMICZNY-plakat-maly.jpg\" alt=\"\" class=\"wp-image-752\" srcset=\"https:\/\/tomaszdrewicz.art.pl\/pl\/wp-content\/uploads\/2019\/03\/TOMASZ-DREWICZ-KOMFORT-TERMICZNY-plakat-maly.jpg 500w, https:\/\/tomaszdrewicz.art.pl\/pl\/wp-content\/uploads\/2019\/03\/TOMASZ-DREWICZ-KOMFORT-TERMICZNY-plakat-maly-208x300.jpg 208w\" sizes=\"auto, (max-width: 500px) 100vw, 500px\" \/><\/figure>\n\n\n\n<figure class=\"wp-block-embed-youtube wp-block-embed is-type-video is-provider-youtube wp-embed-aspect-16-9 wp-has-aspect-ratio\"><div class=\"wp-block-embed__wrapper\">\n<iframe loading=\"lazy\" title=\"Tomasz Drewicz - Komfort termiczny\" width=\"625\" height=\"352\" src=\"https:\/\/www.youtube.com\/embed\/jrpshy-nobM?feature=oembed\" frameborder=\"0\" allow=\"accelerometer; autoplay; clipboard-write; encrypted-media; gyroscope; picture-in-picture; web-share\" referrerpolicy=\"strict-origin-when-cross-origin\" allowfullscreen><\/iframe>\n<\/div><\/figure>\n\n\n\n<figure class=\"wp-block-image\"><img loading=\"lazy\" decoding=\"async\" width=\"1024\" height=\"683\" src=\"http:\/\/tomaszdrewicz.art.pl\/pl\/wp-content\/uploads\/2019\/11\/T.Drewicz_046-1024x683.jpg\" alt=\"\" class=\"wp-image-825\" srcset=\"https:\/\/tomaszdrewicz.art.pl\/pl\/wp-content\/uploads\/2019\/11\/T.Drewicz_046-1024x683.jpg 1024w, https:\/\/tomaszdrewicz.art.pl\/pl\/wp-content\/uploads\/2019\/11\/T.Drewicz_046-300x200.jpg 300w, https:\/\/tomaszdrewicz.art.pl\/pl\/wp-content\/uploads\/2019\/11\/T.Drewicz_046-768x512.jpg 768w, https:\/\/tomaszdrewicz.art.pl\/pl\/wp-content\/uploads\/2019\/11\/T.Drewicz_046-624x416.jpg 624w\" sizes=\"auto, (max-width: 1024px) 100vw, 1024px\" \/><\/figure>\n\n\n\n<figure class=\"wp-block-image\"><img loading=\"lazy\" decoding=\"async\" width=\"1024\" height=\"683\" src=\"http:\/\/tomaszdrewicz.art.pl\/pl\/wp-content\/uploads\/2019\/11\/T.Drewicz_047-1024x683.jpg\" alt=\"\" class=\"wp-image-826\" srcset=\"https:\/\/tomaszdrewicz.art.pl\/pl\/wp-content\/uploads\/2019\/11\/T.Drewicz_047-1024x683.jpg 1024w, https:\/\/tomaszdrewicz.art.pl\/pl\/wp-content\/uploads\/2019\/11\/T.Drewicz_047-300x200.jpg 300w, https:\/\/tomaszdrewicz.art.pl\/pl\/wp-content\/uploads\/2019\/11\/T.Drewicz_047-768x512.jpg 768w, https:\/\/tomaszdrewicz.art.pl\/pl\/wp-content\/uploads\/2019\/11\/T.Drewicz_047-624x416.jpg 624w\" sizes=\"auto, (max-width: 1024px) 100vw, 1024px\" \/><\/figure>\n\n\n\n<figure class=\"wp-block-image\"><img loading=\"lazy\" decoding=\"async\" width=\"1024\" height=\"683\" src=\"http:\/\/tomaszdrewicz.art.pl\/pl\/wp-content\/uploads\/2019\/11\/T.Drewicz_041-1024x683.jpg\" alt=\"\" class=\"wp-image-827\" srcset=\"https:\/\/tomaszdrewicz.art.pl\/pl\/wp-content\/uploads\/2019\/11\/T.Drewicz_041-1024x683.jpg 1024w, https:\/\/tomaszdrewicz.art.pl\/pl\/wp-content\/uploads\/2019\/11\/T.Drewicz_041-300x200.jpg 300w, https:\/\/tomaszdrewicz.art.pl\/pl\/wp-content\/uploads\/2019\/11\/T.Drewicz_041-768x512.jpg 768w, https:\/\/tomaszdrewicz.art.pl\/pl\/wp-content\/uploads\/2019\/11\/T.Drewicz_041-624x416.jpg 624w\" sizes=\"auto, (max-width: 1024px) 100vw, 1024px\" \/><\/figure>\n\n\n\n<figure class=\"wp-block-image\"><img loading=\"lazy\" decoding=\"async\" width=\"1024\" height=\"683\" src=\"http:\/\/tomaszdrewicz.art.pl\/pl\/wp-content\/uploads\/2019\/11\/T.Drewicz_043-1024x683.jpg\" alt=\"\" class=\"wp-image-828\" srcset=\"https:\/\/tomaszdrewicz.art.pl\/pl\/wp-content\/uploads\/2019\/11\/T.Drewicz_043-1024x683.jpg 1024w, https:\/\/tomaszdrewicz.art.pl\/pl\/wp-content\/uploads\/2019\/11\/T.Drewicz_043-300x200.jpg 300w, https:\/\/tomaszdrewicz.art.pl\/pl\/wp-content\/uploads\/2019\/11\/T.Drewicz_043-768x512.jpg 768w, https:\/\/tomaszdrewicz.art.pl\/pl\/wp-content\/uploads\/2019\/11\/T.Drewicz_043-624x416.jpg 624w\" sizes=\"auto, (max-width: 1024px) 100vw, 1024px\" \/><\/figure>\n\n\n\n<figure class=\"wp-block-image\"><img loading=\"lazy\" decoding=\"async\" width=\"1024\" height=\"683\" src=\"http:\/\/tomaszdrewicz.art.pl\/pl\/wp-content\/uploads\/2019\/11\/T.Drewicz_039-1024x683.jpg\" alt=\"\" class=\"wp-image-829\" srcset=\"https:\/\/tomaszdrewicz.art.pl\/pl\/wp-content\/uploads\/2019\/11\/T.Drewicz_039-1024x683.jpg 1024w, https:\/\/tomaszdrewicz.art.pl\/pl\/wp-content\/uploads\/2019\/11\/T.Drewicz_039-300x200.jpg 300w, https:\/\/tomaszdrewicz.art.pl\/pl\/wp-content\/uploads\/2019\/11\/T.Drewicz_039-768x512.jpg 768w, https:\/\/tomaszdrewicz.art.pl\/pl\/wp-content\/uploads\/2019\/11\/T.Drewicz_039-624x416.jpg 624w\" sizes=\"auto, (max-width: 1024px) 100vw, 1024px\" \/><\/figure>\n","protected":false},"excerpt":{"rendered":"<p>Komfort termiczny &#8211; katalog.pdf Prezentowana w radomskiej Elektrowni wystawa pt. \u201eKomfort termiczny\u201d ukazuje prace, w kt\u00f3rych odnosz\u0119 si\u0119 do zjawiska Ciep\u0142a. T\u0119 problematyk\u0119 rozpracowuj\u0119 na wielu polach &#8211; zar\u00f3wno czysto fizycznych jak i w szerszym znaczeniu. Ciep\u0142o traktuj\u0119 bowiem jako metafor\u0119, m\u00f3wi\u0105c\u0105 o wszechobecnej potrzebie wymiany oraz o ci\u0105g\u0142ym, niesko\u0144czonym procesie dochodzenia do r\u00f3wnowagi. W [&hellip;]<\/p>\n","protected":false},"author":1,"featured_media":0,"parent":41,"menu_order":0,"comment_status":"closed","ping_status":"closed","template":"","meta":{"footnotes":""},"class_list":["post-773","page","type-page","status-publish","hentry"],"_links":{"self":[{"href":"https:\/\/tomaszdrewicz.art.pl\/pl\/index.php?rest_route=\/wp\/v2\/pages\/773","targetHints":{"allow":["GET"]}}],"collection":[{"href":"https:\/\/tomaszdrewicz.art.pl\/pl\/index.php?rest_route=\/wp\/v2\/pages"}],"about":[{"href":"https:\/\/tomaszdrewicz.art.pl\/pl\/index.php?rest_route=\/wp\/v2\/types\/page"}],"author":[{"embeddable":true,"href":"https:\/\/tomaszdrewicz.art.pl\/pl\/index.php?rest_route=\/wp\/v2\/users\/1"}],"replies":[{"embeddable":true,"href":"https:\/\/tomaszdrewicz.art.pl\/pl\/index.php?rest_route=%2Fwp%2Fv2%2Fcomments&post=773"}],"version-history":[{"count":8,"href":"https:\/\/tomaszdrewicz.art.pl\/pl\/index.php?rest_route=\/wp\/v2\/pages\/773\/revisions"}],"predecessor-version":[{"id":1122,"href":"https:\/\/tomaszdrewicz.art.pl\/pl\/index.php?rest_route=\/wp\/v2\/pages\/773\/revisions\/1122"}],"up":[{"embeddable":true,"href":"https:\/\/tomaszdrewicz.art.pl\/pl\/index.php?rest_route=\/wp\/v2\/pages\/41"}],"wp:attachment":[{"href":"https:\/\/tomaszdrewicz.art.pl\/pl\/index.php?rest_route=%2Fwp%2Fv2%2Fmedia&parent=773"}],"curies":[{"name":"wp","href":"https:\/\/api.w.org\/{rel}","templated":true}]}}