{"id":789,"date":"2019-06-24T08:33:09","date_gmt":"2019-06-24T06:33:09","guid":{"rendered":"http:\/\/tomaszdrewicz.art.pl\/pl\/?page_id=789"},"modified":"2019-11-16T06:36:38","modified_gmt":"2019-11-16T05:36:38","slug":"cieple-obrazy-cykl","status":"publish","type":"page","link":"https:\/\/tomaszdrewicz.art.pl\/pl\/?page_id=789","title":{"rendered":"Ciep\u0142e obrazy &#8211; cykl"},"content":{"rendered":"\n<p>Tryptyk zatytu\u0142owany \u201eCiep\u0142e obrazy\u201d pokazuje fragmenty wielkiego pieca w MCSW ELEKTROWNIA  w Radomiu. Na namalowanych ceg\u0142ach znajduj\u0105 si\u0119 napisy wykonane farb\u0105 termochromow\u0105. Obrazy s\u0105 malowane na elektrycznych p\u0142ytach grzejnych pod\u0142\u0105czonych do sterownika. To niezwyk\u0142e graffiti jest w stanie zmieni\u0107 kolor z czarnego na bia\u0142y, a czasem staje si\u0119 prawie przezroczyste.<\/p>\n\n\n\n<p><strong>\u201eKu przysz\u0142o\u015bci\u201d z cyklu &#8222;Ciep\u0142e obrazy&#8221;<br><\/strong>wymiary: 60 x 60 x 3 cm <br>technika: mieszana  (panel grzewczy, farba akrylowa, farba termochromowa, programator czasowy) <br>rok powstania: 2019<\/p>\n\n\n\n<figure class=\"wp-block-image\"><img loading=\"lazy\" decoding=\"async\" width=\"1024\" height=\"872\" src=\"http:\/\/tomaszdrewicz.art.pl\/pl\/wp-content\/uploads\/2019\/11\/komfort-termiczny-do-polonu-10-1024x872.jpg\" alt=\"\" class=\"wp-image-838\" srcset=\"https:\/\/tomaszdrewicz.art.pl\/pl\/wp-content\/uploads\/2019\/11\/komfort-termiczny-do-polonu-10-1024x872.jpg 1024w, https:\/\/tomaszdrewicz.art.pl\/pl\/wp-content\/uploads\/2019\/11\/komfort-termiczny-do-polonu-10-300x256.jpg 300w, https:\/\/tomaszdrewicz.art.pl\/pl\/wp-content\/uploads\/2019\/11\/komfort-termiczny-do-polonu-10-768x654.jpg 768w, https:\/\/tomaszdrewicz.art.pl\/pl\/wp-content\/uploads\/2019\/11\/komfort-termiczny-do-polonu-10-624x531.jpg 624w\" sizes=\"auto, (max-width: 1024px) 100vw, 1024px\" \/><\/figure>\n\n\n\n<figure class=\"wp-block-image is-resized\"><img loading=\"lazy\" decoding=\"async\" src=\"http:\/\/tomaszdrewicz.art.pl\/pl\/wp-content\/uploads\/2019\/11\/T.Drewicz_021-e1573882193681-1024x1005.jpg\" alt=\"\" class=\"wp-image-840\" width=\"392\" height=\"385\" srcset=\"https:\/\/tomaszdrewicz.art.pl\/pl\/wp-content\/uploads\/2019\/11\/T.Drewicz_021-e1573882193681-1024x1005.jpg 1024w, https:\/\/tomaszdrewicz.art.pl\/pl\/wp-content\/uploads\/2019\/11\/T.Drewicz_021-e1573882193681-300x294.jpg 300w, https:\/\/tomaszdrewicz.art.pl\/pl\/wp-content\/uploads\/2019\/11\/T.Drewicz_021-e1573882193681-768x754.jpg 768w, https:\/\/tomaszdrewicz.art.pl\/pl\/wp-content\/uploads\/2019\/11\/T.Drewicz_021-e1573882193681-624x612.jpg 624w\" sizes=\"auto, (max-width: 392px) 100vw, 392px\" \/><\/figure>\n\n\n\n<p><strong>\u201eW tera\u017aniejszo\u015b\u0107\u201d z cyklu &#8222;Ciep\u0142e obrazy&#8221;<br><\/strong>wymiary: 60 x 60 x 3 cm <br>technika: mieszana  (panel grzewczy, farba akrylowa, farba termochromowa, programator czasowy) <br>rok powstania: 2019 <\/p>\n\n\n\n<figure class=\"wp-block-image\"><img loading=\"lazy\" decoding=\"async\" width=\"1024\" height=\"868\" src=\"http:\/\/tomaszdrewicz.art.pl\/pl\/wp-content\/uploads\/2019\/11\/komfort-termiczny-do-polonu-6-1024x868.jpg\" alt=\"\" class=\"wp-image-837\" srcset=\"https:\/\/tomaszdrewicz.art.pl\/pl\/wp-content\/uploads\/2019\/11\/komfort-termiczny-do-polonu-6-1024x868.jpg 1024w, https:\/\/tomaszdrewicz.art.pl\/pl\/wp-content\/uploads\/2019\/11\/komfort-termiczny-do-polonu-6-300x254.jpg 300w, https:\/\/tomaszdrewicz.art.pl\/pl\/wp-content\/uploads\/2019\/11\/komfort-termiczny-do-polonu-6-768x651.jpg 768w, https:\/\/tomaszdrewicz.art.pl\/pl\/wp-content\/uploads\/2019\/11\/komfort-termiczny-do-polonu-6-624x529.jpg 624w\" sizes=\"auto, (max-width: 1024px) 100vw, 1024px\" \/><\/figure>\n\n\n\n<p><strong>\u201eO przesz\u0142o\u015bci\u201d z cyklu &#8222;Ciep\u0142e obrazy&#8221;<br><\/strong>wymiary: 60 x 60 x 3 cm <br>technika: mieszana  (panel grzewczy, farba akrylowa, farba termochromowa, programator czasowy) <br>rok powstania: 2019 <\/p>\n\n\n\n<figure class=\"wp-block-image\"><img decoding=\"async\" src=\"http:\/\/tomaszdrewicz.art.pl\/pl\/wp-content\/uploads\/2019\/11\/komfort-termiczny-do-polonu-8-e1573881918890-1024x978.jpg\" alt=\"\" class=\"wp-image-831\"\/><\/figure>\n","protected":false},"excerpt":{"rendered":"<p>Tryptyk zatytu\u0142owany \u201eCiep\u0142e obrazy\u201d pokazuje fragmenty wielkiego pieca w MCSW ELEKTROWNIA w Radomiu. Na namalowanych ceg\u0142ach znajduj\u0105 si\u0119 napisy wykonane farb\u0105 termochromow\u0105. Obrazy s\u0105 malowane na elektrycznych p\u0142ytach grzejnych pod\u0142\u0105czonych do sterownika. To niezwyk\u0142e graffiti jest w stanie zmieni\u0107 kolor z czarnego na bia\u0142y, a czasem staje si\u0119 prawie przezroczyste. \u201eKu przysz\u0142o\u015bci\u201d z cyklu &#8222;Ciep\u0142e [&hellip;]<\/p>\n","protected":false},"author":1,"featured_media":0,"parent":773,"menu_order":0,"comment_status":"closed","ping_status":"closed","template":"","meta":{"footnotes":""},"class_list":["post-789","page","type-page","status-publish","hentry"],"_links":{"self":[{"href":"https:\/\/tomaszdrewicz.art.pl\/pl\/index.php?rest_route=\/wp\/v2\/pages\/789","targetHints":{"allow":["GET"]}}],"collection":[{"href":"https:\/\/tomaszdrewicz.art.pl\/pl\/index.php?rest_route=\/wp\/v2\/pages"}],"about":[{"href":"https:\/\/tomaszdrewicz.art.pl\/pl\/index.php?rest_route=\/wp\/v2\/types\/page"}],"author":[{"embeddable":true,"href":"https:\/\/tomaszdrewicz.art.pl\/pl\/index.php?rest_route=\/wp\/v2\/users\/1"}],"replies":[{"embeddable":true,"href":"https:\/\/tomaszdrewicz.art.pl\/pl\/index.php?rest_route=%2Fwp%2Fv2%2Fcomments&post=789"}],"version-history":[{"count":7,"href":"https:\/\/tomaszdrewicz.art.pl\/pl\/index.php?rest_route=\/wp\/v2\/pages\/789\/revisions"}],"predecessor-version":[{"id":843,"href":"https:\/\/tomaszdrewicz.art.pl\/pl\/index.php?rest_route=\/wp\/v2\/pages\/789\/revisions\/843"}],"up":[{"embeddable":true,"href":"https:\/\/tomaszdrewicz.art.pl\/pl\/index.php?rest_route=\/wp\/v2\/pages\/773"}],"wp:attachment":[{"href":"https:\/\/tomaszdrewicz.art.pl\/pl\/index.php?rest_route=%2Fwp%2Fv2%2Fmedia&parent=789"}],"curies":[{"name":"wp","href":"https:\/\/api.w.org\/{rel}","templated":true}]}}