{"id":798,"date":"2019-06-24T08:48:24","date_gmt":"2019-06-24T06:48:24","guid":{"rendered":"http:\/\/tomaszdrewicz.art.pl\/pl\/?page_id=798"},"modified":"2019-11-16T06:46:32","modified_gmt":"2019-11-16T05:46:32","slug":"cieplem","status":"publish","type":"page","link":"https:\/\/tomaszdrewicz.art.pl\/pl\/?page_id=798","title":{"rendered":"Ciep\u0142em"},"content":{"rendered":"\n<p>instalacja wieloelementowa<br>technika mieszana <br>rok produkcji: 2018 <\/p>\n\n\n\n<figure class=\"wp-block-image\"><img loading=\"lazy\" decoding=\"async\" width=\"1024\" height=\"682\" src=\"http:\/\/tomaszdrewicz.art.pl\/pl\/wp-content\/uploads\/2019\/11\/T.Drewicz_004-1024x682.jpg\" alt=\"\" class=\"wp-image-856\" srcset=\"https:\/\/tomaszdrewicz.art.pl\/pl\/wp-content\/uploads\/2019\/11\/T.Drewicz_004-1024x682.jpg 1024w, https:\/\/tomaszdrewicz.art.pl\/pl\/wp-content\/uploads\/2019\/11\/T.Drewicz_004-300x200.jpg 300w, https:\/\/tomaszdrewicz.art.pl\/pl\/wp-content\/uploads\/2019\/11\/T.Drewicz_004-768x512.jpg 768w, https:\/\/tomaszdrewicz.art.pl\/pl\/wp-content\/uploads\/2019\/11\/T.Drewicz_004-624x416.jpg 624w\" sizes=\"auto, (max-width: 1024px) 100vw, 1024px\" \/><\/figure>\n\n\n\n<figure class=\"wp-block-image\"><img loading=\"lazy\" decoding=\"async\" width=\"1024\" height=\"682\" src=\"http:\/\/tomaszdrewicz.art.pl\/pl\/wp-content\/uploads\/2019\/11\/T.Drewicz_007-1024x682.jpg\" alt=\"\" class=\"wp-image-857\" srcset=\"https:\/\/tomaszdrewicz.art.pl\/pl\/wp-content\/uploads\/2019\/11\/T.Drewicz_007-1024x682.jpg 1024w, https:\/\/tomaszdrewicz.art.pl\/pl\/wp-content\/uploads\/2019\/11\/T.Drewicz_007-300x200.jpg 300w, https:\/\/tomaszdrewicz.art.pl\/pl\/wp-content\/uploads\/2019\/11\/T.Drewicz_007-768x512.jpg 768w, https:\/\/tomaszdrewicz.art.pl\/pl\/wp-content\/uploads\/2019\/11\/T.Drewicz_007-624x416.jpg 624w\" sizes=\"auto, (max-width: 1024px) 100vw, 1024px\" \/><\/figure>\n\n\n\n<figure class=\"wp-block-image\"><img loading=\"lazy\" decoding=\"async\" width=\"1024\" height=\"683\" src=\"http:\/\/tomaszdrewicz.art.pl\/pl\/wp-content\/uploads\/2019\/11\/T.Drewicz_037-1024x683.jpg\" alt=\"\" class=\"wp-image-858\" srcset=\"https:\/\/tomaszdrewicz.art.pl\/pl\/wp-content\/uploads\/2019\/11\/T.Drewicz_037-1024x683.jpg 1024w, https:\/\/tomaszdrewicz.art.pl\/pl\/wp-content\/uploads\/2019\/11\/T.Drewicz_037-300x200.jpg 300w, https:\/\/tomaszdrewicz.art.pl\/pl\/wp-content\/uploads\/2019\/11\/T.Drewicz_037-768x512.jpg 768w, https:\/\/tomaszdrewicz.art.pl\/pl\/wp-content\/uploads\/2019\/11\/T.Drewicz_037-624x416.jpg 624w\" sizes=\"auto, (max-width: 1024px) 100vw, 1024px\" \/><\/figure>\n\n\n\n<figure class=\"wp-block-image\"><img loading=\"lazy\" decoding=\"async\" width=\"727\" height=\"1024\" src=\"http:\/\/tomaszdrewicz.art.pl\/pl\/wp-content\/uploads\/2019\/11\/Tomasz-drewicz-CIEP\u0141EM-skany-z-raport\u00f3w-wykonanych-podczas-obserwacji-wernisa\u017cu-w-Galerii-AT-w-Poznaniu-6-727x1024.jpg\" alt=\"\" class=\"wp-image-866\" srcset=\"https:\/\/tomaszdrewicz.art.pl\/pl\/wp-content\/uploads\/2019\/11\/Tomasz-drewicz-CIEP\u0141EM-skany-z-raport\u00f3w-wykonanych-podczas-obserwacji-wernisa\u017cu-w-Galerii-AT-w-Poznaniu-6-727x1024.jpg 727w, https:\/\/tomaszdrewicz.art.pl\/pl\/wp-content\/uploads\/2019\/11\/Tomasz-drewicz-CIEP\u0141EM-skany-z-raport\u00f3w-wykonanych-podczas-obserwacji-wernisa\u017cu-w-Galerii-AT-w-Poznaniu-6-213x300.jpg 213w, https:\/\/tomaszdrewicz.art.pl\/pl\/wp-content\/uploads\/2019\/11\/Tomasz-drewicz-CIEP\u0141EM-skany-z-raport\u00f3w-wykonanych-podczas-obserwacji-wernisa\u017cu-w-Galerii-AT-w-Poznaniu-6-768x1081.jpg 768w, https:\/\/tomaszdrewicz.art.pl\/pl\/wp-content\/uploads\/2019\/11\/Tomasz-drewicz-CIEP\u0141EM-skany-z-raport\u00f3w-wykonanych-podczas-obserwacji-wernisa\u017cu-w-Galerii-AT-w-Poznaniu-6-624x879.jpg 624w\" sizes=\"auto, (max-width: 727px) 100vw, 727px\" \/><\/figure>\n","protected":false},"excerpt":{"rendered":"<p>instalacja wieloelementowatechnika mieszana rok produkcji: 2018<\/p>\n","protected":false},"author":1,"featured_media":0,"parent":773,"menu_order":0,"comment_status":"closed","ping_status":"closed","template":"","meta":{"footnotes":""},"class_list":["post-798","page","type-page","status-publish","hentry"],"_links":{"self":[{"href":"https:\/\/tomaszdrewicz.art.pl\/pl\/index.php?rest_route=\/wp\/v2\/pages\/798","targetHints":{"allow":["GET"]}}],"collection":[{"href":"https:\/\/tomaszdrewicz.art.pl\/pl\/index.php?rest_route=\/wp\/v2\/pages"}],"about":[{"href":"https:\/\/tomaszdrewicz.art.pl\/pl\/index.php?rest_route=\/wp\/v2\/types\/page"}],"author":[{"embeddable":true,"href":"https:\/\/tomaszdrewicz.art.pl\/pl\/index.php?rest_route=\/wp\/v2\/users\/1"}],"replies":[{"embeddable":true,"href":"https:\/\/tomaszdrewicz.art.pl\/pl\/index.php?rest_route=%2Fwp%2Fv2%2Fcomments&post=798"}],"version-history":[{"count":3,"href":"https:\/\/tomaszdrewicz.art.pl\/pl\/index.php?rest_route=\/wp\/v2\/pages\/798\/revisions"}],"predecessor-version":[{"id":867,"href":"https:\/\/tomaszdrewicz.art.pl\/pl\/index.php?rest_route=\/wp\/v2\/pages\/798\/revisions\/867"}],"up":[{"embeddable":true,"href":"https:\/\/tomaszdrewicz.art.pl\/pl\/index.php?rest_route=\/wp\/v2\/pages\/773"}],"wp:attachment":[{"href":"https:\/\/tomaszdrewicz.art.pl\/pl\/index.php?rest_route=%2Fwp%2Fv2%2Fmedia&parent=798"}],"curies":[{"name":"wp","href":"https:\/\/api.w.org\/{rel}","templated":true}]}}