{"id":812,"date":"2022-12-08T14:25:28","date_gmt":"2022-12-08T13:25:28","guid":{"rendered":"http:\/\/tomaszdrewicz.art.pl\/pl\/?page_id=812"},"modified":"2023-07-14T09:57:37","modified_gmt":"2023-07-14T07:57:37","slug":"doznanie-ataraktyczne-2","status":"publish","type":"page","link":"https:\/\/tomaszdrewicz.art.pl\/pl\/?page_id=812","title":{"rendered":"Dylatacja"},"content":{"rendered":"\n<p><strong>Tomasz Drewicz \u2013 \u201eDylatacja\u201d<\/strong><br>(instalacja rze\u017abiarska \u2013 technika w\u0142asna)<br>2023<\/p>\n\n\n\n<p>Dokumentacja fotograficzna z wystawy:  <em>KATEGORIUM \u2013 JAKO\u015a\u0106, REALNO\u015a\u0106, PRZECZENIE, OGRANICZENIE, Wa\u0142brzyska Galeria Sztuki BWA, Galeria Centrum Ceramiki Unikatowej, Centrum Nauki i Sztuki STARA KOPALNIA, Wa\u0142brzych  <\/em> <\/p>\n\n\n\n<figure class=\"wp-block-image\"><img loading=\"lazy\" decoding=\"async\" width=\"1024\" height=\"683\" src=\"https:\/\/tomaszdrewicz.art.pl\/pl\/wp-content\/uploads\/2023\/07\/IMG_4894-1024x683.jpg\" alt=\"\" class=\"wp-image-1179\" srcset=\"https:\/\/tomaszdrewicz.art.pl\/pl\/wp-content\/uploads\/2023\/07\/IMG_4894-1024x683.jpg 1024w, https:\/\/tomaszdrewicz.art.pl\/pl\/wp-content\/uploads\/2023\/07\/IMG_4894-300x200.jpg 300w, https:\/\/tomaszdrewicz.art.pl\/pl\/wp-content\/uploads\/2023\/07\/IMG_4894-768x512.jpg 768w, https:\/\/tomaszdrewicz.art.pl\/pl\/wp-content\/uploads\/2023\/07\/IMG_4894-624x416.jpg 624w\" sizes=\"auto, (max-width: 1024px) 100vw, 1024px\" \/><\/figure>\n\n\n\n<figure class=\"wp-block-image\"><img loading=\"lazy\" decoding=\"async\" width=\"1024\" height=\"683\" src=\"https:\/\/tomaszdrewicz.art.pl\/pl\/wp-content\/uploads\/2023\/07\/IMG_4882-1024x683.jpg\" alt=\"\" class=\"wp-image-1180\" srcset=\"https:\/\/tomaszdrewicz.art.pl\/pl\/wp-content\/uploads\/2023\/07\/IMG_4882-1024x683.jpg 1024w, https:\/\/tomaszdrewicz.art.pl\/pl\/wp-content\/uploads\/2023\/07\/IMG_4882-300x200.jpg 300w, https:\/\/tomaszdrewicz.art.pl\/pl\/wp-content\/uploads\/2023\/07\/IMG_4882-768x512.jpg 768w, https:\/\/tomaszdrewicz.art.pl\/pl\/wp-content\/uploads\/2023\/07\/IMG_4882-624x416.jpg 624w\" sizes=\"auto, (max-width: 1024px) 100vw, 1024px\" \/><\/figure>\n\n\n\n<figure class=\"wp-block-image\"><img loading=\"lazy\" decoding=\"async\" width=\"1024\" height=\"683\" src=\"https:\/\/tomaszdrewicz.art.pl\/pl\/wp-content\/uploads\/2023\/07\/IMG_4885-1024x683.jpg\" alt=\"\" class=\"wp-image-1181\" srcset=\"https:\/\/tomaszdrewicz.art.pl\/pl\/wp-content\/uploads\/2023\/07\/IMG_4885-1024x683.jpg 1024w, https:\/\/tomaszdrewicz.art.pl\/pl\/wp-content\/uploads\/2023\/07\/IMG_4885-300x200.jpg 300w, https:\/\/tomaszdrewicz.art.pl\/pl\/wp-content\/uploads\/2023\/07\/IMG_4885-768x512.jpg 768w, https:\/\/tomaszdrewicz.art.pl\/pl\/wp-content\/uploads\/2023\/07\/IMG_4885-624x416.jpg 624w\" sizes=\"auto, (max-width: 1024px) 100vw, 1024px\" \/><\/figure>\n\n\n\n<figure class=\"wp-block-image\"><img loading=\"lazy\" decoding=\"async\" width=\"1024\" height=\"683\" src=\"https:\/\/tomaszdrewicz.art.pl\/pl\/wp-content\/uploads\/2023\/07\/IMG_4891-1024x683.jpg\" alt=\"\" class=\"wp-image-1182\" srcset=\"https:\/\/tomaszdrewicz.art.pl\/pl\/wp-content\/uploads\/2023\/07\/IMG_4891-1024x683.jpg 1024w, https:\/\/tomaszdrewicz.art.pl\/pl\/wp-content\/uploads\/2023\/07\/IMG_4891-300x200.jpg 300w, https:\/\/tomaszdrewicz.art.pl\/pl\/wp-content\/uploads\/2023\/07\/IMG_4891-768x512.jpg 768w, https:\/\/tomaszdrewicz.art.pl\/pl\/wp-content\/uploads\/2023\/07\/IMG_4891-624x416.jpg 624w\" sizes=\"auto, (max-width: 1024px) 100vw, 1024px\" \/><\/figure>\n\n\n\n<figure class=\"wp-block-image\"><img loading=\"lazy\" decoding=\"async\" width=\"1024\" height=\"683\" src=\"https:\/\/tomaszdrewicz.art.pl\/pl\/wp-content\/uploads\/2023\/07\/IMG_4887-1024x683.jpg\" alt=\"\" class=\"wp-image-1183\" srcset=\"https:\/\/tomaszdrewicz.art.pl\/pl\/wp-content\/uploads\/2023\/07\/IMG_4887-1024x683.jpg 1024w, https:\/\/tomaszdrewicz.art.pl\/pl\/wp-content\/uploads\/2023\/07\/IMG_4887-300x200.jpg 300w, https:\/\/tomaszdrewicz.art.pl\/pl\/wp-content\/uploads\/2023\/07\/IMG_4887-768x512.jpg 768w, https:\/\/tomaszdrewicz.art.pl\/pl\/wp-content\/uploads\/2023\/07\/IMG_4887-624x416.jpg 624w\" sizes=\"auto, (max-width: 1024px) 100vw, 1024px\" \/><\/figure>\n\n\n\n<p> <\/p>\n","protected":false},"excerpt":{"rendered":"<p>Tomasz Drewicz \u2013 \u201eDylatacja\u201d(instalacja rze\u017abiarska \u2013 technika w\u0142asna)2023 Dokumentacja fotograficzna z wystawy: KATEGORIUM \u2013 JAKO\u015a\u0106, REALNO\u015a\u0106, PRZECZENIE, OGRANICZENIE, Wa\u0142brzyska Galeria Sztuki BWA, Galeria Centrum Ceramiki Unikatowej, Centrum Nauki i Sztuki STARA KOPALNIA, Wa\u0142brzych<\/p>\n","protected":false},"author":1,"featured_media":0,"parent":0,"menu_order":0,"comment_status":"closed","ping_status":"closed","template":"","meta":{"footnotes":""},"class_list":["post-812","page","type-page","status-publish","hentry"],"_links":{"self":[{"href":"https:\/\/tomaszdrewicz.art.pl\/pl\/index.php?rest_route=\/wp\/v2\/pages\/812","targetHints":{"allow":["GET"]}}],"collection":[{"href":"https:\/\/tomaszdrewicz.art.pl\/pl\/index.php?rest_route=\/wp\/v2\/pages"}],"about":[{"href":"https:\/\/tomaszdrewicz.art.pl\/pl\/index.php?rest_route=\/wp\/v2\/types\/page"}],"author":[{"embeddable":true,"href":"https:\/\/tomaszdrewicz.art.pl\/pl\/index.php?rest_route=\/wp\/v2\/users\/1"}],"replies":[{"embeddable":true,"href":"https:\/\/tomaszdrewicz.art.pl\/pl\/index.php?rest_route=%2Fwp%2Fv2%2Fcomments&post=812"}],"version-history":[{"count":4,"href":"https:\/\/tomaszdrewicz.art.pl\/pl\/index.php?rest_route=\/wp\/v2\/pages\/812\/revisions"}],"predecessor-version":[{"id":1187,"href":"https:\/\/tomaszdrewicz.art.pl\/pl\/index.php?rest_route=\/wp\/v2\/pages\/812\/revisions\/1187"}],"wp:attachment":[{"href":"https:\/\/tomaszdrewicz.art.pl\/pl\/index.php?rest_route=%2Fwp%2Fv2%2Fmedia&parent=812"}],"curies":[{"name":"wp","href":"https:\/\/api.w.org\/{rel}","templated":true}]}}