{"id":84,"date":"2014-03-19T08:38:22","date_gmt":"2014-03-19T07:38:22","guid":{"rendered":"http:\/\/tomaszdrewicz.art.pl\/?page_id=84"},"modified":"2019-11-16T07:07:05","modified_gmt":"2019-11-16T06:07:05","slug":"tabula-rasa","status":"publish","type":"page","link":"https:\/\/tomaszdrewicz.art.pl\/pl\/?page_id=84","title":{"rendered":"Tabula Rasa"},"content":{"rendered":"<p>(instalacja interaktywna \u2013 drewno, karty sim, lampa sygnalizacyjno-ostrzegawcza, czujnik ruchu)<br \/>\nprojekt zrealizowany na festiwalu \u201eStreetArt\u201d w Pszczynie w roku 2009<\/p>\n<p>Projekt \u201eTabula Rasa\u201d zosta\u0142 zrealizowany podczas festiwalu \u201eStreet Art\u201d w Pszczynie. Polega\u0142 on na ustawieniu budki stra\u017cniczej w Pszczy\u0144skim Parku Historycznym. Pod dachem kabiny zainstalowa\u0142em sygnalizator alarmowy i czujnik ruchu. Dodatkowo w \u015brodku budki wisia\u0142y opakowania typu blister z kartami SIM jednej z popularnych sieci kom\u00f3rkowych. Ka\u017cda pr\u00f3ba zabrania \u201eprezentu\u201d wisz\u0105cego w kabinie by\u0142a wi\u0119c r\u00f3wnie\u017c pocz\u0105tkiem bardzo specyficznej interakcji.<\/p>\n<p>Festiwal trwa\u0142 oko\u0142o dw\u00f3ch tygodni. W tym czasie tury\u015bci i mieszka\u0144cy Pszczyny mogli bezp\u0142atnie zabiera\u0107 wywieszone startery. Co kilka dni by\u0142y one przeze mnie uzupe\u0142niane. Ostatecznie zabrano oko\u0142o trzydziestu zestaw\u00f3w. Wcze\u015bniej zapisa\u0142em wszystkie numery kontaktowe u\u017cytych kart sim. Kilka dni przed ko\u0144cem festiwalu &#8211; kiedy wszystkie by\u0142y ju\u017c \u201ew u\u017cyciu\u201d &#8211; mog\u0142em rozpocz\u0105\u0107 ostatni\u0105 faz\u0119 projektu, kt\u00f3r\u0105 by\u0142a pr\u00f3b\u0105 skontaktowania si\u0119 z nowymi u\u017cytkownikami. Co kilka godzin wysy\u0142a\u0142em do nich kr\u00f3tkie SMS-y. Ca\u0142a procedura mia\u0142a doprowadzi\u0107 do naszego prawdziwego spotkania i kolacji w jednej z restauracji w Pszczynie. Niestety nikt nie odpowiedzia\u0142 na moje zaproszenie.<\/p>\n<p><a href=\"http:\/\/tomaszdrewicz.art.pl\/pl\/wp-content\/uploads\/2014\/03\/Tomasz-Drewicz-Tabula-Rasa-2.jpg\"><img loading=\"lazy\" decoding=\"async\" class=\"alignnone size-large wp-image-85\" src=\"http:\/\/tomaszdrewicz.art.pl\/pl\/wp-content\/uploads\/2014\/03\/Tomasz-Drewicz-Tabula-Rasa-2-768x1024.jpg\" alt=\"Tomasz Drewicz - Tabula Rasa 2\" width=\"625\" height=\"833\" \/><\/a><\/p>\n<p><a href=\"http:\/\/tomaszdrewicz.art.pl\/pl\/wp-content\/uploads\/2014\/03\/Tomasz-Drewicz-Tabula-Rasa-1.jpg\"><img loading=\"lazy\" decoding=\"async\" class=\"alignnone size-large wp-image-86\" src=\"http:\/\/tomaszdrewicz.art.pl\/pl\/wp-content\/uploads\/2014\/03\/Tomasz-Drewicz-Tabula-Rasa-1-768x1024.jpg\" alt=\"Tomasz Drewicz - Tabula Rasa 1\" width=\"625\" height=\"833\" \/><\/a><\/p>\n<p><a href=\"http:\/\/tomaszdrewicz.art.pl\/pl\/wp-content\/uploads\/2014\/03\/IMG_7051.jpg\"><img loading=\"lazy\" decoding=\"async\" class=\"alignnone size-full wp-image-185\" src=\"http:\/\/tomaszdrewicz.art.pl\/pl\/wp-content\/uploads\/2014\/03\/IMG_7051.jpg\" alt=\"IMG_7051\" width=\"850\" height=\"578\" \/><\/a><\/p>\n<p><a href=\"http:\/\/tomaszdrewicz.art.pl\/pl\/wp-content\/uploads\/2014\/03\/IMG_7055.jpg\"><img loading=\"lazy\" decoding=\"async\" class=\"alignnone size-large wp-image-186\" src=\"http:\/\/tomaszdrewicz.art.pl\/pl\/wp-content\/uploads\/2014\/03\/IMG_7055.jpg\" alt=\"IMG_7055\" width=\"625\" height=\"425\" \/><\/a><\/p>\n","protected":false},"excerpt":{"rendered":"<p>(instalacja interaktywna \u2013 drewno, karty sim, lampa sygnalizacyjno-ostrzegawcza, czujnik ruchu) projekt zrealizowany na festiwalu \u201eStreetArt\u201d w Pszczynie w roku 2009 Projekt \u201eTabula Rasa\u201d zosta\u0142 zrealizowany podczas festiwalu \u201eStreet Art\u201d w Pszczynie. Polega\u0142 on na ustawieniu budki stra\u017cniczej w Pszczy\u0144skim Parku Historycznym. Pod dachem kabiny zainstalowa\u0142em sygnalizator alarmowy i czujnik ruchu. Dodatkowo w \u015brodku budki wisia\u0142y [&hellip;]<\/p>\n","protected":false},"author":1,"featured_media":0,"parent":41,"menu_order":0,"comment_status":"closed","ping_status":"closed","template":"","meta":{"footnotes":""},"class_list":["post-84","page","type-page","status-publish","hentry"],"_links":{"self":[{"href":"https:\/\/tomaszdrewicz.art.pl\/pl\/index.php?rest_route=\/wp\/v2\/pages\/84","targetHints":{"allow":["GET"]}}],"collection":[{"href":"https:\/\/tomaszdrewicz.art.pl\/pl\/index.php?rest_route=\/wp\/v2\/pages"}],"about":[{"href":"https:\/\/tomaszdrewicz.art.pl\/pl\/index.php?rest_route=\/wp\/v2\/types\/page"}],"author":[{"embeddable":true,"href":"https:\/\/tomaszdrewicz.art.pl\/pl\/index.php?rest_route=\/wp\/v2\/users\/1"}],"replies":[{"embeddable":true,"href":"https:\/\/tomaszdrewicz.art.pl\/pl\/index.php?rest_route=%2Fwp%2Fv2%2Fcomments&post=84"}],"version-history":[{"count":1,"href":"https:\/\/tomaszdrewicz.art.pl\/pl\/index.php?rest_route=\/wp\/v2\/pages\/84\/revisions"}],"predecessor-version":[{"id":890,"href":"https:\/\/tomaszdrewicz.art.pl\/pl\/index.php?rest_route=\/wp\/v2\/pages\/84\/revisions\/890"}],"up":[{"embeddable":true,"href":"https:\/\/tomaszdrewicz.art.pl\/pl\/index.php?rest_route=\/wp\/v2\/pages\/41"}],"wp:attachment":[{"href":"https:\/\/tomaszdrewicz.art.pl\/pl\/index.php?rest_route=%2Fwp%2Fv2%2Fmedia&parent=84"}],"curies":[{"name":"wp","href":"https:\/\/api.w.org\/{rel}","templated":true}]}}