{"id":868,"date":"2019-11-16T06:54:22","date_gmt":"2019-11-16T05:54:22","guid":{"rendered":"http:\/\/tomaszdrewicz.art.pl\/pl\/?page_id=868"},"modified":"2019-11-16T06:54:58","modified_gmt":"2019-11-16T05:54:58","slug":"cieplem","status":"publish","type":"page","link":"https:\/\/tomaszdrewicz.art.pl\/pl\/?page_id=868","title":{"rendered":"Ciep\u0142em"},"content":{"rendered":"\n<p>instalacja wieloelementowa<br>technika mieszana <br>Galeria AT <br>rok produkcji: 2018  <\/p>\n\n\n\n<figure class=\"wp-block-image\"><img loading=\"lazy\" decoding=\"async\" width=\"1024\" height=\"683\" src=\"http:\/\/tomaszdrewicz.art.pl\/pl\/wp-content\/uploads\/2019\/11\/IMG_4389-1024x683.jpg\" alt=\"\" class=\"wp-image-869\" srcset=\"https:\/\/tomaszdrewicz.art.pl\/pl\/wp-content\/uploads\/2019\/11\/IMG_4389-1024x683.jpg 1024w, https:\/\/tomaszdrewicz.art.pl\/pl\/wp-content\/uploads\/2019\/11\/IMG_4389-300x200.jpg 300w, https:\/\/tomaszdrewicz.art.pl\/pl\/wp-content\/uploads\/2019\/11\/IMG_4389-768x512.jpg 768w, https:\/\/tomaszdrewicz.art.pl\/pl\/wp-content\/uploads\/2019\/11\/IMG_4389-624x416.jpg 624w\" sizes=\"auto, (max-width: 1024px) 100vw, 1024px\" \/><\/figure>\n\n\n\n<p>Teksty na kartkach odnosz\u0105 si\u0119 do raport\u00f3w z obserwacji zgromadze\u0144 publicznych wydanych przez Helsi\u0144sk\u0105 Fundacj\u0119 Praw Cz\u0142owieka i Amnesty International. Obie instytucje rozpocz\u0119\u0142y swoje obserwacje w 2017 r. podczas protest\u00f3w i demonstracji, kt\u00f3re wybuch\u0142y w Polsce po tym, gdy polski rz\u0105d wprowadzi\u0142 zmiany do przepis\u00f3w dotycz\u0105cych S\u0105du Najwy\u017cszego oraz uchwali\u0142 Ustaw\u0119 o Zgromadzeniach Cyklicznych.<\/p>\n\n\n\n<p>J\u0119zyk tych raport\u00f3w, a tak\u017ce zastosowana \u201ecenzura\u201d, odnosi si\u0119 do technik nadzoru stosowanych przez polsk\u0105 s\u0142u\u017cb\u0119 bezpiecze\u0144stwa wobec cz\u0142onk\u00f3w ruchu antykomunistycznego w latach 1956\u20131989.<\/p>\n\n\n\n<figure class=\"wp-block-image\"><img loading=\"lazy\" decoding=\"async\" width=\"1024\" height=\"683\" src=\"http:\/\/tomaszdrewicz.art.pl\/pl\/wp-content\/uploads\/2019\/11\/IMG_4430-1024x683.jpg\" alt=\"\" class=\"wp-image-870\" srcset=\"https:\/\/tomaszdrewicz.art.pl\/pl\/wp-content\/uploads\/2019\/11\/IMG_4430-1024x683.jpg 1024w, https:\/\/tomaszdrewicz.art.pl\/pl\/wp-content\/uploads\/2019\/11\/IMG_4430-300x200.jpg 300w, https:\/\/tomaszdrewicz.art.pl\/pl\/wp-content\/uploads\/2019\/11\/IMG_4430-768x512.jpg 768w, https:\/\/tomaszdrewicz.art.pl\/pl\/wp-content\/uploads\/2019\/11\/IMG_4430-624x416.jpg 624w\" sizes=\"auto, (max-width: 1024px) 100vw, 1024px\" \/><\/figure>\n\n\n\n<figure class=\"wp-block-image\"><img loading=\"lazy\" decoding=\"async\" width=\"1024\" height=\"682\" src=\"http:\/\/tomaszdrewicz.art.pl\/pl\/wp-content\/uploads\/2019\/11\/T.Drewicz_006-1024x682.jpg\" alt=\"\" class=\"wp-image-873\" srcset=\"https:\/\/tomaszdrewicz.art.pl\/pl\/wp-content\/uploads\/2019\/11\/T.Drewicz_006-1024x682.jpg 1024w, https:\/\/tomaszdrewicz.art.pl\/pl\/wp-content\/uploads\/2019\/11\/T.Drewicz_006-300x200.jpg 300w, https:\/\/tomaszdrewicz.art.pl\/pl\/wp-content\/uploads\/2019\/11\/T.Drewicz_006-768x512.jpg 768w, https:\/\/tomaszdrewicz.art.pl\/pl\/wp-content\/uploads\/2019\/11\/T.Drewicz_006-624x416.jpg 624w\" sizes=\"auto, (max-width: 1024px) 100vw, 1024px\" \/><\/figure>\n\n\n\n<p>Aby ujawni\u0107 \u201eocenzurowane\u201d tre\u015bci, uczestnicy obecni na wydarzeniu musieli u\u017cy\u0107 specjalnie przygotowanych megafon\u00f3w\/suszarek.<\/p>\n\n\n\n<figure class=\"wp-block-image\"><img loading=\"lazy\" decoding=\"async\" width=\"1024\" height=\"683\" src=\"http:\/\/tomaszdrewicz.art.pl\/pl\/wp-content\/uploads\/2019\/11\/IMG_4076-1024x683.jpg\" alt=\"\" class=\"wp-image-874\" srcset=\"https:\/\/tomaszdrewicz.art.pl\/pl\/wp-content\/uploads\/2019\/11\/IMG_4076-1024x683.jpg 1024w, https:\/\/tomaszdrewicz.art.pl\/pl\/wp-content\/uploads\/2019\/11\/IMG_4076-300x200.jpg 300w, https:\/\/tomaszdrewicz.art.pl\/pl\/wp-content\/uploads\/2019\/11\/IMG_4076-768x512.jpg 768w, https:\/\/tomaszdrewicz.art.pl\/pl\/wp-content\/uploads\/2019\/11\/IMG_4076-624x416.jpg 624w, https:\/\/tomaszdrewicz.art.pl\/pl\/wp-content\/uploads\/2019\/11\/IMG_4076.jpg 1984w\" sizes=\"auto, (max-width: 1024px) 100vw, 1024px\" \/><\/figure>\n\n\n\n<p>Podczas wernisa\u017cu widzowie byli stale obserwowani. Nowe strony raportu by\u0142y natychmiast dodawane do wisz\u0105cych na \u015bcianach tablic.<\/p>\n\n\n\n<figure class=\"wp-block-image\"><img loading=\"lazy\" decoding=\"async\" width=\"1024\" height=\"576\" src=\"http:\/\/tomaszdrewicz.art.pl\/pl\/wp-content\/uploads\/2019\/11\/CAM-mix-01-1024x576.jpg\" alt=\"\" class=\"wp-image-871\" srcset=\"https:\/\/tomaszdrewicz.art.pl\/pl\/wp-content\/uploads\/2019\/11\/CAM-mix-01-1024x576.jpg 1024w, https:\/\/tomaszdrewicz.art.pl\/pl\/wp-content\/uploads\/2019\/11\/CAM-mix-01-300x169.jpg 300w, https:\/\/tomaszdrewicz.art.pl\/pl\/wp-content\/uploads\/2019\/11\/CAM-mix-01-768x432.jpg 768w, https:\/\/tomaszdrewicz.art.pl\/pl\/wp-content\/uploads\/2019\/11\/CAM-mix-01-624x351.jpg 624w, https:\/\/tomaszdrewicz.art.pl\/pl\/wp-content\/uploads\/2019\/11\/CAM-mix-01.jpg 1920w\" sizes=\"auto, (max-width: 1024px) 100vw, 1024px\" \/><\/figure>\n\n\n\n<figure class=\"wp-block-image\"><img loading=\"lazy\" decoding=\"async\" width=\"727\" height=\"1024\" src=\"http:\/\/tomaszdrewicz.art.pl\/pl\/wp-content\/uploads\/2019\/11\/Tomasz-drewicz-CIEP\u0141EM-skany-z-raport\u00f3w-wykonanych-podczas-obserwacji-wernisa\u017cu-w-Galerii-AT-w-Poznaniu-6-1-727x1024.jpg\" alt=\"\" class=\"wp-image-872\" srcset=\"https:\/\/tomaszdrewicz.art.pl\/pl\/wp-content\/uploads\/2019\/11\/Tomasz-drewicz-CIEP\u0141EM-skany-z-raport\u00f3w-wykonanych-podczas-obserwacji-wernisa\u017cu-w-Galerii-AT-w-Poznaniu-6-1-727x1024.jpg 727w, https:\/\/tomaszdrewicz.art.pl\/pl\/wp-content\/uploads\/2019\/11\/Tomasz-drewicz-CIEP\u0141EM-skany-z-raport\u00f3w-wykonanych-podczas-obserwacji-wernisa\u017cu-w-Galerii-AT-w-Poznaniu-6-1-213x300.jpg 213w, https:\/\/tomaszdrewicz.art.pl\/pl\/wp-content\/uploads\/2019\/11\/Tomasz-drewicz-CIEP\u0141EM-skany-z-raport\u00f3w-wykonanych-podczas-obserwacji-wernisa\u017cu-w-Galerii-AT-w-Poznaniu-6-1-768x1081.jpg 768w, https:\/\/tomaszdrewicz.art.pl\/pl\/wp-content\/uploads\/2019\/11\/Tomasz-drewicz-CIEP\u0141EM-skany-z-raport\u00f3w-wykonanych-podczas-obserwacji-wernisa\u017cu-w-Galerii-AT-w-Poznaniu-6-1-624x879.jpg 624w\" sizes=\"auto, (max-width: 727px) 100vw, 727px\" \/><figcaption>17 wrze\u015bnia 2018<br> <br>Na tajnym posiedzeniu podj\u0119to decyzj\u0119 o wykorzystaniu technik obserwacji wewn\u0119trznej i zewn\u0119trznej w celu jak najlepszego poznania powod\u00f3w i celu organizacji zgromadzenia cyklicznego zg\u0142oszonego jako \u201ewernisa\u017c\u201d.<br> Ze wzgl\u0119du na ustawienie obiekt\u00f3w w sali zgromadzenia, obserwacja uczestnik\u00f3w \u201ewernisa\u017cu\u201d jest utrudniona i b\u0119dzie wymaga\u0107 dodatkowego skupienia.<br><br> Z powodu zbli\u017caj\u0105cego si\u0119 terminu obserwowanego zgromadzenia zaleca si\u0119 aby dzia\u0142ania zwi\u0105zane z obserwacj\u0105 tego wydarzenia przybra\u0142y na sile i dynamice.<br><br> Kulminacja przeprowadzanej akcji zosta\u0142a zaplanowana na dzie\u0144 15 pa\u017adziernika 2018 roku.  Zaanga\u017cuje ona znaczne nak\u0142ady si\u0142, sprz\u0119tu i emocji oraz innych technik i metod operacyjnych.<\/figcaption><\/figure>\n","protected":false},"excerpt":{"rendered":"<p>instalacja wieloelementowatechnika mieszana Galeria AT rok produkcji: 2018 Teksty na kartkach odnosz\u0105 si\u0119 do raport\u00f3w z obserwacji zgromadze\u0144 publicznych wydanych przez Helsi\u0144sk\u0105 Fundacj\u0119 Praw Cz\u0142owieka i Amnesty International. Obie instytucje rozpocz\u0119\u0142y swoje obserwacje w 2017 r. podczas protest\u00f3w i demonstracji, kt\u00f3re wybuch\u0142y w Polsce po tym, gdy polski rz\u0105d wprowadzi\u0142 zmiany do przepis\u00f3w dotycz\u0105cych S\u0105du [&hellip;]<\/p>\n","protected":false},"author":1,"featured_media":0,"parent":0,"menu_order":0,"comment_status":"closed","ping_status":"closed","template":"","meta":{"footnotes":""},"class_list":["post-868","page","type-page","status-publish","hentry"],"_links":{"self":[{"href":"https:\/\/tomaszdrewicz.art.pl\/pl\/index.php?rest_route=\/wp\/v2\/pages\/868","targetHints":{"allow":["GET"]}}],"collection":[{"href":"https:\/\/tomaszdrewicz.art.pl\/pl\/index.php?rest_route=\/wp\/v2\/pages"}],"about":[{"href":"https:\/\/tomaszdrewicz.art.pl\/pl\/index.php?rest_route=\/wp\/v2\/types\/page"}],"author":[{"embeddable":true,"href":"https:\/\/tomaszdrewicz.art.pl\/pl\/index.php?rest_route=\/wp\/v2\/users\/1"}],"replies":[{"embeddable":true,"href":"https:\/\/tomaszdrewicz.art.pl\/pl\/index.php?rest_route=%2Fwp%2Fv2%2Fcomments&post=868"}],"version-history":[{"count":2,"href":"https:\/\/tomaszdrewicz.art.pl\/pl\/index.php?rest_route=\/wp\/v2\/pages\/868\/revisions"}],"predecessor-version":[{"id":876,"href":"https:\/\/tomaszdrewicz.art.pl\/pl\/index.php?rest_route=\/wp\/v2\/pages\/868\/revisions\/876"}],"wp:attachment":[{"href":"https:\/\/tomaszdrewicz.art.pl\/pl\/index.php?rest_route=%2Fwp%2Fv2%2Fmedia&parent=868"}],"curies":[{"name":"wp","href":"https:\/\/api.w.org\/{rel}","templated":true}]}}