{"id":88,"date":"2014-03-19T08:39:16","date_gmt":"2014-03-19T07:39:16","guid":{"rendered":"http:\/\/tomaszdrewicz.art.pl\/?page_id=88"},"modified":"2017-01-31T14:41:54","modified_gmt":"2017-01-31T13:41:54","slug":"o-mnie","status":"publish","type":"page","link":"https:\/\/tomaszdrewicz.art.pl\/pl\/?page_id=88","title":{"rendered":"O mnie"},"content":{"rendered":"<p>Jako Polak, urodzony w epoce wy\u017cu demograficznego pocz\u0105tku lat osiemdziesi\u0105tych, ju\u017c u \u017ar\u00f3d\u0142a swego, w miar\u0119 \u015bwiadomego \u017cycia, czu\u0142em si\u0119 postawiony w rozkroku, pomi\u0119dzy szeroko poj\u0119t\u0105 tradycj\u0105, jak i tym <strong>NOWYM<\/strong>. Uczucie to towarzyszy\u0142o mi w\u0142a\u015bciwie zawsze i zapewne, tak jak wi\u0119kszo\u015bci os\u00f3b z mojego pokolenia, sprawi\u0142o sporo trudno\u015bci w dochodzeniu do samo\u015bwiadomo\u015bci. Cho\u0107 nie chcia\u0142bym tego zbytnio uwydatnia\u0107, to jednak uwa\u017cam, \u017ce fakt wzrastania w\u0142a\u015bnie w Polsce, w realiach kraju postkomunistycznego, jest do\u015b\u0107 istotny, w szczeg\u00f3lno\u015bci dla mojego podej\u015bcia do sztuki. Zmiany ustrojowe, wolny rynek kapita\u0142owy, komputeryzacja, rewolucja telekomunikacyjna, a\u017c po globalizacj\u0119 czy <i>gender studies<\/i>,<i> <\/i>stale wytwarza\u0142y wok\u00f3\u0142 mnie niestabilny grunt; p\u0142ynn\u0105 mas\u0119, w kt\u00f3rej trudno by\u0142o si\u0119 porusza\u0107 a tym bardziej co\u015b na niej oprze\u0107. Moje preferencje co do nauk \u015bcis\u0142ych, przy jednoczesnym zafascynowaniu tre\u015bciami humanistycznymi, dodatkowo komplikowa\u0142y spraw\u0119. Jednym s\u0142owem od zawsze by\u0142em postawiony w sytuacji <strong>POMI\u0118DZY<\/strong> \u2013 tak, jakby od pierwszych dni mojego istnienia, rozpocz\u0119to proces permanentnego rozmywania granic i to we wszystkich pojawiaj\u0105cych si\u0119 aspektach.<\/p>\n<p>Jeszcze do niedawna by\u0142em tym stanem rzeczy bardzo zm\u0119czony. To mnie wewn\u0119trznie WYKA\u0143CZA\u0141O, zar\u00f3wno w aspekcie mojej tw\u00f3rczo\u015bci jak i zwyk\u0142ego codziennego funkcjonowania. <strong>KONIEC<\/strong> jest z reszt\u0105, kolejnym terminem, kt\u00f3ry cz\u0119sto spotyka\u0142em na swej drodze. Cho\u0107 nie za\u0142apa\u0142em si\u0119 na \u201ekoniec komunizmu\u201d, to zdecydowanie by\u0142em dzieckiem jego upadku. Prze\u017cy\u0142em koniec tysi\u0105clecia, koniec III RP a za spraw\u0105 Francisa Fukuyamy r\u00f3wnie\u017c \u201eKoniec Historii\u201d oraz \u201eKoniec cz\u0142owieka\u201d. Urodzi\u0142em si\u0119 zaledwie dwa lata przed obwieszczeniem \u201eKo\u0144ca (\u015amierci) sztuki\u201d, kt\u00f3ry przecie\u017c ju\u017c w 1984 roku wywr\u00f3\u017cyli, tak Arthur C. Danto, jak i Hans Belting. Wtedy oczywi\u015bcie jeszcze o tym nie wiedzia\u0142em.<\/p>\n<p>Zapewne w\u0142a\u015bnie z tych powod\u00f3w, moje artystyczne produkcje, s\u0105 cz\u0119sto oparte na zasadzie odbicia. Ju\u017c w okresie studi\u00f3w na pozna\u0144skiej akademii realizowane przeze mnie prace, operowa\u0142y na takim w\u0142a\u015bnie podej\u015bciu, cho\u0107 w\u00f3wczas by\u0142o to zapewne efektem bardziej intuicji, ni\u017c \u015bwiadomych decyzji. By\u0142em niezwykle zafascynowany teoriami dotycz\u0105cymi interaktywno\u015bci, zar\u00f3wno w sferze spo\u0142ecznej, jak i samej sztuki. Wielokrotnie zaprasza\u0142em ludzi do wsp\u00f3\u0142kreowania moich prac, czy to w procesie tworzenia czy te\u017c recepcji. Poszukiwa\u0142em odpowiedzi na pytania dotycz\u0105ce to\u017csamo\u015bci jednostki, komunikacji, dystansu w relacjach mi\u0119dzyludzkich, zasi\u0119gu i trwa\u0142o\u015bci poszczeg\u00f3lnych strategii &#8211; kontaktu z <strong>INNYM<\/strong>. Po\u015brednim tego efektem sta\u0142o si\u0119 moje zainteresowanie sztuk\u0105 performance.<\/p>\n<p>Gdy dzi\u015b patrz\u0119 na ten jak\u017ce wa\u017cny okres mojej tw\u00f3rczo\u015bci, widz\u0119, \u017ce by\u0142 on niezwykle chaotyczny. Cho\u0107 niepozbawiony sensu i istotnych tre\u015bci, by\u0142 jednak dla mnie trudny do zasymilowania, gdy\u017c podejmuj\u0105c pr\u00f3by przezwyci\u0119\u017cenia w\u0142asnej nie\u015bmia\u0142o\u015bci, nie znajdowa\u0142em w tych prze\u017cyciach dalszych tw\u00f3rczych motywacji odczuwaj\u0105c je bardziej, jako form\u0119 terapii. Zebrane do\u015bwiadczenia uwa\u017cam za to, za bezcenne dla moich bie\u017c\u0105cych zainteresowa\u0144. My\u015bl\u0119, \u017ce w\u0142a\u015bnie one, da\u0142y mi ostatecznie mo\u017cliwo\u015b\u0107 zrozumienia tego, jak dzia\u0142a, jak <strong>PERFORMUJE<\/strong> wszystko co nas otacza.<\/p>\n<p>W moich pracach zwracam wi\u0119c uwag\u0119 na proces &#8211; wskazuj\u0119 obszary, w kt\u00f3rych szeroko rozumiane <strong>ZACHOWANIE<\/strong> ma szans\u0119 uwypukli\u0107 sw\u00f3j jednostkowy sens, staj\u0105c si\u0119 przez to bardzo konkretne i uniwersalne zarazem. Pos\u0142uguj\u0119 si\u0119, z regu\u0142y, do\u015b\u0107 prostymi \u015brodkami, kt\u00f3re jednak zebrane i zorganizowane wobec konkretnego kontekstu potrafi\u0105 dzia\u0142a\u0107 wielop\u0142aszczyznowo. Za przyk\u0142ad niech pos\u0142u\u017cy moja <i>interwencja<\/i> w przestrze\u0144 pozna\u0144skiej palmiarni zatytu\u0142owana <a href=\"http:\/\/tomaszdrewicz.art.pl\/pl\/?page_id=70\" target=\"_blank\">\u201eMemorandum\u201d<\/a>.<\/p>\n<p><a href=\"http:\/\/tomaszdrewicz.art.pl\/pl\/wp-content\/uploads\/2014\/03\/Tomasz-Drewicz-Memorandum.jpg\"><img loading=\"lazy\" decoding=\"async\" class=\"alignnone size-large wp-image-71\" src=\"http:\/\/tomaszdrewicz.art.pl\/pl\/wp-content\/uploads\/2014\/03\/Tomasz-Drewicz-Memorandum-682x1024.jpg\" alt=\"Tomasz Drewicz - Memorandum\" width=\"625\" height=\"938\" \/><\/a><\/p>\n<p>Para nart pomalowana w bia\u0142o czerwone pasy, nawi\u0105zuj\u0105c do s\u0142up\u00f3w (obelisk\u00f3w) wytyczaj\u0105cych granice pa\u0144stwa, zosta\u0142a wbita w grunt w jednym z pawilon\u00f3w, szczelnie wype\u0142nionym bujn\u0105 tropikaln\u0105 ro\u015blinno\u015bci\u0105. Wi\u0105zania do narciarskich but\u00f3w zast\u0105pione zosta\u0142y imituj\u0105cymi je pu\u0142apkami na szczury. Bezpo\u015bredni\u0105 inspiracj\u0105 do stworzenia tej pracy by\u0142a umowa, podpisana na pocz\u0105tku kwietnia 2013 roku, pomi\u0119dzy rosyjskim Gazpromem a polskim EuRoPol Gazem. Tytu\u0142owe memorandum, czyli pismo dyplomatyczne, niemaj\u0105ce \u017cadnych skutk\u00f3w prawnych, pos\u0142u\u017cy\u0142o wtedy na polskiej scenie, jako narz\u0119dzie s\u0142u\u017c\u0105ce wewn\u0119trznym politycznym rozgrywkom. Ta tre\u015b\u0107 jest jednak przeze mnie tylko wskazana i cho\u0107 oczywi\u015bcie bardzo dla ca\u0142o\u015bci istotna, to jednak nie przes\u0105dza o mo\u017cliwo\u015bci r\u00f3wnie g\u0142\u0119bokiego odczytania jej w innych kontekstach. Zach\u0119cam zatem do poszukiwa\u0144 innych sens\u00f3w &#8211; tych najbardziej dla Pa\u0144stwa istotnych, zar\u00f3wno w moich w\u0142asnych, jak i pozosta\u0142ych napotkanych realizacjach artystycznych.<\/p>\n","protected":false},"excerpt":{"rendered":"<p>Jako Polak, urodzony w epoce wy\u017cu demograficznego pocz\u0105tku lat osiemdziesi\u0105tych, ju\u017c u \u017ar\u00f3d\u0142a swego, w miar\u0119 \u015bwiadomego \u017cycia, czu\u0142em si\u0119 postawiony w rozkroku, pomi\u0119dzy szeroko poj\u0119t\u0105 tradycj\u0105, jak i tym NOWYM. Uczucie to towarzyszy\u0142o mi w\u0142a\u015bciwie zawsze i zapewne, tak jak wi\u0119kszo\u015bci os\u00f3b z mojego pokolenia, sprawi\u0142o sporo trudno\u015bci w dochodzeniu do samo\u015bwiadomo\u015bci. Cho\u0107 nie [&hellip;]<\/p>\n","protected":false},"author":1,"featured_media":0,"parent":0,"menu_order":0,"comment_status":"closed","ping_status":"closed","template":"","meta":{"footnotes":""},"class_list":["post-88","page","type-page","status-publish","hentry"],"_links":{"self":[{"href":"https:\/\/tomaszdrewicz.art.pl\/pl\/index.php?rest_route=\/wp\/v2\/pages\/88","targetHints":{"allow":["GET"]}}],"collection":[{"href":"https:\/\/tomaszdrewicz.art.pl\/pl\/index.php?rest_route=\/wp\/v2\/pages"}],"about":[{"href":"https:\/\/tomaszdrewicz.art.pl\/pl\/index.php?rest_route=\/wp\/v2\/types\/page"}],"author":[{"embeddable":true,"href":"https:\/\/tomaszdrewicz.art.pl\/pl\/index.php?rest_route=\/wp\/v2\/users\/1"}],"replies":[{"embeddable":true,"href":"https:\/\/tomaszdrewicz.art.pl\/pl\/index.php?rest_route=%2Fwp%2Fv2%2Fcomments&post=88"}],"version-history":[{"count":1,"href":"https:\/\/tomaszdrewicz.art.pl\/pl\/index.php?rest_route=\/wp\/v2\/pages\/88\/revisions"}],"predecessor-version":[{"id":626,"href":"https:\/\/tomaszdrewicz.art.pl\/pl\/index.php?rest_route=\/wp\/v2\/pages\/88\/revisions\/626"}],"wp:attachment":[{"href":"https:\/\/tomaszdrewicz.art.pl\/pl\/index.php?rest_route=%2Fwp%2Fv2%2Fmedia&parent=88"}],"curies":[{"name":"wp","href":"https:\/\/api.w.org\/{rel}","templated":true}]}}