{"id":947,"date":"2019-11-16T15:23:34","date_gmt":"2019-11-16T14:23:34","guid":{"rendered":"http:\/\/tomaszdrewicz.art.pl\/pl\/?page_id=947"},"modified":"2020-01-07T09:08:03","modified_gmt":"2020-01-07T08:08:03","slug":"koh-49-11","status":"publish","type":"page","link":"https:\/\/tomaszdrewicz.art.pl\/pl\/?page_id=947","title":{"rendered":"Koh 4,9-11"},"content":{"rendered":"\n<p>Instalacja<br> 2019<\/p>\n\n\n\n<p>Tytu\u0142 pracy jak i tre\u015b\u0107 wypalona na le\u017caku odnosi sie do odpowiednich wers\u00f3w z Ksi\u0119gi Koheleta w Biblii, kt\u00f3re interpretowane sa jako &#8222;korzy\u015bci z \u017cycia wsp\u00f3lnego&#8221;. Praca by\u0142a dotychczas prezentowana na wystawie w Bratys\u0142awie i dlatego napis jest wypalony r\u00f3wnie\u017c po S\u0142owacku. Docelowo le\u017cak bedzie mia\u0142 te s\u0142owa wypalone  r\u00f3wnie\u017c w innych jezykach (w zaleznosci od tego gdzie praca bedzie prezentowana). Materia\u0142 u\u017cyty do pokrycia le\u017caka oraz wyznaczenia pod\u0142o\u017ca pod nim to ratownicza folia termiczna wskazuj\u0105ca na konieczno\u015b\u0107 sztucznego utrzymywania warto\u015bci tamperatury ludzkiego cia\u0142a. Lampa jest oczywi\u015bcie r\u00f3wnie\u017c cz\u0119\u015bci\u0105 pracy &#8211; jest to stara szpitalna lampa s\u0142u\u017c\u0105ca do dezynfekcji (obecnie ze wzgl\u0119d\u00f3w bezpieczenstwa ju\u017c bez tej funkcji).<\/p>\n\n\n\n<figure class=\"wp-block-image\"><img decoding=\"async\" src=\"http:\/\/www.tomaszdrewicz.art.pl\/eng\/wp-content\/uploads\/2019\/11\/koh-do-polonu-4-946x1024.jpg\" alt=\"\" class=\"wp-image-866\"\/><\/figure>\n\n\n\n<figure class=\"wp-block-image\"><img decoding=\"async\" src=\"http:\/\/www.tomaszdrewicz.art.pl\/eng\/wp-content\/uploads\/2019\/11\/koh-do-polonu-2-1024x683.jpg\" alt=\"\" class=\"wp-image-867\"\/><\/figure>\n\n\n\n<figure class=\"wp-block-image\"><img decoding=\"async\" src=\"http:\/\/www.tomaszdrewicz.art.pl\/eng\/wp-content\/uploads\/2019\/11\/koh-do-polonu-3-1024x683.jpg\" alt=\"\" class=\"wp-image-868\"\/><figcaption> <br>\u201eLepiej jest dwom ni\u017c jednemu, gdy\u017c maj\u0105 dobry zysk ze swej pracy. Bo gdy upadn\u0105, jeden podniesie drugiego. Lecz samotnemu biada, gdy upadnie, a nie ma drugiego, kt\u00f3ry by go podni\u00f3s\u0142. R\u00f3wnie\u017c, gdy dw\u00f3ch \u015bpi razem, nawzajem si\u0119 grzej\u0105; jeden natomiast jak\u017ce si\u0119 zagrzeje? \u201d<br><br> Koh 4,9-11 <br><\/figcaption><\/figure>\n\n\n\n<figure class=\"wp-block-image\"><img decoding=\"async\" src=\"http:\/\/www.tomaszdrewicz.art.pl\/eng\/wp-content\/uploads\/2019\/11\/koh-do-polonu-1-1024x683.jpg\" alt=\"\" class=\"wp-image-869\"\/><\/figure>\n\n\n<p><!--EndFragment--><\/p>\n<p><\/p>","protected":false},"excerpt":{"rendered":"<p>Instalacja 2019 Tytu\u0142 pracy jak i tre\u015b\u0107 wypalona na le\u017caku odnosi sie do odpowiednich wers\u00f3w z Ksi\u0119gi Koheleta w Biblii, kt\u00f3re interpretowane sa jako &#8222;korzy\u015bci z \u017cycia wsp\u00f3lnego&#8221;. Praca by\u0142a dotychczas prezentowana na wystawie w Bratys\u0142awie i dlatego napis jest wypalony r\u00f3wnie\u017c po S\u0142owacku. Docelowo le\u017cak bedzie mia\u0142 te s\u0142owa wypalone r\u00f3wnie\u017c w innych jezykach [&hellip;]<\/p>\n","protected":false},"author":1,"featured_media":0,"parent":0,"menu_order":0,"comment_status":"closed","ping_status":"closed","template":"","meta":{"footnotes":""},"class_list":["post-947","page","type-page","status-publish","hentry"],"_links":{"self":[{"href":"https:\/\/tomaszdrewicz.art.pl\/pl\/index.php?rest_route=\/wp\/v2\/pages\/947","targetHints":{"allow":["GET"]}}],"collection":[{"href":"https:\/\/tomaszdrewicz.art.pl\/pl\/index.php?rest_route=\/wp\/v2\/pages"}],"about":[{"href":"https:\/\/tomaszdrewicz.art.pl\/pl\/index.php?rest_route=\/wp\/v2\/types\/page"}],"author":[{"embeddable":true,"href":"https:\/\/tomaszdrewicz.art.pl\/pl\/index.php?rest_route=\/wp\/v2\/users\/1"}],"replies":[{"embeddable":true,"href":"https:\/\/tomaszdrewicz.art.pl\/pl\/index.php?rest_route=%2Fwp%2Fv2%2Fcomments&post=947"}],"version-history":[{"count":2,"href":"https:\/\/tomaszdrewicz.art.pl\/pl\/index.php?rest_route=\/wp\/v2\/pages\/947\/revisions"}],"predecessor-version":[{"id":969,"href":"https:\/\/tomaszdrewicz.art.pl\/pl\/index.php?rest_route=\/wp\/v2\/pages\/947\/revisions\/969"}],"wp:attachment":[{"href":"https:\/\/tomaszdrewicz.art.pl\/pl\/index.php?rest_route=%2Fwp%2Fv2%2Fmedia&parent=947"}],"curies":[{"name":"wp","href":"https:\/\/api.w.org\/{rel}","templated":true}]}}