{"id":970,"date":"2020-01-07T09:15:38","date_gmt":"2020-01-07T08:15:38","guid":{"rendered":"http:\/\/tomaszdrewicz.art.pl\/pl\/?page_id=970"},"modified":"2020-01-07T09:15:38","modified_gmt":"2020-01-07T08:15:38","slug":"doznanie-ataraktyczne","status":"publish","type":"page","link":"https:\/\/tomaszdrewicz.art.pl\/pl\/?page_id=970","title":{"rendered":"Doznanie ataraktyczne"},"content":{"rendered":"\n<p>Instalacja rze\u017abiarska<br>2019<\/p>\n\n\n\n<p>Tytu\u0142 pracy odnosi sie do terminu wprowadzonego w antycznej greckiej filozofii przez Demokryta. Najpro\u015bciej rzecz ujmujac chodzi o osi\u0105gni\u0119cie duchowej r\u00f3wnowagi poprzez nie zwracanie uwagi na w\u0142asn\u0105 krzywd\u0119. Ludzie dotkni\u0119ci ataraksj\u0105 z regu\u0142y nigdy nie p\u0142acz\u0105. W pracy wykorzystane zosta\u0142y dwie stare hydronetki (s\u0142u\u017c\u0105 one jako podreczny sprz\u0119t ga\u015bniczy). Zosta\u0142y pokryte kruszywem korkowym, kt\u00f3ry jest substancj\u0105 o bardzo dobrych w\u0142a\u015bciwo\u015bciach termoizolacyjnych.<\/p>\n\n\n\n<figure class=\"wp-block-image\"><img loading=\"lazy\" decoding=\"async\" width=\"682\" height=\"1024\" src=\"http:\/\/tomaszdrewicz.art.pl\/pl\/wp-content\/uploads\/2020\/01\/Drewicz-Tomasz-1.-Doznanie-ataraktyczne-technika-w\u0142asna-instalacja-wieloelementowa-ok.-100x30x250-cm-2019-widok-2-682x1024.jpg\" alt=\"\" class=\"wp-image-973\" srcset=\"https:\/\/tomaszdrewicz.art.pl\/pl\/wp-content\/uploads\/2020\/01\/Drewicz-Tomasz-1.-Doznanie-ataraktyczne-technika-w\u0142asna-instalacja-wieloelementowa-ok.-100x30x250-cm-2019-widok-2-682x1024.jpg 682w, https:\/\/tomaszdrewicz.art.pl\/pl\/wp-content\/uploads\/2020\/01\/Drewicz-Tomasz-1.-Doznanie-ataraktyczne-technika-w\u0142asna-instalacja-wieloelementowa-ok.-100x30x250-cm-2019-widok-2-200x300.jpg 200w, https:\/\/tomaszdrewicz.art.pl\/pl\/wp-content\/uploads\/2020\/01\/Drewicz-Tomasz-1.-Doznanie-ataraktyczne-technika-w\u0142asna-instalacja-wieloelementowa-ok.-100x30x250-cm-2019-widok-2-768x1152.jpg 768w, https:\/\/tomaszdrewicz.art.pl\/pl\/wp-content\/uploads\/2020\/01\/Drewicz-Tomasz-1.-Doznanie-ataraktyczne-technika-w\u0142asna-instalacja-wieloelementowa-ok.-100x30x250-cm-2019-widok-2-624x936.jpg 624w, https:\/\/tomaszdrewicz.art.pl\/pl\/wp-content\/uploads\/2020\/01\/Drewicz-Tomasz-1.-Doznanie-ataraktyczne-technika-w\u0142asna-instalacja-wieloelementowa-ok.-100x30x250-cm-2019-widok-2.jpg 1333w\" sizes=\"auto, (max-width: 682px) 100vw, 682px\" \/><\/figure>\n\n\n\n<figure class=\"wp-block-image\"><img loading=\"lazy\" decoding=\"async\" width=\"1024\" height=\"549\" src=\"http:\/\/tomaszdrewicz.art.pl\/pl\/wp-content\/uploads\/2020\/01\/Drewicz-Tomasz-1.-Doznanie-ataraktyczne-technika-w\u0142asna-instalacja-wieloelementowa-ok.-100x30x250-cm-2019-widok-1-1024x549.jpg\" alt=\"\" class=\"wp-image-972\" srcset=\"https:\/\/tomaszdrewicz.art.pl\/pl\/wp-content\/uploads\/2020\/01\/Drewicz-Tomasz-1.-Doznanie-ataraktyczne-technika-w\u0142asna-instalacja-wieloelementowa-ok.-100x30x250-cm-2019-widok-1-1024x549.jpg 1024w, https:\/\/tomaszdrewicz.art.pl\/pl\/wp-content\/uploads\/2020\/01\/Drewicz-Tomasz-1.-Doznanie-ataraktyczne-technika-w\u0142asna-instalacja-wieloelementowa-ok.-100x30x250-cm-2019-widok-1-300x161.jpg 300w, https:\/\/tomaszdrewicz.art.pl\/pl\/wp-content\/uploads\/2020\/01\/Drewicz-Tomasz-1.-Doznanie-ataraktyczne-technika-w\u0142asna-instalacja-wieloelementowa-ok.-100x30x250-cm-2019-widok-1-768x412.jpg 768w, https:\/\/tomaszdrewicz.art.pl\/pl\/wp-content\/uploads\/2020\/01\/Drewicz-Tomasz-1.-Doznanie-ataraktyczne-technika-w\u0142asna-instalacja-wieloelementowa-ok.-100x30x250-cm-2019-widok-1-624x334.jpg 624w, https:\/\/tomaszdrewicz.art.pl\/pl\/wp-content\/uploads\/2020\/01\/Drewicz-Tomasz-1.-Doznanie-ataraktyczne-technika-w\u0142asna-instalacja-wieloelementowa-ok.-100x30x250-cm-2019-widok-1.jpg 2000w\" sizes=\"auto, (max-width: 1024px) 100vw, 1024px\" \/><\/figure>\n\n\n\n<figure class=\"wp-block-image\"><img loading=\"lazy\" decoding=\"async\" width=\"1024\" height=\"682\" src=\"http:\/\/tomaszdrewicz.art.pl\/pl\/wp-content\/uploads\/2020\/01\/Drewicz-Tomasz-1.-Doznanie-ataraktyczne-technika-w\u0142asna-instalacja-wieloelementowa-ok.-100x30x250-cm-2019-detal-1024x682.jpg\" alt=\"\" class=\"wp-image-971\" srcset=\"https:\/\/tomaszdrewicz.art.pl\/pl\/wp-content\/uploads\/2020\/01\/Drewicz-Tomasz-1.-Doznanie-ataraktyczne-technika-w\u0142asna-instalacja-wieloelementowa-ok.-100x30x250-cm-2019-detal-1024x682.jpg 1024w, https:\/\/tomaszdrewicz.art.pl\/pl\/wp-content\/uploads\/2020\/01\/Drewicz-Tomasz-1.-Doznanie-ataraktyczne-technika-w\u0142asna-instalacja-wieloelementowa-ok.-100x30x250-cm-2019-detal-300x200.jpg 300w, https:\/\/tomaszdrewicz.art.pl\/pl\/wp-content\/uploads\/2020\/01\/Drewicz-Tomasz-1.-Doznanie-ataraktyczne-technika-w\u0142asna-instalacja-wieloelementowa-ok.-100x30x250-cm-2019-detal-768x512.jpg 768w, https:\/\/tomaszdrewicz.art.pl\/pl\/wp-content\/uploads\/2020\/01\/Drewicz-Tomasz-1.-Doznanie-ataraktyczne-technika-w\u0142asna-instalacja-wieloelementowa-ok.-100x30x250-cm-2019-detal-624x416.jpg 624w, https:\/\/tomaszdrewicz.art.pl\/pl\/wp-content\/uploads\/2020\/01\/Drewicz-Tomasz-1.-Doznanie-ataraktyczne-technika-w\u0142asna-instalacja-wieloelementowa-ok.-100x30x250-cm-2019-detal.jpg 2000w\" sizes=\"auto, (max-width: 1024px) 100vw, 1024px\" \/><\/figure>\n","protected":false},"excerpt":{"rendered":"<p>Instalacja rze\u017abiarska2019 Tytu\u0142 pracy odnosi sie do terminu wprowadzonego w antycznej greckiej filozofii przez Demokryta. Najpro\u015bciej rzecz ujmujac chodzi o osi\u0105gni\u0119cie duchowej r\u00f3wnowagi poprzez nie zwracanie uwagi na w\u0142asn\u0105 krzywd\u0119. Ludzie dotkni\u0119ci ataraksj\u0105 z regu\u0142y nigdy nie p\u0142acz\u0105. W pracy wykorzystane zosta\u0142y dwie stare hydronetki (s\u0142u\u017c\u0105 one jako podreczny sprz\u0119t ga\u015bniczy). Zosta\u0142y pokryte kruszywem korkowym, [&hellip;]<\/p>\n","protected":false},"author":1,"featured_media":0,"parent":0,"menu_order":0,"comment_status":"closed","ping_status":"closed","template":"","meta":{"footnotes":""},"class_list":["post-970","page","type-page","status-publish","hentry"],"_links":{"self":[{"href":"https:\/\/tomaszdrewicz.art.pl\/pl\/index.php?rest_route=\/wp\/v2\/pages\/970","targetHints":{"allow":["GET"]}}],"collection":[{"href":"https:\/\/tomaszdrewicz.art.pl\/pl\/index.php?rest_route=\/wp\/v2\/pages"}],"about":[{"href":"https:\/\/tomaszdrewicz.art.pl\/pl\/index.php?rest_route=\/wp\/v2\/types\/page"}],"author":[{"embeddable":true,"href":"https:\/\/tomaszdrewicz.art.pl\/pl\/index.php?rest_route=\/wp\/v2\/users\/1"}],"replies":[{"embeddable":true,"href":"https:\/\/tomaszdrewicz.art.pl\/pl\/index.php?rest_route=%2Fwp%2Fv2%2Fcomments&post=970"}],"version-history":[{"count":1,"href":"https:\/\/tomaszdrewicz.art.pl\/pl\/index.php?rest_route=\/wp\/v2\/pages\/970\/revisions"}],"predecessor-version":[{"id":974,"href":"https:\/\/tomaszdrewicz.art.pl\/pl\/index.php?rest_route=\/wp\/v2\/pages\/970\/revisions\/974"}],"wp:attachment":[{"href":"https:\/\/tomaszdrewicz.art.pl\/pl\/index.php?rest_route=%2Fwp%2Fv2%2Fmedia&parent=970"}],"curies":[{"name":"wp","href":"https:\/\/api.w.org\/{rel}","templated":true}]}}