{"id":991,"date":"2020-07-08T09:28:32","date_gmt":"2020-07-08T07:28:32","guid":{"rendered":"http:\/\/tomaszdrewicz.art.pl\/pl\/?page_id=991"},"modified":"2023-01-24T19:14:04","modified_gmt":"2023-01-24T18:14:04","slug":"sprawy-kluczowe","status":"publish","type":"page","link":"https:\/\/tomaszdrewicz.art.pl\/pl\/?page_id=991","title":{"rendered":"Sprawy kluczowe"},"content":{"rendered":"\n<p>obiekt \u2013 stal, farba, matowy lakier bezbarwny<br>rok produkcji: 2020 <\/p>\n\n\n\n<figure class=\"wp-block-image\"><img loading=\"lazy\" decoding=\"async\" width=\"826\" height=\"1024\" src=\"https:\/\/tomaszdrewicz.art.pl\/pl\/wp-content\/uploads\/2023\/01\/IMG_20230112_212127-826x1024.jpg\" alt=\"\" class=\"wp-image-1096\" srcset=\"https:\/\/tomaszdrewicz.art.pl\/pl\/wp-content\/uploads\/2023\/01\/IMG_20230112_212127-826x1024.jpg 826w, https:\/\/tomaszdrewicz.art.pl\/pl\/wp-content\/uploads\/2023\/01\/IMG_20230112_212127-242x300.jpg 242w, https:\/\/tomaszdrewicz.art.pl\/pl\/wp-content\/uploads\/2023\/01\/IMG_20230112_212127-768x952.jpg 768w, https:\/\/tomaszdrewicz.art.pl\/pl\/wp-content\/uploads\/2023\/01\/IMG_20230112_212127-624x773.jpg 624w, https:\/\/tomaszdrewicz.art.pl\/pl\/wp-content\/uploads\/2023\/01\/IMG_20230112_212127.jpg 1170w\" sizes=\"auto, (max-width: 826px) 100vw, 826px\" \/><figcaption> <em>Ekspozycja w Galerii ROTUNDA, Pozna\u0144, 16-20-01-2023 <\/em> <\/figcaption><\/figure>\n\n\n\n<figure class=\"wp-block-image\"><img loading=\"lazy\" decoding=\"async\" width=\"1024\" height=\"576\" src=\"https:\/\/tomaszdrewicz.art.pl\/pl\/wp-content\/uploads\/2023\/01\/IMG_20230112_174115-1024x576.jpg\" alt=\"\" class=\"wp-image-1093\" srcset=\"https:\/\/tomaszdrewicz.art.pl\/pl\/wp-content\/uploads\/2023\/01\/IMG_20230112_174115-1024x576.jpg 1024w, https:\/\/tomaszdrewicz.art.pl\/pl\/wp-content\/uploads\/2023\/01\/IMG_20230112_174115-300x169.jpg 300w, https:\/\/tomaszdrewicz.art.pl\/pl\/wp-content\/uploads\/2023\/01\/IMG_20230112_174115-768x432.jpg 768w, https:\/\/tomaszdrewicz.art.pl\/pl\/wp-content\/uploads\/2023\/01\/IMG_20230112_174115-624x351.jpg 624w\" sizes=\"auto, (max-width: 1024px) 100vw, 1024px\" \/><figcaption><em>Ekspozycja w Galerii ROTUNDA, Pozna\u0144, 16-20-01-2023<\/em> <\/figcaption><\/figure>\n\n\n\n<figure class=\"wp-block-image\"><img loading=\"lazy\" decoding=\"async\" width=\"621\" height=\"1024\" src=\"https:\/\/tomaszdrewicz.art.pl\/pl\/wp-content\/uploads\/2023\/01\/IMG_20230112_153600-621x1024.jpg\" alt=\"\" class=\"wp-image-1092\" srcset=\"https:\/\/tomaszdrewicz.art.pl\/pl\/wp-content\/uploads\/2023\/01\/IMG_20230112_153600-621x1024.jpg 621w, https:\/\/tomaszdrewicz.art.pl\/pl\/wp-content\/uploads\/2023\/01\/IMG_20230112_153600-182x300.jpg 182w, https:\/\/tomaszdrewicz.art.pl\/pl\/wp-content\/uploads\/2023\/01\/IMG_20230112_153600-768x1266.jpg 768w, https:\/\/tomaszdrewicz.art.pl\/pl\/wp-content\/uploads\/2023\/01\/IMG_20230112_153600-624x1029.jpg 624w\" sizes=\"auto, (max-width: 621px) 100vw, 621px\" \/><figcaption>Ekspozycja w Galerii ROTUNDA, Pozna\u0144, 16-20-01-2023<\/figcaption><\/figure>\n\n\n\n<p>Koncepcja na t\u0119 prac\u0119 powsta\u0142a podczas warsztat\u00f3w zatytu\u0142owanych <strong>\u201eInfekcja\u201d<\/strong>, b\u0119d\u0105cych cz\u0119\u015bci\u0105 projektu badawczego pt. \u201eFuture today\u201d zorganizowanego w pa\u017adzierniku ubieg\u0142ego roku przez Wy\u017csz\u0105 Szko\u0142\u0119 Sztuki i Designu z Bratys\u0142awy a punktem wyj\u015bcia dla tego projektu by\u0142a pr\u00f3ba potraktowania tytu\u0142owej infekcji jako czego\u015b pozytywnego. <\/p>\n\n\n\n<figure class=\"wp-block-image\"><img loading=\"lazy\" decoding=\"async\" width=\"1024\" height=\"974\" src=\"http:\/\/tomaszdrewicz.art.pl\/pl\/wp-content\/uploads\/2020\/07\/Tomasz-Drewicz-Sprawy-kluczowe-02-1024x974.jpg\" alt=\"\" class=\"wp-image-992\" srcset=\"https:\/\/tomaszdrewicz.art.pl\/pl\/wp-content\/uploads\/2020\/07\/Tomasz-Drewicz-Sprawy-kluczowe-02-1024x974.jpg 1024w, https:\/\/tomaszdrewicz.art.pl\/pl\/wp-content\/uploads\/2020\/07\/Tomasz-Drewicz-Sprawy-kluczowe-02-300x285.jpg 300w, https:\/\/tomaszdrewicz.art.pl\/pl\/wp-content\/uploads\/2020\/07\/Tomasz-Drewicz-Sprawy-kluczowe-02-768x730.jpg 768w, https:\/\/tomaszdrewicz.art.pl\/pl\/wp-content\/uploads\/2020\/07\/Tomasz-Drewicz-Sprawy-kluczowe-02-624x593.jpg 624w\" sizes=\"auto, (max-width: 1024px) 100vw, 1024px\" \/><\/figure>\n\n\n\n<p>\n\nZastanawiaj\u0105c si\u0119 nad tym wyzwaniem doszed\u0142em do wniosku, \u017ce przedmiotem o takiej w\u0142a\u015bnie naturze jest tradycyjny klucz patentowy. Jego zadaniem jest przecie\u017c ingerencja w zamek i ostatecznie&nbsp;<strong><em>zainfekowanie go<\/em><\/strong>&nbsp;w taki spos\u00f3b aby m\u00f3c go otworzy\u0107. Mo\u017ce to by\u0107 cokolwiek \u2013 na przyk\u0142ad drzwi do domu lub gabinetu, jak r\u00f3wnie\u017c sejf, szafka w szatni czy zamkni\u0119cie do roweru. Trzymaj\u0105c w r\u0119ku klucz otrzymujemy dost\u0119p do wyselekcjonowanych tre\u015bci.\n\n<\/p>\n\n\n\n<figure class=\"wp-block-image\"><img loading=\"lazy\" decoding=\"async\" width=\"882\" height=\"1024\" src=\"http:\/\/tomaszdrewicz.art.pl\/pl\/wp-content\/uploads\/2020\/07\/Tomasz-Drewicz-Sprawy-kluczowe-01-882x1024.jpg\" alt=\"\" class=\"wp-image-993\" srcset=\"https:\/\/tomaszdrewicz.art.pl\/pl\/wp-content\/uploads\/2020\/07\/Tomasz-Drewicz-Sprawy-kluczowe-01-882x1024.jpg 882w, https:\/\/tomaszdrewicz.art.pl\/pl\/wp-content\/uploads\/2020\/07\/Tomasz-Drewicz-Sprawy-kluczowe-01-258x300.jpg 258w, https:\/\/tomaszdrewicz.art.pl\/pl\/wp-content\/uploads\/2020\/07\/Tomasz-Drewicz-Sprawy-kluczowe-01-768x891.jpg 768w, https:\/\/tomaszdrewicz.art.pl\/pl\/wp-content\/uploads\/2020\/07\/Tomasz-Drewicz-Sprawy-kluczowe-01-624x724.jpg 624w, https:\/\/tomaszdrewicz.art.pl\/pl\/wp-content\/uploads\/2020\/07\/Tomasz-Drewicz-Sprawy-kluczowe-01.jpg 1816w\" sizes=\"auto, (max-width: 882px) 100vw, 882px\" \/><\/figure>\n\n\n\n<p> Mimo, \u017ce nie mia\u0142a ona, w swoim zamierzeniu, dotyka\u0107 kwestii zwi\u0105zanej z pandemi\u0105 czy wojn\u0105, to zmieniaj\u0105cy si\u0119 globalnie kontekst, nadda\u0142 jej kilka kolejnych warstw interpretacyjnych, od kt\u00f3rych trudno dzi\u015b uciec. Zaproponowana forma ekspozycji na wystawie w Galerii ROTUNDA ma na celu poszerzy\u0107 to pole o dodatkowe obszary, w\u015br\u00f3d kt\u00f3rych s\u0105 i te zwi\u0105zane ze wsp\u00f3\u0142czesnym patriotyzmem czy poczuciem narodowej to\u017csamo\u015bci.  <\/p>\n","protected":false},"excerpt":{"rendered":"<p>obiekt \u2013 stal, farba, matowy lakier bezbarwnyrok produkcji: 2020 Koncepcja na t\u0119 prac\u0119 powsta\u0142a podczas warsztat\u00f3w zatytu\u0142owanych \u201eInfekcja\u201d, b\u0119d\u0105cych cz\u0119\u015bci\u0105 projektu badawczego pt. \u201eFuture today\u201d zorganizowanego w pa\u017adzierniku ubieg\u0142ego roku przez Wy\u017csz\u0105 Szko\u0142\u0119 Sztuki i Designu z Bratys\u0142awy a punktem wyj\u015bcia dla tego projektu by\u0142a pr\u00f3ba potraktowania tytu\u0142owej infekcji jako czego\u015b pozytywnego. Zastanawiaj\u0105c si\u0119 nad [&hellip;]<\/p>\n","protected":false},"author":1,"featured_media":0,"parent":0,"menu_order":0,"comment_status":"closed","ping_status":"closed","template":"","meta":{"footnotes":""},"class_list":["post-991","page","type-page","status-publish","hentry"],"_links":{"self":[{"href":"https:\/\/tomaszdrewicz.art.pl\/pl\/index.php?rest_route=\/wp\/v2\/pages\/991","targetHints":{"allow":["GET"]}}],"collection":[{"href":"https:\/\/tomaszdrewicz.art.pl\/pl\/index.php?rest_route=\/wp\/v2\/pages"}],"about":[{"href":"https:\/\/tomaszdrewicz.art.pl\/pl\/index.php?rest_route=\/wp\/v2\/types\/page"}],"author":[{"embeddable":true,"href":"https:\/\/tomaszdrewicz.art.pl\/pl\/index.php?rest_route=\/wp\/v2\/users\/1"}],"replies":[{"embeddable":true,"href":"https:\/\/tomaszdrewicz.art.pl\/pl\/index.php?rest_route=%2Fwp%2Fv2%2Fcomments&post=991"}],"version-history":[{"count":8,"href":"https:\/\/tomaszdrewicz.art.pl\/pl\/index.php?rest_route=\/wp\/v2\/pages\/991\/revisions"}],"predecessor-version":[{"id":1123,"href":"https:\/\/tomaszdrewicz.art.pl\/pl\/index.php?rest_route=\/wp\/v2\/pages\/991\/revisions\/1123"}],"wp:attachment":[{"href":"https:\/\/tomaszdrewicz.art.pl\/pl\/index.php?rest_route=%2Fwp%2Fv2%2Fmedia&parent=991"}],"curies":[{"name":"wp","href":"https:\/\/api.w.org\/{rel}","templated":true}]}}